{"id":2564,"date":"2022-11-19T15:53:08","date_gmt":"2022-11-19T14:53:08","guid":{"rendered":"https:\/\/152qoasqgd.preview.infomaniak.website\/?post_type=product&#038;p=2564"},"modified":"2023-04-03T17:08:28","modified_gmt":"2023-04-03T15:08:28","slug":"la-gard-702-cerradura-de-caja-fuerte-multiuso-de-alta-seguridad","status":"publish","type":"product","link":"https:\/\/idips.com\/es\/produit\/la-gard-702-cerradura-de-caja-fuerte-multiuso-de-alta-seguridad\/","title":{"rendered":"LA GARD 702 &#8211; Cerradura de caja fuerte multiuso de alta seguridad"},"content":{"rendered":"<p>[et_pb_section fb_built=&#8221;1&#8243; _builder_version=&#8221;4.18.0&#8243; custom_margin=&#8221;0px||||false|false&#8221; custom_padding=&#8221;0px||||false|false&#8221; global_colors_info=&#8221;{}&#8221;][et_pb_row _builder_version=&#8221;4.16&#8243; background_size=&#8221;initial&#8221; background_position=&#8221;top_left&#8221; background_repeat=&#8221;repeat&#8221; width=&#8221;100%&#8221; custom_padding=&#8221;0px||0px||false|false&#8221; global_colors_info=&#8221;{}&#8221;][et_pb_column type=&#8221;4_4&#8243; _builder_version=&#8221;4.16&#8243; custom_padding=&#8221;|||&#8221; global_colors_info=&#8221;{}&#8221; custom_padding__hover=&#8221;|||&#8221;][et_pb_wc_breadcrumb _builder_version=&#8221;4.16&#8243; global_colors_info=&#8221;{}&#8221;][\/et_pb_wc_breadcrumb][et_pb_wc_cart_notice _builder_version=&#8221;4.18.0&#8243; global_colors_info=&#8221;{}&#8221;][\/et_pb_wc_cart_notice][\/et_pb_column][\/et_pb_row][et_pb_row column_structure=&#8221;1_2,1_2&#8243; _builder_version=&#8221;4.18.0&#8243; background_size=&#8221;initial&#8221; background_position=&#8221;top_left&#8221; background_repeat=&#8221;repeat&#8221; width=&#8221;100%&#8221; custom_margin=&#8221;100px||||false|false&#8221; custom_padding=&#8221;0px||||false|false&#8221; locked=&#8221;off&#8221; global_colors_info=&#8221;{}&#8221;][et_pb_column type=&#8221;1_2&#8243; _builder_version=&#8221;4.16&#8243; custom_padding=&#8221;|||&#8221; global_colors_info=&#8221;{}&#8221; custom_padding__hover=&#8221;|||&#8221;][et_pb_wc_images force_fullwidth=&#8221;on&#8221; _builder_version=&#8221;4.18.0&#8243; global_colors_info=&#8221;{}&#8221;][\/et_pb_wc_images][\/et_pb_column][et_pb_column type=&#8221;1_2&#8243; _builder_version=&#8221;4.16&#8243; custom_padding=&#8221;|||&#8221; global_colors_info=&#8221;{}&#8221; custom_padding__hover=&#8221;|||&#8221;][et_pb_wc_title _builder_version=&#8221;4.16&#8243; global_colors_info=&#8221;{}&#8221;][\/et_pb_wc_title][et_pb_button button_url=&#8221;tel:+33139188218&#8243; button_text=&#8221;Llama ahora&#8221; disabled_on=&#8221;off|on|on&#8221; _builder_version=&#8221;4.19.1&#8243; _module_preset=&#8221;default&#8221; global_module=&#8221;999&#8243; global_colors_info=&#8221;{}&#8221;][\/et_pb_button][et_pb_button button_url=&#8221;@ET-DC@eyJkeW5hbWljIjp0cnVlLCJjb250ZW50IjoicG9zdF9saW5rX3VybF9wYWdlIiwic2V0dGluZ3MiOnsicG9zdF9pZCI6IjEzMDcifX0=@&#8221; button_text=&#8221;Cons\u00faltenos&#8221; _builder_version=&#8221;4.19.1&#8243; _dynamic_attributes=&#8221;button_url&#8221; _module_preset=&#8221;default&#8221; global_colors_info=&#8221;{}&#8221; global_module=&#8221;3456&#8243; theme_builder_area=&#8221;post_content&#8221;][\/et_pb_button][et_pb_wc_description _builder_version=&#8221;4.16&#8243; global_colors_info=&#8221;{}&#8221;][\/et_pb_wc_description][et_pb_divider _builder_version=&#8221;4.18.0&#8243; _module_preset=&#8221;default&#8221; global_colors_info=&#8221;{}&#8221;][\/et_pb_divider][et_pb_text _builder_version=&#8221;4.18.0&#8243; _module_preset=&#8221;default&#8221; locked=&#8221;off&#8221;]<\/p>\n<h2>Certificaciones<\/h2>\n<p><span style=\"font-weight: 400;\"><br \/><img loading=\"lazy\" src=\"https:\/\/152qoasqgd.preview.infomaniak.website\/wp-content\/uploads\/vds-logo-de.jpg\" width=\"51\" height=\"51\" alt=\"vds-logo-de\" class=\"wp-image-705 size-full\" srcset=\"https:\/\/idips.com\/wp-content\/uploads\/vds-logo-de.jpg 120w, https:\/\/idips.com\/wp-content\/uploads\/vds-logo-de-100x100.jpg 100w\" sizes=\"(max-width: 51px) 100vw, 51px\" \/> <br \/>EN 1300B VDS Clase B<\/span><\/p>\n<p>[\/et_pb_text][\/et_pb_column][\/et_pb_row][et_pb_row column_structure=&#8221;1_2,1_2&#8243; _builder_version=&#8221;4.16&#8243; background_size=&#8221;initial&#8221; background_position=&#8221;top_left&#8221; background_repeat=&#8221;repeat&#8221; width=&#8221;100%&#8221; global_colors_info=&#8221;{}&#8221;][et_pb_column type=&#8221;1_2&#8243; _builder_version=&#8221;4.16&#8243; custom_padding=&#8221;|||&#8221; global_colors_info=&#8221;{}&#8221; custom_padding__hover=&#8221;|||&#8221;][et_pb_wc_description description_type=&#8221;description&#8221; _builder_version=&#8221;4.18.0&#8243; _module_preset=&#8221;default&#8221; global_colors_info=&#8221;{}&#8221;][\/et_pb_wc_description][et_pb_wc_reviews _builder_version=&#8221;4.18.0&#8243; _module_preset=&#8221;default&#8221; global_colors_info=&#8221;{}&#8221;][\/et_pb_wc_reviews][\/et_pb_column][et_pb_column type=&#8221;1_2&#8243; _builder_version=&#8221;4.16&#8243; custom_padding=&#8221;|||&#8221; global_colors_info=&#8221;{}&#8221; custom_padding__hover=&#8221;|||&#8221;][\/et_pb_column][\/et_pb_row][\/et_pb_section]<\/p>\n","protected":false},"excerpt":{"rendered":"<p>La cerradura consta de 2 componentes, un teclado de combinaci\u00f3n electr\u00f3nica y una cerradura de pestillo giratorio.<\/p>\n<p>La LA GARD 702 ofrece un retardo de apertura, capacidad multiusuario y auditor\u00eda con sello de tiempo. Esta cerradura est\u00e1 disponible en tres tipos de cerrojo, oscilante, muerto o de picaporte<\/p>\n<p>Dise\u00f1ada para los profesionales, esta cerradura est\u00e1 perfectamente adaptada para proteger cajas de dep\u00f3sito, cajas de cajeros y puertas fuertes.<\/p>\n","protected":false},"featured_media":2568,"template":"","meta":{"_et_pb_use_builder":"on","_et_pb_old_content":"<h2>FUNCIONES<\/h2>\n\u00a0\n\n<strong>1 C\u00d3DIGO DE SUPERVISOR<\/strong>\n<strong>1 GESTOR DE C\u00d3DIGOS<\/strong>\n<strong>28 C\u00d3DIGOS DE USUARIO<\/strong>\n<strong>C\u00d3DIGO DE CONVOCATORIA<\/strong>\n<strong>MODO DUAL<\/strong>\n<strong>HORODAT AUDIT<\/strong>\n<strong>C\u00d3DIGO BAJO COACCI\u00d3N<\/strong>\n<strong>TEMPORIZACI\u00d3N<\/strong>\n<strong>BLOQUEO POR C\u00d3DIGO FALSO<\/strong>\n<strong>ALIMENTACI\u00d3N 2 PILAS DE 9V<\/strong>\n<strong>FUENTE DE ALIMENTACI\u00d3N EXTERNA DE 12V<\/strong>\n<strong>DISPONIBLE COMO CERROJO DE VAIV\u00c9N, CERROJO MUERTO, CERROJO DE PICAPORTE<\/strong>\n<strong>OPCI\u00d3N DE CONTACTO DE CIERRE<\/strong>\n<strong>OPCI\u00d3N DE TECLADO EXTRAPLANO<\/strong>\n<strong>OPCI\u00d3N DE PANTALLA OLED<\/strong>\n<strong>OPCI\u00d3N DE BLOQUEO A DISTANCIA<\/strong>\n<strong>OPCI\u00d3N DE ALARMA DE COACCI\u00d3N<\/strong>\n\n\u00a0\n\n[learn_more caption=\"Documentation\" state=\"close\"]  Enlace al documento[\/learn_more]\n[learn_more caption=\"Notice d'utilisation\" state=\"close\"]  Enlace al folleto[\/learn_more]\n[learn_more caption=\"Guide d'installation\" state=\"close\"]  Enlace a la gu\u00eda[\/learn_more]","_et_gb_content_width":""},"product_cat":[72],"product_tag":[84,93],"yoast_head":"<!-- This site is optimized with the Yoast SEO plugin v20.6 - https:\/\/yoast.com\/wordpress\/plugins\/seo\/ -->\n<title>Cerradura multifuncional para caja fuerte LA GARD-704<\/title>\n<meta name=\"description\" content=\"Esta cerradura de caja fuerte multifuncional LA GARD-704 es adecuada para la protecci\u00f3n de cajas de seguridad, cajeros autom\u00e1ticos y puertas fuertes.\" \/>\n<meta name=\"robots\" content=\"index, follow, max-snippet:-1, max-image-preview:large, max-video-preview:-1\" \/>\n<link rel=\"canonical\" href=\"https:\/\/idips.com\/es\/produit\/la-gard-702-cerradura-de-caja-fuerte-multiuso-de-alta-seguridad\/\" \/>\n<meta property=\"og:locale\" content=\"es_ES\" \/>\n<meta property=\"og:type\" content=\"article\" \/>\n<meta property=\"og:title\" content=\"Cerradura multifuncional para caja fuerte LA GARD-704\" \/>\n<meta property=\"og:description\" content=\"Esta cerradura de caja fuerte multifuncional LA GARD-704 es adecuada para la protecci\u00f3n de cajas de seguridad, cajeros autom\u00e1ticos y puertas fuertes.\" \/>\n<meta property=\"og:url\" content=\"https:\/\/idips.com\/es\/produit\/la-gard-702-cerradura-de-caja-fuerte-multiuso-de-alta-seguridad\/\" \/>\n<meta property=\"og:site_name\" content=\"IDIPS - Serrures de haute s\u00e9curit\u00e9 pour coffre-fort\" \/>\n<meta property=\"article:modified_time\" content=\"2023-04-03T15:08:28+00:00\" \/>\n<meta property=\"og:image\" content=\"https:\/\/idips.com\/wp-content\/uploads\/LAGARD702.png\" \/>\n\t<meta property=\"og:image:width\" content=\"622\" \/>\n\t<meta property=\"og:image:height\" content=\"475\" \/>\n\t<meta property=\"og:image:type\" content=\"image\/png\" \/>\n<meta name=\"twitter:card\" content=\"summary_large_image\" \/>\n<script type=\"application\/ld+json\" class=\"yoast-schema-graph\">{\"@context\":\"https:\/\/schema.org\",\"@graph\":[{\"@type\":\"WebPage\",\"@id\":\"https:\/\/idips.com\/es\/produit\/la-gard-702-cerradura-de-caja-fuerte-multiuso-de-alta-seguridad\/\",\"url\":\"https:\/\/idips.com\/es\/produit\/la-gard-702-cerradura-de-caja-fuerte-multiuso-de-alta-seguridad\/\",\"name\":\"Cerradura multifuncional para caja fuerte LA GARD-704\",\"isPartOf\":{\"@id\":\"https:\/\/idips.com\/es\/#website\"},\"datePublished\":\"2022-11-19T14:53:08+00:00\",\"dateModified\":\"2023-04-03T15:08:28+00:00\",\"description\":\"Esta cerradura de caja fuerte multifuncional LA GARD-704 es adecuada para la protecci\u00f3n de cajas de seguridad, cajeros autom\u00e1ticos y puertas fuertes.\",\"breadcrumb\":{\"@id\":\"https:\/\/idips.com\/es\/produit\/la-gard-702-cerradura-de-caja-fuerte-multiuso-de-alta-seguridad\/#breadcrumb\"},\"inLanguage\":\"es\",\"potentialAction\":[{\"@type\":\"ReadAction\",\"target\":[\"https:\/\/idips.com\/es\/produit\/la-gard-702-cerradura-de-caja-fuerte-multiuso-de-alta-seguridad\/\"]}]},{\"@type\":\"BreadcrumbList\",\"@id\":\"https:\/\/idips.com\/es\/produit\/la-gard-702-cerradura-de-caja-fuerte-multiuso-de-alta-seguridad\/#breadcrumb\",\"itemListElement\":[{\"@type\":\"ListItem\",\"position\":1,\"name\":\"Accueil\",\"item\":\"https:\/\/idips.com\/es\/\"},{\"@type\":\"ListItem\",\"position\":2,\"name\":\"Sala de exposiciones\",\"item\":\"https:\/\/idips.com\/es\/sala-de-exposiciones\/\"},{\"@type\":\"ListItem\",\"position\":3,\"name\":\"LA GARD 702 &#8211; Cerradura de caja fuerte multiuso de alta seguridad\"}]},{\"@type\":\"WebSite\",\"@id\":\"https:\/\/idips.com\/es\/#website\",\"url\":\"https:\/\/idips.com\/es\/\",\"name\":\"Serrure pour coffre-fort et syst\u00e8me de haute s\u00e9curit\u00e9\",\"description\":\"Serrures et syst\u00e8mes de haute s\u00e9curit\u00e9\",\"publisher\":{\"@id\":\"https:\/\/idips.com\/es\/#organization\"},\"alternateName\":\"IDIPS\",\"potentialAction\":[{\"@type\":\"SearchAction\",\"target\":{\"@type\":\"EntryPoint\",\"urlTemplate\":\"https:\/\/idips.com\/es\/?s={search_term_string}\"},\"query-input\":\"required name=search_term_string\"}],\"inLanguage\":\"es\"},{\"@type\":\"Organization\",\"@id\":\"https:\/\/idips.com\/es\/#organization\",\"name\":\"Serrure pour coffre-fort et syst\u00e8me de haute s\u00e9curit\u00e9\",\"alternateName\":\"IDIPS\",\"url\":\"https:\/\/idips.com\/es\/\",\"logo\":{\"@type\":\"ImageObject\",\"inLanguage\":\"es\",\"@id\":\"https:\/\/idips.com\/es\/#\/schema\/logo\/image\/\",\"url\":\"https:\/\/idips.com\/wp-content\/uploads\/2022\/09\/idips_picto_brod.png\",\"contentUrl\":\"https:\/\/idips.com\/wp-content\/uploads\/2022\/09\/idips_picto_brod.png\",\"width\":450,\"height\":450,\"caption\":\"Serrure pour coffre-fort et syst\u00e8me de haute s\u00e9curit\u00e9\"},\"image\":{\"@id\":\"https:\/\/idips.com\/es\/#\/schema\/logo\/image\/\"}}]}<\/script>\n<!-- \/ Yoast SEO plugin. -->","yoast_head_json":{"title":"Cerradura multifuncional para caja fuerte LA GARD-704","description":"Esta cerradura de caja fuerte multifuncional LA GARD-704 es adecuada para la protecci\u00f3n de cajas de seguridad, cajeros autom\u00e1ticos y puertas fuertes.","robots":{"index":"index","follow":"follow","max-snippet":"max-snippet:-1","max-image-preview":"max-image-preview:large","max-video-preview":"max-video-preview:-1"},"canonical":"https:\/\/idips.com\/es\/produit\/la-gard-702-cerradura-de-caja-fuerte-multiuso-de-alta-seguridad\/","og_locale":"es_ES","og_type":"article","og_title":"Cerradura multifuncional para caja fuerte LA GARD-704","og_description":"Esta cerradura de caja fuerte multifuncional LA GARD-704 es adecuada para la protecci\u00f3n de cajas de seguridad, cajeros autom\u00e1ticos y puertas fuertes.","og_url":"https:\/\/idips.com\/es\/produit\/la-gard-702-cerradura-de-caja-fuerte-multiuso-de-alta-seguridad\/","og_site_name":"IDIPS - Serrures de haute s\u00e9curit\u00e9 pour coffre-fort","article_modified_time":"2023-04-03T15:08:28+00:00","og_image":[{"width":622,"height":475,"url":"https:\/\/idips.com\/wp-content\/uploads\/LAGARD702.png","type":"image\/png"}],"twitter_card":"summary_large_image","schema":{"@context":"https:\/\/schema.org","@graph":[{"@type":"WebPage","@id":"https:\/\/idips.com\/es\/produit\/la-gard-702-cerradura-de-caja-fuerte-multiuso-de-alta-seguridad\/","url":"https:\/\/idips.com\/es\/produit\/la-gard-702-cerradura-de-caja-fuerte-multiuso-de-alta-seguridad\/","name":"Cerradura multifuncional para caja fuerte LA GARD-704","isPartOf":{"@id":"https:\/\/idips.com\/es\/#website"},"datePublished":"2022-11-19T14:53:08+00:00","dateModified":"2023-04-03T15:08:28+00:00","description":"Esta cerradura de caja fuerte multifuncional LA GARD-704 es adecuada para la protecci\u00f3n de cajas de seguridad, cajeros autom\u00e1ticos y puertas fuertes.","breadcrumb":{"@id":"https:\/\/idips.com\/es\/produit\/la-gard-702-cerradura-de-caja-fuerte-multiuso-de-alta-seguridad\/#breadcrumb"},"inLanguage":"es","potentialAction":[{"@type":"ReadAction","target":["https:\/\/idips.com\/es\/produit\/la-gard-702-cerradura-de-caja-fuerte-multiuso-de-alta-seguridad\/"]}]},{"@type":"BreadcrumbList","@id":"https:\/\/idips.com\/es\/produit\/la-gard-702-cerradura-de-caja-fuerte-multiuso-de-alta-seguridad\/#breadcrumb","itemListElement":[{"@type":"ListItem","position":1,"name":"Accueil","item":"https:\/\/idips.com\/es\/"},{"@type":"ListItem","position":2,"name":"Sala de exposiciones","item":"https:\/\/idips.com\/es\/sala-de-exposiciones\/"},{"@type":"ListItem","position":3,"name":"LA GARD 702 &#8211; Cerradura de caja fuerte multiuso de alta seguridad"}]},{"@type":"WebSite","@id":"https:\/\/idips.com\/es\/#website","url":"https:\/\/idips.com\/es\/","name":"Serrure pour coffre-fort et syst\u00e8me de haute s\u00e9curit\u00e9","description":"Serrures et syst\u00e8mes de haute s\u00e9curit\u00e9","publisher":{"@id":"https:\/\/idips.com\/es\/#organization"},"alternateName":"IDIPS","potentialAction":[{"@type":"SearchAction","target":{"@type":"EntryPoint","urlTemplate":"https:\/\/idips.com\/es\/?s={search_term_string}"},"query-input":"required name=search_term_string"}],"inLanguage":"es"},{"@type":"Organization","@id":"https:\/\/idips.com\/es\/#organization","name":"Serrure pour coffre-fort et syst\u00e8me de haute s\u00e9curit\u00e9","alternateName":"IDIPS","url":"https:\/\/idips.com\/es\/","logo":{"@type":"ImageObject","inLanguage":"es","@id":"https:\/\/idips.com\/es\/#\/schema\/logo\/image\/","url":"https:\/\/idips.com\/wp-content\/uploads\/2022\/09\/idips_picto_brod.png","contentUrl":"https:\/\/idips.com\/wp-content\/uploads\/2022\/09\/idips_picto_brod.png","width":450,"height":450,"caption":"Serrure pour coffre-fort et syst\u00e8me de haute s\u00e9curit\u00e9"},"image":{"@id":"https:\/\/idips.com\/es\/#\/schema\/logo\/image\/"}}]}},"_links":{"self":[{"href":"https:\/\/idips.com\/es\/wp-json\/wp\/v2\/product\/2564"}],"collection":[{"href":"https:\/\/idips.com\/es\/wp-json\/wp\/v2\/product"}],"about":[{"href":"https:\/\/idips.com\/es\/wp-json\/wp\/v2\/types\/product"}],"wp:featuredmedia":[{"embeddable":true,"href":"https:\/\/idips.com\/es\/wp-json\/wp\/v2\/media\/2568"}],"wp:attachment":[{"href":"https:\/\/idips.com\/es\/wp-json\/wp\/v2\/media?parent=2564"}],"wp:term":[{"taxonomy":"product_cat","embeddable":true,"href":"https:\/\/idips.com\/es\/wp-json\/wp\/v2\/product_cat?post=2564"},{"taxonomy":"product_tag","embeddable":true,"href":"https:\/\/idips.com\/es\/wp-json\/wp\/v2\/product_tag?post=2564"}],"curies":[{"name":"wp","href":"https:\/\/api.w.org\/{rel}","templated":true}]}}