{"id":1809,"date":"2022-10-01T16:18:34","date_gmt":"2022-10-01T14:18:34","guid":{"rendered":"https:\/\/152qoasqgd.preview.infomaniak.website\/produit\/techmaster-cerradura-electronica-con-pestillo-motorizado-autonoma-y-conectada\/"},"modified":"2023-04-03T17:15:50","modified_gmt":"2023-04-03T15:15:50","slug":"techmaster-cerradura-electronica-con-pestillo-motorizado-autonoma-y-conectada","status":"publish","type":"product","link":"https:\/\/idips.com\/es\/produit\/techmaster-cerradura-electronica-con-pestillo-motorizado-autonoma-y-conectada\/","title":{"rendered":"TECHMASTER &#8211; Cerradura electr\u00f3nica con pestillo motorizado, aut\u00f3noma y conectada"},"content":{"rendered":"<p>[et_pb_section fb_built=&#8221;1&#8243; _builder_version=&#8221;4.18.0&#8243; custom_margin=&#8221;0px||||false|false&#8221; custom_padding=&#8221;0px||||false|false&#8221; global_colors_info=&#8221;{}&#8221;][et_pb_row _builder_version=&#8221;4.16&#8243; background_size=&#8221;initial&#8221; background_position=&#8221;top_left&#8221; background_repeat=&#8221;repeat&#8221; width=&#8221;100%&#8221; custom_padding=&#8221;0px||0px||false|false&#8221; global_colors_info=&#8221;{}&#8221;][et_pb_column type=&#8221;4_4&#8243; _builder_version=&#8221;4.16&#8243; custom_padding=&#8221;|||&#8221; global_colors_info=&#8221;{}&#8221; custom_padding__hover=&#8221;|||&#8221;][et_pb_wc_breadcrumb _builder_version=&#8221;4.16&#8243; global_colors_info=&#8221;{}&#8221;][\/et_pb_wc_breadcrumb][et_pb_wc_cart_notice _builder_version=&#8221;4.18.0&#8243; global_colors_info=&#8221;{}&#8221;][\/et_pb_wc_cart_notice][\/et_pb_column][\/et_pb_row][et_pb_row column_structure=&#8221;1_2,1_2&#8243; _builder_version=&#8221;4.18.0&#8243; background_size=&#8221;initial&#8221; background_position=&#8221;top_left&#8221; background_repeat=&#8221;repeat&#8221; width=&#8221;100%&#8221; custom_margin=&#8221;100px||||false|false&#8221; custom_padding=&#8221;0px||||false|false&#8221; locked=&#8221;off&#8221; global_colors_info=&#8221;{}&#8221;][et_pb_column type=&#8221;1_2&#8243; _builder_version=&#8221;4.16&#8243; custom_padding=&#8221;|||&#8221; global_colors_info=&#8221;{}&#8221; custom_padding__hover=&#8221;|||&#8221;][et_pb_wc_images force_fullwidth=&#8221;on&#8221; _builder_version=&#8221;4.18.0&#8243; global_colors_info=&#8221;{}&#8221;][\/et_pb_wc_images][\/et_pb_column][et_pb_column type=&#8221;1_2&#8243; _builder_version=&#8221;4.16&#8243; custom_padding=&#8221;|||&#8221; global_colors_info=&#8221;{}&#8221; custom_padding__hover=&#8221;|||&#8221;][et_pb_wc_title _builder_version=&#8221;4.16&#8243; global_colors_info=&#8221;{}&#8221;][\/et_pb_wc_title][et_pb_button button_url=&#8221;tel:+33139188218&#8243; button_text=&#8221;Llama ahora&#8221; disabled_on=&#8221;off|on|on&#8221; _builder_version=&#8221;4.19.1&#8243; _module_preset=&#8221;default&#8221; global_module=&#8221;999&#8243; global_colors_info=&#8221;{}&#8221;][\/et_pb_button][et_pb_button button_url=&#8221;@ET-DC@eyJkeW5hbWljIjp0cnVlLCJjb250ZW50IjoicG9zdF9saW5rX3VybF9wYWdlIiwic2V0dGluZ3MiOnsicG9zdF9pZCI6IjEzMDcifX0=@&#8221; button_text=&#8221;Cons\u00faltenos&#8221; _builder_version=&#8221;4.19.1&#8243; _dynamic_attributes=&#8221;button_url&#8221; _module_preset=&#8221;default&#8221; global_colors_info=&#8221;{}&#8221; global_module=&#8221;3456&#8243; theme_builder_area=&#8221;post_content&#8221;][\/et_pb_button][et_pb_wc_description _builder_version=&#8221;4.16&#8243; global_colors_info=&#8221;{}&#8221;][\/et_pb_wc_description][et_pb_divider _builder_version=&#8221;4.18.0&#8243; _module_preset=&#8221;default&#8221; global_colors_info=&#8221;{}&#8221;][\/et_pb_divider][et_pb_text _builder_version=&#8221;4.18.0&#8243; _module_preset=&#8221;default&#8221; locked=&#8221;off&#8221; global_colors_info=&#8221;{}&#8221;]<\/p>\n<h2>Certificaciones<\/h2>\n<p><span style=\"font-weight: 400;\"><br \/><img loading=\"lazy\" src=\"https:\/\/152qoasqgd.preview.infomaniak.website\/wp-content\/uploads\/vds-logo-de.jpg\" width=\"51\" height=\"51\" alt=\"vds-logo-de\" class=\"wp-image-705 size-full\" srcset=\"https:\/\/idips.com\/wp-content\/uploads\/vds-logo-de.jpg 120w, https:\/\/idips.com\/wp-content\/uploads\/vds-logo-de-100x100.jpg 100w\" sizes=\"(max-width: 51px) 100vw, 51px\" \/> <br \/>EN 1300B VDS Clase B<\/span><\/p>\n<p>[\/et_pb_text][\/et_pb_column][\/et_pb_row][et_pb_row column_structure=&#8221;1_2,1_2&#8243; _builder_version=&#8221;4.16&#8243; background_size=&#8221;initial&#8221; background_position=&#8221;top_left&#8221; background_repeat=&#8221;repeat&#8221; width=&#8221;100%&#8221; global_colors_info=&#8221;{}&#8221;][et_pb_column type=&#8221;1_2&#8243; _builder_version=&#8221;4.16&#8243; custom_padding=&#8221;|||&#8221; global_colors_info=&#8221;{}&#8221; custom_padding__hover=&#8221;|||&#8221;][et_pb_wc_description description_type=&#8221;description&#8221; _builder_version=&#8221;4.18.0&#8243; _module_preset=&#8221;default&#8221; global_colors_info=&#8221;{}&#8221;][\/et_pb_wc_description][et_pb_wc_reviews _builder_version=&#8221;4.18.0&#8243; _module_preset=&#8221;default&#8221; global_colors_info=&#8221;{}&#8221;][\/et_pb_wc_reviews][\/et_pb_column][et_pb_column type=&#8221;1_2&#8243; _builder_version=&#8221;4.16&#8243; custom_padding=&#8221;|||&#8221; global_colors_info=&#8221;{}&#8221; custom_padding__hover=&#8221;|||&#8221;][\/et_pb_column][\/et_pb_row][\/et_pb_section]<\/p>\n","protected":false},"excerpt":{"rendered":"<p><span style=\"font-weight: 400;\">La cerradura TECHMASTER es una cerradura electr\u00f3nica aut\u00f3noma y conectada con un cerrojo motorizado. Multi-c\u00f3digo con pantalla LCD ofrece 2 c\u00f3digos de supervisor, 2 c\u00f3digos de gerente, 90 c\u00f3digos programables.<\/span><\/p>\n<p><span style=\"font-weight: 400;\">Tiene la posibilidad de programar dos grupos horarios. Gesti\u00f3n IP opcional. Existe una auditor\u00eda con sello de tiempo.<\/span><\/p>\n<p><span style=\"font-weight: 400;\">Una interfaz de alarma permite el bloqueo a distancia y la gesti\u00f3n del c\u00f3digo de coacci\u00f3n.<\/span><\/p>\n","protected":false},"featured_media":1552,"template":"","meta":{"_et_pb_use_builder":"on","_et_pb_old_content":"<h2>FUNCIONES<\/h2>\n\u00a0\n\n<strong>2 C\u00d3DIGOS DE SUPERVISOR<\/strong>\nPermite la gesti\u00f3n completa de la cerradura: cambio de hora, retardo, c\u00f3digos pero no permite la apertura de la cerradura.\n<strong>2 C\u00d3DIGOS DE GESTOR<\/strong>\nPermite la gesti\u00f3n del funcionamiento de la cerradura: c\u00f3digos de usuario, tiempo de retardo y tambi\u00e9n tiene las mismas funciones que los c\u00f3digos de usuario.\n<strong>90 C\u00d3DIGOS DE USO<\/strong>\nPuede poner en marcha el temporizador, abrir la cerradura, activar la alarma, cambiar su propio c\u00f3digo y cerrar la puerta, pero nunca tiene acceso a los ajustes.\n<strong>TEMPORIZACI\u00d3N<\/strong>\nEsta funci\u00f3n retrasa la apertura de la cerradura. Este modo es programable de 0 a 99 minutos, seguido de un periodo de apertura programable de 1 a 19 minutos.\n<strong>AUDITOR\u00cdA<\/strong>\nPermite tener un seguimiento preciso de todas las acciones realizadas sobre la cerradura: apertura, cierre, error de c\u00f3digo, cambio de par\u00e1metros. Las cerraduras pueden ser interrogadas en la pantalla o en un PC.\n<strong>FUNCIONES DE TIEMPO<\/strong>\nLa cerradura puede programarse para denegar o permitir el acceso en funci\u00f3n del tiempo a diferentes usuarios y para programar d\u00edas de cierre o apertura excepcionales.\n<strong>ANTE LA MANIPULACI\u00d3N<\/strong>\nTras varios intentos de abrir la cerradura, \u00e9sta pasa al modo de penalizaci\u00f3n durante un periodo de tiempo programado.\n<b>AUTO-TEST\n<\/b>Para simplificar el mantenimiento, una funci\u00f3n de autodiagn\u00f3stico<span class=\"Apple-converted-space\">  <\/span>a<span class=\"Apple-converted-space\">  <\/span>verano<span class=\"Apple-converted-space\">  <\/span>integrado<span class=\"Apple-converted-space\">  <\/span>\u00e0<span class=\"Apple-converted-space\">  <\/span>el<span class=\"Apple-converted-space\">  <\/span>cerradura<span class=\"Apple-converted-space\">  <\/span>directamente accesible desde el teclado.\n<b>GESTI\u00d3N DEL MULTIBLOQUEO\n<\/b>Uno<span class=\"Apple-converted-space\">  <\/span>s\u00f3lo<span class=\"Apple-converted-space\">  <\/span>mostrar<span class=\"Apple-converted-space\">  <\/span>permite<span class=\"Apple-converted-space\">  <\/span>de<span class=\"Apple-converted-space\">  <\/span>gestionar<span class=\"Apple-converted-space\">  <\/span>a<span class=\"Apple-converted-space\">  <\/span>5<span class=\"Apple-converted-space\">  <\/span>cerraduras, el inter\u00e9s es la funci\u00f3n de esclavitud entre las puertas y la gesti\u00f3n de varias puertas en el mismo equipo. En el caso de una conexi\u00f3n IP, s\u00f3lo se necesita una interfaz.\n<b>LLAVE DE DALLAS <\/b><em>(Opci\u00f3n : Contactar con nosotros)<\/em><b>\n<\/b>Un lector de llaves electr\u00f3nico Dallas permite un doble control para la apertura de la caja fuerte (combinaci\u00f3n + llave) en una sola cerradura.\n<strong>ENTRADA\/SALIDA <\/strong><em>(Opci\u00f3n: Contacto)<\/em>\nHay una interfaz disponible como opci\u00f3n para la comunicaci\u00f3n con una central de alarmas.\n\n\u00a0\n\n[learn_more caption=\"Documentation\" state=\"close\"]  Enlace al documento[\/learn_more]\n[learn_more caption=\"Notice d'utilisation\" state=\"close\"]  Enlace al folleto[\/learn_more]\n[learn_more caption=\"Guide d'installation\" state=\"close\"]  Enlace a la gu\u00eda[\/learn_more]","_et_gb_content_width":""},"product_cat":[72],"product_tag":[90,84],"yoast_head":"<!-- This site is optimized with the Yoast SEO plugin v20.6 - https:\/\/yoast.com\/wordpress\/plugins\/seo\/ -->\n<title>Cerradura electr\u00f3nica con cerrojo motorizado, independiente - TECHMASTER<\/title>\n<meta name=\"description\" content=\"Cerradura electr\u00f3nica con pestillo motorizado aut\u00f3nomo y conectado de alta seguridad para cajas fuertes. Multic\u00f3digos, programaci\u00f3n horaria. Cerradura de perno giratorio.\" \/>\n<meta name=\"robots\" content=\"index, follow, max-snippet:-1, max-image-preview:large, max-video-preview:-1\" \/>\n<link rel=\"canonical\" href=\"https:\/\/idips.com\/es\/produit\/techmaster-cerradura-electronica-con-pestillo-motorizado-autonoma-y-conectada\/\" \/>\n<meta property=\"og:locale\" content=\"es_ES\" \/>\n<meta property=\"og:type\" content=\"article\" \/>\n<meta property=\"og:title\" content=\"Cerradura electr\u00f3nica con cerrojo motorizado, independiente - TECHMASTER\" \/>\n<meta property=\"og:description\" content=\"Cerradura electr\u00f3nica con pestillo motorizado aut\u00f3nomo y conectado de alta seguridad para cajas fuertes. Multic\u00f3digos, programaci\u00f3n horaria. Cerradura de perno giratorio.\" \/>\n<meta property=\"og:url\" content=\"https:\/\/idips.com\/es\/produit\/techmaster-cerradura-electronica-con-pestillo-motorizado-autonoma-y-conectada\/\" \/>\n<meta property=\"og:site_name\" content=\"IDIPS - Serrures de haute s\u00e9curit\u00e9 pour coffre-fort\" \/>\n<meta property=\"article:modified_time\" content=\"2023-04-03T15:15:50+00:00\" \/>\n<meta property=\"og:image\" content=\"https:\/\/idips.com\/wp-content\/uploads\/techmaster-motorise-1.png\" \/>\n\t<meta property=\"og:image:width\" content=\"604\" \/>\n\t<meta property=\"og:image:height\" content=\"585\" \/>\n\t<meta property=\"og:image:type\" content=\"image\/png\" \/>\n<meta name=\"twitter:card\" content=\"summary_large_image\" \/>\n<script type=\"application\/ld+json\" class=\"yoast-schema-graph\">{\"@context\":\"https:\/\/schema.org\",\"@graph\":[{\"@type\":\"WebPage\",\"@id\":\"https:\/\/idips.com\/es\/produit\/techmaster-cerradura-electronica-con-pestillo-motorizado-autonoma-y-conectada\/\",\"url\":\"https:\/\/idips.com\/es\/produit\/techmaster-cerradura-electronica-con-pestillo-motorizado-autonoma-y-conectada\/\",\"name\":\"Cerradura electr\u00f3nica con cerrojo motorizado, independiente - TECHMASTER\",\"isPartOf\":{\"@id\":\"https:\/\/idips.com\/es\/#website\"},\"datePublished\":\"2022-10-01T14:18:34+00:00\",\"dateModified\":\"2023-04-03T15:15:50+00:00\",\"description\":\"Cerradura electr\u00f3nica con pestillo motorizado aut\u00f3nomo y conectado de alta seguridad para cajas fuertes. Multic\u00f3digos, programaci\u00f3n horaria. Cerradura de perno giratorio.\",\"breadcrumb\":{\"@id\":\"https:\/\/idips.com\/es\/produit\/techmaster-cerradura-electronica-con-pestillo-motorizado-autonoma-y-conectada\/#breadcrumb\"},\"inLanguage\":\"es\",\"potentialAction\":[{\"@type\":\"ReadAction\",\"target\":[\"https:\/\/idips.com\/es\/produit\/techmaster-cerradura-electronica-con-pestillo-motorizado-autonoma-y-conectada\/\"]}]},{\"@type\":\"BreadcrumbList\",\"@id\":\"https:\/\/idips.com\/es\/produit\/techmaster-cerradura-electronica-con-pestillo-motorizado-autonoma-y-conectada\/#breadcrumb\",\"itemListElement\":[{\"@type\":\"ListItem\",\"position\":1,\"name\":\"Accueil\",\"item\":\"https:\/\/idips.com\/es\/\"},{\"@type\":\"ListItem\",\"position\":2,\"name\":\"Sala de exposiciones\",\"item\":\"https:\/\/idips.com\/es\/sala-de-exposiciones\/\"},{\"@type\":\"ListItem\",\"position\":3,\"name\":\"TECHMASTER &#8211; Cerradura electr\u00f3nica con pestillo motorizado, aut\u00f3noma y conectada\"}]},{\"@type\":\"WebSite\",\"@id\":\"https:\/\/idips.com\/es\/#website\",\"url\":\"https:\/\/idips.com\/es\/\",\"name\":\"Serrure pour coffre-fort et syst\u00e8me de haute s\u00e9curit\u00e9\",\"description\":\"Serrures et syst\u00e8mes de haute s\u00e9curit\u00e9\",\"publisher\":{\"@id\":\"https:\/\/idips.com\/es\/#organization\"},\"alternateName\":\"IDIPS\",\"potentialAction\":[{\"@type\":\"SearchAction\",\"target\":{\"@type\":\"EntryPoint\",\"urlTemplate\":\"https:\/\/idips.com\/es\/?s={search_term_string}\"},\"query-input\":\"required name=search_term_string\"}],\"inLanguage\":\"es\"},{\"@type\":\"Organization\",\"@id\":\"https:\/\/idips.com\/es\/#organization\",\"name\":\"Serrure pour coffre-fort et syst\u00e8me de haute s\u00e9curit\u00e9\",\"alternateName\":\"IDIPS\",\"url\":\"https:\/\/idips.com\/es\/\",\"logo\":{\"@type\":\"ImageObject\",\"inLanguage\":\"es\",\"@id\":\"https:\/\/idips.com\/es\/#\/schema\/logo\/image\/\",\"url\":\"https:\/\/idips.com\/wp-content\/uploads\/2022\/09\/idips_picto_brod.png\",\"contentUrl\":\"https:\/\/idips.com\/wp-content\/uploads\/2022\/09\/idips_picto_brod.png\",\"width\":450,\"height\":450,\"caption\":\"Serrure pour coffre-fort et syst\u00e8me de haute s\u00e9curit\u00e9\"},\"image\":{\"@id\":\"https:\/\/idips.com\/es\/#\/schema\/logo\/image\/\"}}]}<\/script>\n<!-- \/ Yoast SEO plugin. -->","yoast_head_json":{"title":"Cerradura electr\u00f3nica con cerrojo motorizado, independiente - TECHMASTER","description":"Cerradura electr\u00f3nica con pestillo motorizado aut\u00f3nomo y conectado de alta seguridad para cajas fuertes. Multic\u00f3digos, programaci\u00f3n horaria. Cerradura de perno giratorio.","robots":{"index":"index","follow":"follow","max-snippet":"max-snippet:-1","max-image-preview":"max-image-preview:large","max-video-preview":"max-video-preview:-1"},"canonical":"https:\/\/idips.com\/es\/produit\/techmaster-cerradura-electronica-con-pestillo-motorizado-autonoma-y-conectada\/","og_locale":"es_ES","og_type":"article","og_title":"Cerradura electr\u00f3nica con cerrojo motorizado, independiente - TECHMASTER","og_description":"Cerradura electr\u00f3nica con pestillo motorizado aut\u00f3nomo y conectado de alta seguridad para cajas fuertes. Multic\u00f3digos, programaci\u00f3n horaria. Cerradura de perno giratorio.","og_url":"https:\/\/idips.com\/es\/produit\/techmaster-cerradura-electronica-con-pestillo-motorizado-autonoma-y-conectada\/","og_site_name":"IDIPS - Serrures de haute s\u00e9curit\u00e9 pour coffre-fort","article_modified_time":"2023-04-03T15:15:50+00:00","og_image":[{"width":604,"height":585,"url":"https:\/\/idips.com\/wp-content\/uploads\/techmaster-motorise-1.png","type":"image\/png"}],"twitter_card":"summary_large_image","schema":{"@context":"https:\/\/schema.org","@graph":[{"@type":"WebPage","@id":"https:\/\/idips.com\/es\/produit\/techmaster-cerradura-electronica-con-pestillo-motorizado-autonoma-y-conectada\/","url":"https:\/\/idips.com\/es\/produit\/techmaster-cerradura-electronica-con-pestillo-motorizado-autonoma-y-conectada\/","name":"Cerradura electr\u00f3nica con cerrojo motorizado, independiente - TECHMASTER","isPartOf":{"@id":"https:\/\/idips.com\/es\/#website"},"datePublished":"2022-10-01T14:18:34+00:00","dateModified":"2023-04-03T15:15:50+00:00","description":"Cerradura electr\u00f3nica con pestillo motorizado aut\u00f3nomo y conectado de alta seguridad para cajas fuertes. Multic\u00f3digos, programaci\u00f3n horaria. Cerradura de perno giratorio.","breadcrumb":{"@id":"https:\/\/idips.com\/es\/produit\/techmaster-cerradura-electronica-con-pestillo-motorizado-autonoma-y-conectada\/#breadcrumb"},"inLanguage":"es","potentialAction":[{"@type":"ReadAction","target":["https:\/\/idips.com\/es\/produit\/techmaster-cerradura-electronica-con-pestillo-motorizado-autonoma-y-conectada\/"]}]},{"@type":"BreadcrumbList","@id":"https:\/\/idips.com\/es\/produit\/techmaster-cerradura-electronica-con-pestillo-motorizado-autonoma-y-conectada\/#breadcrumb","itemListElement":[{"@type":"ListItem","position":1,"name":"Accueil","item":"https:\/\/idips.com\/es\/"},{"@type":"ListItem","position":2,"name":"Sala de exposiciones","item":"https:\/\/idips.com\/es\/sala-de-exposiciones\/"},{"@type":"ListItem","position":3,"name":"TECHMASTER &#8211; Cerradura electr\u00f3nica con pestillo motorizado, aut\u00f3noma y conectada"}]},{"@type":"WebSite","@id":"https:\/\/idips.com\/es\/#website","url":"https:\/\/idips.com\/es\/","name":"Serrure pour coffre-fort et syst\u00e8me de haute s\u00e9curit\u00e9","description":"Serrures et syst\u00e8mes de haute s\u00e9curit\u00e9","publisher":{"@id":"https:\/\/idips.com\/es\/#organization"},"alternateName":"IDIPS","potentialAction":[{"@type":"SearchAction","target":{"@type":"EntryPoint","urlTemplate":"https:\/\/idips.com\/es\/?s={search_term_string}"},"query-input":"required name=search_term_string"}],"inLanguage":"es"},{"@type":"Organization","@id":"https:\/\/idips.com\/es\/#organization","name":"Serrure pour coffre-fort et syst\u00e8me de haute s\u00e9curit\u00e9","alternateName":"IDIPS","url":"https:\/\/idips.com\/es\/","logo":{"@type":"ImageObject","inLanguage":"es","@id":"https:\/\/idips.com\/es\/#\/schema\/logo\/image\/","url":"https:\/\/idips.com\/wp-content\/uploads\/2022\/09\/idips_picto_brod.png","contentUrl":"https:\/\/idips.com\/wp-content\/uploads\/2022\/09\/idips_picto_brod.png","width":450,"height":450,"caption":"Serrure pour coffre-fort et syst\u00e8me de haute s\u00e9curit\u00e9"},"image":{"@id":"https:\/\/idips.com\/es\/#\/schema\/logo\/image\/"}}]}},"_links":{"self":[{"href":"https:\/\/idips.com\/es\/wp-json\/wp\/v2\/product\/1809"}],"collection":[{"href":"https:\/\/idips.com\/es\/wp-json\/wp\/v2\/product"}],"about":[{"href":"https:\/\/idips.com\/es\/wp-json\/wp\/v2\/types\/product"}],"wp:featuredmedia":[{"embeddable":true,"href":"https:\/\/idips.com\/es\/wp-json\/wp\/v2\/media\/1552"}],"wp:attachment":[{"href":"https:\/\/idips.com\/es\/wp-json\/wp\/v2\/media?parent=1809"}],"wp:term":[{"taxonomy":"product_cat","embeddable":true,"href":"https:\/\/idips.com\/es\/wp-json\/wp\/v2\/product_cat?post=1809"},{"taxonomy":"product_tag","embeddable":true,"href":"https:\/\/idips.com\/es\/wp-json\/wp\/v2\/product_tag?post=1809"}],"curies":[{"name":"wp","href":"https:\/\/api.w.org\/{rel}","templated":true}]}}