{"id":1786,"date":"2022-09-27T18:30:37","date_gmt":"2022-09-27T16:30:37","guid":{"rendered":"https:\/\/152qoasqgd.preview.infomaniak.website\/produit\/horo-710db-cerradura-electronica-de-tiempo-con-cerradura-de-seguridad\/"},"modified":"2023-06-08T16:07:10","modified_gmt":"2023-06-08T14:07:10","slug":"horo-710db-cerradura-electronica-de-tiempo-con-cerradura-de-seguridad","status":"publish","type":"product","link":"https:\/\/idips.com\/es\/produit\/horo-710db-cerradura-electronica-de-tiempo-con-cerradura-de-seguridad\/","title":{"rendered":"HORO 710DB &#8211; Cerradura electr\u00f3nica de tiempo con cerradura de seguridad"},"content":{"rendered":"<p>[et_pb_section fb_built=&#8221;1&#8243; _builder_version=&#8221;4.16&#8243; custom_padding=&#8221;0px||||false|false&#8221; global_colors_info=&#8221;{}&#8221;][et_pb_row _builder_version=&#8221;4.16&#8243; background_size=&#8221;initial&#8221; background_position=&#8221;top_left&#8221; background_repeat=&#8221;repeat&#8221; width=&#8221;100%&#8221; custom_padding=&#8221;0px||0px||false|false&#8221; global_colors_info=&#8221;{}&#8221;][et_pb_column type=&#8221;4_4&#8243; _builder_version=&#8221;4.16&#8243; custom_padding=&#8221;|||&#8221; global_colors_info=&#8221;{}&#8221; custom_padding__hover=&#8221;|||&#8221;][et_pb_wc_breadcrumb _builder_version=&#8221;4.16&#8243; global_colors_info=&#8221;{}&#8221;][\/et_pb_wc_breadcrumb][et_pb_wc_cart_notice _builder_version=&#8221;4.16&#8243; global_colors_info=&#8221;{}&#8221;][\/et_pb_wc_cart_notice][\/et_pb_column][\/et_pb_row][et_pb_row column_structure=&#8221;1_2,1_2&#8243; _builder_version=&#8221;4.18.0&#8243; background_size=&#8221;initial&#8221; background_position=&#8221;top_left&#8221; background_repeat=&#8221;repeat&#8221; width=&#8221;100%&#8221; custom_margin=&#8221;100px||||false|false&#8221; custom_padding=&#8221;0px||||false|false&#8221; global_colors_info=&#8221;{}&#8221;][et_pb_column type=&#8221;1_2&#8243; _builder_version=&#8221;4.16&#8243; custom_padding=&#8221;|||&#8221; global_colors_info=&#8221;{}&#8221; custom_padding__hover=&#8221;|||&#8221;][et_pb_wc_images force_fullwidth=&#8221;on&#8221; _builder_version=&#8221;4.18.0&#8243; global_colors_info=&#8221;{}&#8221;][\/et_pb_wc_images][\/et_pb_column][et_pb_column type=&#8221;1_2&#8243; _builder_version=&#8221;4.16&#8243; custom_padding=&#8221;|||&#8221; global_colors_info=&#8221;{}&#8221; custom_padding__hover=&#8221;|||&#8221;][et_pb_wc_title _builder_version=&#8221;4.16&#8243; global_colors_info=&#8221;{}&#8221;][\/et_pb_wc_title][et_pb_wc_rating _builder_version=&#8221;4.16&#8243; global_colors_info=&#8221;{}&#8221;][\/et_pb_wc_rating][et_pb_wc_price _builder_version=&#8221;4.16&#8243; global_colors_info=&#8221;{}&#8221;][\/et_pb_wc_price][et_pb_button button_url=&#8221;tel:+33139188218&#8243; button_text=&#8221;Llama ahora&#8221; disabled_on=&#8221;off|on|on&#8221; _builder_version=&#8221;4.19.1&#8243; _module_preset=&#8221;default&#8221; global_module=&#8221;999&#8243; global_colors_info=&#8221;{}&#8221;][\/et_pb_button][et_pb_button button_url=&#8221;@ET-DC@eyJkeW5hbWljIjp0cnVlLCJjb250ZW50IjoicG9zdF9saW5rX3VybF9wYWdlIiwic2V0dGluZ3MiOnsicG9zdF9pZCI6IjEzMDcifX0=@&#8221; button_text=&#8221;Cons\u00faltenos&#8221; _builder_version=&#8221;4.19.1&#8243; _dynamic_attributes=&#8221;button_url&#8221; _module_preset=&#8221;default&#8221; global_module=&#8221;3456&#8243; global_colors_info=&#8221;{}&#8221;][\/et_pb_button][et_pb_wc_add_to_cart disabled_on=&#8221;on|on|on&#8221; _builder_version=&#8221;4.18.0&#8243; disabled=&#8221;on&#8221; global_colors_info=&#8221;{}&#8221;][\/et_pb_wc_add_to_cart][et_pb_wc_description _builder_version=&#8221;4.16&#8243; global_colors_info=&#8221;{}&#8221;][\/et_pb_wc_description][et_pb_divider _builder_version=&#8221;4.18.0&#8243; _module_preset=&#8221;default&#8221; global_colors_info=&#8221;{}&#8221;][\/et_pb_divider][et_pb_text _builder_version=&#8221;4.18.0&#8243; _module_preset=&#8221;default&#8221;]<\/p>\n<h2>Certificaciones<\/h2>\n<p><img loading=\"lazy\" src=\"https:\/\/idips.com\/wp-content\/uploads\/2022\/09\/logo-made-in-france.jpg\" width=\"126\" height=\"72\" alt=\"Logotipo Made in France\" class=\"wp-image-78 size-full\"><img loading=\"lazy\" src=\"https:\/\/idips.com\/wp-content\/uploads\/2022\/09\/Logo_A2P.jpg\" width=\"126\" height=\"72\" alt=\"Logotipo del CNPP A2P\" class=\"wp-image-79 size-full\"><\/p>\n<p>[\/et_pb_text][\/et_pb_column][\/et_pb_row][et_pb_row column_structure=&#8221;1_2,1_2&#8243; _builder_version=&#8221;4.16&#8243; background_size=&#8221;initial&#8221; background_position=&#8221;top_left&#8221; background_repeat=&#8221;repeat&#8221; width=&#8221;100%&#8221; global_colors_info=&#8221;{}&#8221;][et_pb_column type=&#8221;1_2&#8243; _builder_version=&#8221;4.16&#8243; custom_padding=&#8221;|||&#8221; global_colors_info=&#8221;{}&#8221; custom_padding__hover=&#8221;|||&#8221;][et_pb_wc_description description_type=&#8221;description&#8221; _builder_version=&#8221;4.18.0&#8243; _module_preset=&#8221;default&#8221; global_colors_info=&#8221;{}&#8221;][\/et_pb_wc_description][et_pb_wc_reviews _builder_version=&#8221;4.18.0&#8243; _module_preset=&#8221;default&#8221; global_colors_info=&#8221;{}&#8221;][\/et_pb_wc_reviews][\/et_pb_column][et_pb_column type=&#8221;1_2&#8243; _builder_version=&#8221;4.16&#8243; custom_padding=&#8221;|||&#8221; global_colors_info=&#8221;{}&#8221; custom_padding__hover=&#8221;|||&#8221;][et_pb_text _builder_version=&#8221;4.18.0&#8243; _module_preset=&#8221;default&#8221;]<\/p>\n<h2>Cuadro comparativo de funciones<\/h2>\n<p>&nbsp;<\/p>\n<p>[\/et_pb_text][\/et_pb_column][\/et_pb_row][et_pb_row disabled_on=&#8221;off|off|on&#8221; _builder_version=&#8221;4.18.0&#8243; _module_preset=&#8221;default&#8221; custom_margin=&#8221;|0px||0px|false|false&#8221; custom_padding=&#8221;||||false|false&#8221; locked=&#8221;off&#8221; global_colors_info=&#8221;{}&#8221;][et_pb_column type=&#8221;4_4&#8243; _builder_version=&#8221;4.18.0&#8243; _module_preset=&#8221;default&#8221; global_colors_info=&#8221;{}&#8221;][et_pb_wc_related_products include_categories=&#8221;19&#8243; icon_hover_color=&#8221;RGBA(255,255,255,0)&#8221; hover_overlay_color=&#8221;rgba(255,255,255,0.35)&#8221; show_price=&#8221;off&#8221; show_rating=&#8221;off&#8221; show_sale_badge=&#8221;off&#8221; _builder_version=&#8221;4.18.0&#8243; product_title_font_size=&#8221;16px&#8221; global_colors_info=&#8221;{}&#8221;][\/et_pb_wc_related_products][\/et_pb_column][\/et_pb_row][\/et_pb_section]<\/p>\n","protected":false},"excerpt":{"rendered":"<p>La cerradura de palanca temporizada HORO 710DB consta de 2 componentes, un teclado de combinaci\u00f3n electr\u00f3nica y una cerradura <strong>de palanca<\/strong>.<\/p>\n<p>Muy f\u00e1cil de usar, ofrece las principales funciones de una cerradura de alta seguridad.<\/p>\n<p>El teclado permite almacenar un c\u00f3digo. La cerradura HORO 710DB ofrece una apertura retardada, 9 c\u00f3digos incluyendo un transportador. (apertura directa)<\/p>\n","protected":false},"featured_media":1480,"template":"","meta":{"_et_pb_use_builder":"on","_et_pb_old_content":"<h2>FUNCIONES<\/h2>\n\u00a0\n\n<span style=\"font-weight: 400\">\n  <span style=\"font-weight: 400\">\n    <strong>1 C\u00d3DIGO DE GESTI\u00d3N\n<\/strong>\n  <\/span>\n<\/span>Permite la gesti\u00f3n del funcionamiento de la cerradura: c\u00f3digos de usuario, tiempo de retardo y tambi\u00e9n tiene las mismas funciones que los c\u00f3digos de usuario.\n<span style=\"font-weight: 400\">\n  <strong>7 C\u00d3DIGO DE USO\n<\/strong>\n<\/span>El usuario puede iniciar la temporizaci\u00f3n, abrir la cerradura, activar la alarma, cambiar su propio c\u00f3digo y cerrar la puerta, pero nunca tiene acceso a los ajustes.\n<b>1 C\u00d3DIGO DE CONVOCATORIA\n<\/b>Lo<span class=\"Apple-converted-space\">  <\/span>permite<span class=\"Apple-converted-space\">  <\/span>a<span class=\"Apple-converted-space\">  <\/span>abriendo<span class=\"Apple-converted-space\">  <\/span>directo<span class=\"Apple-converted-space\">  <\/span>sin<span class=\"Apple-converted-space\">  <\/span>temporizaci\u00f3n, se<span class=\"Apple-converted-space\">  <\/span>puede<span class=\"Apple-converted-space\">  <\/span>tambi\u00e9n<span class=\"Apple-converted-space\">  <\/span>desencadenar<span class=\"Apple-converted-space\">  <\/span>la alarma,<span class=\"Apple-converted-space\">  <\/span>cambiar<span class=\"Apple-converted-space\">  <\/span>su propio c\u00f3digo y cerrar la puerta.\n<span style=\"font-weight: 400\"><strong>RETRASO\n<\/strong>Esta funci\u00f3n retrasa la apertura de la cerradura. Este modo es programable de 0 a 99 minutos, seguido de un periodo de apertura programable de 1 a 19 minutos.\n<\/span><strong>BLOQUEO DE C\u00d3DIGOS FALSOS\nHORODAT\n<\/strong>It<span class=\"Apple-converted-space\">  <\/span>permite<span class=\"Apple-converted-space\">  <\/span>tener<span class=\"Apple-converted-space\">  <\/span>a<span class=\"Apple-converted-space\">  <\/span>seguimiento<span class=\"Apple-converted-space\">  <\/span>preciso<span class=\"Apple-converted-space\">  <\/span>de<span class=\"Apple-converted-space\">  <\/span>todo<span class=\"Apple-converted-space\">  <\/span>el<span class=\"Apple-converted-space\">  <\/span>acciones realizadas<span class=\"Apple-converted-space\">  <\/span>en<span class=\"Apple-converted-space\">  <\/span>el<span class=\"Apple-converted-space\">  <\/span>cerradura<span class=\"Apple-converted-space\">  <\/span>:<span class=\"Apple-converted-space\">  <\/span>Apertura,<span class=\"Apple-converted-space\">  <\/span>cierre,<span class=\"Apple-converted-space\">  <\/span>error<span class=\"Apple-converted-space\">  <\/span>c\u00f3digo,  <span class=\"Apple-converted-space\">  <\/span>cambiar  <span class=\"Apple-converted-space\">  <\/span>de  <span class=\"Apple-converted-space\">  <\/span>par\u00e1metro.  <span class=\"Apple-converted-space\">  <\/span>El  <span class=\"Apple-converted-space\">  <\/span>cerraduras  <span class=\"Apple-converted-space\">  <\/span>se pueden buscar en la pantalla o en un PC.\n<strong>ALARMA DE DUREZA <\/strong><em>(Opci\u00f3n: Contacto)<\/em><strong>\n<\/strong>Cada  <span class=\"Apple-converted-space\">  <\/span>usuario  <span class=\"Apple-converted-space\">  <\/span>puede  <span class=\"Apple-converted-space\">  <\/span>enviar  <span class=\"Apple-converted-space\">  <\/span>a  <span class=\"Apple-converted-space\">  <\/span>se\u00f1al  <span class=\"Apple-converted-space\">  <\/span>con el fin de  <span class=\"Apple-converted-space\">  <\/span>para evitar una apertura forzada.\n<strong>BLOQUEO A DISTANCIA <\/strong><em>(Opci\u00f3n: Contacto)<\/em><strong>\n<\/strong>Se dispone de una entrada para controlar el cierre<span class=\"Apple-converted-space\">  <\/span>de<span class=\"Apple-converted-space\">  <\/span>sistema.<span class=\"Apple-converted-space\"> <\/span>Permite la gesti\u00f3n de la esclavitud entre las cajas fuertes y las puertas y el uso de la apertura y la temporizaci\u00f3n del sistema de alarma.\n\n\u00a0\n\n[learn_more caption=\"Documentation\" state=\"close\"]  Enlace al documento[\/learn_more]\n[learn_more caption=\"Notice d'utilisation\" state=\"close\"]  Enlace al folleto[\/learn_more]\n[learn_more caption=\"Guide d'installation\" state=\"close\"]  Enlace a la gu\u00eda[\/learn_more]","_et_gb_content_width":""},"product_cat":[72],"product_tag":[78,87],"yoast_head":"<!-- This site is optimized with the Yoast SEO plugin v20.6 - https:\/\/yoast.com\/wordpress\/plugins\/seo\/ -->\n<title>Cerradura electr\u00f3nica de seguridad para cajas fuertes<\/title>\n<meta name=\"description\" content=\"Esta cerradura electr\u00f3nica de tiempo para cajas fuertes es f\u00e1cil de usar. Tiene 9 c\u00f3digos, incluido un transportador.\" \/>\n<meta name=\"robots\" content=\"index, follow, max-snippet:-1, max-image-preview:large, max-video-preview:-1\" \/>\n<link rel=\"canonical\" href=\"https:\/\/idips.com\/es\/produit\/horo-710db-cerradura-electronica-de-tiempo-con-cerradura-de-seguridad\/\" \/>\n<meta property=\"og:locale\" content=\"es_ES\" \/>\n<meta property=\"og:type\" content=\"article\" \/>\n<meta property=\"og:title\" content=\"Cerradura electr\u00f3nica de seguridad para cajas fuertes\" \/>\n<meta property=\"og:description\" content=\"Esta cerradura electr\u00f3nica de tiempo para cajas fuertes es f\u00e1cil de usar. Tiene 9 c\u00f3digos, incluido un transportador.\" \/>\n<meta property=\"og:url\" content=\"https:\/\/idips.com\/es\/produit\/horo-710db-cerradura-electronica-de-tiempo-con-cerradura-de-seguridad\/\" \/>\n<meta property=\"og:site_name\" content=\"IDIPS - Serrures de haute s\u00e9curit\u00e9 pour coffre-fort\" \/>\n<meta property=\"article:modified_time\" content=\"2023-06-08T14:07:10+00:00\" \/>\n<meta property=\"og:image\" content=\"https:\/\/idips.com\/wp-content\/uploads\/710-dormant.png\" \/>\n\t<meta property=\"og:image:width\" content=\"602\" \/>\n\t<meta property=\"og:image:height\" content=\"455\" \/>\n\t<meta property=\"og:image:type\" content=\"image\/png\" \/>\n<meta name=\"twitter:card\" content=\"summary_large_image\" \/>\n<script type=\"application\/ld+json\" class=\"yoast-schema-graph\">{\"@context\":\"https:\/\/schema.org\",\"@graph\":[{\"@type\":\"WebPage\",\"@id\":\"https:\/\/idips.com\/es\/produit\/horo-710db-cerradura-electronica-de-tiempo-con-cerradura-de-seguridad\/\",\"url\":\"https:\/\/idips.com\/es\/produit\/horo-710db-cerradura-electronica-de-tiempo-con-cerradura-de-seguridad\/\",\"name\":\"Cerradura electr\u00f3nica de seguridad para cajas fuertes\",\"isPartOf\":{\"@id\":\"https:\/\/idips.com\/es\/#website\"},\"datePublished\":\"2022-09-27T16:30:37+00:00\",\"dateModified\":\"2023-06-08T14:07:10+00:00\",\"description\":\"Esta cerradura electr\u00f3nica de tiempo para cajas fuertes es f\u00e1cil de usar. Tiene 9 c\u00f3digos, incluido un transportador.\",\"breadcrumb\":{\"@id\":\"https:\/\/idips.com\/es\/produit\/horo-710db-cerradura-electronica-de-tiempo-con-cerradura-de-seguridad\/#breadcrumb\"},\"inLanguage\":\"es\",\"potentialAction\":[{\"@type\":\"ReadAction\",\"target\":[\"https:\/\/idips.com\/es\/produit\/horo-710db-cerradura-electronica-de-tiempo-con-cerradura-de-seguridad\/\"]}]},{\"@type\":\"BreadcrumbList\",\"@id\":\"https:\/\/idips.com\/es\/produit\/horo-710db-cerradura-electronica-de-tiempo-con-cerradura-de-seguridad\/#breadcrumb\",\"itemListElement\":[{\"@type\":\"ListItem\",\"position\":1,\"name\":\"Accueil\",\"item\":\"https:\/\/idips.com\/es\/\"},{\"@type\":\"ListItem\",\"position\":2,\"name\":\"Sala de exposiciones\",\"item\":\"https:\/\/idips.com\/es\/sala-de-exposiciones\/\"},{\"@type\":\"ListItem\",\"position\":3,\"name\":\"HORO 710DB &#8211; Cerradura electr\u00f3nica de tiempo con cerradura de seguridad\"}]},{\"@type\":\"WebSite\",\"@id\":\"https:\/\/idips.com\/es\/#website\",\"url\":\"https:\/\/idips.com\/es\/\",\"name\":\"Serrure pour coffre-fort et syst\u00e8me de haute s\u00e9curit\u00e9\",\"description\":\"Serrures et syst\u00e8mes de haute s\u00e9curit\u00e9\",\"publisher\":{\"@id\":\"https:\/\/idips.com\/es\/#organization\"},\"alternateName\":\"IDIPS\",\"potentialAction\":[{\"@type\":\"SearchAction\",\"target\":{\"@type\":\"EntryPoint\",\"urlTemplate\":\"https:\/\/idips.com\/es\/?s={search_term_string}\"},\"query-input\":\"required name=search_term_string\"}],\"inLanguage\":\"es\"},{\"@type\":\"Organization\",\"@id\":\"https:\/\/idips.com\/es\/#organization\",\"name\":\"Serrure pour coffre-fort et syst\u00e8me de haute s\u00e9curit\u00e9\",\"alternateName\":\"IDIPS\",\"url\":\"https:\/\/idips.com\/es\/\",\"logo\":{\"@type\":\"ImageObject\",\"inLanguage\":\"es\",\"@id\":\"https:\/\/idips.com\/es\/#\/schema\/logo\/image\/\",\"url\":\"https:\/\/idips.com\/wp-content\/uploads\/2022\/09\/idips_picto_brod.png\",\"contentUrl\":\"https:\/\/idips.com\/wp-content\/uploads\/2022\/09\/idips_picto_brod.png\",\"width\":450,\"height\":450,\"caption\":\"Serrure pour coffre-fort et syst\u00e8me de haute s\u00e9curit\u00e9\"},\"image\":{\"@id\":\"https:\/\/idips.com\/es\/#\/schema\/logo\/image\/\"}}]}<\/script>\n<!-- \/ Yoast SEO plugin. -->","yoast_head_json":{"title":"Cerradura electr\u00f3nica de seguridad para cajas fuertes","description":"Esta cerradura electr\u00f3nica de tiempo para cajas fuertes es f\u00e1cil de usar. Tiene 9 c\u00f3digos, incluido un transportador.","robots":{"index":"index","follow":"follow","max-snippet":"max-snippet:-1","max-image-preview":"max-image-preview:large","max-video-preview":"max-video-preview:-1"},"canonical":"https:\/\/idips.com\/es\/produit\/horo-710db-cerradura-electronica-de-tiempo-con-cerradura-de-seguridad\/","og_locale":"es_ES","og_type":"article","og_title":"Cerradura electr\u00f3nica de seguridad para cajas fuertes","og_description":"Esta cerradura electr\u00f3nica de tiempo para cajas fuertes es f\u00e1cil de usar. Tiene 9 c\u00f3digos, incluido un transportador.","og_url":"https:\/\/idips.com\/es\/produit\/horo-710db-cerradura-electronica-de-tiempo-con-cerradura-de-seguridad\/","og_site_name":"IDIPS - Serrures de haute s\u00e9curit\u00e9 pour coffre-fort","article_modified_time":"2023-06-08T14:07:10+00:00","og_image":[{"width":602,"height":455,"url":"https:\/\/idips.com\/wp-content\/uploads\/710-dormant.png","type":"image\/png"}],"twitter_card":"summary_large_image","schema":{"@context":"https:\/\/schema.org","@graph":[{"@type":"WebPage","@id":"https:\/\/idips.com\/es\/produit\/horo-710db-cerradura-electronica-de-tiempo-con-cerradura-de-seguridad\/","url":"https:\/\/idips.com\/es\/produit\/horo-710db-cerradura-electronica-de-tiempo-con-cerradura-de-seguridad\/","name":"Cerradura electr\u00f3nica de seguridad para cajas fuertes","isPartOf":{"@id":"https:\/\/idips.com\/es\/#website"},"datePublished":"2022-09-27T16:30:37+00:00","dateModified":"2023-06-08T14:07:10+00:00","description":"Esta cerradura electr\u00f3nica de tiempo para cajas fuertes es f\u00e1cil de usar. Tiene 9 c\u00f3digos, incluido un transportador.","breadcrumb":{"@id":"https:\/\/idips.com\/es\/produit\/horo-710db-cerradura-electronica-de-tiempo-con-cerradura-de-seguridad\/#breadcrumb"},"inLanguage":"es","potentialAction":[{"@type":"ReadAction","target":["https:\/\/idips.com\/es\/produit\/horo-710db-cerradura-electronica-de-tiempo-con-cerradura-de-seguridad\/"]}]},{"@type":"BreadcrumbList","@id":"https:\/\/idips.com\/es\/produit\/horo-710db-cerradura-electronica-de-tiempo-con-cerradura-de-seguridad\/#breadcrumb","itemListElement":[{"@type":"ListItem","position":1,"name":"Accueil","item":"https:\/\/idips.com\/es\/"},{"@type":"ListItem","position":2,"name":"Sala de exposiciones","item":"https:\/\/idips.com\/es\/sala-de-exposiciones\/"},{"@type":"ListItem","position":3,"name":"HORO 710DB &#8211; Cerradura electr\u00f3nica de tiempo con cerradura de seguridad"}]},{"@type":"WebSite","@id":"https:\/\/idips.com\/es\/#website","url":"https:\/\/idips.com\/es\/","name":"Serrure pour coffre-fort et syst\u00e8me de haute s\u00e9curit\u00e9","description":"Serrures et syst\u00e8mes de haute s\u00e9curit\u00e9","publisher":{"@id":"https:\/\/idips.com\/es\/#organization"},"alternateName":"IDIPS","potentialAction":[{"@type":"SearchAction","target":{"@type":"EntryPoint","urlTemplate":"https:\/\/idips.com\/es\/?s={search_term_string}"},"query-input":"required name=search_term_string"}],"inLanguage":"es"},{"@type":"Organization","@id":"https:\/\/idips.com\/es\/#organization","name":"Serrure pour coffre-fort et syst\u00e8me de haute s\u00e9curit\u00e9","alternateName":"IDIPS","url":"https:\/\/idips.com\/es\/","logo":{"@type":"ImageObject","inLanguage":"es","@id":"https:\/\/idips.com\/es\/#\/schema\/logo\/image\/","url":"https:\/\/idips.com\/wp-content\/uploads\/2022\/09\/idips_picto_brod.png","contentUrl":"https:\/\/idips.com\/wp-content\/uploads\/2022\/09\/idips_picto_brod.png","width":450,"height":450,"caption":"Serrure pour coffre-fort et syst\u00e8me de haute s\u00e9curit\u00e9"},"image":{"@id":"https:\/\/idips.com\/es\/#\/schema\/logo\/image\/"}}]}},"_links":{"self":[{"href":"https:\/\/idips.com\/es\/wp-json\/wp\/v2\/product\/1786"}],"collection":[{"href":"https:\/\/idips.com\/es\/wp-json\/wp\/v2\/product"}],"about":[{"href":"https:\/\/idips.com\/es\/wp-json\/wp\/v2\/types\/product"}],"wp:featuredmedia":[{"embeddable":true,"href":"https:\/\/idips.com\/es\/wp-json\/wp\/v2\/media\/1480"}],"wp:attachment":[{"href":"https:\/\/idips.com\/es\/wp-json\/wp\/v2\/media?parent=1786"}],"wp:term":[{"taxonomy":"product_cat","embeddable":true,"href":"https:\/\/idips.com\/es\/wp-json\/wp\/v2\/product_cat?post=1786"},{"taxonomy":"product_tag","embeddable":true,"href":"https:\/\/idips.com\/es\/wp-json\/wp\/v2\/product_tag?post=1786"}],"curies":[{"name":"wp","href":"https:\/\/api.w.org\/{rel}","templated":true}]}}