{"id":1779,"date":"2022-09-30T09:09:35","date_gmt":"2022-09-30T07:09:35","guid":{"rendered":"https:\/\/152qoasqgd.preview.infomaniak.website\/produit\/horo-4600-cerradura-de-caja-fuerte-con-funcion-de-alarma-y-doct-integrado\/"},"modified":"2023-04-03T17:29:46","modified_gmt":"2023-04-03T15:29:46","slug":"horo-4600-cerradura-de-caja-fuerte-con-funcion-de-alarma-y-doct-integrado","status":"publish","type":"product","link":"https:\/\/idips.com\/es\/produit\/horo-4600-cerradura-de-caja-fuerte-con-funcion-de-alarma-y-doct-integrado\/","title":{"rendered":"HORO 4600 &#8211; Cerradura de caja fuerte con funci\u00f3n de alarma y DOCT integrado"},"content":{"rendered":"<p>[et_pb_section fb_built=&#8221;1&#8243; _builder_version=&#8221;4.18.0&#8243; custom_margin=&#8221;0px||||false|false&#8221; custom_padding=&#8221;0px||||false|false&#8221; global_colors_info=&#8221;{}&#8221;][et_pb_row _builder_version=&#8221;4.16&#8243; background_size=&#8221;initial&#8221; background_position=&#8221;top_left&#8221; background_repeat=&#8221;repeat&#8221; width=&#8221;100%&#8221; custom_padding=&#8221;0px||0px||false|false&#8221; global_colors_info=&#8221;{}&#8221;][et_pb_column type=&#8221;4_4&#8243; _builder_version=&#8221;4.16&#8243; custom_padding=&#8221;|||&#8221; global_colors_info=&#8221;{}&#8221; custom_padding__hover=&#8221;|||&#8221;][et_pb_wc_breadcrumb _builder_version=&#8221;4.16&#8243; global_colors_info=&#8221;{}&#8221;][\/et_pb_wc_breadcrumb][et_pb_wc_cart_notice _builder_version=&#8221;4.18.0&#8243; global_colors_info=&#8221;{}&#8221;][\/et_pb_wc_cart_notice][\/et_pb_column][\/et_pb_row][et_pb_row column_structure=&#8221;1_2,1_2&#8243; _builder_version=&#8221;4.18.0&#8243; background_size=&#8221;initial&#8221; background_position=&#8221;top_left&#8221; background_repeat=&#8221;repeat&#8221; width=&#8221;100%&#8221; custom_margin=&#8221;100px||||false|false&#8221; custom_padding=&#8221;0px||||false|false&#8221; global_colors_info=&#8221;{}&#8221;][et_pb_column type=&#8221;1_2&#8243; _builder_version=&#8221;4.16&#8243; custom_padding=&#8221;|||&#8221; global_colors_info=&#8221;{}&#8221; custom_padding__hover=&#8221;|||&#8221;][et_pb_wc_images force_fullwidth=&#8221;on&#8221; _builder_version=&#8221;4.18.0&#8243; global_colors_info=&#8221;{}&#8221;][\/et_pb_wc_images][\/et_pb_column][et_pb_column type=&#8221;1_2&#8243; _builder_version=&#8221;4.16&#8243; custom_padding=&#8221;|||&#8221; global_colors_info=&#8221;{}&#8221; custom_padding__hover=&#8221;|||&#8221;][et_pb_wc_title _builder_version=&#8221;4.16&#8243; global_colors_info=&#8221;{}&#8221;][\/et_pb_wc_title][et_pb_button button_url=&#8221;tel:+33139188218&#8243; button_text=&#8221;Llama ahora&#8221; disabled_on=&#8221;off|on|on&#8221; _builder_version=&#8221;4.19.1&#8243; _module_preset=&#8221;default&#8221; global_module=&#8221;999&#8243; saved_tabs=&#8221;all&#8221; global_colors_info=&#8221;{}&#8221;][\/et_pb_button][et_pb_button button_url=&#8221;@ET-DC@eyJkeW5hbWljIjp0cnVlLCJjb250ZW50IjoicG9zdF9saW5rX3VybF9wYWdlIiwic2V0dGluZ3MiOnsicG9zdF9pZCI6IjEzMDcifX0=@&#8221; button_text=&#8221;Cons\u00faltenos&#8221; _builder_version=&#8221;4.19.1&#8243; _dynamic_attributes=&#8221;button_url&#8221; _module_preset=&#8221;default&#8221; global_colors_info=&#8221;{}&#8221; global_module=&#8221;3456&#8243; theme_builder_area=&#8221;post_content&#8221;][\/et_pb_button][et_pb_wc_description _builder_version=&#8221;4.16&#8243; global_colors_info=&#8221;{}&#8221;][\/et_pb_wc_description][et_pb_divider _builder_version=&#8221;4.18.0&#8243; _module_preset=&#8221;default&#8221; global_colors_info=&#8221;{}&#8221;][\/et_pb_divider][et_pb_text _builder_version=&#8221;4.18.0&#8243; _module_preset=&#8221;default&#8221;]<\/p>\n<h2>Certificaciones<\/h2>\n<p><img loading=\"lazy\" src=\"https:\/\/152qoasqgd.preview.infomaniak.website\/wp-content\/uploads\/2022\/09\/logo-made-in-france.jpg\" width=\"126\" height=\"72\" alt=\"Logotipo Made in France\" class=\"wp-image-78 size-full\"><img loading=\"lazy\" src=\"https:\/\/152qoasqgd.preview.infomaniak.website\/wp-content\/uploads\/2022\/09\/Logo_A2P.jpg\" width=\"126\" height=\"72\" alt=\"Logotipo del CNPP A2P\" class=\"wp-image-79 size-full\"><\/p>\n<p>[\/et_pb_text][\/et_pb_column][\/et_pb_row][et_pb_row column_structure=&#8221;1_2,1_2&#8243; _builder_version=&#8221;4.16&#8243; background_size=&#8221;initial&#8221; background_position=&#8221;top_left&#8221; background_repeat=&#8221;repeat&#8221; width=&#8221;100%&#8221; global_colors_info=&#8221;{}&#8221;][et_pb_column type=&#8221;1_2&#8243; _builder_version=&#8221;4.16&#8243; custom_padding=&#8221;|||&#8221; global_colors_info=&#8221;{}&#8221; custom_padding__hover=&#8221;|||&#8221;][et_pb_wc_description description_type=&#8221;description&#8221; _builder_version=&#8221;4.18.0&#8243; _module_preset=&#8221;default&#8221; global_colors_info=&#8221;{}&#8221;][\/et_pb_wc_description][et_pb_wc_reviews _builder_version=&#8221;4.18.0&#8243; _module_preset=&#8221;default&#8221; global_colors_info=&#8221;{}&#8221;][\/et_pb_wc_reviews][\/et_pb_column][et_pb_column type=&#8221;1_2&#8243; _builder_version=&#8221;4.16&#8243; custom_padding=&#8221;|||&#8221; global_colors_info=&#8221;{}&#8221; custom_padding__hover=&#8221;|||&#8221;][\/et_pb_column][\/et_pb_row][\/et_pb_section]<\/p>\n","protected":false},"excerpt":{"rendered":"<p><span style=\"font-weight: 400;\">La HORO 4600 es una cerradura electr\u00f3nica de cerrojo oscilante multic\u00f3digo con pantalla LCD integrada y DOCT. Ofrece 1 c\u00f3digo de supervisor, 2 c\u00f3digos de gestor, 64 c\u00f3digos programables.<\/span><\/p>\n<p><span style=\"font-weight: 400;\">Tiene la posibilidad de programar grupos de tiempo. Existe una auditor\u00eda con sello de tiempo.<\/span><\/p>\n<p><span style=\"font-weight: 400;\">Las entradas\/salidas de alarma permiten el bloqueo remoto y el c\u00f3digo de coacci\u00f3n, puerta abierta demasiado tiempo.<\/span><\/p>\n","protected":false},"featured_media":1492,"template":"","meta":{"_et_pb_use_builder":"on","_et_pb_old_content":"<h2>FUNCIONES<\/h2>\n\u00a0\n\n<strong>C\u00d3DIGO DE SUPERVISOR<\/strong>\nPermite la gesti\u00f3n completa de la cerradura: cambio de hora, retardo, c\u00f3digos pero no permite la apertura de la cerradura.\n<strong>GESTOR DE C\u00d3DIGOS<\/strong>\nPermite la gesti\u00f3n del funcionamiento de la cerradura: c\u00f3digos de usuario, tiempo de retardo y tambi\u00e9n tiene las mismas funciones que los c\u00f3digos de usuario.\n<strong>C\u00d3DIGO DE USUARIO<\/strong>\nPuede poner en marcha el temporizador, abrir la cerradura, activar la alarma, cambiar su propio c\u00f3digo y cerrar la puerta, pero nunca tiene acceso a los ajustes.\n<strong>C\u00d3DIGO ESPECIAL DE TRANSPORTE<\/strong>\nPermite la apertura directa sin retardo, tambi\u00e9n puede activar la alarma, cambiar su propio c\u00f3digo y cerrar la puerta.\n<strong>C\u00d3DIGO DIN\u00c1MICO ALEATORIO<\/strong>\nEste sistema permite manejar la cerradura sin ning\u00fan c\u00f3digo de usuario predefinido. Es necesario dialogar con un operador para obtener el c\u00f3digo de apertura. Este c\u00f3digo s\u00f3lo puede utilizarse una vez.\n<strong>ANTIRRETRO<\/strong>\nLos usuarios seleccionados no pueden volver a abrir la caja fuerte hasta que una persona autorizada haya abierto la cerradura (funci\u00f3n de transportador - m\u00e1x. 3 aperturas en 15 minutos, modificable).\n<strong>TEMPORIZACI\u00d3N<\/strong>\nEsta funci\u00f3n retrasa la apertura de la cerradura. Este modo es programable de 0 a 99 minutos, seguido de un periodo de apertura programable de 1 a 19 minutos.\n<strong>TIEMPO DE ESPERA BAJO ESTR\u00c9S<\/strong>\nSe pueden realizar ajustes espec\u00edficos en caso de apertura bajo coacci\u00f3n.\n<strong>HORODAT AUDIT<\/strong>\nPermite tener un seguimiento preciso de todas las acciones realizadas sobre la cerradura: apertura, cierre, error de c\u00f3digo, cambio de par\u00e1metros. Las cerraduras pueden ser interrogadas en la pantalla o en un PC.\n<strong>FUNCIONES DE TIEMPO<\/strong>\nLa cerradura puede programarse para denegar o permitir el acceso en funci\u00f3n del tiempo a diferentes usuarios y para programar d\u00edas de cierre o apertura excepcionales.\n<strong>ALARMA DE DUREZA<\/strong>\nCada usuario puede enviar una se\u00f1al para avisar de una apertura forzada.\n<strong>ANTE LA MANIPULACI\u00d3N<\/strong>\nTras varios intentos de abrir la cerradura, \u00e9sta pasa al modo de penalizaci\u00f3n durante un periodo de tiempo programado.\n<strong>BLOQUEO A DISTANCIA<\/strong>\nSe dispone de una entrada para controlar el bloqueo del sistema. Permite la gesti\u00f3n de esclavos entre cajas fuertes y puertas y el uso de los tiempos de apertura y temporizaci\u00f3n del sistema de alarma.\n<strong>DOCT<\/strong>\nNuestros sistemas incluyen detecci\u00f3n s\u00edsmica y t\u00e9rmica, as\u00ed como funciones de apertura de puertas y cerraduras.\n<strong>ENTRADA\/SALIDA<\/strong>\nHay una interfaz disponible como opci\u00f3n para la comunicaci\u00f3n con una central de alarmas.\n<strong>PUERTA ABIERTA DEMASIADO TIEMPO<\/strong>\nEsta funci\u00f3n env\u00eda una se\u00f1al de alarma si la puerta del maletero se deja abierta durante m\u00e1s tiempo del permitido, una se\u00f1al visual y sonora indica al usuario que se ha olvidado.\n\n\u00a0\n\n[learn_more caption=\"Documentation\" state=\"close\"]  Enlace al documento[\/learn_more]\n[learn_more caption=\"Notice d'utilisation\" state=\"close\"]  Enlace al folleto[\/learn_more]\n[learn_more caption=\"Guide d'installation\" state=\"close\"]  Enlace a la gu\u00eda[\/learn_more]","_et_gb_content_width":""},"product_cat":[72],"product_tag":[81,84,93],"yoast_head":"<!-- This site is optimized with the Yoast SEO plugin v20.6 - https:\/\/yoast.com\/wordpress\/plugins\/seo\/ -->\n<title>HORO 4600 Cerradura de caja fuerte con alarma y DOCT integrado<\/title>\n<meta name=\"description\" content=\"Cerradura electr\u00f3nica de cerrojo giratorio, controlada por tiempo, con funci\u00f3n de alarma y detector s\u00edsmico y t\u00e9rmico integrado.\" \/>\n<meta name=\"robots\" content=\"index, follow, max-snippet:-1, max-image-preview:large, max-video-preview:-1\" \/>\n<link rel=\"canonical\" href=\"https:\/\/idips.com\/es\/produit\/horo-4600-cerradura-de-caja-fuerte-con-funcion-de-alarma-y-doct-integrado\/\" \/>\n<meta property=\"og:locale\" content=\"es_ES\" \/>\n<meta property=\"og:type\" content=\"article\" \/>\n<meta property=\"og:title\" content=\"HORO 4600 Cerradura de caja fuerte con alarma y DOCT integrado\" \/>\n<meta property=\"og:description\" content=\"Cerradura electr\u00f3nica de cerrojo giratorio, controlada por tiempo, con funci\u00f3n de alarma y detector s\u00edsmico y t\u00e9rmico integrado.\" \/>\n<meta property=\"og:url\" content=\"https:\/\/idips.com\/es\/produit\/horo-4600-cerradura-de-caja-fuerte-con-funcion-de-alarma-y-doct-integrado\/\" \/>\n<meta property=\"og:site_name\" content=\"IDIPS - Serrures de haute s\u00e9curit\u00e9 pour coffre-fort\" \/>\n<meta property=\"article:modified_time\" content=\"2023-04-03T15:29:46+00:00\" \/>\n<meta property=\"og:image\" content=\"https:\/\/idips.com\/wp-content\/uploads\/4600-oscillant.png\" \/>\n\t<meta property=\"og:image:width\" content=\"609\" \/>\n\t<meta property=\"og:image:height\" content=\"535\" \/>\n\t<meta property=\"og:image:type\" content=\"image\/png\" \/>\n<meta name=\"twitter:card\" content=\"summary_large_image\" \/>\n<script type=\"application\/ld+json\" class=\"yoast-schema-graph\">{\"@context\":\"https:\/\/schema.org\",\"@graph\":[{\"@type\":\"WebPage\",\"@id\":\"https:\/\/idips.com\/es\/produit\/horo-4600-cerradura-de-caja-fuerte-con-funcion-de-alarma-y-doct-integrado\/\",\"url\":\"https:\/\/idips.com\/es\/produit\/horo-4600-cerradura-de-caja-fuerte-con-funcion-de-alarma-y-doct-integrado\/\",\"name\":\"HORO 4600 Cerradura de caja fuerte con alarma y DOCT integrado\",\"isPartOf\":{\"@id\":\"https:\/\/idips.com\/es\/#website\"},\"datePublished\":\"2022-09-30T07:09:35+00:00\",\"dateModified\":\"2023-04-03T15:29:46+00:00\",\"description\":\"Cerradura electr\u00f3nica de cerrojo giratorio, controlada por tiempo, con funci\u00f3n de alarma y detector s\u00edsmico y t\u00e9rmico integrado.\",\"breadcrumb\":{\"@id\":\"https:\/\/idips.com\/es\/produit\/horo-4600-cerradura-de-caja-fuerte-con-funcion-de-alarma-y-doct-integrado\/#breadcrumb\"},\"inLanguage\":\"es\",\"potentialAction\":[{\"@type\":\"ReadAction\",\"target\":[\"https:\/\/idips.com\/es\/produit\/horo-4600-cerradura-de-caja-fuerte-con-funcion-de-alarma-y-doct-integrado\/\"]}]},{\"@type\":\"BreadcrumbList\",\"@id\":\"https:\/\/idips.com\/es\/produit\/horo-4600-cerradura-de-caja-fuerte-con-funcion-de-alarma-y-doct-integrado\/#breadcrumb\",\"itemListElement\":[{\"@type\":\"ListItem\",\"position\":1,\"name\":\"Accueil\",\"item\":\"https:\/\/idips.com\/es\/\"},{\"@type\":\"ListItem\",\"position\":2,\"name\":\"Sala de exposiciones\",\"item\":\"https:\/\/idips.com\/es\/sala-de-exposiciones\/\"},{\"@type\":\"ListItem\",\"position\":3,\"name\":\"HORO 4600 &#8211; Cerradura de caja fuerte con funci\u00f3n de alarma y DOCT integrado\"}]},{\"@type\":\"WebSite\",\"@id\":\"https:\/\/idips.com\/es\/#website\",\"url\":\"https:\/\/idips.com\/es\/\",\"name\":\"Serrure pour coffre-fort et syst\u00e8me de haute s\u00e9curit\u00e9\",\"description\":\"Serrures et syst\u00e8mes de haute s\u00e9curit\u00e9\",\"publisher\":{\"@id\":\"https:\/\/idips.com\/es\/#organization\"},\"alternateName\":\"IDIPS\",\"potentialAction\":[{\"@type\":\"SearchAction\",\"target\":{\"@type\":\"EntryPoint\",\"urlTemplate\":\"https:\/\/idips.com\/es\/?s={search_term_string}\"},\"query-input\":\"required name=search_term_string\"}],\"inLanguage\":\"es\"},{\"@type\":\"Organization\",\"@id\":\"https:\/\/idips.com\/es\/#organization\",\"name\":\"Serrure pour coffre-fort et syst\u00e8me de haute s\u00e9curit\u00e9\",\"alternateName\":\"IDIPS\",\"url\":\"https:\/\/idips.com\/es\/\",\"logo\":{\"@type\":\"ImageObject\",\"inLanguage\":\"es\",\"@id\":\"https:\/\/idips.com\/es\/#\/schema\/logo\/image\/\",\"url\":\"https:\/\/idips.com\/wp-content\/uploads\/2022\/09\/idips_picto_brod.png\",\"contentUrl\":\"https:\/\/idips.com\/wp-content\/uploads\/2022\/09\/idips_picto_brod.png\",\"width\":450,\"height\":450,\"caption\":\"Serrure pour coffre-fort et syst\u00e8me de haute s\u00e9curit\u00e9\"},\"image\":{\"@id\":\"https:\/\/idips.com\/es\/#\/schema\/logo\/image\/\"}}]}<\/script>\n<!-- \/ Yoast SEO plugin. -->","yoast_head_json":{"title":"HORO 4600 Cerradura de caja fuerte con alarma y DOCT integrado","description":"Cerradura electr\u00f3nica de cerrojo giratorio, controlada por tiempo, con funci\u00f3n de alarma y detector s\u00edsmico y t\u00e9rmico integrado.","robots":{"index":"index","follow":"follow","max-snippet":"max-snippet:-1","max-image-preview":"max-image-preview:large","max-video-preview":"max-video-preview:-1"},"canonical":"https:\/\/idips.com\/es\/produit\/horo-4600-cerradura-de-caja-fuerte-con-funcion-de-alarma-y-doct-integrado\/","og_locale":"es_ES","og_type":"article","og_title":"HORO 4600 Cerradura de caja fuerte con alarma y DOCT integrado","og_description":"Cerradura electr\u00f3nica de cerrojo giratorio, controlada por tiempo, con funci\u00f3n de alarma y detector s\u00edsmico y t\u00e9rmico integrado.","og_url":"https:\/\/idips.com\/es\/produit\/horo-4600-cerradura-de-caja-fuerte-con-funcion-de-alarma-y-doct-integrado\/","og_site_name":"IDIPS - Serrures de haute s\u00e9curit\u00e9 pour coffre-fort","article_modified_time":"2023-04-03T15:29:46+00:00","og_image":[{"width":609,"height":535,"url":"https:\/\/idips.com\/wp-content\/uploads\/4600-oscillant.png","type":"image\/png"}],"twitter_card":"summary_large_image","schema":{"@context":"https:\/\/schema.org","@graph":[{"@type":"WebPage","@id":"https:\/\/idips.com\/es\/produit\/horo-4600-cerradura-de-caja-fuerte-con-funcion-de-alarma-y-doct-integrado\/","url":"https:\/\/idips.com\/es\/produit\/horo-4600-cerradura-de-caja-fuerte-con-funcion-de-alarma-y-doct-integrado\/","name":"HORO 4600 Cerradura de caja fuerte con alarma y DOCT integrado","isPartOf":{"@id":"https:\/\/idips.com\/es\/#website"},"datePublished":"2022-09-30T07:09:35+00:00","dateModified":"2023-04-03T15:29:46+00:00","description":"Cerradura electr\u00f3nica de cerrojo giratorio, controlada por tiempo, con funci\u00f3n de alarma y detector s\u00edsmico y t\u00e9rmico integrado.","breadcrumb":{"@id":"https:\/\/idips.com\/es\/produit\/horo-4600-cerradura-de-caja-fuerte-con-funcion-de-alarma-y-doct-integrado\/#breadcrumb"},"inLanguage":"es","potentialAction":[{"@type":"ReadAction","target":["https:\/\/idips.com\/es\/produit\/horo-4600-cerradura-de-caja-fuerte-con-funcion-de-alarma-y-doct-integrado\/"]}]},{"@type":"BreadcrumbList","@id":"https:\/\/idips.com\/es\/produit\/horo-4600-cerradura-de-caja-fuerte-con-funcion-de-alarma-y-doct-integrado\/#breadcrumb","itemListElement":[{"@type":"ListItem","position":1,"name":"Accueil","item":"https:\/\/idips.com\/es\/"},{"@type":"ListItem","position":2,"name":"Sala de exposiciones","item":"https:\/\/idips.com\/es\/sala-de-exposiciones\/"},{"@type":"ListItem","position":3,"name":"HORO 4600 &#8211; Cerradura de caja fuerte con funci\u00f3n de alarma y DOCT integrado"}]},{"@type":"WebSite","@id":"https:\/\/idips.com\/es\/#website","url":"https:\/\/idips.com\/es\/","name":"Serrure pour coffre-fort et syst\u00e8me de haute s\u00e9curit\u00e9","description":"Serrures et syst\u00e8mes de haute s\u00e9curit\u00e9","publisher":{"@id":"https:\/\/idips.com\/es\/#organization"},"alternateName":"IDIPS","potentialAction":[{"@type":"SearchAction","target":{"@type":"EntryPoint","urlTemplate":"https:\/\/idips.com\/es\/?s={search_term_string}"},"query-input":"required name=search_term_string"}],"inLanguage":"es"},{"@type":"Organization","@id":"https:\/\/idips.com\/es\/#organization","name":"Serrure pour coffre-fort et syst\u00e8me de haute s\u00e9curit\u00e9","alternateName":"IDIPS","url":"https:\/\/idips.com\/es\/","logo":{"@type":"ImageObject","inLanguage":"es","@id":"https:\/\/idips.com\/es\/#\/schema\/logo\/image\/","url":"https:\/\/idips.com\/wp-content\/uploads\/2022\/09\/idips_picto_brod.png","contentUrl":"https:\/\/idips.com\/wp-content\/uploads\/2022\/09\/idips_picto_brod.png","width":450,"height":450,"caption":"Serrure pour coffre-fort et syst\u00e8me de haute s\u00e9curit\u00e9"},"image":{"@id":"https:\/\/idips.com\/es\/#\/schema\/logo\/image\/"}}]}},"_links":{"self":[{"href":"https:\/\/idips.com\/es\/wp-json\/wp\/v2\/product\/1779"}],"collection":[{"href":"https:\/\/idips.com\/es\/wp-json\/wp\/v2\/product"}],"about":[{"href":"https:\/\/idips.com\/es\/wp-json\/wp\/v2\/types\/product"}],"wp:featuredmedia":[{"embeddable":true,"href":"https:\/\/idips.com\/es\/wp-json\/wp\/v2\/media\/1492"}],"wp:attachment":[{"href":"https:\/\/idips.com\/es\/wp-json\/wp\/v2\/media?parent=1779"}],"wp:term":[{"taxonomy":"product_cat","embeddable":true,"href":"https:\/\/idips.com\/es\/wp-json\/wp\/v2\/product_cat?post=1779"},{"taxonomy":"product_tag","embeddable":true,"href":"https:\/\/idips.com\/es\/wp-json\/wp\/v2\/product_tag?post=1779"}],"curies":[{"name":"wp","href":"https:\/\/api.w.org\/{rel}","templated":true}]}}