{"id":1774,"date":"2022-09-15T12:34:02","date_gmt":"2022-09-15T10:34:02","guid":{"rendered":"https:\/\/152qoasqgd.preview.infomaniak.website\/produit\/horo-410-cerradura-electronica-de-caja-fuerte\/"},"modified":"2023-06-08T15:37:49","modified_gmt":"2023-06-08T13:37:49","slug":"horo-410-cerradura-electronica-de-caja-fuerte","status":"publish","type":"product","link":"https:\/\/idips.com\/es\/produit\/horo-410-cerradura-electronica-de-caja-fuerte\/","title":{"rendered":"HORO 410 &#8211; Cerradura electr\u00f3nica de caja fuerte"},"content":{"rendered":"<p>[et_pb_section fb_built=&#8221;1&#8243; _builder_version=&#8221;4.16&#8243; custom_padding=&#8221;0px||||false|false&#8221; global_colors_info=&#8221;{}&#8221;][et_pb_row _builder_version=&#8221;4.16&#8243; background_size=&#8221;initial&#8221; background_position=&#8221;top_left&#8221; background_repeat=&#8221;repeat&#8221; width=&#8221;100%&#8221; custom_padding=&#8221;0px||0px||false|false&#8221; global_colors_info=&#8221;{}&#8221;][et_pb_column type=&#8221;4_4&#8243; _builder_version=&#8221;4.16&#8243; custom_padding=&#8221;|||&#8221; global_colors_info=&#8221;{}&#8221; custom_padding__hover=&#8221;|||&#8221;][et_pb_wc_breadcrumb _builder_version=&#8221;4.16&#8243; global_colors_info=&#8221;{}&#8221;][\/et_pb_wc_breadcrumb][et_pb_wc_cart_notice _builder_version=&#8221;4.16&#8243; global_colors_info=&#8221;{}&#8221;][\/et_pb_wc_cart_notice][\/et_pb_column][\/et_pb_row][et_pb_row column_structure=&#8221;1_2,1_2&#8243; _builder_version=&#8221;4.18.0&#8243; background_size=&#8221;initial&#8221; background_position=&#8221;top_left&#8221; background_repeat=&#8221;repeat&#8221; width=&#8221;100%&#8221; custom_margin=&#8221;100px||||false|false&#8221; custom_padding=&#8221;0px||||false|false&#8221; global_colors_info=&#8221;{}&#8221;][et_pb_column type=&#8221;1_2&#8243; _builder_version=&#8221;4.16&#8243; custom_padding=&#8221;|||&#8221; global_colors_info=&#8221;{}&#8221; custom_padding__hover=&#8221;|||&#8221;][et_pb_wc_images force_fullwidth=&#8221;on&#8221; _builder_version=&#8221;4.18.0&#8243; global_colors_info=&#8221;{}&#8221;][\/et_pb_wc_images][\/et_pb_column][et_pb_column type=&#8221;1_2&#8243; _builder_version=&#8221;4.16&#8243; custom_padding=&#8221;|||&#8221; global_colors_info=&#8221;{}&#8221; custom_padding__hover=&#8221;|||&#8221;][et_pb_wc_title _builder_version=&#8221;4.16&#8243; global_colors_info=&#8221;{}&#8221;][\/et_pb_wc_title][et_pb_wc_rating _builder_version=&#8221;4.16&#8243; global_colors_info=&#8221;{}&#8221;][\/et_pb_wc_rating][et_pb_wc_price _builder_version=&#8221;4.16&#8243; global_colors_info=&#8221;{}&#8221;][\/et_pb_wc_price][et_pb_button button_url=&#8221;tel:+33139188218&#8243; button_text=&#8221;Llama ahora&#8221; disabled_on=&#8221;off|on|on&#8221; _builder_version=&#8221;4.19.1&#8243; _module_preset=&#8221;default&#8221; global_module=&#8221;999&#8243; global_colors_info=&#8221;{}&#8221;][\/et_pb_button][et_pb_button button_url=&#8221;@ET-DC@eyJkeW5hbWljIjp0cnVlLCJjb250ZW50IjoicG9zdF9saW5rX3VybF9wYWdlIiwic2V0dGluZ3MiOnsicG9zdF9pZCI6IjEzMDcifX0=@&#8221; button_text=&#8221;Cons\u00faltenos&#8221; _builder_version=&#8221;4.19.1&#8243; _dynamic_attributes=&#8221;button_url&#8221; _module_preset=&#8221;default&#8221; global_module=&#8221;3456&#8243; global_colors_info=&#8221;{}&#8221;][\/et_pb_button][et_pb_wc_add_to_cart disabled_on=&#8221;on|on|on&#8221; _builder_version=&#8221;4.18.0&#8243; disabled=&#8221;on&#8221; global_colors_info=&#8221;{}&#8221;][\/et_pb_wc_add_to_cart][et_pb_wc_description _builder_version=&#8221;4.16&#8243; global_colors_info=&#8221;{}&#8221;][\/et_pb_wc_description][et_pb_divider _builder_version=&#8221;4.18.0&#8243; _module_preset=&#8221;default&#8221; global_colors_info=&#8221;{}&#8221;][\/et_pb_divider][et_pb_text _builder_version=&#8221;4.18.0&#8243; _module_preset=&#8221;default&#8221;]<\/p>\n<h2>Certificaciones<\/h2>\n<p><img loading=\"lazy\" src=\"https:\/\/idips.com\/wp-content\/uploads\/2022\/09\/logo-made-in-france.jpg\" width=\"126\" height=\"72\" alt=\"Logotipo Made in France\" class=\"wp-image-78 size-full\"><img loading=\"lazy\" src=\"https:\/\/idips.com\/wp-content\/uploads\/2022\/09\/Logo_A2P.jpg\" width=\"126\" height=\"72\" alt=\"Logotipo del CNPP A2P\" class=\"wp-image-79 size-full\"><\/p>\n<p>[\/et_pb_text][\/et_pb_column][\/et_pb_row][et_pb_row column_structure=&#8221;1_2,1_2&#8243; _builder_version=&#8221;4.16&#8243; background_size=&#8221;initial&#8221; background_position=&#8221;top_left&#8221; background_repeat=&#8221;repeat&#8221; width=&#8221;100%&#8221; global_colors_info=&#8221;{}&#8221;][et_pb_column type=&#8221;1_2&#8243; _builder_version=&#8221;4.16&#8243; custom_padding=&#8221;|||&#8221; global_colors_info=&#8221;{}&#8221; custom_padding__hover=&#8221;|||&#8221;][et_pb_wc_description description_type=&#8221;description&#8221; _builder_version=&#8221;4.18.0&#8243; _module_preset=&#8221;default&#8221; global_colors_info=&#8221;{}&#8221;][\/et_pb_wc_description][et_pb_wc_reviews _builder_version=&#8221;4.18.0&#8243; _module_preset=&#8221;default&#8221; global_colors_info=&#8221;{}&#8221;][\/et_pb_wc_reviews][\/et_pb_column][et_pb_column type=&#8221;1_2&#8243; _builder_version=&#8221;4.16&#8243; custom_padding=&#8221;|||&#8221; global_colors_info=&#8221;{}&#8221; custom_padding__hover=&#8221;|||&#8221;][et_pb_text _builder_version=&#8221;4.18.0&#8243; _module_preset=&#8221;default&#8221;]<\/p>\n<h2>Cuadro comparativo de funciones<\/h2>\n<p>&nbsp;<\/p>\n<p>[\/et_pb_text][\/et_pb_column][\/et_pb_row][\/et_pb_section]<\/p>\n","protected":false},"excerpt":{"rendered":"<p><span style=\"font-weight: 400;\">Esta cerradura electr\u00f3nica de caja fuerte es f\u00e1cil de usar y ofrece las principales funciones de una cerradura de alta seguridad.<\/span><\/p>\n<p><span style=\"font-weight: 400;\">La cerradura consta de 2 componentes, un teclado de combinaci\u00f3n electr\u00f3nica y una cerradura de pestillo giratorio. El teclado permite almacenar un c\u00f3digo.<br \/>\n<\/span><\/p>\n<p><strong>Dise\u00f1ada para los profesionales, esta cerradura se adapta perfectamente a los peque\u00f1os comercios, estancos y particulares y sustituye a la tradicional cerradura mec\u00e1nica.<\/strong><\/p>\n","protected":false},"featured_media":1474,"template":"","meta":{"_et_pb_use_builder":"on","_et_pb_old_content":"<h2>FONCTIONS<\/h2>\r\n&nbsp;\r\n\r\n<span style=\"font-weight: 400\"><span style=\"font-weight: 400\"><strong>1 CODE MANAGER\r\n<\/strong><\/span><\/span>Il permet la gestion de l\u2019exploitation de la serrure : des codes utilisateurs, de la temporisation et a \u00e9galement les m\u00eames fonctions que les codes utilisateurs.\r\n<span style=\"font-weight: 400\"><strong>1 CODE UTILISATEUR\r\n<\/strong><\/span>Il a la possibilit\u00e9 de d\u00e9marrer la temporisation, ouvrir la serrure, d\u00e9clencher l\u2019alarme, changer son propre code et refermer la porte mais il n\u2019a jamais acc\u00e8s aux param\u00e8trages.\r\n<span style=\"font-weight: 400\"><strong>TEMPORISATION\r\n<\/strong>Cette fonction permet de retarder l\u2019ouverture de la serrure. Ce mode est programmable de 0 \u00e0 99 minutes, suivi d\u2019une p\u00e9riode d\u2019ouverture programmable de 1 \u00e0 19 minutes.\r\n<\/span><strong>BLOCAGE SUR FAUX CODE<\/strong>\r\n\r\n&nbsp;\r\n\r\n[learn_more caption=\"Documentation\" state=\"close\"] Lien vers la doc[\/learn_more]\r\n[learn_more caption=\"Notice d'utilisation\" state=\"close\"] Lien vers la notice[\/learn_more]\r\n[learn_more caption=\"Guide d'installation\" state=\"close\"] Lien vers le guide[\/learn_more]","_et_gb_content_width":""},"product_cat":[72],"product_tag":[78,93],"yoast_head":"<!-- This site is optimized with the Yoast SEO plugin v20.6 - https:\/\/yoast.com\/wordpress\/plugins\/seo\/ -->\n<title>HORO 410 - Cerradura electr\u00f3nica de caja fuerte<\/title>\n<meta name=\"description\" content=\"La cerradura electr\u00f3nica de caja fuerte HORO 410 es f\u00e1cil de usar y ofrece las principales funciones de una cerradura de alta seguridad.\" \/>\n<meta name=\"robots\" content=\"index, follow, max-snippet:-1, max-image-preview:large, max-video-preview:-1\" \/>\n<link rel=\"canonical\" href=\"https:\/\/idips.com\/es\/produit\/horo-410-cerradura-electronica-de-caja-fuerte\/\" \/>\n<meta property=\"og:locale\" content=\"es_ES\" \/>\n<meta property=\"og:type\" content=\"article\" \/>\n<meta property=\"og:title\" content=\"HORO 410 - Cerradura electr\u00f3nica de caja fuerte\" \/>\n<meta property=\"og:description\" content=\"La cerradura electr\u00f3nica de caja fuerte HORO 410 es f\u00e1cil de usar y ofrece las principales funciones de una cerradura de alta seguridad.\" \/>\n<meta property=\"og:url\" content=\"https:\/\/idips.com\/es\/produit\/horo-410-cerradura-electronica-de-caja-fuerte\/\" \/>\n<meta property=\"og:site_name\" content=\"IDIPS - Serrures de haute s\u00e9curit\u00e9 pour coffre-fort\" \/>\n<meta property=\"article:modified_time\" content=\"2023-06-08T13:37:49+00:00\" \/>\n<meta property=\"og:image\" content=\"https:\/\/idips.com\/wp-content\/uploads\/410-oscillant.png\" \/>\n\t<meta property=\"og:image:width\" content=\"602\" \/>\n\t<meta property=\"og:image:height\" content=\"455\" \/>\n\t<meta property=\"og:image:type\" content=\"image\/png\" \/>\n<meta name=\"twitter:card\" content=\"summary_large_image\" \/>\n<script type=\"application\/ld+json\" class=\"yoast-schema-graph\">{\"@context\":\"https:\/\/schema.org\",\"@graph\":[{\"@type\":\"WebPage\",\"@id\":\"https:\/\/idips.com\/es\/produit\/horo-410-cerradura-electronica-de-caja-fuerte\/\",\"url\":\"https:\/\/idips.com\/es\/produit\/horo-410-cerradura-electronica-de-caja-fuerte\/\",\"name\":\"HORO 410 - Cerradura electr\u00f3nica de caja fuerte\",\"isPartOf\":{\"@id\":\"https:\/\/idips.com\/es\/#website\"},\"datePublished\":\"2022-09-15T10:34:02+00:00\",\"dateModified\":\"2023-06-08T13:37:49+00:00\",\"description\":\"La cerradura electr\u00f3nica de caja fuerte HORO 410 es f\u00e1cil de usar y ofrece las principales funciones de una cerradura de alta seguridad.\",\"breadcrumb\":{\"@id\":\"https:\/\/idips.com\/es\/produit\/horo-410-cerradura-electronica-de-caja-fuerte\/#breadcrumb\"},\"inLanguage\":\"es\",\"potentialAction\":[{\"@type\":\"ReadAction\",\"target\":[\"https:\/\/idips.com\/es\/produit\/horo-410-cerradura-electronica-de-caja-fuerte\/\"]}]},{\"@type\":\"BreadcrumbList\",\"@id\":\"https:\/\/idips.com\/es\/produit\/horo-410-cerradura-electronica-de-caja-fuerte\/#breadcrumb\",\"itemListElement\":[{\"@type\":\"ListItem\",\"position\":1,\"name\":\"Accueil\",\"item\":\"https:\/\/idips.com\/es\/\"},{\"@type\":\"ListItem\",\"position\":2,\"name\":\"Sala de exposiciones\",\"item\":\"https:\/\/idips.com\/es\/sala-de-exposiciones\/\"},{\"@type\":\"ListItem\",\"position\":3,\"name\":\"HORO 410 &#8211; Cerradura electr\u00f3nica de caja fuerte\"}]},{\"@type\":\"WebSite\",\"@id\":\"https:\/\/idips.com\/es\/#website\",\"url\":\"https:\/\/idips.com\/es\/\",\"name\":\"Serrure pour coffre-fort et syst\u00e8me de haute s\u00e9curit\u00e9\",\"description\":\"Serrures et syst\u00e8mes de haute s\u00e9curit\u00e9\",\"publisher\":{\"@id\":\"https:\/\/idips.com\/es\/#organization\"},\"alternateName\":\"IDIPS\",\"potentialAction\":[{\"@type\":\"SearchAction\",\"target\":{\"@type\":\"EntryPoint\",\"urlTemplate\":\"https:\/\/idips.com\/es\/?s={search_term_string}\"},\"query-input\":\"required name=search_term_string\"}],\"inLanguage\":\"es\"},{\"@type\":\"Organization\",\"@id\":\"https:\/\/idips.com\/es\/#organization\",\"name\":\"Serrure pour coffre-fort et syst\u00e8me de haute s\u00e9curit\u00e9\",\"alternateName\":\"IDIPS\",\"url\":\"https:\/\/idips.com\/es\/\",\"logo\":{\"@type\":\"ImageObject\",\"inLanguage\":\"es\",\"@id\":\"https:\/\/idips.com\/es\/#\/schema\/logo\/image\/\",\"url\":\"https:\/\/idips.com\/wp-content\/uploads\/2022\/09\/idips_picto_brod.png\",\"contentUrl\":\"https:\/\/idips.com\/wp-content\/uploads\/2022\/09\/idips_picto_brod.png\",\"width\":450,\"height\":450,\"caption\":\"Serrure pour coffre-fort et syst\u00e8me de haute s\u00e9curit\u00e9\"},\"image\":{\"@id\":\"https:\/\/idips.com\/es\/#\/schema\/logo\/image\/\"}}]}<\/script>\n<!-- \/ Yoast SEO plugin. -->","yoast_head_json":{"title":"HORO 410 - Cerradura electr\u00f3nica de caja fuerte","description":"La cerradura electr\u00f3nica de caja fuerte HORO 410 es f\u00e1cil de usar y ofrece las principales funciones de una cerradura de alta seguridad.","robots":{"index":"index","follow":"follow","max-snippet":"max-snippet:-1","max-image-preview":"max-image-preview:large","max-video-preview":"max-video-preview:-1"},"canonical":"https:\/\/idips.com\/es\/produit\/horo-410-cerradura-electronica-de-caja-fuerte\/","og_locale":"es_ES","og_type":"article","og_title":"HORO 410 - Cerradura electr\u00f3nica de caja fuerte","og_description":"La cerradura electr\u00f3nica de caja fuerte HORO 410 es f\u00e1cil de usar y ofrece las principales funciones de una cerradura de alta seguridad.","og_url":"https:\/\/idips.com\/es\/produit\/horo-410-cerradura-electronica-de-caja-fuerte\/","og_site_name":"IDIPS - Serrures de haute s\u00e9curit\u00e9 pour coffre-fort","article_modified_time":"2023-06-08T13:37:49+00:00","og_image":[{"width":602,"height":455,"url":"https:\/\/idips.com\/wp-content\/uploads\/410-oscillant.png","type":"image\/png"}],"twitter_card":"summary_large_image","schema":{"@context":"https:\/\/schema.org","@graph":[{"@type":"WebPage","@id":"https:\/\/idips.com\/es\/produit\/horo-410-cerradura-electronica-de-caja-fuerte\/","url":"https:\/\/idips.com\/es\/produit\/horo-410-cerradura-electronica-de-caja-fuerte\/","name":"HORO 410 - Cerradura electr\u00f3nica de caja fuerte","isPartOf":{"@id":"https:\/\/idips.com\/es\/#website"},"datePublished":"2022-09-15T10:34:02+00:00","dateModified":"2023-06-08T13:37:49+00:00","description":"La cerradura electr\u00f3nica de caja fuerte HORO 410 es f\u00e1cil de usar y ofrece las principales funciones de una cerradura de alta seguridad.","breadcrumb":{"@id":"https:\/\/idips.com\/es\/produit\/horo-410-cerradura-electronica-de-caja-fuerte\/#breadcrumb"},"inLanguage":"es","potentialAction":[{"@type":"ReadAction","target":["https:\/\/idips.com\/es\/produit\/horo-410-cerradura-electronica-de-caja-fuerte\/"]}]},{"@type":"BreadcrumbList","@id":"https:\/\/idips.com\/es\/produit\/horo-410-cerradura-electronica-de-caja-fuerte\/#breadcrumb","itemListElement":[{"@type":"ListItem","position":1,"name":"Accueil","item":"https:\/\/idips.com\/es\/"},{"@type":"ListItem","position":2,"name":"Sala de exposiciones","item":"https:\/\/idips.com\/es\/sala-de-exposiciones\/"},{"@type":"ListItem","position":3,"name":"HORO 410 &#8211; Cerradura electr\u00f3nica de caja fuerte"}]},{"@type":"WebSite","@id":"https:\/\/idips.com\/es\/#website","url":"https:\/\/idips.com\/es\/","name":"Serrure pour coffre-fort et syst\u00e8me de haute s\u00e9curit\u00e9","description":"Serrures et syst\u00e8mes de haute s\u00e9curit\u00e9","publisher":{"@id":"https:\/\/idips.com\/es\/#organization"},"alternateName":"IDIPS","potentialAction":[{"@type":"SearchAction","target":{"@type":"EntryPoint","urlTemplate":"https:\/\/idips.com\/es\/?s={search_term_string}"},"query-input":"required name=search_term_string"}],"inLanguage":"es"},{"@type":"Organization","@id":"https:\/\/idips.com\/es\/#organization","name":"Serrure pour coffre-fort et syst\u00e8me de haute s\u00e9curit\u00e9","alternateName":"IDIPS","url":"https:\/\/idips.com\/es\/","logo":{"@type":"ImageObject","inLanguage":"es","@id":"https:\/\/idips.com\/es\/#\/schema\/logo\/image\/","url":"https:\/\/idips.com\/wp-content\/uploads\/2022\/09\/idips_picto_brod.png","contentUrl":"https:\/\/idips.com\/wp-content\/uploads\/2022\/09\/idips_picto_brod.png","width":450,"height":450,"caption":"Serrure pour coffre-fort et syst\u00e8me de haute s\u00e9curit\u00e9"},"image":{"@id":"https:\/\/idips.com\/es\/#\/schema\/logo\/image\/"}}]}},"_links":{"self":[{"href":"https:\/\/idips.com\/es\/wp-json\/wp\/v2\/product\/1774"}],"collection":[{"href":"https:\/\/idips.com\/es\/wp-json\/wp\/v2\/product"}],"about":[{"href":"https:\/\/idips.com\/es\/wp-json\/wp\/v2\/types\/product"}],"wp:featuredmedia":[{"embeddable":true,"href":"https:\/\/idips.com\/es\/wp-json\/wp\/v2\/media\/1474"}],"wp:attachment":[{"href":"https:\/\/idips.com\/es\/wp-json\/wp\/v2\/media?parent=1774"}],"wp:term":[{"taxonomy":"product_cat","embeddable":true,"href":"https:\/\/idips.com\/es\/wp-json\/wp\/v2\/product_cat?post=1774"},{"taxonomy":"product_tag","embeddable":true,"href":"https:\/\/idips.com\/es\/wp-json\/wp\/v2\/product_tag?post=1774"}],"curies":[{"name":"wp","href":"https:\/\/api.w.org\/{rel}","templated":true}]}}