{"id":1767,"date":"2022-10-04T11:31:31","date_gmt":"2022-10-04T09:31:31","guid":{"rendered":"https:\/\/152qoasqgd.preview.infomaniak.website\/produit\/i5200mdoct-cerradura-de-pestillo-motorizada-con-sensores-sismicos-y-termicos-integrados\/"},"modified":"2023-04-03T17:30:56","modified_gmt":"2023-04-03T15:30:56","slug":"i5200mdoct-cerradura-de-pestillo-motorizada-con-sensores-sismicos-y-termicos-integrados","status":"publish","type":"product","link":"https:\/\/idips.com\/es\/produit\/i5200mdoct-cerradura-de-pestillo-motorizada-con-sensores-sismicos-y-termicos-integrados\/","title":{"rendered":"i5200M+DOCT &#8211; Cerradura de pestillo motorizada con sensores s\u00edsmicos y t\u00e9rmicos integrados"},"content":{"rendered":"<p>[et_pb_section fb_built=&#8221;1&#8243; _builder_version=&#8221;4.18.0&#8243; custom_margin=&#8221;0px||||false|false&#8221; custom_padding=&#8221;0px||||false|false&#8221; global_colors_info=&#8221;{}&#8221;][et_pb_row _builder_version=&#8221;4.16&#8243; background_size=&#8221;initial&#8221; background_position=&#8221;top_left&#8221; background_repeat=&#8221;repeat&#8221; width=&#8221;100%&#8221; custom_padding=&#8221;0px||0px||false|false&#8221; global_colors_info=&#8221;{}&#8221;][et_pb_column type=&#8221;4_4&#8243; _builder_version=&#8221;4.16&#8243; custom_padding=&#8221;|||&#8221; global_colors_info=&#8221;{}&#8221; custom_padding__hover=&#8221;|||&#8221;][et_pb_wc_breadcrumb _builder_version=&#8221;4.16&#8243; global_colors_info=&#8221;{}&#8221;][\/et_pb_wc_breadcrumb][et_pb_wc_cart_notice _builder_version=&#8221;4.18.0&#8243; global_colors_info=&#8221;{}&#8221;][\/et_pb_wc_cart_notice][\/et_pb_column][\/et_pb_row][et_pb_row column_structure=&#8221;1_2,1_2&#8243; _builder_version=&#8221;4.18.0&#8243; background_size=&#8221;initial&#8221; background_position=&#8221;top_left&#8221; background_repeat=&#8221;repeat&#8221; width=&#8221;100%&#8221; custom_margin=&#8221;100px||||false|false&#8221; custom_padding=&#8221;0px||||false|false&#8221; locked=&#8221;off&#8221; global_colors_info=&#8221;{}&#8221;][et_pb_column type=&#8221;1_2&#8243; _builder_version=&#8221;4.16&#8243; custom_padding=&#8221;|||&#8221; global_colors_info=&#8221;{}&#8221; custom_padding__hover=&#8221;|||&#8221;][et_pb_wc_images force_fullwidth=&#8221;on&#8221; _builder_version=&#8221;4.18.0&#8243; global_colors_info=&#8221;{}&#8221;][\/et_pb_wc_images][\/et_pb_column][et_pb_column type=&#8221;1_2&#8243; _builder_version=&#8221;4.16&#8243; custom_padding=&#8221;|||&#8221; global_colors_info=&#8221;{}&#8221; custom_padding__hover=&#8221;|||&#8221;][et_pb_wc_title _builder_version=&#8221;4.16&#8243; global_colors_info=&#8221;{}&#8221;][\/et_pb_wc_title][et_pb_button button_url=&#8221;tel:+33139188218&#8243; button_text=&#8221;Llama ahora&#8221; disabled_on=&#8221;off|on|on&#8221; _builder_version=&#8221;4.19.1&#8243; _module_preset=&#8221;default&#8221; global_module=&#8221;999&#8243; global_colors_info=&#8221;{}&#8221;][\/et_pb_button][et_pb_button button_url=&#8221;@ET-DC@eyJkeW5hbWljIjp0cnVlLCJjb250ZW50IjoicG9zdF9saW5rX3VybF9wYWdlIiwic2V0dGluZ3MiOnsicG9zdF9pZCI6IjEzMDcifX0=@&#8221; button_text=&#8221;Cons\u00faltenos&#8221; _builder_version=&#8221;4.19.1&#8243; _dynamic_attributes=&#8221;button_url&#8221; _module_preset=&#8221;default&#8221; global_colors_info=&#8221;{}&#8221; global_module=&#8221;3456&#8243; theme_builder_area=&#8221;post_content&#8221;][\/et_pb_button][et_pb_button button_text=&#8221;Tel: +33 1 93 18 12 12&#8243; disabled_on=&#8221;on|on|off&#8221; _builder_version=&#8221;4.19.1&#8243; _module_preset=&#8221;default&#8221; global_colors_info=&#8221;{}&#8221;][\/et_pb_button][et_pb_wc_description _builder_version=&#8221;4.16&#8243; global_colors_info=&#8221;{}&#8221;][\/et_pb_wc_description][et_pb_divider _builder_version=&#8221;4.18.0&#8243; _module_preset=&#8221;default&#8221; global_colors_info=&#8221;{}&#8221;][\/et_pb_divider][et_pb_text _builder_version=&#8221;4.18.0&#8243; _module_preset=&#8221;default&#8221; locked=&#8221;off&#8221; global_colors_info=&#8221;{}&#8221;]<\/p>\n<h2>Certificaciones<\/h2>\n<p><img loading=\"lazy\" class=\"wp-image-78 size-full\" src=\"https:\/\/152qoasqgd.preview.infomaniak.website\/wp-content\/uploads\/2022\/09\/logo-made-in-france.jpg\" alt=\"Logotipo Made in France\" width=\"126\" height=\"72\"><\/p>\n<p>[\/et_pb_text][\/et_pb_column][\/et_pb_row][et_pb_row column_structure=&#8221;1_2,1_2&#8243; _builder_version=&#8221;4.16&#8243; background_size=&#8221;initial&#8221; background_position=&#8221;top_left&#8221; background_repeat=&#8221;repeat&#8221; width=&#8221;100%&#8221; global_colors_info=&#8221;{}&#8221;][et_pb_column type=&#8221;1_2&#8243; _builder_version=&#8221;4.16&#8243; custom_padding=&#8221;|||&#8221; global_colors_info=&#8221;{}&#8221; custom_padding__hover=&#8221;|||&#8221;][et_pb_wc_description description_type=&#8221;description&#8221; _builder_version=&#8221;4.18.0&#8243; _module_preset=&#8221;default&#8221; global_colors_info=&#8221;{}&#8221;][\/et_pb_wc_description][et_pb_wc_reviews _builder_version=&#8221;4.18.0&#8243; _module_preset=&#8221;default&#8221; global_colors_info=&#8221;{}&#8221;][\/et_pb_wc_reviews][\/et_pb_column][et_pb_column type=&#8221;1_2&#8243; _builder_version=&#8221;4.16&#8243; custom_padding=&#8221;|||&#8221; global_colors_info=&#8221;{}&#8221; custom_padding__hover=&#8221;|||&#8221;][\/et_pb_column][\/et_pb_row][\/et_pb_section]<\/p>\n","protected":false},"excerpt":{"rendered":"<p><span style=\"font-weight: 400;\">Las cerraduras i5200M DOCT utilizan la tecnolog\u00eda de cerrojo motorizado, con la posibilidad de arrastrar una pieza de cerradura, con sobrebloqueo al cerrar.<\/span><\/p>\n<p><span style=\"font-weight: 400;\">El bloqueador i5200M es apto para ser operado directamente por un sistema de alarma. La apertura y el cierre se activan mediante un contacto de impulso o mediante un contacto mantenido.<\/span><\/p>\n","protected":false},"featured_media":1522,"template":"","meta":{"_et_pb_use_builder":"on","_et_pb_old_content":"<h2>FUNCIONES<\/h2>\n\u00a0\n<p class=\"p1\"><b>CERRADURA CON MANDO A DISTANCIA\n<\/b>Sistema de cierre electromec\u00e1nico id\u00e9ntico al de nuestras cerraduras, apto para ser accionado directamente por una central de alarmas.\n<strong>CERRADURA DE CERROJO MOTORIZADA<\/strong>\n<strong>RETRASO EN EL CIERRE<\/strong>\n<strong>SE\u00d1AL DE POSICI\u00d3N DE CIERRE<\/strong>\n<strong>BLOQUEO REMOTO\n<\/strong>Se dispone de una entrada para controlar la cerradura<span class=\"Apple-converted-space\">  <\/span>de<span class=\"Apple-converted-space\">  <\/span>sistema.<span class=\"Apple-converted-space\">  <\/span>Es<span class=\"Apple-converted-space\">  <\/span>permite<span class=\"Apple-converted-space\">  <\/span>de<span class=\"Apple-converted-space\">  <\/span>gestionar<span class=\"Apple-converted-space\">  <\/span>el<span class=\"Apple-converted-space\">  <\/span>El sistema de alarma puede utilizarse para controlar la apertura y el cierre de las cajas fuertes y las puertas y para utilizar los tiempos de apertura y cierre del sistema de alarma.\n<strong>DOCTORA INTEGRADA<\/strong><em>(Sistema patentado IDIPS)<\/em>\n<strong>DIMENSIONES EST\u00c1NDAR<\/strong><\/p>\n\u00a0\n\n[learn_more caption=\"Documentation\" state=\"close\"]  Enlace al documento[\/learn_more]\n[learn_more caption=\"Notice d'utilisation\" state=\"close\"]  Enlace al folleto[\/learn_more]\n[learn_more caption=\"Guide d'installation\" state=\"close\"]  Enlace a la gu\u00eda[\/learn_more]","_et_gb_content_width":""},"product_cat":[71],"product_tag":[90,81,84],"yoast_head":"<!-- This site is optimized with the Yoast SEO plugin v20.6 - https:\/\/yoast.com\/wordpress\/plugins\/seo\/ -->\n<title>Cerradura de pestillo motorizada con DOCT s\u00edsmica y t\u00e9rmica<\/title>\n<meta name=\"description\" content=\"Cerradura de pestillo motorizada con DOCT integrado, detector s\u00edsmico y t\u00e9rmico para cajas fuertes. Bloqueador controlable por la central de alarmas.\" \/>\n<meta name=\"robots\" content=\"index, follow, max-snippet:-1, max-image-preview:large, max-video-preview:-1\" \/>\n<link rel=\"canonical\" href=\"https:\/\/idips.com\/es\/produit\/i5200mdoct-cerradura-de-pestillo-motorizada-con-sensores-sismicos-y-termicos-integrados\/\" \/>\n<meta property=\"og:locale\" content=\"es_ES\" \/>\n<meta property=\"og:type\" content=\"article\" \/>\n<meta property=\"og:title\" content=\"Cerradura de pestillo motorizada con DOCT s\u00edsmica y t\u00e9rmica\" \/>\n<meta property=\"og:description\" content=\"Cerradura de pestillo motorizada con DOCT integrado, detector s\u00edsmico y t\u00e9rmico para cajas fuertes. Bloqueador controlable por la central de alarmas.\" \/>\n<meta property=\"og:url\" content=\"https:\/\/idips.com\/es\/produit\/i5200mdoct-cerradura-de-pestillo-motorizada-con-sensores-sismicos-y-termicos-integrados\/\" \/>\n<meta property=\"og:site_name\" content=\"IDIPS - Serrures de haute s\u00e9curit\u00e9 pour coffre-fort\" \/>\n<meta property=\"article:modified_time\" content=\"2023-04-03T15:30:56+00:00\" \/>\n<meta property=\"og:image\" content=\"https:\/\/idips.com\/wp-content\/uploads\/i5200MDOCT.png\" \/>\n\t<meta property=\"og:image:width\" content=\"425\" \/>\n\t<meta property=\"og:image:height\" content=\"350\" \/>\n\t<meta property=\"og:image:type\" content=\"image\/png\" \/>\n<meta name=\"twitter:card\" content=\"summary_large_image\" \/>\n<script type=\"application\/ld+json\" class=\"yoast-schema-graph\">{\"@context\":\"https:\/\/schema.org\",\"@graph\":[{\"@type\":\"WebPage\",\"@id\":\"https:\/\/idips.com\/es\/produit\/i5200mdoct-cerradura-de-pestillo-motorizada-con-sensores-sismicos-y-termicos-integrados\/\",\"url\":\"https:\/\/idips.com\/es\/produit\/i5200mdoct-cerradura-de-pestillo-motorizada-con-sensores-sismicos-y-termicos-integrados\/\",\"name\":\"Cerradura de pestillo motorizada con DOCT s\u00edsmica y t\u00e9rmica\",\"isPartOf\":{\"@id\":\"https:\/\/idips.com\/es\/#website\"},\"datePublished\":\"2022-10-04T09:31:31+00:00\",\"dateModified\":\"2023-04-03T15:30:56+00:00\",\"description\":\"Cerradura de pestillo motorizada con DOCT integrado, detector s\u00edsmico y t\u00e9rmico para cajas fuertes. Bloqueador controlable por la central de alarmas.\",\"breadcrumb\":{\"@id\":\"https:\/\/idips.com\/es\/produit\/i5200mdoct-cerradura-de-pestillo-motorizada-con-sensores-sismicos-y-termicos-integrados\/#breadcrumb\"},\"inLanguage\":\"es\",\"potentialAction\":[{\"@type\":\"ReadAction\",\"target\":[\"https:\/\/idips.com\/es\/produit\/i5200mdoct-cerradura-de-pestillo-motorizada-con-sensores-sismicos-y-termicos-integrados\/\"]}]},{\"@type\":\"BreadcrumbList\",\"@id\":\"https:\/\/idips.com\/es\/produit\/i5200mdoct-cerradura-de-pestillo-motorizada-con-sensores-sismicos-y-termicos-integrados\/#breadcrumb\",\"itemListElement\":[{\"@type\":\"ListItem\",\"position\":1,\"name\":\"Accueil\",\"item\":\"https:\/\/idips.com\/es\/\"},{\"@type\":\"ListItem\",\"position\":2,\"name\":\"Sala de exposiciones\",\"item\":\"https:\/\/idips.com\/es\/sala-de-exposiciones\/\"},{\"@type\":\"ListItem\",\"position\":3,\"name\":\"i5200M+DOCT &#8211; Cerradura de pestillo motorizada con sensores s\u00edsmicos y t\u00e9rmicos integrados\"}]},{\"@type\":\"WebSite\",\"@id\":\"https:\/\/idips.com\/es\/#website\",\"url\":\"https:\/\/idips.com\/es\/\",\"name\":\"Serrure pour coffre-fort et syst\u00e8me de haute s\u00e9curit\u00e9\",\"description\":\"Serrures et syst\u00e8mes de haute s\u00e9curit\u00e9\",\"publisher\":{\"@id\":\"https:\/\/idips.com\/es\/#organization\"},\"alternateName\":\"IDIPS\",\"potentialAction\":[{\"@type\":\"SearchAction\",\"target\":{\"@type\":\"EntryPoint\",\"urlTemplate\":\"https:\/\/idips.com\/es\/?s={search_term_string}\"},\"query-input\":\"required name=search_term_string\"}],\"inLanguage\":\"es\"},{\"@type\":\"Organization\",\"@id\":\"https:\/\/idips.com\/es\/#organization\",\"name\":\"Serrure pour coffre-fort et syst\u00e8me de haute s\u00e9curit\u00e9\",\"alternateName\":\"IDIPS\",\"url\":\"https:\/\/idips.com\/es\/\",\"logo\":{\"@type\":\"ImageObject\",\"inLanguage\":\"es\",\"@id\":\"https:\/\/idips.com\/es\/#\/schema\/logo\/image\/\",\"url\":\"https:\/\/idips.com\/wp-content\/uploads\/2022\/09\/idips_picto_brod.png\",\"contentUrl\":\"https:\/\/idips.com\/wp-content\/uploads\/2022\/09\/idips_picto_brod.png\",\"width\":450,\"height\":450,\"caption\":\"Serrure pour coffre-fort et syst\u00e8me de haute s\u00e9curit\u00e9\"},\"image\":{\"@id\":\"https:\/\/idips.com\/es\/#\/schema\/logo\/image\/\"}}]}<\/script>\n<!-- \/ Yoast SEO plugin. -->","yoast_head_json":{"title":"Cerradura de pestillo motorizada con DOCT s\u00edsmica y t\u00e9rmica","description":"Cerradura de pestillo motorizada con DOCT integrado, detector s\u00edsmico y t\u00e9rmico para cajas fuertes. Bloqueador controlable por la central de alarmas.","robots":{"index":"index","follow":"follow","max-snippet":"max-snippet:-1","max-image-preview":"max-image-preview:large","max-video-preview":"max-video-preview:-1"},"canonical":"https:\/\/idips.com\/es\/produit\/i5200mdoct-cerradura-de-pestillo-motorizada-con-sensores-sismicos-y-termicos-integrados\/","og_locale":"es_ES","og_type":"article","og_title":"Cerradura de pestillo motorizada con DOCT s\u00edsmica y t\u00e9rmica","og_description":"Cerradura de pestillo motorizada con DOCT integrado, detector s\u00edsmico y t\u00e9rmico para cajas fuertes. Bloqueador controlable por la central de alarmas.","og_url":"https:\/\/idips.com\/es\/produit\/i5200mdoct-cerradura-de-pestillo-motorizada-con-sensores-sismicos-y-termicos-integrados\/","og_site_name":"IDIPS - Serrures de haute s\u00e9curit\u00e9 pour coffre-fort","article_modified_time":"2023-04-03T15:30:56+00:00","og_image":[{"width":425,"height":350,"url":"https:\/\/idips.com\/wp-content\/uploads\/i5200MDOCT.png","type":"image\/png"}],"twitter_card":"summary_large_image","schema":{"@context":"https:\/\/schema.org","@graph":[{"@type":"WebPage","@id":"https:\/\/idips.com\/es\/produit\/i5200mdoct-cerradura-de-pestillo-motorizada-con-sensores-sismicos-y-termicos-integrados\/","url":"https:\/\/idips.com\/es\/produit\/i5200mdoct-cerradura-de-pestillo-motorizada-con-sensores-sismicos-y-termicos-integrados\/","name":"Cerradura de pestillo motorizada con DOCT s\u00edsmica y t\u00e9rmica","isPartOf":{"@id":"https:\/\/idips.com\/es\/#website"},"datePublished":"2022-10-04T09:31:31+00:00","dateModified":"2023-04-03T15:30:56+00:00","description":"Cerradura de pestillo motorizada con DOCT integrado, detector s\u00edsmico y t\u00e9rmico para cajas fuertes. Bloqueador controlable por la central de alarmas.","breadcrumb":{"@id":"https:\/\/idips.com\/es\/produit\/i5200mdoct-cerradura-de-pestillo-motorizada-con-sensores-sismicos-y-termicos-integrados\/#breadcrumb"},"inLanguage":"es","potentialAction":[{"@type":"ReadAction","target":["https:\/\/idips.com\/es\/produit\/i5200mdoct-cerradura-de-pestillo-motorizada-con-sensores-sismicos-y-termicos-integrados\/"]}]},{"@type":"BreadcrumbList","@id":"https:\/\/idips.com\/es\/produit\/i5200mdoct-cerradura-de-pestillo-motorizada-con-sensores-sismicos-y-termicos-integrados\/#breadcrumb","itemListElement":[{"@type":"ListItem","position":1,"name":"Accueil","item":"https:\/\/idips.com\/es\/"},{"@type":"ListItem","position":2,"name":"Sala de exposiciones","item":"https:\/\/idips.com\/es\/sala-de-exposiciones\/"},{"@type":"ListItem","position":3,"name":"i5200M+DOCT &#8211; Cerradura de pestillo motorizada con sensores s\u00edsmicos y t\u00e9rmicos integrados"}]},{"@type":"WebSite","@id":"https:\/\/idips.com\/es\/#website","url":"https:\/\/idips.com\/es\/","name":"Serrure pour coffre-fort et syst\u00e8me de haute s\u00e9curit\u00e9","description":"Serrures et syst\u00e8mes de haute s\u00e9curit\u00e9","publisher":{"@id":"https:\/\/idips.com\/es\/#organization"},"alternateName":"IDIPS","potentialAction":[{"@type":"SearchAction","target":{"@type":"EntryPoint","urlTemplate":"https:\/\/idips.com\/es\/?s={search_term_string}"},"query-input":"required name=search_term_string"}],"inLanguage":"es"},{"@type":"Organization","@id":"https:\/\/idips.com\/es\/#organization","name":"Serrure pour coffre-fort et syst\u00e8me de haute s\u00e9curit\u00e9","alternateName":"IDIPS","url":"https:\/\/idips.com\/es\/","logo":{"@type":"ImageObject","inLanguage":"es","@id":"https:\/\/idips.com\/es\/#\/schema\/logo\/image\/","url":"https:\/\/idips.com\/wp-content\/uploads\/2022\/09\/idips_picto_brod.png","contentUrl":"https:\/\/idips.com\/wp-content\/uploads\/2022\/09\/idips_picto_brod.png","width":450,"height":450,"caption":"Serrure pour coffre-fort et syst\u00e8me de haute s\u00e9curit\u00e9"},"image":{"@id":"https:\/\/idips.com\/es\/#\/schema\/logo\/image\/"}}]}},"_links":{"self":[{"href":"https:\/\/idips.com\/es\/wp-json\/wp\/v2\/product\/1767"}],"collection":[{"href":"https:\/\/idips.com\/es\/wp-json\/wp\/v2\/product"}],"about":[{"href":"https:\/\/idips.com\/es\/wp-json\/wp\/v2\/types\/product"}],"wp:featuredmedia":[{"embeddable":true,"href":"https:\/\/idips.com\/es\/wp-json\/wp\/v2\/media\/1522"}],"wp:attachment":[{"href":"https:\/\/idips.com\/es\/wp-json\/wp\/v2\/media?parent=1767"}],"wp:term":[{"taxonomy":"product_cat","embeddable":true,"href":"https:\/\/idips.com\/es\/wp-json\/wp\/v2\/product_cat?post=1767"},{"taxonomy":"product_tag","embeddable":true,"href":"https:\/\/idips.com\/es\/wp-json\/wp\/v2\/product_tag?post=1767"}],"curies":[{"name":"wp","href":"https:\/\/api.w.org\/{rel}","templated":true}]}}