{"id":1761,"date":"2022-10-06T17:24:56","date_gmt":"2022-10-06T15:24:56","guid":{"rendered":"https:\/\/152qoasqgd.preview.infomaniak.website\/produit\/ivox-cerradura-mecanica-de-doble-paleton-para-cajas-fuertes\/"},"modified":"2023-04-03T17:35:14","modified_gmt":"2023-04-03T15:35:14","slug":"ivox-cerradura-mecanica-de-doble-paleton-para-cajas-fuertes","status":"publish","type":"product","link":"https:\/\/idips.com\/es\/produit\/ivox-cerradura-mecanica-de-doble-paleton-para-cajas-fuertes\/","title":{"rendered":"IVOX &#8211; Cerradura mec\u00e1nica de doble palet\u00f3n para cajas fuertes"},"content":{"rendered":"<p>[et_pb_section fb_built=&#8221;1&#8243; _builder_version=&#8221;4.18.0&#8243; custom_margin=&#8221;0px||||false|false&#8221; custom_padding=&#8221;0px||||false|false&#8221; global_colors_info=&#8221;{}&#8221;][et_pb_row _builder_version=&#8221;4.16&#8243; background_size=&#8221;initial&#8221; background_position=&#8221;top_left&#8221; background_repeat=&#8221;repeat&#8221; width=&#8221;100%&#8221; custom_padding=&#8221;0px||0px||false|false&#8221; global_colors_info=&#8221;{}&#8221;][et_pb_column type=&#8221;4_4&#8243; _builder_version=&#8221;4.16&#8243; custom_padding=&#8221;|||&#8221; global_colors_info=&#8221;{}&#8221; custom_padding__hover=&#8221;|||&#8221;][et_pb_wc_breadcrumb _builder_version=&#8221;4.16&#8243; global_colors_info=&#8221;{}&#8221;][\/et_pb_wc_breadcrumb][et_pb_wc_cart_notice _builder_version=&#8221;4.18.0&#8243; global_colors_info=&#8221;{}&#8221;][\/et_pb_wc_cart_notice][\/et_pb_column][\/et_pb_row][et_pb_row column_structure=&#8221;1_2,1_2&#8243; _builder_version=&#8221;4.18.0&#8243; background_size=&#8221;initial&#8221; background_position=&#8221;top_left&#8221; background_repeat=&#8221;repeat&#8221; width=&#8221;100%&#8221; custom_margin=&#8221;100px||||false|false&#8221; custom_padding=&#8221;0px||||false|false&#8221; locked=&#8221;off&#8221; global_colors_info=&#8221;{}&#8221;][et_pb_column type=&#8221;1_2&#8243; _builder_version=&#8221;4.16&#8243; custom_padding=&#8221;|||&#8221; global_colors_info=&#8221;{}&#8221; custom_padding__hover=&#8221;|||&#8221;][et_pb_wc_images force_fullwidth=&#8221;on&#8221; _builder_version=&#8221;4.18.0&#8243; global_colors_info=&#8221;{}&#8221;][\/et_pb_wc_images][\/et_pb_column][et_pb_column type=&#8221;1_2&#8243; _builder_version=&#8221;4.16&#8243; custom_padding=&#8221;|||&#8221; global_colors_info=&#8221;{}&#8221; custom_padding__hover=&#8221;|||&#8221;][et_pb_wc_title _builder_version=&#8221;4.16&#8243; global_colors_info=&#8221;{}&#8221;][\/et_pb_wc_title][et_pb_wc_rating _builder_version=&#8221;4.16&#8243; global_colors_info=&#8221;{}&#8221;][\/et_pb_wc_rating][et_pb_wc_price _builder_version=&#8221;4.16&#8243; global_colors_info=&#8221;{}&#8221;][\/et_pb_wc_price][et_pb_button button_url=&#8221;tel:+33139188218&#8243; button_text=&#8221;Llama ahora&#8221; disabled_on=&#8221;off|on|on&#8221; _builder_version=&#8221;4.19.1&#8243; _module_preset=&#8221;default&#8221; global_module=&#8221;999&#8243; global_colors_info=&#8221;{}&#8221;][\/et_pb_button][et_pb_button button_url=&#8221;@ET-DC@eyJkeW5hbWljIjp0cnVlLCJjb250ZW50IjoicG9zdF9saW5rX3VybF9wYWdlIiwic2V0dGluZ3MiOnsicG9zdF9pZCI6IjEzMDcifX0=@&#8221; button_text=&#8221;Cons\u00faltenos&#8221; _builder_version=&#8221;4.19.1&#8243; _dynamic_attributes=&#8221;button_url&#8221; _module_preset=&#8221;default&#8221; global_colors_info=&#8221;{}&#8221; global_module=&#8221;3456&#8243; theme_builder_area=&#8221;post_content&#8221;][\/et_pb_button][et_pb_wc_add_to_cart disabled_on=&#8221;on|on|on&#8221; _builder_version=&#8221;4.18.0&#8243; disabled=&#8221;on&#8221; global_colors_info=&#8221;{}&#8221;][\/et_pb_wc_add_to_cart][et_pb_wc_description _builder_version=&#8221;4.16&#8243; global_colors_info=&#8221;{}&#8221;][\/et_pb_wc_description][et_pb_divider _builder_version=&#8221;4.18.0&#8243; _module_preset=&#8221;default&#8221; global_colors_info=&#8221;{}&#8221;][\/et_pb_divider][et_pb_text _builder_version=&#8221;4.18.0&#8243; _module_preset=&#8221;default&#8221; global_colors_info=&#8221;{}&#8221;]<\/p>\n<h2>Certificaciones<\/h2>\n<p>&nbsp;<\/p>\n<p><span style=\"font-weight: 400;\"><img loading=\"lazy\" class=\"wp-image-705 size-full\" src=\"https:\/\/152qoasqgd.preview.infomaniak.website\/wp-content\/uploads\/vds-logo-de.jpg\" alt=\"vds-logo-de\" width=\"51\" height=\"51\" srcset=\"https:\/\/idips.com\/wp-content\/uploads\/vds-logo-de.jpg 120w, https:\/\/idips.com\/wp-content\/uploads\/vds-logo-de-100x100.jpg 100w\" sizes=\"(max-width: 51px) 100vw, 51px\" \/><\/span><img loading=\"lazy\" class=\"wp-image-79 size-full\" src=\"https:\/\/152qoasqgd.preview.infomaniak.website\/wp-content\/uploads\/2022\/09\/Logo_A2P.jpg\" alt=\"Logotipo del CNPP A2P\" width=\"126\" height=\"72\"><span style=\"font-weight: 400;\"><br \/>EN 1300 Clase A VDS Clase 1<\/span><\/p>\n<p>[\/et_pb_text][\/et_pb_column][\/et_pb_row][et_pb_row column_structure=&#8221;1_2,1_2&#8243; _builder_version=&#8221;4.16&#8243; background_size=&#8221;initial&#8221; background_position=&#8221;top_left&#8221; background_repeat=&#8221;repeat&#8221; width=&#8221;100%&#8221; global_colors_info=&#8221;{}&#8221;][et_pb_column type=&#8221;1_2&#8243; _builder_version=&#8221;4.16&#8243; custom_padding=&#8221;|||&#8221; global_colors_info=&#8221;{}&#8221; custom_padding__hover=&#8221;|||&#8221;][et_pb_wc_description description_type=&#8221;description&#8221; _builder_version=&#8221;4.18.0&#8243; _module_preset=&#8221;default&#8221; global_colors_info=&#8221;{}&#8221;][\/et_pb_wc_description][et_pb_wc_reviews _builder_version=&#8221;4.18.0&#8243; _module_preset=&#8221;default&#8221; global_colors_info=&#8221;{}&#8221;][\/et_pb_wc_reviews][\/et_pb_column][et_pb_column type=&#8221;1_2&#8243; _builder_version=&#8221;4.16&#8243; custom_padding=&#8221;|||&#8221; global_colors_info=&#8221;{}&#8221; custom_padding__hover=&#8221;|||&#8221;][\/et_pb_column][\/et_pb_row][\/et_pb_section]<\/p>\n","protected":false},"excerpt":{"rendered":"<p><span style=\"font-weight: 400;\">Cerradura mec\u00e1nica de doble palet\u00f3n de alta seguridad para cajas fuertes.<\/span><\/p>\n<p><span style=\"font-weight: 400;\">La llave se mantiene en posici\u00f3n abierta. Certificado VDS Clase 1 EN1300 Clase A y A2P.<\/span><\/p>\n<p>Apto para uso dom\u00e9stico, comercial y bancario.<\/p>\n","protected":false},"featured_media":1585,"template":"","meta":{"_et_pb_use_builder":"on","_et_pb_old_content":"<h2>FUNCIONES<\/h2>\n\u00a0\n<ul>\n \t<li style=\"font-weight: 400\"><strong>10 GORGES<\/strong><\/li>\n \t<li style=\"font-weight: 400\"><strong>CAJA ZAMAK<\/strong><\/li>\n \t<li style=\"font-weight: 400\"><strong>JUEGOS DE DOS LLAVES<\/strong><\/li>\n \t<li><strong>LONGITUD DE LA LLAVE: 90MM<\/strong><\/li>\n \t<li><strong>OTRAS LONGITUDES <\/strong><em>(Por favor, cons\u00faltenos)<\/em><\/li>\n<\/ul>\n\u00a0\n\n[learn_more caption=\"Documentation\" state=\"close\"]  Enlace al documento[\/learn_more]\n[learn_more caption=\"Notice d'utilisation\" state=\"close\"]  Enlace al folleto[\/learn_more]\n[learn_more caption=\"Guide d'installation\" state=\"close\"]  Enlace a la gu\u00eda[\/learn_more]","_et_gb_content_width":""},"product_cat":[70],"product_tag":[],"yoast_head":"<!-- This site is optimized with the Yoast SEO plugin v20.6 - https:\/\/yoast.com\/wordpress\/plugins\/seo\/ -->\n<title>Cerradura mec\u00e1nica de doble palet\u00f3n para cajas fuertes - IVOX<\/title>\n<meta name=\"description\" content=\"IVOX - Cerradura mec\u00e1nica de doble palet\u00f3n para cajas fuertes. La llave se mantiene en posici\u00f3n abierta. Certificado VDS Clase 1 EN1300 Clase A y A2P\" \/>\n<meta name=\"robots\" content=\"index, follow, max-snippet:-1, max-image-preview:large, max-video-preview:-1\" \/>\n<link rel=\"canonical\" href=\"https:\/\/idips.com\/es\/produit\/ivox-cerradura-mecanica-de-doble-paleton-para-cajas-fuertes\/\" \/>\n<meta property=\"og:locale\" content=\"es_ES\" \/>\n<meta property=\"og:type\" content=\"article\" \/>\n<meta property=\"og:title\" content=\"Cerradura mec\u00e1nica de doble palet\u00f3n para cajas fuertes - IVOX\" \/>\n<meta property=\"og:description\" content=\"IVOX - Cerradura mec\u00e1nica de doble palet\u00f3n para cajas fuertes. La llave se mantiene en posici\u00f3n abierta. Certificado VDS Clase 1 EN1300 Clase A y A2P\" \/>\n<meta property=\"og:url\" content=\"https:\/\/idips.com\/es\/produit\/ivox-cerradura-mecanica-de-doble-paleton-para-cajas-fuertes\/\" \/>\n<meta property=\"og:site_name\" content=\"IDIPS - Serrures de haute s\u00e9curit\u00e9 pour coffre-fort\" \/>\n<meta property=\"article:modified_time\" content=\"2023-04-03T15:35:14+00:00\" \/>\n<meta property=\"og:image\" content=\"https:\/\/idips.com\/wp-content\/uploads\/ivox-back.png\" \/>\n\t<meta property=\"og:image:width\" content=\"504\" \/>\n\t<meta property=\"og:image:height\" content=\"480\" \/>\n\t<meta property=\"og:image:type\" content=\"image\/png\" \/>\n<meta name=\"twitter:card\" content=\"summary_large_image\" \/>\n<script type=\"application\/ld+json\" class=\"yoast-schema-graph\">{\"@context\":\"https:\/\/schema.org\",\"@graph\":[{\"@type\":\"WebPage\",\"@id\":\"https:\/\/idips.com\/es\/produit\/ivox-cerradura-mecanica-de-doble-paleton-para-cajas-fuertes\/\",\"url\":\"https:\/\/idips.com\/es\/produit\/ivox-cerradura-mecanica-de-doble-paleton-para-cajas-fuertes\/\",\"name\":\"Cerradura mec\u00e1nica de doble palet\u00f3n para cajas fuertes - IVOX\",\"isPartOf\":{\"@id\":\"https:\/\/idips.com\/es\/#website\"},\"datePublished\":\"2022-10-06T15:24:56+00:00\",\"dateModified\":\"2023-04-03T15:35:14+00:00\",\"description\":\"IVOX - Cerradura mec\u00e1nica de doble palet\u00f3n para cajas fuertes. La llave se mantiene en posici\u00f3n abierta. Certificado VDS Clase 1 EN1300 Clase A y A2P\",\"breadcrumb\":{\"@id\":\"https:\/\/idips.com\/es\/produit\/ivox-cerradura-mecanica-de-doble-paleton-para-cajas-fuertes\/#breadcrumb\"},\"inLanguage\":\"es\",\"potentialAction\":[{\"@type\":\"ReadAction\",\"target\":[\"https:\/\/idips.com\/es\/produit\/ivox-cerradura-mecanica-de-doble-paleton-para-cajas-fuertes\/\"]}]},{\"@type\":\"BreadcrumbList\",\"@id\":\"https:\/\/idips.com\/es\/produit\/ivox-cerradura-mecanica-de-doble-paleton-para-cajas-fuertes\/#breadcrumb\",\"itemListElement\":[{\"@type\":\"ListItem\",\"position\":1,\"name\":\"Accueil\",\"item\":\"https:\/\/idips.com\/es\/\"},{\"@type\":\"ListItem\",\"position\":2,\"name\":\"Sala de exposiciones\",\"item\":\"https:\/\/idips.com\/es\/sala-de-exposiciones\/\"},{\"@type\":\"ListItem\",\"position\":3,\"name\":\"IVOX &#8211; Cerradura mec\u00e1nica de doble palet\u00f3n para cajas fuertes\"}]},{\"@type\":\"WebSite\",\"@id\":\"https:\/\/idips.com\/es\/#website\",\"url\":\"https:\/\/idips.com\/es\/\",\"name\":\"Serrure pour coffre-fort et syst\u00e8me de haute s\u00e9curit\u00e9\",\"description\":\"Serrures et syst\u00e8mes de haute s\u00e9curit\u00e9\",\"publisher\":{\"@id\":\"https:\/\/idips.com\/es\/#organization\"},\"alternateName\":\"IDIPS\",\"potentialAction\":[{\"@type\":\"SearchAction\",\"target\":{\"@type\":\"EntryPoint\",\"urlTemplate\":\"https:\/\/idips.com\/es\/?s={search_term_string}\"},\"query-input\":\"required name=search_term_string\"}],\"inLanguage\":\"es\"},{\"@type\":\"Organization\",\"@id\":\"https:\/\/idips.com\/es\/#organization\",\"name\":\"Serrure pour coffre-fort et syst\u00e8me de haute s\u00e9curit\u00e9\",\"alternateName\":\"IDIPS\",\"url\":\"https:\/\/idips.com\/es\/\",\"logo\":{\"@type\":\"ImageObject\",\"inLanguage\":\"es\",\"@id\":\"https:\/\/idips.com\/es\/#\/schema\/logo\/image\/\",\"url\":\"https:\/\/idips.com\/wp-content\/uploads\/2022\/09\/idips_picto_brod.png\",\"contentUrl\":\"https:\/\/idips.com\/wp-content\/uploads\/2022\/09\/idips_picto_brod.png\",\"width\":450,\"height\":450,\"caption\":\"Serrure pour coffre-fort et syst\u00e8me de haute s\u00e9curit\u00e9\"},\"image\":{\"@id\":\"https:\/\/idips.com\/es\/#\/schema\/logo\/image\/\"}}]}<\/script>\n<!-- \/ Yoast SEO plugin. -->","yoast_head_json":{"title":"Cerradura mec\u00e1nica de doble palet\u00f3n para cajas fuertes - IVOX","description":"IVOX - Cerradura mec\u00e1nica de doble palet\u00f3n para cajas fuertes. La llave se mantiene en posici\u00f3n abierta. Certificado VDS Clase 1 EN1300 Clase A y A2P","robots":{"index":"index","follow":"follow","max-snippet":"max-snippet:-1","max-image-preview":"max-image-preview:large","max-video-preview":"max-video-preview:-1"},"canonical":"https:\/\/idips.com\/es\/produit\/ivox-cerradura-mecanica-de-doble-paleton-para-cajas-fuertes\/","og_locale":"es_ES","og_type":"article","og_title":"Cerradura mec\u00e1nica de doble palet\u00f3n para cajas fuertes - IVOX","og_description":"IVOX - Cerradura mec\u00e1nica de doble palet\u00f3n para cajas fuertes. La llave se mantiene en posici\u00f3n abierta. Certificado VDS Clase 1 EN1300 Clase A y A2P","og_url":"https:\/\/idips.com\/es\/produit\/ivox-cerradura-mecanica-de-doble-paleton-para-cajas-fuertes\/","og_site_name":"IDIPS - Serrures de haute s\u00e9curit\u00e9 pour coffre-fort","article_modified_time":"2023-04-03T15:35:14+00:00","og_image":[{"width":504,"height":480,"url":"https:\/\/idips.com\/wp-content\/uploads\/ivox-back.png","type":"image\/png"}],"twitter_card":"summary_large_image","schema":{"@context":"https:\/\/schema.org","@graph":[{"@type":"WebPage","@id":"https:\/\/idips.com\/es\/produit\/ivox-cerradura-mecanica-de-doble-paleton-para-cajas-fuertes\/","url":"https:\/\/idips.com\/es\/produit\/ivox-cerradura-mecanica-de-doble-paleton-para-cajas-fuertes\/","name":"Cerradura mec\u00e1nica de doble palet\u00f3n para cajas fuertes - IVOX","isPartOf":{"@id":"https:\/\/idips.com\/es\/#website"},"datePublished":"2022-10-06T15:24:56+00:00","dateModified":"2023-04-03T15:35:14+00:00","description":"IVOX - Cerradura mec\u00e1nica de doble palet\u00f3n para cajas fuertes. La llave se mantiene en posici\u00f3n abierta. Certificado VDS Clase 1 EN1300 Clase A y A2P","breadcrumb":{"@id":"https:\/\/idips.com\/es\/produit\/ivox-cerradura-mecanica-de-doble-paleton-para-cajas-fuertes\/#breadcrumb"},"inLanguage":"es","potentialAction":[{"@type":"ReadAction","target":["https:\/\/idips.com\/es\/produit\/ivox-cerradura-mecanica-de-doble-paleton-para-cajas-fuertes\/"]}]},{"@type":"BreadcrumbList","@id":"https:\/\/idips.com\/es\/produit\/ivox-cerradura-mecanica-de-doble-paleton-para-cajas-fuertes\/#breadcrumb","itemListElement":[{"@type":"ListItem","position":1,"name":"Accueil","item":"https:\/\/idips.com\/es\/"},{"@type":"ListItem","position":2,"name":"Sala de exposiciones","item":"https:\/\/idips.com\/es\/sala-de-exposiciones\/"},{"@type":"ListItem","position":3,"name":"IVOX &#8211; Cerradura mec\u00e1nica de doble palet\u00f3n para cajas fuertes"}]},{"@type":"WebSite","@id":"https:\/\/idips.com\/es\/#website","url":"https:\/\/idips.com\/es\/","name":"Serrure pour coffre-fort et syst\u00e8me de haute s\u00e9curit\u00e9","description":"Serrures et syst\u00e8mes de haute s\u00e9curit\u00e9","publisher":{"@id":"https:\/\/idips.com\/es\/#organization"},"alternateName":"IDIPS","potentialAction":[{"@type":"SearchAction","target":{"@type":"EntryPoint","urlTemplate":"https:\/\/idips.com\/es\/?s={search_term_string}"},"query-input":"required name=search_term_string"}],"inLanguage":"es"},{"@type":"Organization","@id":"https:\/\/idips.com\/es\/#organization","name":"Serrure pour coffre-fort et syst\u00e8me de haute s\u00e9curit\u00e9","alternateName":"IDIPS","url":"https:\/\/idips.com\/es\/","logo":{"@type":"ImageObject","inLanguage":"es","@id":"https:\/\/idips.com\/es\/#\/schema\/logo\/image\/","url":"https:\/\/idips.com\/wp-content\/uploads\/2022\/09\/idips_picto_brod.png","contentUrl":"https:\/\/idips.com\/wp-content\/uploads\/2022\/09\/idips_picto_brod.png","width":450,"height":450,"caption":"Serrure pour coffre-fort et syst\u00e8me de haute s\u00e9curit\u00e9"},"image":{"@id":"https:\/\/idips.com\/es\/#\/schema\/logo\/image\/"}}]}},"_links":{"self":[{"href":"https:\/\/idips.com\/es\/wp-json\/wp\/v2\/product\/1761"}],"collection":[{"href":"https:\/\/idips.com\/es\/wp-json\/wp\/v2\/product"}],"about":[{"href":"https:\/\/idips.com\/es\/wp-json\/wp\/v2\/types\/product"}],"wp:featuredmedia":[{"embeddable":true,"href":"https:\/\/idips.com\/es\/wp-json\/wp\/v2\/media\/1585"}],"wp:attachment":[{"href":"https:\/\/idips.com\/es\/wp-json\/wp\/v2\/media?parent=1761"}],"wp:term":[{"taxonomy":"product_cat","embeddable":true,"href":"https:\/\/idips.com\/es\/wp-json\/wp\/v2\/product_cat?post=1761"},{"taxonomy":"product_tag","embeddable":true,"href":"https:\/\/idips.com\/es\/wp-json\/wp\/v2\/product_tag?post=1761"}],"curies":[{"name":"wp","href":"https:\/\/api.w.org\/{rel}","templated":true}]}}