{"id":3580,"date":"2023-04-04T17:11:27","date_gmt":"2023-04-04T15:11:27","guid":{"rendered":"https:\/\/idips.com\/reparacion-y-apertura-de-cajas-fuertes\/"},"modified":"2023-04-05T12:31:14","modified_gmt":"2023-04-05T10:31:14","slug":"reparacion-y-apertura-de-cajas-fuertes","status":"publish","type":"page","link":"https:\/\/idips.com\/es\/reparacion-y-apertura-de-cajas-fuertes\/","title":{"rendered":"Reparaci\u00f3n y apertura de cajas fuertes"},"content":{"rendered":"<p>[et_pb_section fb_built=\u00bb1&#8243; fullwidth=\u00bbon\u00bb _builder_version=\u00bb4.18.0&#8243; _module_preset=\u00bbdefault\u00bb hover_enabled=\u00bb0&#8243; global_colors_info=\u00bb{}\u00bb locked=\u00bboff\u00bb sticky_enabled=\u00bb0&#8243;][et_pb_fullwidth_header text_orientation=\u00bbcenter\u00bb background_overlay_color=\u00bbrgba(0,28,68,0.87)\u00bb content_tablet=\u00bb<\/p>\n<p><span style=%22font-weight: 400;%22><br \/>Cerradura electr\u00f3nica, mec\u00e1nica y electromec\u00e1nica<\/span><\/p>\n<p>\u00bb content_phone=\u00bb<\/p>\n<p><span style=%22font-weight: 400;%22><br \/>Cerradura electr\u00f3nica, mec\u00e1nica y electromec\u00e1nica<\/span><\/p>\n<p>\u00bb content_last_edited=\u00bbon|desktop\u00bb _builder_version=\u00bb4.19.1&#8243; _module_preset=\u00bbdefault\u00bb title_font=\u00bb|600||on|||||\u00bb title_font_size=\u00bb45px\u00bb background_enable_color=\u00bboff\u00bb background_image=\u00bbhttps:\/\/idips.com\/wp-content\/uploads\/depannage-ouverture-coffre-fort.jpg\u00bb parallax=\u00bbon\u00bb parallax_method=\u00bbon\u00bb custom_margin=\u00bb||||false|false\u00bb custom_padding=\u00bb100px||100px||false|false\u00bb hover_enabled=\u00bb0&#8243; content_line_height_tablet=\u00bb\u00bb content_line_height_phone=\u00bb1.2em\u00bb content_line_height_last_edited=\u00bbon|phone\u00bb global_colors_info=\u00bb{}\u00bb sticky_enabled=\u00bb0&#8243; title_text=\u00bblogo-comingsoon\u00bb link_option_url_new_window=\u00bbon\u00bb logo_image_url=\u00bbhttps:\/\/idips.com\/wp-content\/uploads\/logo-comingsoon.png\u00bb]<\/p>\n<p style=\"text-align: center;\"><span style=\"font-weight: 400;\">Localizaci\u00f3n y apertura de aver\u00edas, duplicado de llaves, traslado de cajas fuertes<br \/>Todo tipo de cajas fuertes, todo tipo de cerraduras<br \/><\/span><\/p>\n<p>[\/et_pb_fullwidth_header][\/et_pb_section][et_pb_section fb_built=\u00bb1&#8243; theme_builder_area=\u00bbpost_content\u00bb _builder_version=\u00bb4.19.1&#8243; _module_preset=\u00bbdefault\u00bb background_enable_color=\u00bboff\u00bb use_background_color_gradient=\u00bbon\u00bb background_color_gradient_type=\u00bbcircular\u00bb background_color_gradient_stops=\u00bb#fcfcfc 10%|#ffffff 70%|#e5e5e5 100%\u00bb border_width_top=\u00bb1px\u00bb border_color_top=\u00bb#e5e5e5&#8243;][et_pb_row _builder_version=\u00bb4.19.1&#8243; _module_preset=\u00bbdefault\u00bb column_structure=\u00bb1_3,1_3,1_3&#8243; theme_builder_area=\u00bbpost_content\u00bb make_equal=\u00bbon\u00bb hover_enabled=\u00bb0&#8243; sticky_enabled=\u00bb0&#8243;][et_pb_column _builder_version=\u00bb4.19.1&#8243; _module_preset=\u00bbdefault\u00bb type=\u00bb1_3&#8243; theme_builder_area=\u00bbpost_content\u00bb][dsm_text_divider _builder_version=\u00bb4.19.1&#8243; _module_preset=\u00bbdefault\u00bb theme_builder_area=\u00bbpost_content\u00bb header=\u00bbD\u00c9PANNAGE\u00bb hover_enabled=\u00bb0&#8243; sticky_enabled=\u00bb0&#8243;][\/dsm_text_divider][et_pb_image src=\u00bbhttps:\/\/idips.com\/wp-content\/uploads\/depannage-ouverture-coffre-fort.jpg\u00bb _builder_version=\u00bb4.19.1&#8243; _module_preset=\u00bbdefault\u00bb theme_builder_area=\u00bbpost_content\u00bb hover_enabled=\u00bb0&#8243; sticky_enabled=\u00bb0&#8243; title_text=\u00bbreparaci\u00f3n de cajas fuertes, duplicado de llaves\u00bb][\/et_pb_image][et_pb_text _builder_version=\u00bb4.19.1&#8243; _module_preset=\u00bbdefault\u00bb theme_builder_area=\u00bbpost_content\u00bb hover_enabled=\u00bb0&#8243; sticky_enabled=\u00bb0&#8243;]<\/p>\n<div class=\"page\" title=\"P\u00e1gina 1\">\n<div class=\"layoutArea\">\n<div class=\"column\">\n<p><a href=\"https:\/\/idips-services.com\/depannage-et-ouverture-de-coffre-fort-tous-types-de-serrures\"><span>\u00bfSu caja fuerte ya no se abre?<\/span><\/a><\/p>\n<\/div>\n<\/div>\n<\/div>\n<p><strong><\/strong><\/p>\n<p><strong>Abrimos su caja fuerte sin destruirla, para que no tenga que cambiarla.<\/strong> <span>Cajas fuertes, puertas fuertes, compartimentos&#8230; Cuando ya no se abren, existen soluciones de reparaci\u00f3n: nuestros t\u00e9cnicos especializados diagnostican, abren y reparan su caja fuerte.<\/span><\/p>\n<p>[\/et_pb_text][et_pb_button button_text=\u00bbServicio de aver\u00edas, apertura\u00bb _builder_version=\u00bb4.19.1&#8243; _module_preset=\u00bbdefault\u00bb theme_builder_area=\u00bbpost_content\u00bb hover_enabled=\u00bb0&#8243; sticky_enabled=\u00bb0&#8243; button_url=\u00bbhttps:\/\/idips-services.com\/depannage-et-ouverture-de-coffre-fort-tous-types-de-serrures\/\u00bb url_new_window=\u00bbon\u00bb][\/et_pb_button][\/et_pb_column][et_pb_column _builder_version=\u00bb4.19.1&#8243; _module_preset=\u00bbdefault\u00bb type=\u00bb1_3&#8243; theme_builder_area=\u00bbpost_content\u00bb][dsm_text_divider _builder_version=\u00bb4.19.1&#8243; _module_preset=\u00bbdefault\u00bb theme_builder_area=\u00bbpost_content\u00bb header=\u00bbDUPLICATION DE CL\u00c9\u00bb hover_enabled=\u00bb0&#8243; sticky_enabled=\u00bb0&#8243;][\/dsm_text_divider][et_pb_image src=\u00bbhttps:\/\/idips.com\/wp-content\/uploads\/photo-double.jpg\u00bb _builder_version=\u00bb4.19.1&#8243; _module_preset=\u00bbdefault\u00bb theme_builder_area=\u00bbpost_content\u00bb hover_enabled=\u00bb0&#8243; sticky_enabled=\u00bb0&#8243; title_text=\u00bbfoto-doble\u00bb][\/et_pb_image][et_pb_text _builder_version=\u00bb4.19.1&#8243; _module_preset=\u00bbdefault\u00bb theme_builder_area=\u00bbpost_content\u00bb hover_enabled=\u00bb0&#8243; sticky_enabled=\u00bb0&#8243;]<\/p>\n<p><a href=\"https:\/\/idips-services.com\/reproduction-de-cle-pour-coffre-fort-double-de-cle-de-coffre-fort\">Obtenga un presupuesto gratuito a partir de una foto.<\/a><\/p>\n<p><strong>Env\u00ede una foto de su llave y reciba un presupuesto exacto y gratuito<\/strong> independientemente del modelo de caja fuerte o cerradura. Bas\u00e1ndose en conocimientos avanzados y herramientas de alta precisi\u00f3n, IDIPS Services reproduce todo tipo de llaves de alta seguridad.<span> <\/span><\/p>\n<p>[\/et_pb_text][et_pb_button button_text=\u00bbReproducci\u00f3n de llaves\u00bb _builder_version=\u00bb4.19.1&#8243; _module_preset=\u00bbdefault\u00bb theme_builder_area=\u00bbpost_content\u00bb hover_enabled=\u00bb0&#8243; sticky_enabled=\u00bb0&#8243; button_url=\u00bbhttps:\/\/idips-services.com\/reproduction-de-cle-pour-coffre-fort-double-de-cle-de-coffre-fort\/\u00bb url_new_window=\u00bbon\u00bb][\/et_pb_button][\/et_pb_column][et_pb_column _builder_version=\u00bb4.19.1&#8243; _module_preset=\u00bbdefault\u00bb type=\u00bb1_3&#8243; theme_builder_area=\u00bbpost_content\u00bb][dsm_text_divider _builder_version=\u00bb4.19.1&#8243; _module_preset=\u00bbdefault\u00bb theme_builder_area=\u00bbpost_content\u00bb header=\u00bbTRANSFERT\u00bb hover_enabled=\u00bb0&#8243; sticky_enabled=\u00bb0&#8243;][\/dsm_text_divider][et_pb_image src=\u00bbhttps:\/\/idips.com\/wp-content\/uploads\/transfert-coffre-fort.jpg\u00bb _builder_version=\u00bb4.19.1&#8243; _module_preset=\u00bbdefault\u00bb theme_builder_area=\u00bbpost_content\u00bb title_text=\u00bbRetirada de cajas fuertes\u00bb hover_enabled=\u00bb0&#8243; sticky_enabled=\u00bb0&#8243;][\/et_pb_image][et_pb_text _builder_version=\u00bb4.19.1&#8243; _module_preset=\u00bbdefault\u00bb theme_builder_area=\u00bbpost_content\u00bb hover_enabled=\u00bb0&#8243; sticky_enabled=\u00bb0&#8243;]<\/p>\n<div class=\"page\" title=\"P\u00e1gina 1\">\n<div class=\"layoutArea\">\n<div class=\"column\">\n<p><a href=\"https:\/\/idips-services.com\/demenagement-et-transport-de-coffre-fort\"><span>\u00bfTe mudas? o redise\u00f1ar su casa?<\/span><\/a><\/p>\n<\/div>\n<\/div>\n<\/div>\n<p><strong><\/strong><\/p>\n<p><strong>IDIPS garantiza el traslado de sus cajas fuertes bajo alta protecci\u00f3n<\/strong><span> <\/span>y con confianza.  <span>\u00bfSe traslada de local, reorganiza su interior y necesita trasladar su caja fuerte? El acto no es trivial, est\u00e1 en juego la seguridad de sus bienes.<\/span><\/p>\n<p>[\/et_pb_text][et_pb_button button_text=\u00bbTransferencia\u00bb _builder_version=\u00bb4.19.1&#8243; _module_preset=\u00bbdefault\u00bb theme_builder_area=\u00bbpost_content\u00bb hover_enabled=\u00bb0&#8243; sticky_enabled=\u00bb0&#8243; button_url=\u00bbhttps:\/\/idips-services.com\/demenagement-et-transport-de-coffre-fort\/\u00bb url_new_window=\u00bbon\u00bb][\/et_pb_button][\/et_pb_column][\/et_pb_row][\/et_pb_section]<\/p>\n","protected":false},"excerpt":{"rendered":"<p>Reparaci\u00f3n y apertura de cajas fuertes. Nuestros t\u00e9cnicos especializados abrir\u00e1n y reparar\u00e1n su caja fuerte sin destruirla.<\/p>\n","protected":false},"author":1,"featured_media":3505,"parent":0,"menu_order":0,"comment_status":"closed","ping_status":"closed","template":"","meta":{"_et_pb_use_builder":"on","_et_pb_old_content":"","_et_gb_content_width":""},"yoast_head":"<!-- This site is optimized with the Yoast SEO plugin v20.6 - https:\/\/yoast.com\/wordpress\/plugins\/seo\/ -->\n<title>Reparaci\u00f3n y apertura de cajas fuertes<\/title>\n<meta name=\"description\" content=\"Reparaci\u00f3n y apertura de cajas fuertes. Nuestros t\u00e9cnicos especializados abrir\u00e1n y reparar\u00e1n su caja fuerte sin destruirla.\" \/>\n<meta name=\"robots\" content=\"index, follow, max-snippet:-1, max-image-preview:large, max-video-preview:-1\" \/>\n<link rel=\"canonical\" href=\"https:\/\/idips.com\/es\/reparacion-y-apertura-de-cajas-fuertes\/\" \/>\n<meta property=\"og:locale\" content=\"es_ES\" \/>\n<meta property=\"og:type\" content=\"article\" \/>\n<meta property=\"og:title\" content=\"Reparaci\u00f3n y apertura de cajas fuertes\" \/>\n<meta property=\"og:description\" content=\"Reparaci\u00f3n y apertura de cajas fuertes. Nuestros t\u00e9cnicos especializados abrir\u00e1n y reparar\u00e1n su caja fuerte sin destruirla.\" \/>\n<meta property=\"og:url\" content=\"https:\/\/idips.com\/es\/reparacion-y-apertura-de-cajas-fuertes\/\" \/>\n<meta property=\"og:site_name\" content=\"IDIPS - Serrures de haute s\u00e9curit\u00e9 pour coffre-fort\" \/>\n<meta property=\"article:modified_time\" content=\"2023-04-05T10:31:14+00:00\" \/>\n<meta property=\"og:image\" content=\"https:\/\/idips.com\/wp-content\/uploads\/ouverture-de-coffre.jpg\" \/>\n\t<meta property=\"og:image:width\" content=\"955\" \/>\n\t<meta property=\"og:image:height\" content=\"611\" \/>\n\t<meta property=\"og:image:type\" content=\"image\/jpeg\" \/>\n<meta name=\"twitter:card\" content=\"summary_large_image\" \/>\n<script type=\"application\/ld+json\" class=\"yoast-schema-graph\">{\"@context\":\"https:\/\/schema.org\",\"@graph\":[{\"@type\":\"WebPage\",\"@id\":\"https:\/\/idips.com\/es\/reparacion-y-apertura-de-cajas-fuertes\/\",\"url\":\"https:\/\/idips.com\/es\/reparacion-y-apertura-de-cajas-fuertes\/\",\"name\":\"Reparaci\u00f3n y apertura de cajas fuertes\",\"isPartOf\":{\"@id\":\"https:\/\/idips.com\/es\/#website\"},\"datePublished\":\"2023-04-04T15:11:27+00:00\",\"dateModified\":\"2023-04-05T10:31:14+00:00\",\"description\":\"Reparaci\u00f3n y apertura de cajas fuertes. Nuestros t\u00e9cnicos especializados abrir\u00e1n y reparar\u00e1n su caja fuerte sin destruirla.\",\"breadcrumb\":{\"@id\":\"https:\/\/idips.com\/es\/reparacion-y-apertura-de-cajas-fuertes\/#breadcrumb\"},\"inLanguage\":\"es\",\"potentialAction\":[{\"@type\":\"ReadAction\",\"target\":[\"https:\/\/idips.com\/es\/reparacion-y-apertura-de-cajas-fuertes\/\"]}]},{\"@type\":\"BreadcrumbList\",\"@id\":\"https:\/\/idips.com\/es\/reparacion-y-apertura-de-cajas-fuertes\/#breadcrumb\",\"itemListElement\":[{\"@type\":\"ListItem\",\"position\":1,\"name\":\"Accueil\",\"item\":\"https:\/\/idips.com\/es\/\"},{\"@type\":\"ListItem\",\"position\":2,\"name\":\"Reparaci\u00f3n y apertura de cajas fuertes\"}]},{\"@type\":\"WebSite\",\"@id\":\"https:\/\/idips.com\/es\/#website\",\"url\":\"https:\/\/idips.com\/es\/\",\"name\":\"Serrure pour coffre-fort et syst\u00e8me de haute s\u00e9curit\u00e9\",\"description\":\"Serrures et syst\u00e8mes de haute s\u00e9curit\u00e9\",\"publisher\":{\"@id\":\"https:\/\/idips.com\/es\/#organization\"},\"alternateName\":\"IDIPS\",\"potentialAction\":[{\"@type\":\"SearchAction\",\"target\":{\"@type\":\"EntryPoint\",\"urlTemplate\":\"https:\/\/idips.com\/es\/?s={search_term_string}\"},\"query-input\":\"required name=search_term_string\"}],\"inLanguage\":\"es\"},{\"@type\":\"Organization\",\"@id\":\"https:\/\/idips.com\/es\/#organization\",\"name\":\"Serrure pour coffre-fort et syst\u00e8me de haute s\u00e9curit\u00e9\",\"alternateName\":\"IDIPS\",\"url\":\"https:\/\/idips.com\/es\/\",\"logo\":{\"@type\":\"ImageObject\",\"inLanguage\":\"es\",\"@id\":\"https:\/\/idips.com\/es\/#\/schema\/logo\/image\/\",\"url\":\"https:\/\/idips.com\/wp-content\/uploads\/2022\/09\/idips_picto_brod.png\",\"contentUrl\":\"https:\/\/idips.com\/wp-content\/uploads\/2022\/09\/idips_picto_brod.png\",\"width\":450,\"height\":450,\"caption\":\"Serrure pour coffre-fort et syst\u00e8me de haute s\u00e9curit\u00e9\"},\"image\":{\"@id\":\"https:\/\/idips.com\/es\/#\/schema\/logo\/image\/\"}}]}<\/script>\n<!-- \/ Yoast SEO plugin. -->","yoast_head_json":{"title":"Reparaci\u00f3n y apertura de cajas fuertes","description":"Reparaci\u00f3n y apertura de cajas fuertes. Nuestros t\u00e9cnicos especializados abrir\u00e1n y reparar\u00e1n su caja fuerte sin destruirla.","robots":{"index":"index","follow":"follow","max-snippet":"max-snippet:-1","max-image-preview":"max-image-preview:large","max-video-preview":"max-video-preview:-1"},"canonical":"https:\/\/idips.com\/es\/reparacion-y-apertura-de-cajas-fuertes\/","og_locale":"es_ES","og_type":"article","og_title":"Reparaci\u00f3n y apertura de cajas fuertes","og_description":"Reparaci\u00f3n y apertura de cajas fuertes. Nuestros t\u00e9cnicos especializados abrir\u00e1n y reparar\u00e1n su caja fuerte sin destruirla.","og_url":"https:\/\/idips.com\/es\/reparacion-y-apertura-de-cajas-fuertes\/","og_site_name":"IDIPS - Serrures de haute s\u00e9curit\u00e9 pour coffre-fort","article_modified_time":"2023-04-05T10:31:14+00:00","og_image":[{"width":955,"height":611,"url":"https:\/\/idips.com\/wp-content\/uploads\/ouverture-de-coffre.jpg","type":"image\/jpeg"}],"twitter_card":"summary_large_image","schema":{"@context":"https:\/\/schema.org","@graph":[{"@type":"WebPage","@id":"https:\/\/idips.com\/es\/reparacion-y-apertura-de-cajas-fuertes\/","url":"https:\/\/idips.com\/es\/reparacion-y-apertura-de-cajas-fuertes\/","name":"Reparaci\u00f3n y apertura de cajas fuertes","isPartOf":{"@id":"https:\/\/idips.com\/es\/#website"},"datePublished":"2023-04-04T15:11:27+00:00","dateModified":"2023-04-05T10:31:14+00:00","description":"Reparaci\u00f3n y apertura de cajas fuertes. Nuestros t\u00e9cnicos especializados abrir\u00e1n y reparar\u00e1n su caja fuerte sin destruirla.","breadcrumb":{"@id":"https:\/\/idips.com\/es\/reparacion-y-apertura-de-cajas-fuertes\/#breadcrumb"},"inLanguage":"es","potentialAction":[{"@type":"ReadAction","target":["https:\/\/idips.com\/es\/reparacion-y-apertura-de-cajas-fuertes\/"]}]},{"@type":"BreadcrumbList","@id":"https:\/\/idips.com\/es\/reparacion-y-apertura-de-cajas-fuertes\/#breadcrumb","itemListElement":[{"@type":"ListItem","position":1,"name":"Accueil","item":"https:\/\/idips.com\/es\/"},{"@type":"ListItem","position":2,"name":"Reparaci\u00f3n y apertura de cajas fuertes"}]},{"@type":"WebSite","@id":"https:\/\/idips.com\/es\/#website","url":"https:\/\/idips.com\/es\/","name":"Serrure pour coffre-fort et syst\u00e8me de haute s\u00e9curit\u00e9","description":"Serrures et syst\u00e8mes de haute s\u00e9curit\u00e9","publisher":{"@id":"https:\/\/idips.com\/es\/#organization"},"alternateName":"IDIPS","potentialAction":[{"@type":"SearchAction","target":{"@type":"EntryPoint","urlTemplate":"https:\/\/idips.com\/es\/?s={search_term_string}"},"query-input":"required name=search_term_string"}],"inLanguage":"es"},{"@type":"Organization","@id":"https:\/\/idips.com\/es\/#organization","name":"Serrure pour coffre-fort et syst\u00e8me de haute s\u00e9curit\u00e9","alternateName":"IDIPS","url":"https:\/\/idips.com\/es\/","logo":{"@type":"ImageObject","inLanguage":"es","@id":"https:\/\/idips.com\/es\/#\/schema\/logo\/image\/","url":"https:\/\/idips.com\/wp-content\/uploads\/2022\/09\/idips_picto_brod.png","contentUrl":"https:\/\/idips.com\/wp-content\/uploads\/2022\/09\/idips_picto_brod.png","width":450,"height":450,"caption":"Serrure pour coffre-fort et syst\u00e8me de haute s\u00e9curit\u00e9"},"image":{"@id":"https:\/\/idips.com\/es\/#\/schema\/logo\/image\/"}}]}},"_links":{"self":[{"href":"https:\/\/idips.com\/es\/wp-json\/wp\/v2\/pages\/3580"}],"collection":[{"href":"https:\/\/idips.com\/es\/wp-json\/wp\/v2\/pages"}],"about":[{"href":"https:\/\/idips.com\/es\/wp-json\/wp\/v2\/types\/page"}],"author":[{"embeddable":true,"href":"https:\/\/idips.com\/es\/wp-json\/wp\/v2\/users\/1"}],"replies":[{"embeddable":true,"href":"https:\/\/idips.com\/es\/wp-json\/wp\/v2\/comments?post=3580"}],"version-history":[{"count":5,"href":"https:\/\/idips.com\/es\/wp-json\/wp\/v2\/pages\/3580\/revisions"}],"predecessor-version":[{"id":3585,"href":"https:\/\/idips.com\/es\/wp-json\/wp\/v2\/pages\/3580\/revisions\/3585"}],"wp:featuredmedia":[{"embeddable":true,"href":"https:\/\/idips.com\/es\/wp-json\/wp\/v2\/media\/3505"}],"wp:attachment":[{"href":"https:\/\/idips.com\/es\/wp-json\/wp\/v2\/media?parent=3580"}],"curies":[{"name":"wp","href":"https:\/\/api.w.org\/{rel}","templated":true}]}}