{"id":1669,"date":"2022-10-06T16:13:08","date_gmt":"2022-10-06T14:13:08","guid":{"rendered":"https:\/\/152qoasqgd.preview.infomaniak.website\/cerraduras-electromecanicas-para-cajas-fuertes\/"},"modified":"2023-04-03T15:41:35","modified_gmt":"2023-04-03T13:41:35","slug":"cerraduras-electromecanicas-para-cajas-fuertes","status":"publish","type":"page","link":"https:\/\/idips.com\/es\/cerraduras-electromecanicas-para-cajas-fuertes\/","title":{"rendered":"Cerraduras electromec\u00e1nicas para cajas fuertes"},"content":{"rendered":"<p>[et_pb_section fb_built=&#8221;1&#8243; fullwidth=&#8221;on&#8221; _builder_version=&#8221;4.18.0&#8243; _module_preset=&#8221;default&#8221; locked=&#8221;off&#8221; global_colors_info=&#8221;{}&#8221;][et_pb_fullwidth_header title=&#8221;CERRADURAS ELECTROMEC\u00c1NICAS&#8221; text_orientation=&#8221;center&#8221; background_overlay_color=&#8221;rgba(7,0,10,0.76)&#8221; _builder_version=&#8221;4.19.1&#8243; _module_preset=&#8221;default&#8221; title_font=&#8221;|600||on|||||&#8221; title_font_size=&#8221;40px&#8221; background_enable_color=&#8221;off&#8221; background_image=&#8221;https:\/\/idips.com\/wp-content\/uploads\/img_header_serrures_electromecaniques.jpg&#8221; parallax=&#8221;on&#8221; parallax_method=&#8221;on&#8221; custom_margin=&#8221;||||false|false&#8221; custom_padding=&#8221;100px||100px||false|false&#8221; hover_enabled=&#8221;0&#8243; global_colors_info=&#8221;{}&#8221; title_font_size_last_edited=&#8221;on|phone&#8221; sticky_enabled=&#8221;0&#8243; title_font_size_phone=&#8221;26px&#8221; content_line_height_last_edited=&#8221;on|phone&#8221; content_line_height_phone=&#8221;1.2em&#8221; content_last_edited=&#8221;on|phone&#8221; title_last_edited=&#8221;on|phone&#8221; title_phone=&#8221;Cerraduras electromec\u00e1nicas&#8221; title_font_size_tablet=&#8221;40px&#8221; content_tablet=&#8221;<\/p>\n<p><span style=%22font-weight: 400;%22><br \/>Cerraduras electromec\u00e1nicas para cajas fuertes y <span>contenedores de<\/span> seguridad.<\/span><\/p>\n<p>&#8221; content_phone=&#8221;<\/p>\n<p><span style=%22font-weight: 400;%22><br \/>Cerraduras electromec\u00e1nicas para cajas fuertes y <span>contenedores de<\/span> seguridad.<\/span><\/p>\n<p>&#8221; title_tablet=&#8221;CERRADURAS ELECTROMEC\u00c1NICAS&#8221;]<\/p>\n<p><span style=\"font-weight: 400;\"><br \/>Cerraduras electromec\u00e1nicas para cajas fuertes y <span>contenedores de<\/span> seguridad.<\/span><\/p>\n<p>[\/et_pb_fullwidth_header][\/et_pb_section][et_pb_section fb_built=&#8221;1&#8243; _builder_version=&#8221;4.18.0&#8243; _module_preset=&#8221;default&#8221; background_enable_color=&#8221;off&#8221; locked=&#8221;off&#8221; global_colors_info=&#8221;{}&#8221;][et_pb_row column_structure=&#8221;1_2,1_2&#8243; _builder_version=&#8221;4.18.0&#8243; _module_preset=&#8221;default&#8221; custom_margin=&#8221;||||false|false&#8221; custom_padding=&#8221;||||false|false&#8221; global_colors_info=&#8221;{}&#8221;][et_pb_column type=&#8221;1_2&#8243; _builder_version=&#8221;4.18.0&#8243; _module_preset=&#8221;default&#8221; global_colors_info=&#8221;{}&#8221;][et_pb_text _builder_version=&#8221;4.18.0&#8243; _module_preset=&#8221;default&#8221; text_font_size=&#8221;22px&#8221;]<\/p>\n<p>Nuestros productos garantizan la flexibilidad y la seguridad all\u00ed donde haya que asignar derechos de acceso, ya sea de forma centralizada o descentralizada.<\/p>\n<p>[\/et_pb_text][\/et_pb_column][et_pb_column type=&#8221;1_2&#8243; _builder_version=&#8221;4.18.0&#8243; _module_preset=&#8221;default&#8221; global_colors_info=&#8221;{}&#8221;][et_pb_text _builder_version=&#8221;4.18.0&#8243; _module_preset=&#8221;default&#8221;]<\/p>\n<p><span>De la cerradura mec\u00e1nica a la electromec\u00e1nica: el sistema de cierre electromec\u00e1nico combina la mec\u00e1nica de precisi\u00f3n con la electr\u00f3nica m\u00e1s avanzada.  <\/span><\/p>\n<p><span>Este sistema supone un gran avance en t\u00e9rminos de seguridad, organizaci\u00f3n y comodidad. Es especialmente adecuado para la industria de los contenedores de seguridad.  <\/span><\/p>\n<p><span>Adaptadas a las necesidades m\u00e1s variadas, permiten desarrollar soluciones personalizadas.<\/span><\/p>\n<p>[\/et_pb_text][\/et_pb_column][\/et_pb_row][\/et_pb_section][et_pb_section fb_built=&#8221;1&#8243; _builder_version=&#8221;4.18.0&#8243; _module_preset=&#8221;default&#8221; background_enable_color=&#8221;off&#8221; use_background_color_gradient=&#8221;on&#8221; background_color_gradient_type=&#8221;circular&#8221; background_color_gradient_stops=&#8221;#fcfcfc 10%|#ffffff 70%|#e5e5e5 100%&#8221; border_width_top=&#8221;1px&#8221; border_color_top=&#8221;#e5e5e5&#8243; locked=&#8221;off&#8221; global_colors_info=&#8221;{}&#8221;][et_pb_row make_equal=&#8221;on&#8221; _builder_version=&#8221;4.18.0&#8243; _module_preset=&#8221;default&#8221; custom_margin=&#8221;||||false|false&#8221; custom_padding=&#8221;||||false|false&#8221; locked=&#8221;off&#8221; global_colors_info=&#8221;{}&#8221;][et_pb_column type=&#8221;4_4&#8243; _builder_version=&#8221;4.18.0&#8243; _module_preset=&#8221;default&#8221; global_colors_info=&#8221;{}&#8221;][et_pb_shop type=&#8221;product_category&#8221; posts_number=&#8221;20&#8243; include_categories=&#8221;42&#8243; columns_number=&#8221;3&#8243; icon_hover_color=&#8221;RGBA(255,255,255,0)&#8221; hover_overlay_color=&#8221;rgba(255,255,255,0.35)&#8221; show_price=&#8221;off&#8221; show_rating=&#8221;off&#8221; show_sale_badge=&#8221;off&#8221; _builder_version=&#8221;4.18.0&#8243; _module_preset=&#8221;default&#8221; title_line_height=&#8221;1.2em&#8221; title_font_size_tablet=&#8221;&#8221; title_font_size_phone=&#8221;14px&#8221; title_font_size_last_edited=&#8221;on|phone&#8221; locked=&#8221;off&#8221; global_colors_info=&#8221;{}&#8221;][\/et_pb_shop][\/et_pb_column][\/et_pb_row][\/et_pb_section][et_pb_section fb_built=&#8221;1&#8243; _builder_version=&#8221;4.19.1&#8243; _module_preset=&#8221;default&#8221; background_color=&#8221;rgba(0,18,51,0.94)&#8221; background_image=&#8221;https:\/\/idips.com\/wp-content\/uploads\/img_header_contact.jpg&#8221; background_position=&#8221;top_left&#8221; background_blend=&#8221;darken&#8221; box_shadow_style=&#8221;preset6&#8243; global_module=&#8221;797&#8243; saved_tabs=&#8221;all&#8221; locked=&#8221;off&#8221; global_colors_info=&#8221;{}&#8221;][et_pb_row column_structure=&#8221;1_3,1_3,1_3&#8243; use_custom_gutter=&#8221;on&#8221; gutter_width=&#8221;2&#8243; _builder_version=&#8221;4.18.0&#8243; _module_preset=&#8221;default&#8221; global_colors_info=&#8221;{}&#8221;][et_pb_column type=&#8221;1_3&#8243; _builder_version=&#8221;4.18.0&#8243; _module_preset=&#8221;default&#8221; global_colors_info=&#8221;{}&#8221;][et_pb_image src=&#8221;https:\/\/idips.com\/wp-content\/uploads\/logo-idips-blanc.png&#8221; title_text=&#8221;logo-idips-blanco&#8221; _builder_version=&#8221;4.18.0&#8243; _module_preset=&#8221;default&#8221; global_colors_info=&#8221;{}&#8221;][\/et_pb_image][et_pb_text disabled_on=&#8221;on|on|off&#8221; _builder_version=&#8221;4.18.0&#8243; _module_preset=&#8221;default&#8221; text_font=&#8221;||on||||||&#8221; text_text_color=&#8221;#0fdfff&#8221; custom_padding=&#8221;|25px||25px|false|false&#8221; global_colors_info=&#8221;{}&#8221;]<\/p>\n<p>+M\u00e1s de 30 a\u00f1os de experiencia e innovaci\u00f3n en la protecci\u00f3n de bienes y personas<\/p>\n<p>[\/et_pb_text][\/et_pb_column][et_pb_column type=&#8221;1_3&#8243; _builder_version=&#8221;4.18.0&#8243; _module_preset=&#8221;default&#8221; global_colors_info=&#8221;{}&#8221;][\/et_pb_column][et_pb_column type=&#8221;1_3&#8243; _builder_version=&#8221;4.18.0&#8243; _module_preset=&#8221;default&#8221; custom_padding=&#8221;||||false|false&#8221; global_colors_info=&#8221;{}&#8221;][et_pb_text disabled_on=&#8221;on|on|off&#8221; _builder_version=&#8221;4.18.0&#8243; _module_preset=&#8221;default&#8221; text_text_color=&#8221;#FFFFFF&#8221; text_font_size=&#8221;30px&#8221; custom_padding=&#8221;||||false|false&#8221; global_colors_info=&#8221;{}&#8221;]<\/p>\n<p>\u00bfNecesitas ayuda?<\/p>\n<p>[\/et_pb_text][et_pb_text _builder_version=&#8221;4.18.0&#8243; _module_preset=&#8221;default&#8221; text_text_color=&#8221;#FFFFFF&#8221; custom_padding=&#8221;||||false|false&#8221; global_colors_info=&#8221;{}&#8221;]<\/p>\n<p>Contacte con uno de nuestros asesores especializados<br \/>De lunes a viernes de 8.30 a 17.00 horas<\/p>\n<p>[\/et_pb_text][et_pb_text _builder_version=&#8221;4.18.0&#8243; _module_preset=&#8221;default&#8221; text_text_color=&#8221;#FFFFFF&#8221; text_font_size=&#8221;30px&#8221; custom_padding=&#8221;||||false|false&#8221; global_colors_info=&#8221;{}&#8221;]<\/p>\n<p>Tel\u00e9fono: 01 39 18 82 18<\/p>\n<p>[\/et_pb_text][\/et_pb_column][\/et_pb_row][\/et_pb_section]<\/p>\n","protected":false},"excerpt":{"rendered":"<p>Nuestras cerraduras electromec\u00e1nicas de caja fuerte asignan los derechos de acceso de forma centralizada o descentralizada.<\/p>\n","protected":false},"author":1,"featured_media":1522,"parent":0,"menu_order":0,"comment_status":"closed","ping_status":"closed","template":"","meta":{"_et_pb_use_builder":"on","_et_pb_old_content":"","_et_gb_content_width":""},"yoast_head":"<!-- This site is optimized with the Yoast SEO plugin v20.6 - https:\/\/yoast.com\/wordpress\/plugins\/seo\/ -->\n<title>Cerraduras electromec\u00e1nicas para cajas fuertes, contenedores de seguridad<\/title>\n<meta name=\"description\" content=\"Nuestras cerraduras electromec\u00e1nicas de caja fuerte asignan los derechos de acceso de forma centralizada o descentralizada.\" \/>\n<meta name=\"robots\" content=\"index, follow, max-snippet:-1, max-image-preview:large, max-video-preview:-1\" \/>\n<link rel=\"canonical\" href=\"https:\/\/idips.com\/es\/cerraduras-electromecanicas-para-cajas-fuertes\/\" \/>\n<meta property=\"og:locale\" content=\"es_ES\" \/>\n<meta property=\"og:type\" content=\"article\" \/>\n<meta property=\"og:title\" content=\"Cerraduras electromec\u00e1nicas para cajas fuertes, contenedores de seguridad\" \/>\n<meta property=\"og:description\" content=\"Nuestras cerraduras electromec\u00e1nicas de caja fuerte asignan los derechos de acceso de forma centralizada o descentralizada.\" \/>\n<meta property=\"og:url\" content=\"https:\/\/idips.com\/es\/cerraduras-electromecanicas-para-cajas-fuertes\/\" \/>\n<meta property=\"og:site_name\" content=\"IDIPS - Serrures de haute s\u00e9curit\u00e9 pour coffre-fort\" \/>\n<meta property=\"article:modified_time\" content=\"2023-04-03T13:41:35+00:00\" \/>\n<meta property=\"og:image\" content=\"https:\/\/idips.com\/wp-content\/uploads\/i5200MDOCT.png\" \/>\n\t<meta property=\"og:image:width\" content=\"425\" \/>\n\t<meta property=\"og:image:height\" content=\"350\" \/>\n\t<meta property=\"og:image:type\" content=\"image\/png\" \/>\n<meta name=\"twitter:card\" content=\"summary_large_image\" \/>\n<script type=\"application\/ld+json\" class=\"yoast-schema-graph\">{\"@context\":\"https:\/\/schema.org\",\"@graph\":[{\"@type\":\"WebPage\",\"@id\":\"https:\/\/idips.com\/es\/cerraduras-electromecanicas-para-cajas-fuertes\/\",\"url\":\"https:\/\/idips.com\/es\/cerraduras-electromecanicas-para-cajas-fuertes\/\",\"name\":\"Cerraduras electromec\u00e1nicas para cajas fuertes, contenedores de seguridad\",\"isPartOf\":{\"@id\":\"https:\/\/idips.com\/es\/#website\"},\"datePublished\":\"2022-10-06T14:13:08+00:00\",\"dateModified\":\"2023-04-03T13:41:35+00:00\",\"description\":\"Nuestras cerraduras electromec\u00e1nicas de caja fuerte asignan los derechos de acceso de forma centralizada o descentralizada.\",\"breadcrumb\":{\"@id\":\"https:\/\/idips.com\/es\/cerraduras-electromecanicas-para-cajas-fuertes\/#breadcrumb\"},\"inLanguage\":\"es\",\"potentialAction\":[{\"@type\":\"ReadAction\",\"target\":[\"https:\/\/idips.com\/es\/cerraduras-electromecanicas-para-cajas-fuertes\/\"]}]},{\"@type\":\"BreadcrumbList\",\"@id\":\"https:\/\/idips.com\/es\/cerraduras-electromecanicas-para-cajas-fuertes\/#breadcrumb\",\"itemListElement\":[{\"@type\":\"ListItem\",\"position\":1,\"name\":\"Accueil\",\"item\":\"https:\/\/idips.com\/es\/\"},{\"@type\":\"ListItem\",\"position\":2,\"name\":\"Cerraduras electromec\u00e1nicas para cajas fuertes\"}]},{\"@type\":\"WebSite\",\"@id\":\"https:\/\/idips.com\/es\/#website\",\"url\":\"https:\/\/idips.com\/es\/\",\"name\":\"Serrure pour coffre-fort et syst\u00e8me de haute s\u00e9curit\u00e9\",\"description\":\"Serrures et syst\u00e8mes de haute s\u00e9curit\u00e9\",\"publisher\":{\"@id\":\"https:\/\/idips.com\/es\/#organization\"},\"alternateName\":\"IDIPS\",\"potentialAction\":[{\"@type\":\"SearchAction\",\"target\":{\"@type\":\"EntryPoint\",\"urlTemplate\":\"https:\/\/idips.com\/es\/?s={search_term_string}\"},\"query-input\":\"required name=search_term_string\"}],\"inLanguage\":\"es\"},{\"@type\":\"Organization\",\"@id\":\"https:\/\/idips.com\/es\/#organization\",\"name\":\"Serrure pour coffre-fort et syst\u00e8me de haute s\u00e9curit\u00e9\",\"alternateName\":\"IDIPS\",\"url\":\"https:\/\/idips.com\/es\/\",\"logo\":{\"@type\":\"ImageObject\",\"inLanguage\":\"es\",\"@id\":\"https:\/\/idips.com\/es\/#\/schema\/logo\/image\/\",\"url\":\"https:\/\/idips.com\/wp-content\/uploads\/2022\/09\/idips_picto_brod.png\",\"contentUrl\":\"https:\/\/idips.com\/wp-content\/uploads\/2022\/09\/idips_picto_brod.png\",\"width\":450,\"height\":450,\"caption\":\"Serrure pour coffre-fort et syst\u00e8me de haute s\u00e9curit\u00e9\"},\"image\":{\"@id\":\"https:\/\/idips.com\/es\/#\/schema\/logo\/image\/\"}}]}<\/script>\n<!-- \/ Yoast SEO plugin. -->","yoast_head_json":{"title":"Cerraduras electromec\u00e1nicas para cajas fuertes, contenedores de seguridad","description":"Nuestras cerraduras electromec\u00e1nicas de caja fuerte asignan los derechos de acceso de forma centralizada o descentralizada.","robots":{"index":"index","follow":"follow","max-snippet":"max-snippet:-1","max-image-preview":"max-image-preview:large","max-video-preview":"max-video-preview:-1"},"canonical":"https:\/\/idips.com\/es\/cerraduras-electromecanicas-para-cajas-fuertes\/","og_locale":"es_ES","og_type":"article","og_title":"Cerraduras electromec\u00e1nicas para cajas fuertes, contenedores de seguridad","og_description":"Nuestras cerraduras electromec\u00e1nicas de caja fuerte asignan los derechos de acceso de forma centralizada o descentralizada.","og_url":"https:\/\/idips.com\/es\/cerraduras-electromecanicas-para-cajas-fuertes\/","og_site_name":"IDIPS - Serrures de haute s\u00e9curit\u00e9 pour coffre-fort","article_modified_time":"2023-04-03T13:41:35+00:00","og_image":[{"width":425,"height":350,"url":"https:\/\/idips.com\/wp-content\/uploads\/i5200MDOCT.png","type":"image\/png"}],"twitter_card":"summary_large_image","schema":{"@context":"https:\/\/schema.org","@graph":[{"@type":"WebPage","@id":"https:\/\/idips.com\/es\/cerraduras-electromecanicas-para-cajas-fuertes\/","url":"https:\/\/idips.com\/es\/cerraduras-electromecanicas-para-cajas-fuertes\/","name":"Cerraduras electromec\u00e1nicas para cajas fuertes, contenedores de seguridad","isPartOf":{"@id":"https:\/\/idips.com\/es\/#website"},"datePublished":"2022-10-06T14:13:08+00:00","dateModified":"2023-04-03T13:41:35+00:00","description":"Nuestras cerraduras electromec\u00e1nicas de caja fuerte asignan los derechos de acceso de forma centralizada o descentralizada.","breadcrumb":{"@id":"https:\/\/idips.com\/es\/cerraduras-electromecanicas-para-cajas-fuertes\/#breadcrumb"},"inLanguage":"es","potentialAction":[{"@type":"ReadAction","target":["https:\/\/idips.com\/es\/cerraduras-electromecanicas-para-cajas-fuertes\/"]}]},{"@type":"BreadcrumbList","@id":"https:\/\/idips.com\/es\/cerraduras-electromecanicas-para-cajas-fuertes\/#breadcrumb","itemListElement":[{"@type":"ListItem","position":1,"name":"Accueil","item":"https:\/\/idips.com\/es\/"},{"@type":"ListItem","position":2,"name":"Cerraduras electromec\u00e1nicas para cajas fuertes"}]},{"@type":"WebSite","@id":"https:\/\/idips.com\/es\/#website","url":"https:\/\/idips.com\/es\/","name":"Serrure pour coffre-fort et syst\u00e8me de haute s\u00e9curit\u00e9","description":"Serrures et syst\u00e8mes de haute s\u00e9curit\u00e9","publisher":{"@id":"https:\/\/idips.com\/es\/#organization"},"alternateName":"IDIPS","potentialAction":[{"@type":"SearchAction","target":{"@type":"EntryPoint","urlTemplate":"https:\/\/idips.com\/es\/?s={search_term_string}"},"query-input":"required name=search_term_string"}],"inLanguage":"es"},{"@type":"Organization","@id":"https:\/\/idips.com\/es\/#organization","name":"Serrure pour coffre-fort et syst\u00e8me de haute s\u00e9curit\u00e9","alternateName":"IDIPS","url":"https:\/\/idips.com\/es\/","logo":{"@type":"ImageObject","inLanguage":"es","@id":"https:\/\/idips.com\/es\/#\/schema\/logo\/image\/","url":"https:\/\/idips.com\/wp-content\/uploads\/2022\/09\/idips_picto_brod.png","contentUrl":"https:\/\/idips.com\/wp-content\/uploads\/2022\/09\/idips_picto_brod.png","width":450,"height":450,"caption":"Serrure pour coffre-fort et syst\u00e8me de haute s\u00e9curit\u00e9"},"image":{"@id":"https:\/\/idips.com\/es\/#\/schema\/logo\/image\/"}}]}},"_links":{"self":[{"href":"https:\/\/idips.com\/es\/wp-json\/wp\/v2\/pages\/1669"}],"collection":[{"href":"https:\/\/idips.com\/es\/wp-json\/wp\/v2\/pages"}],"about":[{"href":"https:\/\/idips.com\/es\/wp-json\/wp\/v2\/types\/page"}],"author":[{"embeddable":true,"href":"https:\/\/idips.com\/es\/wp-json\/wp\/v2\/users\/1"}],"replies":[{"embeddable":true,"href":"https:\/\/idips.com\/es\/wp-json\/wp\/v2\/comments?post=1669"}],"version-history":[{"count":11,"href":"https:\/\/idips.com\/es\/wp-json\/wp\/v2\/pages\/1669\/revisions"}],"predecessor-version":[{"id":3435,"href":"https:\/\/idips.com\/es\/wp-json\/wp\/v2\/pages\/1669\/revisions\/3435"}],"wp:featuredmedia":[{"embeddable":true,"href":"https:\/\/idips.com\/es\/wp-json\/wp\/v2\/media\/1522"}],"wp:attachment":[{"href":"https:\/\/idips.com\/es\/wp-json\/wp\/v2\/media?parent=1669"}],"curies":[{"name":"wp","href":"https:\/\/api.w.org\/{rel}","templated":true}]}}