{"id":2576,"date":"2022-11-19T17:06:08","date_gmt":"2022-11-19T16:06:08","guid":{"rendered":"https:\/\/152qoasqgd.preview.infomaniak.website\/?post_type=product&#038;p=2576"},"modified":"2023-06-09T14:23:49","modified_gmt":"2023-06-09T12:23:49","slug":"idoct-210-miniaturized-seismic-and-thermal-detector-for-safes","status":"publish","type":"product","link":"https:\/\/idips.com\/en\/produit\/idoct-210-miniaturized-seismic-and-thermal-detector-for-safes\/","title":{"rendered":"iDOCT 210 &#8211; Miniaturized seismic and thermal detector for safes"},"content":{"rendered":"<p>[et_pb_section fb_built=&#8221;1&#8243; _builder_version=&#8221;4.18.0&#8243; custom_margin=&#8221;0px||||false|false&#8221; custom_padding=&#8221;0px||||false|false&#8221; global_colors_info=&#8221;{}&#8221;][et_pb_row _builder_version=&#8221;4.16&#8243; background_size=&#8221;initial&#8221; background_position=&#8221;top_left&#8221; background_repeat=&#8221;repeat&#8221; width=&#8221;100%&#8221; custom_padding=&#8221;0px||0px||false|false&#8221; global_colors_info=&#8221;{}&#8221;][et_pb_column type=&#8221;4_4&#8243; _builder_version=&#8221;4.16&#8243; custom_padding=&#8221;|||&#8221; global_colors_info=&#8221;{}&#8221; custom_padding__hover=&#8221;|||&#8221;][et_pb_wc_breadcrumb _builder_version=&#8221;4.16&#8243; global_colors_info=&#8221;{}&#8221;][\/et_pb_wc_breadcrumb][et_pb_wc_cart_notice _builder_version=&#8221;4.18.0&#8243; global_colors_info=&#8221;{}&#8221;][\/et_pb_wc_cart_notice][\/et_pb_column][\/et_pb_row][et_pb_row column_structure=&#8221;1_2,1_2&#8243; _builder_version=&#8221;4.18.0&#8243; background_size=&#8221;initial&#8221; background_position=&#8221;top_left&#8221; background_repeat=&#8221;repeat&#8221; width=&#8221;100%&#8221; custom_margin=&#8221;100px||||false|false&#8221; custom_padding=&#8221;0px||||false|false&#8221; locked=&#8221;off&#8221; global_colors_info=&#8221;{}&#8221;][et_pb_column type=&#8221;1_2&#8243; _builder_version=&#8221;4.16&#8243; custom_padding=&#8221;|||&#8221; global_colors_info=&#8221;{}&#8221; custom_padding__hover=&#8221;|||&#8221;][et_pb_wc_images force_fullwidth=&#8221;on&#8221; _builder_version=&#8221;4.18.0&#8243; global_colors_info=&#8221;{}&#8221;][\/et_pb_wc_images][\/et_pb_column][et_pb_column type=&#8221;1_2&#8243; _builder_version=&#8221;4.16&#8243; custom_padding=&#8221;|||&#8221; global_colors_info=&#8221;{}&#8221; custom_padding__hover=&#8221;|||&#8221;][et_pb_wc_title _builder_version=&#8221;4.16&#8243; global_colors_info=&#8221;{}&#8221;][\/et_pb_wc_title][et_pb_button button_url=&#8221;tel:+33139188218&#8243; button_text=&#8221;Call now&#8221; disabled_on=&#8221;off|on|on&#8221; _builder_version=&#8221;4.19.1&#8243; _module_preset=&#8221;default&#8221; global_module=&#8221;999&#8243; global_colors_info=&#8221;{}&#8221;][\/et_pb_button][et_pb_button button_url=&#8221;@ET-DC@eyJkeW5hbWljIjp0cnVlLCJjb250ZW50IjoicG9zdF9saW5rX3VybF9wYWdlIiwic2V0dGluZ3MiOnsicG9zdF9pZCI6IjEzMDcifX0=@&#8221; button_text=&#8221;Consult us&#8221; _builder_version=&#8221;4.19.1&#8243; _dynamic_attributes=&#8221;button_url&#8221; _module_preset=&#8221;default&#8221; global_module=&#8221;3456&#8243; global_colors_info=&#8221;{}&#8221;][\/et_pb_button][et_pb_wc_description _builder_version=&#8221;4.16&#8243; global_colors_info=&#8221;{}&#8221;][\/et_pb_wc_description][et_pb_divider _builder_version=&#8221;4.18.0&#8243; _module_preset=&#8221;default&#8221; global_colors_info=&#8221;{}&#8221;][\/et_pb_divider][et_pb_text _builder_version=&#8221;4.19.0&#8243; _module_preset=&#8221;default&#8221; locked=&#8221;off&#8221; global_colors_info=&#8221;{}&#8221;]<\/p>\n<h2>Certifications<\/h2>\n<p><a href=\"https:\/\/idips.com\/wp-content\/uploads\/2022\/09\/logo-made-in-france.jpg\"><img loading=\"lazy\" class=\"wp-image-78 size-full\" src=\"https:\/\/idips.com\/wp-content\/uploads\/2022\/09\/logo-made-in-france.jpg\" alt=\"Logo Made in France\" width=\"126\" height=\"72\"><\/a><\/p>\n<p>[\/et_pb_text][\/et_pb_column][\/et_pb_row][et_pb_row column_structure=&#8221;1_2,1_2&#8243; _builder_version=&#8221;4.16&#8243; background_size=&#8221;initial&#8221; background_position=&#8221;top_left&#8221; background_repeat=&#8221;repeat&#8221; width=&#8221;100%&#8221; global_colors_info=&#8221;{}&#8221;][et_pb_column type=&#8221;1_2&#8243; _builder_version=&#8221;4.16&#8243; custom_padding=&#8221;|||&#8221; global_colors_info=&#8221;{}&#8221; custom_padding__hover=&#8221;|||&#8221;][et_pb_wc_description description_type=&#8221;description&#8221; _builder_version=&#8221;4.18.0&#8243; _module_preset=&#8221;default&#8221; global_colors_info=&#8221;{}&#8221;][\/et_pb_wc_description][et_pb_wc_reviews _builder_version=&#8221;4.18.0&#8243; _module_preset=&#8221;default&#8221; global_colors_info=&#8221;{}&#8221;][\/et_pb_wc_reviews][\/et_pb_column][et_pb_column type=&#8221;1_2&#8243; _builder_version=&#8221;4.16&#8243; custom_padding=&#8221;|||&#8221; global_colors_info=&#8221;{}&#8221; custom_padding__hover=&#8221;|||&#8221;][\/et_pb_column][\/et_pb_row][\/et_pb_section]<\/p>\n","protected":false},"excerpt":{"rendered":"<p>This micro-controller controlled seismic detector is easily configurable to the environment in which it is installed.<\/p>\n<p>The thermal detector is programmed to a level that guarantees that it will be triggered in the event of an attack, but without the risk of it being triggered unintentionally.<\/p>\n<p>With our miniaturized solution, space is no longer an issue and installation is simplified.<\/p>\n","protected":false},"featured_media":1451,"template":"","meta":{"_et_pb_use_builder":"on","_et_pb_old_content":"<h2>FUNCTIONS<\/h2>\n\u00a0\n\n<b>-<\/b>\n\n\u00a0\n\n[learn_more caption=\"Documentation\" state=\"close\"]  Link to the doc[\/learn_more]\n[learn_more caption=\"Notice d'utilisation\" state=\"close\"]  Link to the leaflet[\/learn_more]\n[learn_more caption=\"Guide d'installation\" state=\"close\"]  Link to the guide[\/learn_more]","_et_gb_content_width":""},"product_cat":[75],"product_tag":[79,82,91],"yoast_head":"<!-- This site is optimized with the Yoast SEO plugin v20.6 - https:\/\/yoast.com\/wordpress\/plugins\/seo\/ -->\n<title>Thermal seismic detector for safes<\/title>\n<meta name=\"description\" content=\"Miniaturized seismic and thermal detector for safes, with parameter management - iDOCT 210\" \/>\n<meta name=\"robots\" content=\"index, follow, max-snippet:-1, max-image-preview:large, max-video-preview:-1\" \/>\n<link rel=\"canonical\" href=\"https:\/\/idips.com\/en\/produit\/idoct-210-miniaturized-seismic-and-thermal-detector-for-safes\/\" \/>\n<meta property=\"og:locale\" content=\"en_US\" \/>\n<meta property=\"og:type\" content=\"article\" \/>\n<meta property=\"og:title\" content=\"Thermal seismic detector for safes\" \/>\n<meta property=\"og:description\" content=\"Miniaturized seismic and thermal detector for safes, with parameter management - iDOCT 210\" \/>\n<meta property=\"og:url\" content=\"https:\/\/idips.com\/en\/produit\/idoct-210-miniaturized-seismic-and-thermal-detector-for-safes\/\" \/>\n<meta property=\"og:site_name\" content=\"IDIPS - Serrures de haute s\u00e9curit\u00e9 pour coffre-fort\" \/>\n<meta property=\"article:modified_time\" content=\"2023-06-09T12:23:49+00:00\" \/>\n<meta property=\"og:image\" content=\"https:\/\/idips.com\/wp-content\/uploads\/iDOCT210-cable.png\" \/>\n\t<meta property=\"og:image:width\" content=\"470\" \/>\n\t<meta property=\"og:image:height\" content=\"300\" \/>\n\t<meta property=\"og:image:type\" content=\"image\/png\" \/>\n<meta name=\"twitter:card\" content=\"summary_large_image\" \/>\n<script type=\"application\/ld+json\" class=\"yoast-schema-graph\">{\"@context\":\"https:\/\/schema.org\",\"@graph\":[{\"@type\":\"WebPage\",\"@id\":\"https:\/\/idips.com\/en\/produit\/idoct-210-miniaturized-seismic-and-thermal-detector-for-safes\/\",\"url\":\"https:\/\/idips.com\/en\/produit\/idoct-210-miniaturized-seismic-and-thermal-detector-for-safes\/\",\"name\":\"Thermal seismic detector for safes\",\"isPartOf\":{\"@id\":\"https:\/\/idips.com\/en\/#website\"},\"datePublished\":\"2022-11-19T16:06:08+00:00\",\"dateModified\":\"2023-06-09T12:23:49+00:00\",\"description\":\"Miniaturized seismic and thermal detector for safes, with parameter management - iDOCT 210\",\"breadcrumb\":{\"@id\":\"https:\/\/idips.com\/en\/produit\/idoct-210-miniaturized-seismic-and-thermal-detector-for-safes\/#breadcrumb\"},\"inLanguage\":\"en-US\",\"potentialAction\":[{\"@type\":\"ReadAction\",\"target\":[\"https:\/\/idips.com\/en\/produit\/idoct-210-miniaturized-seismic-and-thermal-detector-for-safes\/\"]}]},{\"@type\":\"BreadcrumbList\",\"@id\":\"https:\/\/idips.com\/en\/produit\/idoct-210-miniaturized-seismic-and-thermal-detector-for-safes\/#breadcrumb\",\"itemListElement\":[{\"@type\":\"ListItem\",\"position\":1,\"name\":\"Accueil\",\"item\":\"https:\/\/idips.com\/en\/\"},{\"@type\":\"ListItem\",\"position\":2,\"name\":\"Showroom\",\"item\":\"https:\/\/idips.com\/en\/showroom\/\"},{\"@type\":\"ListItem\",\"position\":3,\"name\":\"iDOCT 210 &#8211; Miniaturized seismic and thermal detector for safes\"}]},{\"@type\":\"WebSite\",\"@id\":\"https:\/\/idips.com\/en\/#website\",\"url\":\"https:\/\/idips.com\/en\/\",\"name\":\"Serrure pour coffre-fort et syst\u00e8me de haute s\u00e9curit\u00e9\",\"description\":\"Serrures et syst\u00e8mes de haute s\u00e9curit\u00e9\",\"publisher\":{\"@id\":\"https:\/\/idips.com\/en\/#organization\"},\"alternateName\":\"IDIPS\",\"potentialAction\":[{\"@type\":\"SearchAction\",\"target\":{\"@type\":\"EntryPoint\",\"urlTemplate\":\"https:\/\/idips.com\/en\/?s={search_term_string}\"},\"query-input\":\"required name=search_term_string\"}],\"inLanguage\":\"en-US\"},{\"@type\":\"Organization\",\"@id\":\"https:\/\/idips.com\/en\/#organization\",\"name\":\"Serrure pour coffre-fort et syst\u00e8me de haute s\u00e9curit\u00e9\",\"alternateName\":\"IDIPS\",\"url\":\"https:\/\/idips.com\/en\/\",\"logo\":{\"@type\":\"ImageObject\",\"inLanguage\":\"en-US\",\"@id\":\"https:\/\/idips.com\/en\/#\/schema\/logo\/image\/\",\"url\":\"https:\/\/idips.com\/wp-content\/uploads\/2022\/09\/idips_picto_brod.png\",\"contentUrl\":\"https:\/\/idips.com\/wp-content\/uploads\/2022\/09\/idips_picto_brod.png\",\"width\":450,\"height\":450,\"caption\":\"Serrure pour coffre-fort et syst\u00e8me de haute s\u00e9curit\u00e9\"},\"image\":{\"@id\":\"https:\/\/idips.com\/en\/#\/schema\/logo\/image\/\"}}]}<\/script>\n<!-- \/ Yoast SEO plugin. -->","yoast_head_json":{"title":"Thermal seismic detector for safes","description":"Miniaturized seismic and thermal detector for safes, with parameter management - iDOCT 210","robots":{"index":"index","follow":"follow","max-snippet":"max-snippet:-1","max-image-preview":"max-image-preview:large","max-video-preview":"max-video-preview:-1"},"canonical":"https:\/\/idips.com\/en\/produit\/idoct-210-miniaturized-seismic-and-thermal-detector-for-safes\/","og_locale":"en_US","og_type":"article","og_title":"Thermal seismic detector for safes","og_description":"Miniaturized seismic and thermal detector for safes, with parameter management - iDOCT 210","og_url":"https:\/\/idips.com\/en\/produit\/idoct-210-miniaturized-seismic-and-thermal-detector-for-safes\/","og_site_name":"IDIPS - Serrures de haute s\u00e9curit\u00e9 pour coffre-fort","article_modified_time":"2023-06-09T12:23:49+00:00","og_image":[{"width":470,"height":300,"url":"https:\/\/idips.com\/wp-content\/uploads\/iDOCT210-cable.png","type":"image\/png"}],"twitter_card":"summary_large_image","schema":{"@context":"https:\/\/schema.org","@graph":[{"@type":"WebPage","@id":"https:\/\/idips.com\/en\/produit\/idoct-210-miniaturized-seismic-and-thermal-detector-for-safes\/","url":"https:\/\/idips.com\/en\/produit\/idoct-210-miniaturized-seismic-and-thermal-detector-for-safes\/","name":"Thermal seismic detector for safes","isPartOf":{"@id":"https:\/\/idips.com\/en\/#website"},"datePublished":"2022-11-19T16:06:08+00:00","dateModified":"2023-06-09T12:23:49+00:00","description":"Miniaturized seismic and thermal detector for safes, with parameter management - iDOCT 210","breadcrumb":{"@id":"https:\/\/idips.com\/en\/produit\/idoct-210-miniaturized-seismic-and-thermal-detector-for-safes\/#breadcrumb"},"inLanguage":"en-US","potentialAction":[{"@type":"ReadAction","target":["https:\/\/idips.com\/en\/produit\/idoct-210-miniaturized-seismic-and-thermal-detector-for-safes\/"]}]},{"@type":"BreadcrumbList","@id":"https:\/\/idips.com\/en\/produit\/idoct-210-miniaturized-seismic-and-thermal-detector-for-safes\/#breadcrumb","itemListElement":[{"@type":"ListItem","position":1,"name":"Accueil","item":"https:\/\/idips.com\/en\/"},{"@type":"ListItem","position":2,"name":"Showroom","item":"https:\/\/idips.com\/en\/showroom\/"},{"@type":"ListItem","position":3,"name":"iDOCT 210 &#8211; Miniaturized seismic and thermal detector for safes"}]},{"@type":"WebSite","@id":"https:\/\/idips.com\/en\/#website","url":"https:\/\/idips.com\/en\/","name":"Serrure pour coffre-fort et syst\u00e8me de haute s\u00e9curit\u00e9","description":"Serrures et syst\u00e8mes de haute s\u00e9curit\u00e9","publisher":{"@id":"https:\/\/idips.com\/en\/#organization"},"alternateName":"IDIPS","potentialAction":[{"@type":"SearchAction","target":{"@type":"EntryPoint","urlTemplate":"https:\/\/idips.com\/en\/?s={search_term_string}"},"query-input":"required name=search_term_string"}],"inLanguage":"en-US"},{"@type":"Organization","@id":"https:\/\/idips.com\/en\/#organization","name":"Serrure pour coffre-fort et syst\u00e8me de haute s\u00e9curit\u00e9","alternateName":"IDIPS","url":"https:\/\/idips.com\/en\/","logo":{"@type":"ImageObject","inLanguage":"en-US","@id":"https:\/\/idips.com\/en\/#\/schema\/logo\/image\/","url":"https:\/\/idips.com\/wp-content\/uploads\/2022\/09\/idips_picto_brod.png","contentUrl":"https:\/\/idips.com\/wp-content\/uploads\/2022\/09\/idips_picto_brod.png","width":450,"height":450,"caption":"Serrure pour coffre-fort et syst\u00e8me de haute s\u00e9curit\u00e9"},"image":{"@id":"https:\/\/idips.com\/en\/#\/schema\/logo\/image\/"}}]}},"_links":{"self":[{"href":"https:\/\/idips.com\/en\/wp-json\/wp\/v2\/product\/2576"}],"collection":[{"href":"https:\/\/idips.com\/en\/wp-json\/wp\/v2\/product"}],"about":[{"href":"https:\/\/idips.com\/en\/wp-json\/wp\/v2\/types\/product"}],"wp:featuredmedia":[{"embeddable":true,"href":"https:\/\/idips.com\/en\/wp-json\/wp\/v2\/media\/1451"}],"wp:attachment":[{"href":"https:\/\/idips.com\/en\/wp-json\/wp\/v2\/media?parent=2576"}],"wp:term":[{"taxonomy":"product_cat","embeddable":true,"href":"https:\/\/idips.com\/en\/wp-json\/wp\/v2\/product_cat?post=2576"},{"taxonomy":"product_tag","embeddable":true,"href":"https:\/\/idips.com\/en\/wp-json\/wp\/v2\/product_tag?post=2576"}],"curies":[{"name":"wp","href":"https:\/\/api.w.org\/{rel}","templated":true}]}}