{"id":1810,"date":"2022-09-16T17:31:44","date_gmt":"2022-09-16T15:31:44","guid":{"rendered":"https:\/\/152qoasqgd.preview.infomaniak.website\/produit\/horo-410m-electronic-safe-lock-with-motorized-bolt\/"},"modified":"2023-06-08T17:01:41","modified_gmt":"2023-06-08T15:01:41","slug":"horo-410m-electronic-safe-lock-with-motorized-bolt","status":"publish","type":"product","link":"https:\/\/idips.com\/en\/produit\/horo-410m-electronic-safe-lock-with-motorized-bolt\/","title":{"rendered":"HORO 410M &#8211; Electronic safe lock with motorized bolt"},"content":{"rendered":"<p>[et_pb_section fb_built=&#8221;1&#8243; _builder_version=&#8221;4.16&#8243; custom_padding=&#8221;0px||||false|false&#8221; global_colors_info=&#8221;{}&#8221;][et_pb_row _builder_version=&#8221;4.16&#8243; background_size=&#8221;initial&#8221; background_position=&#8221;top_left&#8221; background_repeat=&#8221;repeat&#8221; width=&#8221;100%&#8221; custom_padding=&#8221;0px||0px||false|false&#8221; global_colors_info=&#8221;{}&#8221;][et_pb_column type=&#8221;4_4&#8243; _builder_version=&#8221;4.16&#8243; custom_padding=&#8221;|||&#8221; global_colors_info=&#8221;{}&#8221; custom_padding__hover=&#8221;|||&#8221;][et_pb_wc_breadcrumb _builder_version=&#8221;4.16&#8243; global_colors_info=&#8221;{}&#8221;][\/et_pb_wc_breadcrumb][et_pb_wc_cart_notice _builder_version=&#8221;4.16&#8243; global_colors_info=&#8221;{}&#8221;][\/et_pb_wc_cart_notice][\/et_pb_column][\/et_pb_row][et_pb_row column_structure=&#8221;1_2,1_2&#8243; _builder_version=&#8221;4.18.0&#8243; background_size=&#8221;initial&#8221; background_position=&#8221;top_left&#8221; background_repeat=&#8221;repeat&#8221; width=&#8221;100%&#8221; custom_margin=&#8221;100px||||false|false&#8221; custom_padding=&#8221;0px||||false|false&#8221; global_colors_info=&#8221;{}&#8221;][et_pb_column type=&#8221;1_2&#8243; _builder_version=&#8221;4.16&#8243; custom_padding=&#8221;|||&#8221; global_colors_info=&#8221;{}&#8221; custom_padding__hover=&#8221;|||&#8221;][et_pb_wc_images force_fullwidth=&#8221;on&#8221; _builder_version=&#8221;4.18.0&#8243; global_colors_info=&#8221;{}&#8221;][\/et_pb_wc_images][\/et_pb_column][et_pb_column type=&#8221;1_2&#8243; _builder_version=&#8221;4.16&#8243; custom_padding=&#8221;|||&#8221; global_colors_info=&#8221;{}&#8221; custom_padding__hover=&#8221;|||&#8221;][et_pb_wc_title _builder_version=&#8221;4.16&#8243; global_colors_info=&#8221;{}&#8221;][\/et_pb_wc_title][et_pb_wc_rating _builder_version=&#8221;4.16&#8243; global_colors_info=&#8221;{}&#8221;][\/et_pb_wc_rating][et_pb_wc_price _builder_version=&#8221;4.16&#8243; global_colors_info=&#8221;{}&#8221;][\/et_pb_wc_price][et_pb_button button_url=&#8221;tel:+33139188218&#8243; button_text=&#8221;Call now&#8221; disabled_on=&#8221;off|on|on&#8221; _builder_version=&#8221;4.19.1&#8243; _module_preset=&#8221;default&#8221; global_module=&#8221;999&#8243; global_colors_info=&#8221;{}&#8221;][\/et_pb_button][et_pb_button button_url=&#8221;@ET-DC@eyJkeW5hbWljIjp0cnVlLCJjb250ZW50IjoicG9zdF9saW5rX3VybF9wYWdlIiwic2V0dGluZ3MiOnsicG9zdF9pZCI6IjEzMDcifX0=@&#8221; button_text=&#8221;Consult us&#8221; _builder_version=&#8221;4.19.1&#8243; _dynamic_attributes=&#8221;button_url&#8221; _module_preset=&#8221;default&#8221; global_colors_info=&#8221;{}&#8221;][\/et_pb_button][et_pb_wc_add_to_cart disabled_on=&#8221;on|on|on&#8221; _builder_version=&#8221;4.18.0&#8243; disabled=&#8221;on&#8221; global_colors_info=&#8221;{}&#8221;][\/et_pb_wc_add_to_cart][et_pb_wc_description _builder_version=&#8221;4.16&#8243; global_colors_info=&#8221;{}&#8221;][\/et_pb_wc_description][et_pb_divider _builder_version=&#8221;4.18.0&#8243; _module_preset=&#8221;default&#8221; global_colors_info=&#8221;{}&#8221;][\/et_pb_divider][et_pb_text _builder_version=&#8221;4.18.0&#8243; _module_preset=&#8221;default&#8221; global_colors_info=&#8221;{}&#8221;]<\/p>\n<h2>Certifications<\/h2>\n<p><img loading=\"lazy\" src=\"https:\/\/idips.com\/wp-content\/uploads\/2022\/09\/logo-made-in-france.jpg\" width=\"126\" height=\"72\" alt=\"Logo Made in France\" class=\"wp-image-78 size-full\"><img loading=\"lazy\" src=\"https:\/\/idips.com\/wp-content\/uploads\/2022\/09\/Logo_A2P.jpg\" width=\"126\" height=\"72\" alt=\"A2P CNPP logo\" class=\"wp-image-79 size-full\"><\/p>\n<p>[\/et_pb_text][\/et_pb_column][\/et_pb_row][et_pb_row column_structure=&#8221;1_2,1_2&#8243; _builder_version=&#8221;4.16&#8243; background_size=&#8221;initial&#8221; background_position=&#8221;top_left&#8221; background_repeat=&#8221;repeat&#8221; width=&#8221;100%&#8221; global_colors_info=&#8221;{}&#8221;][et_pb_column type=&#8221;1_2&#8243; _builder_version=&#8221;4.16&#8243; custom_padding=&#8221;|||&#8221; global_colors_info=&#8221;{}&#8221; custom_padding__hover=&#8221;|||&#8221;][et_pb_wc_description description_type=&#8221;description&#8221; _builder_version=&#8221;4.18.0&#8243; _module_preset=&#8221;default&#8221; global_colors_info=&#8221;{}&#8221;][\/et_pb_wc_description][et_pb_wc_reviews _builder_version=&#8221;4.18.0&#8243; _module_preset=&#8221;default&#8221; global_colors_info=&#8221;{}&#8221;][\/et_pb_wc_reviews][\/et_pb_column][et_pb_column type=&#8221;1_2&#8243; _builder_version=&#8221;4.16&#8243; custom_padding=&#8221;|||&#8221; global_colors_info=&#8221;{}&#8221; custom_padding__hover=&#8221;|||&#8221;][et_pb_text _builder_version=&#8221;4.18.0&#8243; _module_preset=&#8221;default&#8221; global_colors_info=&#8221;{}&#8221;]<\/p>\n<h2>Comparative table of functions<\/h2>\n<p>&nbsp;<\/p>\n<p>[\/et_pb_text][\/et_pb_column][\/et_pb_row][\/et_pb_section]<\/p>\n","protected":false},"excerpt":{"rendered":"<p><span style=\"font-weight: 400;\">This electronic lock with motorized bolt for safes, with its sleek design, is easy to use and offers the main functions of a high security lock.<\/span><\/p>\n<p><span style=\"font-weight: 400;\">The lock is composed of 2 elements, an electronic combination keypad and a motorized bolt lock. The keyboard allows you to memorize a code.<br \/>\n<\/span><\/p>\n<p><strong>Intended for professionals, this lock is perfectly adapted to small businesses, tobacco shops, and individuals, and advantageously replaces the traditional mechanical lock.<\/strong><\/p>\n","protected":false},"featured_media":1466,"template":"","meta":{"_et_pb_use_builder":"on","_et_pb_old_content":"<h2>FUNCTIONS<\/h2>\r\n<span style=\"font-weight: 400\">\r\n<span style=\"font-weight: 400\">\r\n<strong>1 MANAGER CODE\r\n<\/strong>\r\n<\/span>\r\n<\/span>It allows the management of the lock operation: user codes, time delay and has the same functions as the user codes.\r\n<span style=\"font-weight: 400\">\r\n<strong>1 USER CODE\r\n<\/strong>\r\n<\/span>He can start the timer, open the lock, trigger the alarm, change his own code and close the door but he never has access to the settings.\r\n<span style=\"font-weight: 400\"><strong>DELAY\r\n<\/strong>This function allows you to delay the opening of the lock. This mode is programmable from 0 to 99 minutes, followed by a programmable opening period from 1 to 19 minutes.\r\n<\/span><strong>BLOCK ON FALSE CODE<\/strong>\r\n\r\n&nbsp;\r\n\r\n[learn_more caption=\"Documentation\" state=\"close\"] <a href=\"https:\/\/idips.com\/wp-content\/uploads\/EN_PLAQUETTE_HORO_410_710.pdf\" target=\"_blank\" rel=\"noopener\">See the documentation<\/a>[\/learn_more]\r\n[learn_more caption=\"Notice d'utilisation\" state=\"close\"] [\/learn_more]\r\n[learn_more caption=\"Guide d'installation\" state=\"close\"] [\/learn_more]","_et_gb_content_width":""},"product_cat":[66],"product_tag":[76,88],"yoast_head":"<!-- This site is optimized with the Yoast SEO plugin v20.6 - https:\/\/yoast.com\/wordpress\/plugins\/seo\/ -->\n<title>Electronic lock with motorized bolt for safe - HORO 410M<\/title>\n<meta name=\"description\" content=\"This electronic lock with motorized bolt for safes is easy to use and offers the main functions of a high security lock.\" \/>\n<meta name=\"robots\" content=\"index, follow, max-snippet:-1, max-image-preview:large, max-video-preview:-1\" \/>\n<link rel=\"canonical\" href=\"https:\/\/idips.com\/en\/produit\/horo-410m-electronic-safe-lock-with-motorized-bolt\/\" \/>\n<meta property=\"og:locale\" content=\"en_US\" \/>\n<meta property=\"og:type\" content=\"article\" \/>\n<meta property=\"og:title\" content=\"Electronic lock with motorized bolt for safe - HORO 410M\" \/>\n<meta property=\"og:description\" content=\"This electronic lock with motorized bolt for safes is easy to use and offers the main functions of a high security lock.\" \/>\n<meta property=\"og:url\" content=\"https:\/\/idips.com\/en\/produit\/horo-410m-electronic-safe-lock-with-motorized-bolt\/\" \/>\n<meta property=\"og:site_name\" content=\"IDIPS - Serrures de haute s\u00e9curit\u00e9 pour coffre-fort\" \/>\n<meta property=\"article:modified_time\" content=\"2023-06-08T15:01:41+00:00\" \/>\n<meta property=\"og:image\" content=\"https:\/\/idips.com\/wp-content\/uploads\/410-motorise.png\" \/>\n\t<meta property=\"og:image:width\" content=\"602\" \/>\n\t<meta property=\"og:image:height\" content=\"455\" \/>\n\t<meta property=\"og:image:type\" content=\"image\/png\" \/>\n<meta name=\"twitter:card\" content=\"summary_large_image\" \/>\n<script type=\"application\/ld+json\" class=\"yoast-schema-graph\">{\"@context\":\"https:\/\/schema.org\",\"@graph\":[{\"@type\":\"WebPage\",\"@id\":\"https:\/\/idips.com\/en\/produit\/horo-410m-electronic-safe-lock-with-motorized-bolt\/\",\"url\":\"https:\/\/idips.com\/en\/produit\/horo-410m-electronic-safe-lock-with-motorized-bolt\/\",\"name\":\"Electronic lock with motorized bolt for safe - HORO 410M\",\"isPartOf\":{\"@id\":\"https:\/\/idips.com\/en\/#website\"},\"datePublished\":\"2022-09-16T15:31:44+00:00\",\"dateModified\":\"2023-06-08T15:01:41+00:00\",\"description\":\"This electronic lock with motorized bolt for safes is easy to use and offers the main functions of a high security lock.\",\"breadcrumb\":{\"@id\":\"https:\/\/idips.com\/en\/produit\/horo-410m-electronic-safe-lock-with-motorized-bolt\/#breadcrumb\"},\"inLanguage\":\"en-US\",\"potentialAction\":[{\"@type\":\"ReadAction\",\"target\":[\"https:\/\/idips.com\/en\/produit\/horo-410m-electronic-safe-lock-with-motorized-bolt\/\"]}]},{\"@type\":\"BreadcrumbList\",\"@id\":\"https:\/\/idips.com\/en\/produit\/horo-410m-electronic-safe-lock-with-motorized-bolt\/#breadcrumb\",\"itemListElement\":[{\"@type\":\"ListItem\",\"position\":1,\"name\":\"Accueil\",\"item\":\"https:\/\/idips.com\/en\/\"},{\"@type\":\"ListItem\",\"position\":2,\"name\":\"Showroom\",\"item\":\"https:\/\/idips.com\/en\/showroom\/\"},{\"@type\":\"ListItem\",\"position\":3,\"name\":\"HORO 410M &#8211; Electronic safe lock with motorized bolt\"}]},{\"@type\":\"WebSite\",\"@id\":\"https:\/\/idips.com\/en\/#website\",\"url\":\"https:\/\/idips.com\/en\/\",\"name\":\"Serrure pour coffre-fort et syst\u00e8me de haute s\u00e9curit\u00e9\",\"description\":\"Serrures et syst\u00e8mes de haute s\u00e9curit\u00e9\",\"publisher\":{\"@id\":\"https:\/\/idips.com\/en\/#organization\"},\"alternateName\":\"IDIPS\",\"potentialAction\":[{\"@type\":\"SearchAction\",\"target\":{\"@type\":\"EntryPoint\",\"urlTemplate\":\"https:\/\/idips.com\/en\/?s={search_term_string}\"},\"query-input\":\"required name=search_term_string\"}],\"inLanguage\":\"en-US\"},{\"@type\":\"Organization\",\"@id\":\"https:\/\/idips.com\/en\/#organization\",\"name\":\"Serrure pour coffre-fort et syst\u00e8me de haute s\u00e9curit\u00e9\",\"alternateName\":\"IDIPS\",\"url\":\"https:\/\/idips.com\/en\/\",\"logo\":{\"@type\":\"ImageObject\",\"inLanguage\":\"en-US\",\"@id\":\"https:\/\/idips.com\/en\/#\/schema\/logo\/image\/\",\"url\":\"https:\/\/idips.com\/wp-content\/uploads\/2022\/09\/idips_picto_brod.png\",\"contentUrl\":\"https:\/\/idips.com\/wp-content\/uploads\/2022\/09\/idips_picto_brod.png\",\"width\":450,\"height\":450,\"caption\":\"Serrure pour coffre-fort et syst\u00e8me de haute s\u00e9curit\u00e9\"},\"image\":{\"@id\":\"https:\/\/idips.com\/en\/#\/schema\/logo\/image\/\"}}]}<\/script>\n<!-- \/ Yoast SEO plugin. -->","yoast_head_json":{"title":"Electronic lock with motorized bolt for safe - HORO 410M","description":"This electronic lock with motorized bolt for safes is easy to use and offers the main functions of a high security lock.","robots":{"index":"index","follow":"follow","max-snippet":"max-snippet:-1","max-image-preview":"max-image-preview:large","max-video-preview":"max-video-preview:-1"},"canonical":"https:\/\/idips.com\/en\/produit\/horo-410m-electronic-safe-lock-with-motorized-bolt\/","og_locale":"en_US","og_type":"article","og_title":"Electronic lock with motorized bolt for safe - HORO 410M","og_description":"This electronic lock with motorized bolt for safes is easy to use and offers the main functions of a high security lock.","og_url":"https:\/\/idips.com\/en\/produit\/horo-410m-electronic-safe-lock-with-motorized-bolt\/","og_site_name":"IDIPS - Serrures de haute s\u00e9curit\u00e9 pour coffre-fort","article_modified_time":"2023-06-08T15:01:41+00:00","og_image":[{"width":602,"height":455,"url":"https:\/\/idips.com\/wp-content\/uploads\/410-motorise.png","type":"image\/png"}],"twitter_card":"summary_large_image","schema":{"@context":"https:\/\/schema.org","@graph":[{"@type":"WebPage","@id":"https:\/\/idips.com\/en\/produit\/horo-410m-electronic-safe-lock-with-motorized-bolt\/","url":"https:\/\/idips.com\/en\/produit\/horo-410m-electronic-safe-lock-with-motorized-bolt\/","name":"Electronic lock with motorized bolt for safe - HORO 410M","isPartOf":{"@id":"https:\/\/idips.com\/en\/#website"},"datePublished":"2022-09-16T15:31:44+00:00","dateModified":"2023-06-08T15:01:41+00:00","description":"This electronic lock with motorized bolt for safes is easy to use and offers the main functions of a high security lock.","breadcrumb":{"@id":"https:\/\/idips.com\/en\/produit\/horo-410m-electronic-safe-lock-with-motorized-bolt\/#breadcrumb"},"inLanguage":"en-US","potentialAction":[{"@type":"ReadAction","target":["https:\/\/idips.com\/en\/produit\/horo-410m-electronic-safe-lock-with-motorized-bolt\/"]}]},{"@type":"BreadcrumbList","@id":"https:\/\/idips.com\/en\/produit\/horo-410m-electronic-safe-lock-with-motorized-bolt\/#breadcrumb","itemListElement":[{"@type":"ListItem","position":1,"name":"Accueil","item":"https:\/\/idips.com\/en\/"},{"@type":"ListItem","position":2,"name":"Showroom","item":"https:\/\/idips.com\/en\/showroom\/"},{"@type":"ListItem","position":3,"name":"HORO 410M &#8211; Electronic safe lock with motorized bolt"}]},{"@type":"WebSite","@id":"https:\/\/idips.com\/en\/#website","url":"https:\/\/idips.com\/en\/","name":"Serrure pour coffre-fort et syst\u00e8me de haute s\u00e9curit\u00e9","description":"Serrures et syst\u00e8mes de haute s\u00e9curit\u00e9","publisher":{"@id":"https:\/\/idips.com\/en\/#organization"},"alternateName":"IDIPS","potentialAction":[{"@type":"SearchAction","target":{"@type":"EntryPoint","urlTemplate":"https:\/\/idips.com\/en\/?s={search_term_string}"},"query-input":"required name=search_term_string"}],"inLanguage":"en-US"},{"@type":"Organization","@id":"https:\/\/idips.com\/en\/#organization","name":"Serrure pour coffre-fort et syst\u00e8me de haute s\u00e9curit\u00e9","alternateName":"IDIPS","url":"https:\/\/idips.com\/en\/","logo":{"@type":"ImageObject","inLanguage":"en-US","@id":"https:\/\/idips.com\/en\/#\/schema\/logo\/image\/","url":"https:\/\/idips.com\/wp-content\/uploads\/2022\/09\/idips_picto_brod.png","contentUrl":"https:\/\/idips.com\/wp-content\/uploads\/2022\/09\/idips_picto_brod.png","width":450,"height":450,"caption":"Serrure pour coffre-fort et syst\u00e8me de haute s\u00e9curit\u00e9"},"image":{"@id":"https:\/\/idips.com\/en\/#\/schema\/logo\/image\/"}}]}},"_links":{"self":[{"href":"https:\/\/idips.com\/en\/wp-json\/wp\/v2\/product\/1810"}],"collection":[{"href":"https:\/\/idips.com\/en\/wp-json\/wp\/v2\/product"}],"about":[{"href":"https:\/\/idips.com\/en\/wp-json\/wp\/v2\/types\/product"}],"wp:featuredmedia":[{"embeddable":true,"href":"https:\/\/idips.com\/en\/wp-json\/wp\/v2\/media\/1466"}],"wp:attachment":[{"href":"https:\/\/idips.com\/en\/wp-json\/wp\/v2\/media?parent=1810"}],"wp:term":[{"taxonomy":"product_cat","embeddable":true,"href":"https:\/\/idips.com\/en\/wp-json\/wp\/v2\/product_cat?post=1810"},{"taxonomy":"product_tag","embeddable":true,"href":"https:\/\/idips.com\/en\/wp-json\/wp\/v2\/product_tag?post=1810"}],"curies":[{"name":"wp","href":"https:\/\/api.w.org\/{rel}","templated":true}]}}