{"id":1801,"date":"2022-09-30T17:48:48","date_gmt":"2022-09-30T15:48:48","guid":{"rendered":"https:\/\/152qoasqgd.preview.infomaniak.website\/produit\/digitech-electronic-lock-with-timer-and-time-stamped-audit\/"},"modified":"2023-06-09T15:13:01","modified_gmt":"2023-06-09T13:13:01","slug":"digitech-electronic-lock-with-timer-and-time-stamped-audit","status":"publish","type":"product","link":"https:\/\/idips.com\/en\/produit\/digitech-electronic-lock-with-timer-and-time-stamped-audit\/","title":{"rendered":"DIGITECH &#8211; Electronic lock with timer and time stamped audit."},"content":{"rendered":"<p>[et_pb_section fb_built=&#8221;1&#8243; _builder_version=&#8221;4.18.0&#8243; custom_margin=&#8221;0px||||false|false&#8221; custom_padding=&#8221;0px||||false|false&#8221; global_colors_info=&#8221;{}&#8221;][et_pb_row _builder_version=&#8221;4.16&#8243; background_size=&#8221;initial&#8221; background_position=&#8221;top_left&#8221; background_repeat=&#8221;repeat&#8221; width=&#8221;100%&#8221; custom_padding=&#8221;0px||0px||false|false&#8221; global_colors_info=&#8221;{}&#8221;][et_pb_column type=&#8221;4_4&#8243; _builder_version=&#8221;4.16&#8243; custom_padding=&#8221;|||&#8221; global_colors_info=&#8221;{}&#8221; custom_padding__hover=&#8221;|||&#8221;][et_pb_wc_breadcrumb _builder_version=&#8221;4.16&#8243; global_colors_info=&#8221;{}&#8221;][\/et_pb_wc_breadcrumb][et_pb_wc_cart_notice _builder_version=&#8221;4.18.0&#8243; global_colors_info=&#8221;{}&#8221;][\/et_pb_wc_cart_notice][\/et_pb_column][\/et_pb_row][et_pb_row column_structure=&#8221;1_2,1_2&#8243; _builder_version=&#8221;4.18.0&#8243; background_size=&#8221;initial&#8221; background_position=&#8221;top_left&#8221; background_repeat=&#8221;repeat&#8221; width=&#8221;100%&#8221; custom_margin=&#8221;100px||||false|false&#8221; custom_padding=&#8221;0px||||false|false&#8221; locked=&#8221;off&#8221; global_colors_info=&#8221;{}&#8221;][et_pb_column type=&#8221;1_2&#8243; _builder_version=&#8221;4.16&#8243; custom_padding=&#8221;|||&#8221; global_colors_info=&#8221;{}&#8221; custom_padding__hover=&#8221;|||&#8221;][et_pb_wc_images force_fullwidth=&#8221;on&#8221; _builder_version=&#8221;4.18.0&#8243; global_colors_info=&#8221;{}&#8221;][\/et_pb_wc_images][\/et_pb_column][et_pb_column type=&#8221;1_2&#8243; _builder_version=&#8221;4.18.0&#8243; background_enable_color=&#8221;off&#8221; global_colors_info=&#8221;{%22gcid-fd95ec51-f590-4139-80d8-7c864281dd0e%22:%91%22background_color%22%93}&#8221; custom_padding__hover=&#8221;|||&#8221;][et_pb_wc_title _builder_version=&#8221;4.16&#8243; global_colors_info=&#8221;{}&#8221;][\/et_pb_wc_title][et_pb_button button_url=&#8221;tel:+33139188218&#8243; button_text=&#8221;Call now&#8221; disabled_on=&#8221;off|on|on&#8221; _builder_version=&#8221;4.19.1&#8243; _module_preset=&#8221;default&#8221; global_module=&#8221;999&#8243; global_colors_info=&#8221;{}&#8221;][\/et_pb_button][et_pb_button button_url=&#8221;@ET-DC@eyJkeW5hbWljIjp0cnVlLCJjb250ZW50IjoicG9zdF9saW5rX3VybF9wYWdlIiwic2V0dGluZ3MiOnsicG9zdF9pZCI6IjEzMDcifX0=@&#8221; button_text=&#8221;Consult us&#8221; _builder_version=&#8221;4.19.1&#8243; _dynamic_attributes=&#8221;button_url&#8221; _module_preset=&#8221;default&#8221; global_colors_info=&#8221;{}&#8221;][\/et_pb_button][et_pb_wc_description _builder_version=&#8221;4.18.0&#8243; global_colors_info=&#8221;{}&#8221;][\/et_pb_wc_description][et_pb_divider _builder_version=&#8221;4.18.0&#8243; _module_preset=&#8221;default&#8221; global_colors_info=&#8221;{}&#8221;][\/et_pb_divider][et_pb_text _builder_version=&#8221;4.18.0&#8243; _module_preset=&#8221;default&#8221;]<\/p>\n<h2>Certifications<\/h2>\n<p><span style=\"font-weight: 400;\"><br \/><img loading=\"lazy\" src=\"https:\/\/152qoasqgd.preview.infomaniak.website\/wp-content\/uploads\/vds-logo-de.jpg\" width=\"51\" height=\"51\" alt=\"vds-logo-de\" class=\"wp-image-705 size-full\" srcset=\"https:\/\/idips.com\/wp-content\/uploads\/vds-logo-de.jpg 120w, https:\/\/idips.com\/wp-content\/uploads\/vds-logo-de-100x100.jpg 100w\" sizes=\"(max-width: 51px) 100vw, 51px\" \/> <br \/>EN 1300B VDS Class B<\/span><\/p>\n<p>[\/et_pb_text][\/et_pb_column][\/et_pb_row][et_pb_row column_structure=&#8221;1_2,1_2&#8243; _builder_version=&#8221;4.16&#8243; background_size=&#8221;initial&#8221; background_position=&#8221;top_left&#8221; background_repeat=&#8221;repeat&#8221; width=&#8221;100%&#8221; global_colors_info=&#8221;{}&#8221;][et_pb_column type=&#8221;1_2&#8243; _builder_version=&#8221;4.16&#8243; custom_padding=&#8221;|||&#8221; global_colors_info=&#8221;{}&#8221; custom_padding__hover=&#8221;|||&#8221;][et_pb_wc_description description_type=&#8221;description&#8221; _builder_version=&#8221;4.18.0&#8243; _module_preset=&#8221;default&#8221; global_colors_info=&#8221;{}&#8221;][\/et_pb_wc_description][et_pb_wc_reviews _builder_version=&#8221;4.18.0&#8243; _module_preset=&#8221;default&#8221; global_colors_info=&#8221;{}&#8221;][\/et_pb_wc_reviews][\/et_pb_column][et_pb_column type=&#8221;1_2&#8243; _builder_version=&#8221;4.16&#8243; custom_padding=&#8221;|||&#8221; global_colors_info=&#8221;{}&#8221; custom_padding__hover=&#8221;|||&#8221;][\/et_pb_column][\/et_pb_row][\/et_pb_section]<\/p>\n","protected":false},"excerpt":{"rendered":"<p><span style=\"font-weight: 400;\">The DIGITECH lock is an electronic lock with oscillating bolt, multi-codes with LCD display. It offers 30 codes including 1 conveyor.<\/span><\/p>\n<p><span style=\"font-weight: 400;\">As an option it is possible to add a DALLAS key for a double code confirmation. An audit of the last 5000 events is available either on the display or exportable to a file (PDF, CSV)<\/span><\/p>\n<p><span style=\"font-weight: 400;\">An alarm interface allows to manage the remote blocking and a code under constraint.<\/span><\/p>\n","protected":false},"featured_media":1526,"template":"","meta":{"_et_pb_use_builder":"on","_et_pb_old_content":"<h2>FUNCTIONS<\/h2>\r\n<strong>1 CODE MANAGER<\/strong>\r\nIt allows the management of the operation of the lock: user codes, time delay and also has the same functions as the user codes.\r\n<strong>8 USER CODES<\/strong>\r\nHe can start the timer, open the lock, trigger the alarm, change his own code and close the door, but he never has access to the settings.\r\n<strong>1 CONVEYOR CODE<\/strong>\r\nIt allows a direct opening without delay, it can also trigger the alarm, change its own code and close the door.\r\n<strong>TEMPORISATION<\/strong>\r\nThis function delays the opening of the lock. This mode is programmable from 0 to 99 minutes, followed by a programmable opening period from 1 to 19 minutes.\r\n<strong>AUDIT<\/strong>\r\nIt allows to have a precise follow-up of all the actions made on the lock: opening, closing, code error, parameter change. The locks can be interrogated either on the screen or on a PC.\r\n<strong>ANTI-HANDLING<\/strong>\r\nAfter several attempts to open the lock, the lock goes into penalty mode for a programmed period of time.\r\n<strong>AUTO-TEST<\/strong>\r\n<strong>ENTRY\/ EXIT <\/strong><em>(Option : contact us)<\/em>\r\nAn interface is available as an option to communicate with a central alarm station.\r\n<b>DALLAS KEY <\/b><em>(Option : contact us)<\/em><b>\r\n<\/b>A Dallas electronic key reader allows a double control for the opening of the safe (combination + key) in a single lock.\r\n\r\n&nbsp;\r\n\r\n[learn_more caption=\"Documentation\" state=\"close\"] <a href=\"https:\/\/idips.com\/wp-content\/uploads\/digitech_eng_new.pdf\" target=\"_blank\" rel=\"noopener\">See the documentation<\/a>[\/learn_more]\r\n[learn_more caption=\"Notice d'utilisation\" state=\"close\"] <a href=\"https:\/\/idips.com\/wp-content\/uploads\/iu_digitech_04_eng.pdf\" target=\"_blank\" rel=\"noopener\">See the user instructions<\/a>[\/learn_more]\r\n[learn_more caption=\"Guide d'installation\" state=\"close\"] <a href=\"https:\/\/idips.com\/wp-content\/uploads\/ii_digitech_05_eng.pdf\" target=\"_blank\" rel=\"noopener\">See the installation instructions<\/a>[\/learn_more]","_et_gb_content_width":""},"product_cat":[66],"product_tag":[82,91],"yoast_head":"<!-- This site is optimized with the Yoast SEO plugin v20.6 - https:\/\/yoast.com\/wordpress\/plugins\/seo\/ -->\n<title>Electronic lock, timer and time-stamped audit -DIGITECH<\/title>\n<meta name=\"robots\" content=\"index, follow, max-snippet:-1, max-image-preview:large, max-video-preview:-1\" \/>\n<link rel=\"canonical\" href=\"https:\/\/idips.com\/en\/produit\/digitech-electronic-lock-with-timer-and-time-stamped-audit\/\" \/>\n<meta property=\"og:locale\" content=\"en_US\" \/>\n<meta property=\"og:type\" content=\"article\" \/>\n<meta property=\"og:title\" content=\"Electronic lock, timer and time-stamped audit -DIGITECH\" \/>\n<meta property=\"og:description\" content=\"The DIGITECH lock is an electronic lock with oscillating bolt, multi-codes with LCD display. It offers 30 codes including 1 conveyor.  As an option it is possible to add a DALLAS key for a double code confirmation. An audit of the last 5000 events is available either on the display or exportable to a file (PDF, CSV)  An alarm interface allows to manage the remote blocking and a code under constraint.\" \/>\n<meta property=\"og:url\" content=\"https:\/\/idips.com\/en\/produit\/digitech-electronic-lock-with-timer-and-time-stamped-audit\/\" \/>\n<meta property=\"og:site_name\" content=\"IDIPS - Serrures de haute s\u00e9curit\u00e9 pour coffre-fort\" \/>\n<meta property=\"article:modified_time\" content=\"2023-06-09T13:13:01+00:00\" \/>\n<meta property=\"og:image\" content=\"https:\/\/idips.com\/wp-content\/uploads\/digitech.png\" \/>\n\t<meta property=\"og:image:width\" content=\"612\" \/>\n\t<meta property=\"og:image:height\" content=\"588\" \/>\n\t<meta property=\"og:image:type\" content=\"image\/png\" \/>\n<meta name=\"twitter:card\" content=\"summary_large_image\" \/>\n<script type=\"application\/ld+json\" class=\"yoast-schema-graph\">{\"@context\":\"https:\/\/schema.org\",\"@graph\":[{\"@type\":\"WebPage\",\"@id\":\"https:\/\/idips.com\/en\/produit\/digitech-electronic-lock-with-timer-and-time-stamped-audit\/\",\"url\":\"https:\/\/idips.com\/en\/produit\/digitech-electronic-lock-with-timer-and-time-stamped-audit\/\",\"name\":\"Electronic lock, timer and time-stamped audit -DIGITECH\",\"isPartOf\":{\"@id\":\"https:\/\/idips.com\/en\/#website\"},\"datePublished\":\"2022-09-30T15:48:48+00:00\",\"dateModified\":\"2023-06-09T13:13:01+00:00\",\"breadcrumb\":{\"@id\":\"https:\/\/idips.com\/en\/produit\/digitech-electronic-lock-with-timer-and-time-stamped-audit\/#breadcrumb\"},\"inLanguage\":\"en-US\",\"potentialAction\":[{\"@type\":\"ReadAction\",\"target\":[\"https:\/\/idips.com\/en\/produit\/digitech-electronic-lock-with-timer-and-time-stamped-audit\/\"]}]},{\"@type\":\"BreadcrumbList\",\"@id\":\"https:\/\/idips.com\/en\/produit\/digitech-electronic-lock-with-timer-and-time-stamped-audit\/#breadcrumb\",\"itemListElement\":[{\"@type\":\"ListItem\",\"position\":1,\"name\":\"Accueil\",\"item\":\"https:\/\/idips.com\/en\/\"},{\"@type\":\"ListItem\",\"position\":2,\"name\":\"Showroom\",\"item\":\"https:\/\/idips.com\/en\/showroom\/\"},{\"@type\":\"ListItem\",\"position\":3,\"name\":\"DIGITECH &#8211; Electronic lock with timer and time stamped audit.\"}]},{\"@type\":\"WebSite\",\"@id\":\"https:\/\/idips.com\/en\/#website\",\"url\":\"https:\/\/idips.com\/en\/\",\"name\":\"Serrure pour coffre-fort et syst\u00e8me de haute s\u00e9curit\u00e9\",\"description\":\"Serrures et syst\u00e8mes de haute s\u00e9curit\u00e9\",\"publisher\":{\"@id\":\"https:\/\/idips.com\/en\/#organization\"},\"alternateName\":\"IDIPS\",\"potentialAction\":[{\"@type\":\"SearchAction\",\"target\":{\"@type\":\"EntryPoint\",\"urlTemplate\":\"https:\/\/idips.com\/en\/?s={search_term_string}\"},\"query-input\":\"required name=search_term_string\"}],\"inLanguage\":\"en-US\"},{\"@type\":\"Organization\",\"@id\":\"https:\/\/idips.com\/en\/#organization\",\"name\":\"Serrure pour coffre-fort et syst\u00e8me de haute s\u00e9curit\u00e9\",\"alternateName\":\"IDIPS\",\"url\":\"https:\/\/idips.com\/en\/\",\"logo\":{\"@type\":\"ImageObject\",\"inLanguage\":\"en-US\",\"@id\":\"https:\/\/idips.com\/en\/#\/schema\/logo\/image\/\",\"url\":\"https:\/\/idips.com\/wp-content\/uploads\/2022\/09\/idips_picto_brod.png\",\"contentUrl\":\"https:\/\/idips.com\/wp-content\/uploads\/2022\/09\/idips_picto_brod.png\",\"width\":450,\"height\":450,\"caption\":\"Serrure pour coffre-fort et syst\u00e8me de haute s\u00e9curit\u00e9\"},\"image\":{\"@id\":\"https:\/\/idips.com\/en\/#\/schema\/logo\/image\/\"}}]}<\/script>\n<!-- \/ Yoast SEO plugin. -->","yoast_head_json":{"title":"Electronic lock, timer and time-stamped audit -DIGITECH","robots":{"index":"index","follow":"follow","max-snippet":"max-snippet:-1","max-image-preview":"max-image-preview:large","max-video-preview":"max-video-preview:-1"},"canonical":"https:\/\/idips.com\/en\/produit\/digitech-electronic-lock-with-timer-and-time-stamped-audit\/","og_locale":"en_US","og_type":"article","og_title":"Electronic lock, timer and time-stamped audit -DIGITECH","og_description":"The DIGITECH lock is an electronic lock with oscillating bolt, multi-codes with LCD display. It offers 30 codes including 1 conveyor.  As an option it is possible to add a DALLAS key for a double code confirmation. An audit of the last 5000 events is available either on the display or exportable to a file (PDF, CSV)  An alarm interface allows to manage the remote blocking and a code under constraint.","og_url":"https:\/\/idips.com\/en\/produit\/digitech-electronic-lock-with-timer-and-time-stamped-audit\/","og_site_name":"IDIPS - Serrures de haute s\u00e9curit\u00e9 pour coffre-fort","article_modified_time":"2023-06-09T13:13:01+00:00","og_image":[{"width":612,"height":588,"url":"https:\/\/idips.com\/wp-content\/uploads\/digitech.png","type":"image\/png"}],"twitter_card":"summary_large_image","schema":{"@context":"https:\/\/schema.org","@graph":[{"@type":"WebPage","@id":"https:\/\/idips.com\/en\/produit\/digitech-electronic-lock-with-timer-and-time-stamped-audit\/","url":"https:\/\/idips.com\/en\/produit\/digitech-electronic-lock-with-timer-and-time-stamped-audit\/","name":"Electronic lock, timer and time-stamped audit -DIGITECH","isPartOf":{"@id":"https:\/\/idips.com\/en\/#website"},"datePublished":"2022-09-30T15:48:48+00:00","dateModified":"2023-06-09T13:13:01+00:00","breadcrumb":{"@id":"https:\/\/idips.com\/en\/produit\/digitech-electronic-lock-with-timer-and-time-stamped-audit\/#breadcrumb"},"inLanguage":"en-US","potentialAction":[{"@type":"ReadAction","target":["https:\/\/idips.com\/en\/produit\/digitech-electronic-lock-with-timer-and-time-stamped-audit\/"]}]},{"@type":"BreadcrumbList","@id":"https:\/\/idips.com\/en\/produit\/digitech-electronic-lock-with-timer-and-time-stamped-audit\/#breadcrumb","itemListElement":[{"@type":"ListItem","position":1,"name":"Accueil","item":"https:\/\/idips.com\/en\/"},{"@type":"ListItem","position":2,"name":"Showroom","item":"https:\/\/idips.com\/en\/showroom\/"},{"@type":"ListItem","position":3,"name":"DIGITECH &#8211; Electronic lock with timer and time stamped audit."}]},{"@type":"WebSite","@id":"https:\/\/idips.com\/en\/#website","url":"https:\/\/idips.com\/en\/","name":"Serrure pour coffre-fort et syst\u00e8me de haute s\u00e9curit\u00e9","description":"Serrures et syst\u00e8mes de haute s\u00e9curit\u00e9","publisher":{"@id":"https:\/\/idips.com\/en\/#organization"},"alternateName":"IDIPS","potentialAction":[{"@type":"SearchAction","target":{"@type":"EntryPoint","urlTemplate":"https:\/\/idips.com\/en\/?s={search_term_string}"},"query-input":"required name=search_term_string"}],"inLanguage":"en-US"},{"@type":"Organization","@id":"https:\/\/idips.com\/en\/#organization","name":"Serrure pour coffre-fort et syst\u00e8me de haute s\u00e9curit\u00e9","alternateName":"IDIPS","url":"https:\/\/idips.com\/en\/","logo":{"@type":"ImageObject","inLanguage":"en-US","@id":"https:\/\/idips.com\/en\/#\/schema\/logo\/image\/","url":"https:\/\/idips.com\/wp-content\/uploads\/2022\/09\/idips_picto_brod.png","contentUrl":"https:\/\/idips.com\/wp-content\/uploads\/2022\/09\/idips_picto_brod.png","width":450,"height":450,"caption":"Serrure pour coffre-fort et syst\u00e8me de haute s\u00e9curit\u00e9"},"image":{"@id":"https:\/\/idips.com\/en\/#\/schema\/logo\/image\/"}}]}},"_links":{"self":[{"href":"https:\/\/idips.com\/en\/wp-json\/wp\/v2\/product\/1801"}],"collection":[{"href":"https:\/\/idips.com\/en\/wp-json\/wp\/v2\/product"}],"about":[{"href":"https:\/\/idips.com\/en\/wp-json\/wp\/v2\/types\/product"}],"wp:featuredmedia":[{"embeddable":true,"href":"https:\/\/idips.com\/en\/wp-json\/wp\/v2\/media\/1526"}],"wp:attachment":[{"href":"https:\/\/idips.com\/en\/wp-json\/wp\/v2\/media?parent=1801"}],"wp:term":[{"taxonomy":"product_cat","embeddable":true,"href":"https:\/\/idips.com\/en\/wp-json\/wp\/v2\/product_cat?post=1801"},{"taxonomy":"product_tag","embeddable":true,"href":"https:\/\/idips.com\/en\/wp-json\/wp\/v2\/product_tag?post=1801"}],"curies":[{"name":"wp","href":"https:\/\/api.w.org\/{rel}","templated":true}]}}