{"id":1777,"date":"2022-09-30T09:09:35","date_gmt":"2022-09-30T07:09:35","guid":{"rendered":"https:\/\/152qoasqgd.preview.infomaniak.website\/produit\/horo-4600-safe-lock-with-alarm-function-and-integrated-doct\/"},"modified":"2023-04-03T17:39:57","modified_gmt":"2023-04-03T15:39:57","slug":"horo-4600-safe-lock-with-alarm-function-and-integrated-doct","status":"publish","type":"product","link":"https:\/\/idips.com\/en\/produit\/horo-4600-safe-lock-with-alarm-function-and-integrated-doct\/","title":{"rendered":"HORO 4600 &#8211; Safe lock with alarm function and integrated DOCT"},"content":{"rendered":"<p>[et_pb_section fb_built=&#8221;1&#8243; _builder_version=&#8221;4.18.0&#8243; custom_margin=&#8221;0px||||false|false&#8221; custom_padding=&#8221;0px||||false|false&#8221; global_colors_info=&#8221;{}&#8221;][et_pb_row _builder_version=&#8221;4.16&#8243; background_size=&#8221;initial&#8221; background_position=&#8221;top_left&#8221; background_repeat=&#8221;repeat&#8221; width=&#8221;100%&#8221; custom_padding=&#8221;0px||0px||false|false&#8221; global_colors_info=&#8221;{}&#8221;][et_pb_column type=&#8221;4_4&#8243; _builder_version=&#8221;4.16&#8243; custom_padding=&#8221;|||&#8221; global_colors_info=&#8221;{}&#8221; custom_padding__hover=&#8221;|||&#8221;][et_pb_wc_breadcrumb _builder_version=&#8221;4.16&#8243; global_colors_info=&#8221;{}&#8221;][\/et_pb_wc_breadcrumb][et_pb_wc_cart_notice _builder_version=&#8221;4.18.0&#8243; global_colors_info=&#8221;{}&#8221;][\/et_pb_wc_cart_notice][\/et_pb_column][\/et_pb_row][et_pb_row column_structure=&#8221;1_2,1_2&#8243; _builder_version=&#8221;4.18.0&#8243; background_size=&#8221;initial&#8221; background_position=&#8221;top_left&#8221; background_repeat=&#8221;repeat&#8221; width=&#8221;100%&#8221; custom_margin=&#8221;100px||||false|false&#8221; custom_padding=&#8221;0px||||false|false&#8221; global_colors_info=&#8221;{}&#8221;][et_pb_column type=&#8221;1_2&#8243; _builder_version=&#8221;4.16&#8243; custom_padding=&#8221;|||&#8221; global_colors_info=&#8221;{}&#8221; custom_padding__hover=&#8221;|||&#8221;][et_pb_wc_images force_fullwidth=&#8221;on&#8221; _builder_version=&#8221;4.18.0&#8243; global_colors_info=&#8221;{}&#8221;][\/et_pb_wc_images][\/et_pb_column][et_pb_column type=&#8221;1_2&#8243; _builder_version=&#8221;4.16&#8243; custom_padding=&#8221;|||&#8221; global_colors_info=&#8221;{}&#8221; custom_padding__hover=&#8221;|||&#8221;][et_pb_wc_title _builder_version=&#8221;4.16&#8243; global_colors_info=&#8221;{}&#8221;][\/et_pb_wc_title][et_pb_button button_url=&#8221;tel:+33139188218&#8243; button_text=&#8221;Call now&#8221; disabled_on=&#8221;off|on|on&#8221; _builder_version=&#8221;4.19.1&#8243; _module_preset=&#8221;default&#8221; global_module=&#8221;999&#8243; saved_tabs=&#8221;all&#8221; global_colors_info=&#8221;{}&#8221;][\/et_pb_button][et_pb_button button_url=&#8221;@ET-DC@eyJkeW5hbWljIjp0cnVlLCJjb250ZW50IjoicG9zdF9saW5rX3VybF9wYWdlIiwic2V0dGluZ3MiOnsicG9zdF9pZCI6IjEzMDcifX0=@&#8221; button_text=&#8221;Consult us&#8221; _builder_version=&#8221;4.19.1&#8243; _dynamic_attributes=&#8221;button_url&#8221; _module_preset=&#8221;default&#8221; global_colors_info=&#8221;{}&#8221; global_module=&#8221;3456&#8243; theme_builder_area=&#8221;post_content&#8221;][\/et_pb_button][et_pb_wc_description _builder_version=&#8221;4.16&#8243; global_colors_info=&#8221;{}&#8221;][\/et_pb_wc_description][et_pb_divider _builder_version=&#8221;4.18.0&#8243; _module_preset=&#8221;default&#8221; global_colors_info=&#8221;{}&#8221;][\/et_pb_divider][et_pb_text _builder_version=&#8221;4.18.0&#8243; _module_preset=&#8221;default&#8221;]<\/p>\n<h2>Certifications<\/h2>\n<p><img loading=\"lazy\" src=\"https:\/\/152qoasqgd.preview.infomaniak.website\/wp-content\/uploads\/2022\/09\/logo-made-in-france.jpg\" width=\"126\" height=\"72\" alt=\"Logo Made in France\" class=\"wp-image-78 size-full\"><img loading=\"lazy\" src=\"https:\/\/152qoasqgd.preview.infomaniak.website\/wp-content\/uploads\/2022\/09\/Logo_A2P.jpg\" width=\"126\" height=\"72\" alt=\"A2P CNPP logo\" class=\"wp-image-79 size-full\"><\/p>\n<p>[\/et_pb_text][\/et_pb_column][\/et_pb_row][et_pb_row column_structure=&#8221;1_2,1_2&#8243; _builder_version=&#8221;4.16&#8243; background_size=&#8221;initial&#8221; background_position=&#8221;top_left&#8221; background_repeat=&#8221;repeat&#8221; width=&#8221;100%&#8221; global_colors_info=&#8221;{}&#8221;][et_pb_column type=&#8221;1_2&#8243; _builder_version=&#8221;4.16&#8243; custom_padding=&#8221;|||&#8221; global_colors_info=&#8221;{}&#8221; custom_padding__hover=&#8221;|||&#8221;][et_pb_wc_description description_type=&#8221;description&#8221; _builder_version=&#8221;4.18.0&#8243; _module_preset=&#8221;default&#8221; global_colors_info=&#8221;{}&#8221;][\/et_pb_wc_description][et_pb_wc_reviews _builder_version=&#8221;4.18.0&#8243; _module_preset=&#8221;default&#8221; global_colors_info=&#8221;{}&#8221;][\/et_pb_wc_reviews][\/et_pb_column][et_pb_column type=&#8221;1_2&#8243; _builder_version=&#8221;4.16&#8243; custom_padding=&#8221;|||&#8221; global_colors_info=&#8221;{}&#8221; custom_padding__hover=&#8221;|||&#8221;][\/et_pb_column][\/et_pb_row][\/et_pb_section]<\/p>\n","protected":false},"excerpt":{"rendered":"<p><span style=\"font-weight: 400;\">The HORO 4600 is a multi-code electronic swing bolt lock with an integrated LCD display and DOCT. It offers 1 supervisor code, 2 manager codes, 64 programmable codes.<\/span><\/p>\n<p><span style=\"font-weight: 400;\">It has the possibility to program time groups. A time-stamped audit is available.<\/span><\/p>\n<p><span style=\"font-weight: 400;\">Alarm inputs\/outputs allows to manage remote blocking and a code under constraint, door open too long.<\/span><\/p>\n","protected":false},"featured_media":1490,"template":"","meta":{"_et_pb_use_builder":"on","_et_pb_old_content":"<h2>FUNCTIONS<\/h2>\n\u00a0\n\n<strong>SUPERVISOR CODE<\/strong>\nIt allows the complete management of the lock: change of time, time delay, codes but it does not allow the opening of the lock.\n<strong>CODE MANAGER<\/strong>\nIt allows the management of the operation of the lock: user codes, time delay and also has the same functions as the user codes.\n<strong>USER CODE<\/strong>\nHe can start the timer, open the lock, trigger the alarm, change his own code and close the door, but he never has access to the settings.\n<strong>SPECIAL CODE FOR CONVEYORS<\/strong>\nIt allows a direct opening without delay, it can also trigger the alarm, change its own code and close the door.\n<strong>RANDOM DYNAMIC CODE<\/strong>\nThis system allows you to operate the lock without having any predefined user codes. A dialogue with an operator is necessary to obtain the opening code. This code can only be used once.\n<strong>ANTI-RETURN<\/strong>\nThe selected users cannot reopen the safe until an authorized person has opened the lock (conveyor function - max. 3 openings in 15 minutes, modifiable).\n<strong>TEMPORISATION<\/strong>\nThis function delays the opening of the lock. This mode is programmable from 0 to 99 minutes, followed by a programmable opening period from 1 to 19 minutes.\n<strong>STRESS TIMING<\/strong>\nA specific parameterization can be set up in case of opening under constraint.\n<strong>HORODAT AUDIT<\/strong>\nIt allows to have a precise follow-up of all the actions made on the lock: opening, closing, code error, parameter change. The locks can be interrogated either on the screen or on a PC.\n<strong>TIME FUNCTIONS<\/strong>\nThe lock can be programmed to prohibit or authorize access to different users according to date and time and to program exceptional closing or opening days.\n<strong>DURESS ALARM<\/strong>\nEach user can send a signal to warn of a forced opening.\n<strong>ANTI-HANDLING<\/strong>\nAfter several attempts to open the lock, the lock goes into penalty mode for a programmed period of time.\n<strong>REMOTE BLOCKING<\/strong>\nAn input is available to control the locking of the system. It allows to manage the slaves between the safes and the doors and to use the opening and timing of the alarm system.\n<strong>DOCT<\/strong>\nOur systems include seismic and thermal detection as well as door and lock opening functions.\n<strong>IN\/OUT<\/strong>\nAn interface is available as an option to communicate with a central alarm station.\n<strong>DOOR OPEN TOO LONG<\/strong>\nThis function sends an alarm signal in case the door of the safe remains open beyond the authorized time, a visual and audible signal indicates to the user his forgetfulness.\n\n\u00a0\n\n[learn_more caption=\"Documentation\" state=\"close\"]  Link to the doc[\/learn_more]\n[learn_more caption=\"Notice d'utilisation\" state=\"close\"]  Link to the leaflet[\/learn_more]\n[learn_more caption=\"Guide d'installation\" state=\"close\"]  Link to the guide[\/learn_more]","_et_gb_content_width":""},"product_cat":[66],"product_tag":[79,82,91],"yoast_head":"<!-- This site is optimized with the Yoast SEO plugin v20.6 - https:\/\/yoast.com\/wordpress\/plugins\/seo\/ -->\n<title>HORO 4600 Safe lock with alarm and integrated DOCT<\/title>\n<meta name=\"description\" content=\"Electronic time-programmed lock, multi-code, with oscillating bolt for safe with alarm function and integrated seismic and thermal detector.\" \/>\n<meta name=\"robots\" content=\"index, follow, max-snippet:-1, max-image-preview:large, max-video-preview:-1\" \/>\n<link rel=\"canonical\" href=\"https:\/\/idips.com\/en\/produit\/horo-4600-safe-lock-with-alarm-function-and-integrated-doct\/\" \/>\n<meta property=\"og:locale\" content=\"en_US\" \/>\n<meta property=\"og:type\" content=\"article\" \/>\n<meta property=\"og:title\" content=\"HORO 4600 Safe lock with alarm and integrated DOCT\" \/>\n<meta property=\"og:description\" content=\"Electronic time-programmed lock, multi-code, with oscillating bolt for safe with alarm function and integrated seismic and thermal detector.\" \/>\n<meta property=\"og:url\" content=\"https:\/\/idips.com\/en\/produit\/horo-4600-safe-lock-with-alarm-function-and-integrated-doct\/\" \/>\n<meta property=\"og:site_name\" content=\"IDIPS - Serrures de haute s\u00e9curit\u00e9 pour coffre-fort\" \/>\n<meta property=\"article:modified_time\" content=\"2023-04-03T15:39:57+00:00\" \/>\n<meta property=\"og:image\" content=\"https:\/\/idips.com\/wp-content\/uploads\/4600-oscillant.png\" \/>\n\t<meta property=\"og:image:width\" content=\"609\" \/>\n\t<meta property=\"og:image:height\" content=\"535\" \/>\n\t<meta property=\"og:image:type\" content=\"image\/png\" \/>\n<meta name=\"twitter:card\" content=\"summary_large_image\" \/>\n<script type=\"application\/ld+json\" class=\"yoast-schema-graph\">{\"@context\":\"https:\/\/schema.org\",\"@graph\":[{\"@type\":\"WebPage\",\"@id\":\"https:\/\/idips.com\/en\/produit\/horo-4600-safe-lock-with-alarm-function-and-integrated-doct\/\",\"url\":\"https:\/\/idips.com\/en\/produit\/horo-4600-safe-lock-with-alarm-function-and-integrated-doct\/\",\"name\":\"HORO 4600 Safe lock with alarm and integrated DOCT\",\"isPartOf\":{\"@id\":\"https:\/\/idips.com\/en\/#website\"},\"datePublished\":\"2022-09-30T07:09:35+00:00\",\"dateModified\":\"2023-04-03T15:39:57+00:00\",\"description\":\"Electronic time-programmed lock, multi-code, with oscillating bolt for safe with alarm function and integrated seismic and thermal detector.\",\"breadcrumb\":{\"@id\":\"https:\/\/idips.com\/en\/produit\/horo-4600-safe-lock-with-alarm-function-and-integrated-doct\/#breadcrumb\"},\"inLanguage\":\"en-US\",\"potentialAction\":[{\"@type\":\"ReadAction\",\"target\":[\"https:\/\/idips.com\/en\/produit\/horo-4600-safe-lock-with-alarm-function-and-integrated-doct\/\"]}]},{\"@type\":\"BreadcrumbList\",\"@id\":\"https:\/\/idips.com\/en\/produit\/horo-4600-safe-lock-with-alarm-function-and-integrated-doct\/#breadcrumb\",\"itemListElement\":[{\"@type\":\"ListItem\",\"position\":1,\"name\":\"Accueil\",\"item\":\"https:\/\/idips.com\/en\/\"},{\"@type\":\"ListItem\",\"position\":2,\"name\":\"Showroom\",\"item\":\"https:\/\/idips.com\/en\/showroom\/\"},{\"@type\":\"ListItem\",\"position\":3,\"name\":\"HORO 4600 &#8211; Safe lock with alarm function and integrated DOCT\"}]},{\"@type\":\"WebSite\",\"@id\":\"https:\/\/idips.com\/en\/#website\",\"url\":\"https:\/\/idips.com\/en\/\",\"name\":\"Serrure pour coffre-fort et syst\u00e8me de haute s\u00e9curit\u00e9\",\"description\":\"Serrures et syst\u00e8mes de haute s\u00e9curit\u00e9\",\"publisher\":{\"@id\":\"https:\/\/idips.com\/en\/#organization\"},\"alternateName\":\"IDIPS\",\"potentialAction\":[{\"@type\":\"SearchAction\",\"target\":{\"@type\":\"EntryPoint\",\"urlTemplate\":\"https:\/\/idips.com\/en\/?s={search_term_string}\"},\"query-input\":\"required name=search_term_string\"}],\"inLanguage\":\"en-US\"},{\"@type\":\"Organization\",\"@id\":\"https:\/\/idips.com\/en\/#organization\",\"name\":\"Serrure pour coffre-fort et syst\u00e8me de haute s\u00e9curit\u00e9\",\"alternateName\":\"IDIPS\",\"url\":\"https:\/\/idips.com\/en\/\",\"logo\":{\"@type\":\"ImageObject\",\"inLanguage\":\"en-US\",\"@id\":\"https:\/\/idips.com\/en\/#\/schema\/logo\/image\/\",\"url\":\"https:\/\/idips.com\/wp-content\/uploads\/2022\/09\/idips_picto_brod.png\",\"contentUrl\":\"https:\/\/idips.com\/wp-content\/uploads\/2022\/09\/idips_picto_brod.png\",\"width\":450,\"height\":450,\"caption\":\"Serrure pour coffre-fort et syst\u00e8me de haute s\u00e9curit\u00e9\"},\"image\":{\"@id\":\"https:\/\/idips.com\/en\/#\/schema\/logo\/image\/\"}}]}<\/script>\n<!-- \/ Yoast SEO plugin. -->","yoast_head_json":{"title":"HORO 4600 Safe lock with alarm and integrated DOCT","description":"Electronic time-programmed lock, multi-code, with oscillating bolt for safe with alarm function and integrated seismic and thermal detector.","robots":{"index":"index","follow":"follow","max-snippet":"max-snippet:-1","max-image-preview":"max-image-preview:large","max-video-preview":"max-video-preview:-1"},"canonical":"https:\/\/idips.com\/en\/produit\/horo-4600-safe-lock-with-alarm-function-and-integrated-doct\/","og_locale":"en_US","og_type":"article","og_title":"HORO 4600 Safe lock with alarm and integrated DOCT","og_description":"Electronic time-programmed lock, multi-code, with oscillating bolt for safe with alarm function and integrated seismic and thermal detector.","og_url":"https:\/\/idips.com\/en\/produit\/horo-4600-safe-lock-with-alarm-function-and-integrated-doct\/","og_site_name":"IDIPS - Serrures de haute s\u00e9curit\u00e9 pour coffre-fort","article_modified_time":"2023-04-03T15:39:57+00:00","og_image":[{"width":609,"height":535,"url":"https:\/\/idips.com\/wp-content\/uploads\/4600-oscillant.png","type":"image\/png"}],"twitter_card":"summary_large_image","schema":{"@context":"https:\/\/schema.org","@graph":[{"@type":"WebPage","@id":"https:\/\/idips.com\/en\/produit\/horo-4600-safe-lock-with-alarm-function-and-integrated-doct\/","url":"https:\/\/idips.com\/en\/produit\/horo-4600-safe-lock-with-alarm-function-and-integrated-doct\/","name":"HORO 4600 Safe lock with alarm and integrated DOCT","isPartOf":{"@id":"https:\/\/idips.com\/en\/#website"},"datePublished":"2022-09-30T07:09:35+00:00","dateModified":"2023-04-03T15:39:57+00:00","description":"Electronic time-programmed lock, multi-code, with oscillating bolt for safe with alarm function and integrated seismic and thermal detector.","breadcrumb":{"@id":"https:\/\/idips.com\/en\/produit\/horo-4600-safe-lock-with-alarm-function-and-integrated-doct\/#breadcrumb"},"inLanguage":"en-US","potentialAction":[{"@type":"ReadAction","target":["https:\/\/idips.com\/en\/produit\/horo-4600-safe-lock-with-alarm-function-and-integrated-doct\/"]}]},{"@type":"BreadcrumbList","@id":"https:\/\/idips.com\/en\/produit\/horo-4600-safe-lock-with-alarm-function-and-integrated-doct\/#breadcrumb","itemListElement":[{"@type":"ListItem","position":1,"name":"Accueil","item":"https:\/\/idips.com\/en\/"},{"@type":"ListItem","position":2,"name":"Showroom","item":"https:\/\/idips.com\/en\/showroom\/"},{"@type":"ListItem","position":3,"name":"HORO 4600 &#8211; Safe lock with alarm function and integrated DOCT"}]},{"@type":"WebSite","@id":"https:\/\/idips.com\/en\/#website","url":"https:\/\/idips.com\/en\/","name":"Serrure pour coffre-fort et syst\u00e8me de haute s\u00e9curit\u00e9","description":"Serrures et syst\u00e8mes de haute s\u00e9curit\u00e9","publisher":{"@id":"https:\/\/idips.com\/en\/#organization"},"alternateName":"IDIPS","potentialAction":[{"@type":"SearchAction","target":{"@type":"EntryPoint","urlTemplate":"https:\/\/idips.com\/en\/?s={search_term_string}"},"query-input":"required name=search_term_string"}],"inLanguage":"en-US"},{"@type":"Organization","@id":"https:\/\/idips.com\/en\/#organization","name":"Serrure pour coffre-fort et syst\u00e8me de haute s\u00e9curit\u00e9","alternateName":"IDIPS","url":"https:\/\/idips.com\/en\/","logo":{"@type":"ImageObject","inLanguage":"en-US","@id":"https:\/\/idips.com\/en\/#\/schema\/logo\/image\/","url":"https:\/\/idips.com\/wp-content\/uploads\/2022\/09\/idips_picto_brod.png","contentUrl":"https:\/\/idips.com\/wp-content\/uploads\/2022\/09\/idips_picto_brod.png","width":450,"height":450,"caption":"Serrure pour coffre-fort et syst\u00e8me de haute s\u00e9curit\u00e9"},"image":{"@id":"https:\/\/idips.com\/en\/#\/schema\/logo\/image\/"}}]}},"_links":{"self":[{"href":"https:\/\/idips.com\/en\/wp-json\/wp\/v2\/product\/1777"}],"collection":[{"href":"https:\/\/idips.com\/en\/wp-json\/wp\/v2\/product"}],"about":[{"href":"https:\/\/idips.com\/en\/wp-json\/wp\/v2\/types\/product"}],"wp:featuredmedia":[{"embeddable":true,"href":"https:\/\/idips.com\/en\/wp-json\/wp\/v2\/media\/1490"}],"wp:attachment":[{"href":"https:\/\/idips.com\/en\/wp-json\/wp\/v2\/media?parent=1777"}],"wp:term":[{"taxonomy":"product_cat","embeddable":true,"href":"https:\/\/idips.com\/en\/wp-json\/wp\/v2\/product_cat?post=1777"},{"taxonomy":"product_tag","embeddable":true,"href":"https:\/\/idips.com\/en\/wp-json\/wp\/v2\/product_tag?post=1777"}],"curies":[{"name":"wp","href":"https:\/\/api.w.org\/{rel}","templated":true}]}}