{"id":2558,"date":"2022-11-19T15:14:54","date_gmt":"2022-11-19T14:14:54","guid":{"rendered":"https:\/\/152qoasqgd.preview.infomaniak.website\/?post_type=product&#038;p=2558"},"modified":"2023-04-03T17:10:11","modified_gmt":"2023-04-03T15:10:11","slug":"la-gard-704-hochsicherheitszeitschloss-fuer-tresore","status":"publish","type":"product","link":"https:\/\/idips.com\/de\/produit\/la-gard-704-hochsicherheitszeitschloss-fuer-tresore\/","title":{"rendered":"LA GARD 704 &#8211; Hochsicherheitszeitschloss f\u00fcr Tresore"},"content":{"rendered":"<p>[et_pb_section fb_built=&#8221;1&#8243; _builder_version=&#8221;4.18.0&#8243; custom_margin=&#8221;0px||||false|false&#8221; custom_padding=&#8221;0px||||false|false&#8221; global_colors_info=&#8221;{}&#8221;][et_pb_row _builder_version=&#8221;4.16&#8243; background_size=&#8221;initial&#8221; background_position=&#8221;top_left&#8221; background_repeat=&#8221;repeat&#8221; width=&#8221;100%&#8221; custom_padding=&#8221;0px||0px||false|false&#8221; global_colors_info=&#8221;{}&#8221;][et_pb_column type=&#8221;4_4&#8243; _builder_version=&#8221;4.16&#8243; custom_padding=&#8221;|||&#8221; global_colors_info=&#8221;{}&#8221; custom_padding__hover=&#8221;|||&#8221;][et_pb_wc_breadcrumb _builder_version=&#8221;4.16&#8243; global_colors_info=&#8221;{}&#8221;][\/et_pb_wc_breadcrumb][et_pb_wc_cart_notice _builder_version=&#8221;4.18.0&#8243; global_colors_info=&#8221;{}&#8221;][\/et_pb_wc_cart_notice][\/et_pb_column][\/et_pb_row][et_pb_row column_structure=&#8221;1_2,1_2&#8243; _builder_version=&#8221;4.18.0&#8243; background_size=&#8221;initial&#8221; background_position=&#8221;top_left&#8221; background_repeat=&#8221;repeat&#8221; width=&#8221;100%&#8221; custom_margin=&#8221;100px||||false|false&#8221; custom_padding=&#8221;0px||||false|false&#8221; locked=&#8221;off&#8221; global_colors_info=&#8221;{}&#8221;][et_pb_column type=&#8221;1_2&#8243; _builder_version=&#8221;4.16&#8243; custom_padding=&#8221;|||&#8221; global_colors_info=&#8221;{}&#8221; custom_padding__hover=&#8221;|||&#8221;][et_pb_wc_images force_fullwidth=&#8221;on&#8221; _builder_version=&#8221;4.18.0&#8243; global_colors_info=&#8221;{}&#8221;][\/et_pb_wc_images][\/et_pb_column][et_pb_column type=&#8221;1_2&#8243; _builder_version=&#8221;4.16&#8243; custom_padding=&#8221;|||&#8221; global_colors_info=&#8221;{}&#8221; custom_padding__hover=&#8221;|||&#8221;][et_pb_wc_title _builder_version=&#8221;4.16&#8243; global_colors_info=&#8221;{}&#8221;][\/et_pb_wc_title][et_pb_button button_url=&#8221;tel:+33139188218&#8243; button_text=&#8221;Jetzt anrufen&#8221; disabled_on=&#8221;off|on|on&#8221; _builder_version=&#8221;4.19.1&#8243; _module_preset=&#8221;default&#8221; global_module=&#8221;999&#8243; global_colors_info=&#8221;{}&#8221;][\/et_pb_button][et_pb_button button_url=&#8221;@ET-DC@eyJkeW5hbWljIjp0cnVlLCJjb250ZW50IjoicG9zdF9saW5rX3VybF9wYWdlIiwic2V0dGluZ3MiOnsicG9zdF9pZCI6IjEzMDcifX0=@&#8221; button_text=&#8221;Bitte fragen Sie uns&#8221; _builder_version=&#8221;4.19.1&#8243; _dynamic_attributes=&#8221;button_url&#8221; _module_preset=&#8221;default&#8221; global_colors_info=&#8221;{}&#8221; global_module=&#8221;3456&#8243; theme_builder_area=&#8221;post_content&#8221;][\/et_pb_button][et_pb_wc_description _builder_version=&#8221;4.16&#8243; global_colors_info=&#8221;{}&#8221;][\/et_pb_wc_description][et_pb_divider _builder_version=&#8221;4.18.0&#8243; _module_preset=&#8221;default&#8221; global_colors_info=&#8221;{}&#8221;][\/et_pb_divider][et_pb_text _builder_version=&#8221;4.18.0&#8243; _module_preset=&#8221;default&#8221; locked=&#8221;off&#8221; global_colors_info=&#8221;{}&#8221;]<\/p>\n<h2>Zertifizierungen<\/h2>\n<p><span style=\"font-weight: 400;\"><br \/><img loading=\"lazy\" src=\"https:\/\/152qoasqgd.preview.infomaniak.website\/wp-content\/uploads\/vds-logo-de.jpg\" width=\"51\" height=\"51\" alt=\"vds-logo-de\" class=\"wp-image-705 size-full\" srcset=\"https:\/\/idips.com\/wp-content\/uploads\/vds-logo-de.jpg 120w, https:\/\/idips.com\/wp-content\/uploads\/vds-logo-de-100x100.jpg 100w\" sizes=\"(max-width: 51px) 100vw, 51px\" \/> <br \/>EN 1300B VDS Klasse B<\/span><\/p>\n<p>[\/et_pb_text][\/et_pb_column][\/et_pb_row][et_pb_row column_structure=&#8221;1_2,1_2&#8243; _builder_version=&#8221;4.16&#8243; background_size=&#8221;initial&#8221; background_position=&#8221;top_left&#8221; background_repeat=&#8221;repeat&#8221; width=&#8221;100%&#8221; global_colors_info=&#8221;{}&#8221;][et_pb_column type=&#8221;1_2&#8243; _builder_version=&#8221;4.16&#8243; custom_padding=&#8221;|||&#8221; global_colors_info=&#8221;{}&#8221; custom_padding__hover=&#8221;|||&#8221;][et_pb_wc_description description_type=&#8221;description&#8221; _builder_version=&#8221;4.18.0&#8243; _module_preset=&#8221;default&#8221; global_colors_info=&#8221;{}&#8221;][\/et_pb_wc_description][et_pb_wc_reviews _builder_version=&#8221;4.18.0&#8243; _module_preset=&#8221;default&#8221; global_colors_info=&#8221;{}&#8221;][\/et_pb_wc_reviews][\/et_pb_column][et_pb_column type=&#8221;1_2&#8243; _builder_version=&#8221;4.16&#8243; custom_padding=&#8221;|||&#8221; global_colors_info=&#8221;{}&#8221; custom_padding__hover=&#8221;|||&#8221;][\/et_pb_column][\/et_pb_row][\/et_pb_section]<\/p>\n","protected":false},"excerpt":{"rendered":"<p>Das Schloss besteht aus zwei Komponenten, einer elektronischen Kombinationstastatur und einem Schloss mit Schwingriegel.<\/p>\n<p>Die LA GARD 704 erm\u00f6glicht die Verwaltung von f\u00fcnf Schl\u00f6ssern. Sie bietet Zeitfenster, eine \u00d6ffnungsverz\u00f6gerung, die M\u00f6glichkeit mehrerer Benutzer und eine Pr\u00fcfung mit Zeitstempel. Dieses Schloss gibt es in drei verf\u00fcgbaren Bolzenarten, schwingend, schlafend oder mit Schlosst\u00fcr.<\/p>\n<p>Dieses Schloss ist f\u00fcr den professionellen Einsatz bestimmt und eignet sich hervorragend zum Schutz von Schlie\u00dff\u00e4chern, Geldautomatenk\u00e4sten und Tresort\u00fcren.<\/p>\n","protected":false},"featured_media":1620,"template":"","meta":{"_et_pb_use_builder":"on","_et_pb_old_content":"<h2>FUNKTIONEN<\/h2>\n\u00a0\n\n<strong>VERWALTUNG VON SCHL\u00d6SSERN (5)<\/strong>\n<strong>1 SUPERVISOR-CODE<\/strong>\n<strong>1 CODE MANAGER<\/strong>\n<strong>28 BENUTZERCODES<\/strong>\n<strong>CONVOYEUR CODE<\/strong>\n<strong>DUAL MODE<\/strong>\n<strong>HORODATE AUDIT<\/strong>\n<strong>ZWANGSCODE<\/strong>\n<strong>ZEITPLAN<\/strong>\n<strong>TEMPORISIERUNG<\/strong>\n<strong>BLOCKIERUNG BEI FALSCHEM CODE<\/strong>\n<strong>STROMVERSORGUNG 2 X 9V-BATTERIEN<\/strong>\n<strong>EXTERNE 12V-STROMVERSORGUNG<\/strong>\n<strong>GIBT ES MIT SCHWENKRIEGEL, RIEGEL, SCHLOSSFALLE<\/strong>\n<strong>OPTION RIEGELKONTAKT<\/strong>\n<strong>OPTIONAL EXTRA FLACHE TASTATUR<\/strong>\n<strong>OLED-DISPLAY-OPTION<\/strong>\n<strong>OPTION FERNSPERRE<\/strong>\n<strong>ZWANGSALARMOPTION<\/strong>\n\n\u00a0\n\n[learn_more caption=\"Documentation\" state=\"close\"]  Link zum Dok[\/learn_more]\n[learn_more caption=\"Notice d'utilisation\" state=\"close\"]  Link zum Merkblatt[\/learn_more]\n[learn_more caption=\"Guide d'installation\" state=\"close\"]  Link zum Leitfaden[\/learn_more]","_et_gb_content_width":""},"product_cat":[69],"product_tag":[83,92],"yoast_head":"<!-- This site is optimized with the Yoast SEO plugin v20.6 - https:\/\/yoast.com\/wordpress\/plugins\/seo\/ -->\n<title>Zeitschloss f\u00fcr Tresor LA GARD-704<\/title>\n<meta name=\"description\" content=\"Dieses Zeitschloss f\u00fcr Tresore LA GARD-704 eignet sich f\u00fcr den Schutz von Depositenk\u00e4sten, Geldautomaten und Tresort\u00fcren.\" \/>\n<meta name=\"robots\" content=\"index, follow, max-snippet:-1, max-image-preview:large, max-video-preview:-1\" \/>\n<link rel=\"canonical\" href=\"https:\/\/idips.com\/de\/produit\/la-gard-704-hochsicherheitszeitschloss-fuer-tresore\/\" \/>\n<meta property=\"og:locale\" content=\"de_DE\" \/>\n<meta property=\"og:type\" content=\"article\" \/>\n<meta property=\"og:title\" content=\"Zeitschloss f\u00fcr Tresor LA GARD-704\" \/>\n<meta property=\"og:description\" content=\"Dieses Zeitschloss f\u00fcr Tresore LA GARD-704 eignet sich f\u00fcr den Schutz von Depositenk\u00e4sten, Geldautomaten und Tresort\u00fcren.\" \/>\n<meta property=\"og:url\" content=\"https:\/\/idips.com\/de\/produit\/la-gard-704-hochsicherheitszeitschloss-fuer-tresore\/\" \/>\n<meta property=\"og:site_name\" content=\"IDIPS - Serrures de haute s\u00e9curit\u00e9 pour coffre-fort\" \/>\n<meta property=\"article:modified_time\" content=\"2023-04-03T15:10:11+00:00\" \/>\n<meta property=\"og:image\" content=\"https:\/\/idips.com\/wp-content\/uploads\/LAGARD703-1-e1665593979472.png\" \/>\n\t<meta property=\"og:image:width\" content=\"622\" \/>\n\t<meta property=\"og:image:height\" content=\"475\" \/>\n\t<meta property=\"og:image:type\" content=\"image\/png\" \/>\n<meta name=\"twitter:card\" content=\"summary_large_image\" \/>\n<script type=\"application\/ld+json\" class=\"yoast-schema-graph\">{\"@context\":\"https:\/\/schema.org\",\"@graph\":[{\"@type\":\"WebPage\",\"@id\":\"https:\/\/idips.com\/de\/produit\/la-gard-704-hochsicherheitszeitschloss-fuer-tresore\/\",\"url\":\"https:\/\/idips.com\/de\/produit\/la-gard-704-hochsicherheitszeitschloss-fuer-tresore\/\",\"name\":\"Zeitschloss f\u00fcr Tresor LA GARD-704\",\"isPartOf\":{\"@id\":\"https:\/\/idips.com\/de\/#website\"},\"datePublished\":\"2022-11-19T14:14:54+00:00\",\"dateModified\":\"2023-04-03T15:10:11+00:00\",\"description\":\"Dieses Zeitschloss f\u00fcr Tresore LA GARD-704 eignet sich f\u00fcr den Schutz von Depositenk\u00e4sten, Geldautomaten und Tresort\u00fcren.\",\"breadcrumb\":{\"@id\":\"https:\/\/idips.com\/de\/produit\/la-gard-704-hochsicherheitszeitschloss-fuer-tresore\/#breadcrumb\"},\"inLanguage\":\"de-DE\",\"potentialAction\":[{\"@type\":\"ReadAction\",\"target\":[\"https:\/\/idips.com\/de\/produit\/la-gard-704-hochsicherheitszeitschloss-fuer-tresore\/\"]}]},{\"@type\":\"BreadcrumbList\",\"@id\":\"https:\/\/idips.com\/de\/produit\/la-gard-704-hochsicherheitszeitschloss-fuer-tresore\/#breadcrumb\",\"itemListElement\":[{\"@type\":\"ListItem\",\"position\":1,\"name\":\"Accueil\",\"item\":\"https:\/\/idips.com\/de\/\"},{\"@type\":\"ListItem\",\"position\":2,\"name\":\"Showroom\",\"item\":\"https:\/\/idips.com\/de\/showroom\/\"},{\"@type\":\"ListItem\",\"position\":3,\"name\":\"LA GARD 704 &#8211; Hochsicherheitszeitschloss f\u00fcr Tresore\"}]},{\"@type\":\"WebSite\",\"@id\":\"https:\/\/idips.com\/de\/#website\",\"url\":\"https:\/\/idips.com\/de\/\",\"name\":\"Serrure pour coffre-fort et syst\u00e8me de haute s\u00e9curit\u00e9\",\"description\":\"Serrures et syst\u00e8mes de haute s\u00e9curit\u00e9\",\"publisher\":{\"@id\":\"https:\/\/idips.com\/de\/#organization\"},\"alternateName\":\"IDIPS\",\"potentialAction\":[{\"@type\":\"SearchAction\",\"target\":{\"@type\":\"EntryPoint\",\"urlTemplate\":\"https:\/\/idips.com\/de\/?s={search_term_string}\"},\"query-input\":\"required name=search_term_string\"}],\"inLanguage\":\"de-DE\"},{\"@type\":\"Organization\",\"@id\":\"https:\/\/idips.com\/de\/#organization\",\"name\":\"Serrure pour coffre-fort et syst\u00e8me de haute s\u00e9curit\u00e9\",\"alternateName\":\"IDIPS\",\"url\":\"https:\/\/idips.com\/de\/\",\"logo\":{\"@type\":\"ImageObject\",\"inLanguage\":\"de-DE\",\"@id\":\"https:\/\/idips.com\/de\/#\/schema\/logo\/image\/\",\"url\":\"https:\/\/idips.com\/wp-content\/uploads\/2022\/09\/idips_picto_brod.png\",\"contentUrl\":\"https:\/\/idips.com\/wp-content\/uploads\/2022\/09\/idips_picto_brod.png\",\"width\":450,\"height\":450,\"caption\":\"Serrure pour coffre-fort et syst\u00e8me de haute s\u00e9curit\u00e9\"},\"image\":{\"@id\":\"https:\/\/idips.com\/de\/#\/schema\/logo\/image\/\"}}]}<\/script>\n<!-- \/ Yoast SEO plugin. -->","yoast_head_json":{"title":"Zeitschloss f\u00fcr Tresor LA GARD-704","description":"Dieses Zeitschloss f\u00fcr Tresore LA GARD-704 eignet sich f\u00fcr den Schutz von Depositenk\u00e4sten, Geldautomaten und Tresort\u00fcren.","robots":{"index":"index","follow":"follow","max-snippet":"max-snippet:-1","max-image-preview":"max-image-preview:large","max-video-preview":"max-video-preview:-1"},"canonical":"https:\/\/idips.com\/de\/produit\/la-gard-704-hochsicherheitszeitschloss-fuer-tresore\/","og_locale":"de_DE","og_type":"article","og_title":"Zeitschloss f\u00fcr Tresor LA GARD-704","og_description":"Dieses Zeitschloss f\u00fcr Tresore LA GARD-704 eignet sich f\u00fcr den Schutz von Depositenk\u00e4sten, Geldautomaten und Tresort\u00fcren.","og_url":"https:\/\/idips.com\/de\/produit\/la-gard-704-hochsicherheitszeitschloss-fuer-tresore\/","og_site_name":"IDIPS - Serrures de haute s\u00e9curit\u00e9 pour coffre-fort","article_modified_time":"2023-04-03T15:10:11+00:00","og_image":[{"width":622,"height":475,"url":"https:\/\/idips.com\/wp-content\/uploads\/LAGARD703-1-e1665593979472.png","type":"image\/png"}],"twitter_card":"summary_large_image","schema":{"@context":"https:\/\/schema.org","@graph":[{"@type":"WebPage","@id":"https:\/\/idips.com\/de\/produit\/la-gard-704-hochsicherheitszeitschloss-fuer-tresore\/","url":"https:\/\/idips.com\/de\/produit\/la-gard-704-hochsicherheitszeitschloss-fuer-tresore\/","name":"Zeitschloss f\u00fcr Tresor LA GARD-704","isPartOf":{"@id":"https:\/\/idips.com\/de\/#website"},"datePublished":"2022-11-19T14:14:54+00:00","dateModified":"2023-04-03T15:10:11+00:00","description":"Dieses Zeitschloss f\u00fcr Tresore LA GARD-704 eignet sich f\u00fcr den Schutz von Depositenk\u00e4sten, Geldautomaten und Tresort\u00fcren.","breadcrumb":{"@id":"https:\/\/idips.com\/de\/produit\/la-gard-704-hochsicherheitszeitschloss-fuer-tresore\/#breadcrumb"},"inLanguage":"de-DE","potentialAction":[{"@type":"ReadAction","target":["https:\/\/idips.com\/de\/produit\/la-gard-704-hochsicherheitszeitschloss-fuer-tresore\/"]}]},{"@type":"BreadcrumbList","@id":"https:\/\/idips.com\/de\/produit\/la-gard-704-hochsicherheitszeitschloss-fuer-tresore\/#breadcrumb","itemListElement":[{"@type":"ListItem","position":1,"name":"Accueil","item":"https:\/\/idips.com\/de\/"},{"@type":"ListItem","position":2,"name":"Showroom","item":"https:\/\/idips.com\/de\/showroom\/"},{"@type":"ListItem","position":3,"name":"LA GARD 704 &#8211; Hochsicherheitszeitschloss f\u00fcr Tresore"}]},{"@type":"WebSite","@id":"https:\/\/idips.com\/de\/#website","url":"https:\/\/idips.com\/de\/","name":"Serrure pour coffre-fort et syst\u00e8me de haute s\u00e9curit\u00e9","description":"Serrures et syst\u00e8mes de haute s\u00e9curit\u00e9","publisher":{"@id":"https:\/\/idips.com\/de\/#organization"},"alternateName":"IDIPS","potentialAction":[{"@type":"SearchAction","target":{"@type":"EntryPoint","urlTemplate":"https:\/\/idips.com\/de\/?s={search_term_string}"},"query-input":"required name=search_term_string"}],"inLanguage":"de-DE"},{"@type":"Organization","@id":"https:\/\/idips.com\/de\/#organization","name":"Serrure pour coffre-fort et syst\u00e8me de haute s\u00e9curit\u00e9","alternateName":"IDIPS","url":"https:\/\/idips.com\/de\/","logo":{"@type":"ImageObject","inLanguage":"de-DE","@id":"https:\/\/idips.com\/de\/#\/schema\/logo\/image\/","url":"https:\/\/idips.com\/wp-content\/uploads\/2022\/09\/idips_picto_brod.png","contentUrl":"https:\/\/idips.com\/wp-content\/uploads\/2022\/09\/idips_picto_brod.png","width":450,"height":450,"caption":"Serrure pour coffre-fort et syst\u00e8me de haute s\u00e9curit\u00e9"},"image":{"@id":"https:\/\/idips.com\/de\/#\/schema\/logo\/image\/"}}]}},"_links":{"self":[{"href":"https:\/\/idips.com\/de\/wp-json\/wp\/v2\/product\/2558"}],"collection":[{"href":"https:\/\/idips.com\/de\/wp-json\/wp\/v2\/product"}],"about":[{"href":"https:\/\/idips.com\/de\/wp-json\/wp\/v2\/types\/product"}],"wp:featuredmedia":[{"embeddable":true,"href":"https:\/\/idips.com\/de\/wp-json\/wp\/v2\/media\/1620"}],"wp:attachment":[{"href":"https:\/\/idips.com\/de\/wp-json\/wp\/v2\/media?parent=2558"}],"wp:term":[{"taxonomy":"product_cat","embeddable":true,"href":"https:\/\/idips.com\/de\/wp-json\/wp\/v2\/product_cat?post=2558"},{"taxonomy":"product_tag","embeddable":true,"href":"https:\/\/idips.com\/de\/wp-json\/wp\/v2\/product_tag?post=2558"}],"curies":[{"name":"wp","href":"https:\/\/api.w.org\/{rel}","templated":true}]}}