{"id":1802,"date":"2022-09-30T17:48:48","date_gmt":"2022-09-30T15:48:48","guid":{"rendered":"https:\/\/152qoasqgd.preview.infomaniak.website\/produit\/digitech-elektronisches-schloss-mit-zeitsteuerung-und-zeitgesteuerter-pruefung\/"},"modified":"2023-04-03T17:19:19","modified_gmt":"2023-04-03T15:19:19","slug":"digitech-elektronisches-schloss-mit-zeitsteuerung-und-zeitgesteuerter-pruefung","status":"publish","type":"product","link":"https:\/\/idips.com\/de\/produit\/digitech-elektronisches-schloss-mit-zeitsteuerung-und-zeitgesteuerter-pruefung\/","title":{"rendered":"DIGITECH &#8211; Elektronisches Schloss mit Zeitsteuerung und zeitgesteuerter Pr\u00fcfung."},"content":{"rendered":"<p>[et_pb_section fb_built=&#8221;1&#8243; _builder_version=&#8221;4.18.0&#8243; custom_margin=&#8221;0px||||false|false&#8221; custom_padding=&#8221;0px||||false|false&#8221; global_colors_info=&#8221;{}&#8221;][et_pb_row _builder_version=&#8221;4.16&#8243; background_size=&#8221;initial&#8221; background_position=&#8221;top_left&#8221; background_repeat=&#8221;repeat&#8221; width=&#8221;100%&#8221; custom_padding=&#8221;0px||0px||false|false&#8221; global_colors_info=&#8221;{}&#8221;][et_pb_column type=&#8221;4_4&#8243; _builder_version=&#8221;4.16&#8243; custom_padding=&#8221;|||&#8221; global_colors_info=&#8221;{}&#8221; custom_padding__hover=&#8221;|||&#8221;][et_pb_wc_breadcrumb _builder_version=&#8221;4.16&#8243; global_colors_info=&#8221;{}&#8221;][\/et_pb_wc_breadcrumb][et_pb_wc_cart_notice _builder_version=&#8221;4.18.0&#8243; global_colors_info=&#8221;{}&#8221;][\/et_pb_wc_cart_notice][\/et_pb_column][\/et_pb_row][et_pb_row column_structure=&#8221;1_2,1_2&#8243; _builder_version=&#8221;4.18.0&#8243; background_size=&#8221;initial&#8221; background_position=&#8221;top_left&#8221; background_repeat=&#8221;repeat&#8221; width=&#8221;100%&#8221; custom_margin=&#8221;100px||||false|false&#8221; custom_padding=&#8221;0px||||false|false&#8221; locked=&#8221;off&#8221; global_colors_info=&#8221;{}&#8221;][et_pb_column type=&#8221;1_2&#8243; _builder_version=&#8221;4.16&#8243; custom_padding=&#8221;|||&#8221; global_colors_info=&#8221;{}&#8221; custom_padding__hover=&#8221;|||&#8221;][et_pb_wc_images force_fullwidth=&#8221;on&#8221; _builder_version=&#8221;4.18.0&#8243; global_colors_info=&#8221;{}&#8221;][\/et_pb_wc_images][\/et_pb_column][et_pb_column type=&#8221;1_2&#8243; _builder_version=&#8221;4.18.0&#8243; background_enable_color=&#8221;off&#8221; global_colors_info=&#8221;{%22gcid-fd95ec51-f590-4139-80d8-7c864281dd0e%22:%91%22background_color%22%93}&#8221; custom_padding__hover=&#8221;|||&#8221;][et_pb_wc_title _builder_version=&#8221;4.16&#8243; global_colors_info=&#8221;{}&#8221;][\/et_pb_wc_title][et_pb_button button_url=&#8221;tel:+33139188218&#8243; button_text=&#8221;Jetzt anrufen&#8221; disabled_on=&#8221;off|on|on&#8221; _builder_version=&#8221;4.19.1&#8243; _module_preset=&#8221;default&#8221; global_module=&#8221;999&#8243; global_colors_info=&#8221;{}&#8221;][\/et_pb_button][et_pb_button button_url=&#8221;@ET-DC@eyJkeW5hbWljIjp0cnVlLCJjb250ZW50IjoicG9zdF9saW5rX3VybF9wYWdlIiwic2V0dGluZ3MiOnsicG9zdF9pZCI6IjEzMDcifX0=@&#8221; button_text=&#8221;Bitte fragen Sie uns&#8221; _builder_version=&#8221;4.19.1&#8243; _dynamic_attributes=&#8221;button_url&#8221; _module_preset=&#8221;default&#8221; global_colors_info=&#8221;{}&#8221; global_module=&#8221;3456&#8243; theme_builder_area=&#8221;post_content&#8221;][\/et_pb_button][et_pb_wc_description _builder_version=&#8221;4.18.0&#8243; global_colors_info=&#8221;{}&#8221;][\/et_pb_wc_description][et_pb_divider _builder_version=&#8221;4.18.0&#8243; _module_preset=&#8221;default&#8221; global_colors_info=&#8221;{}&#8221;][\/et_pb_divider][et_pb_text _builder_version=&#8221;4.18.0&#8243; _module_preset=&#8221;default&#8221; global_colors_info=&#8221;{}&#8221;]<\/p>\n<h2>Zertifizierungen<\/h2>\n<p><span style=\"font-weight: 400;\"><br \/><img loading=\"lazy\" src=\"https:\/\/152qoasqgd.preview.infomaniak.website\/wp-content\/uploads\/vds-logo-de.jpg\" width=\"51\" height=\"51\" alt=\"vds-logo-de\" class=\"wp-image-705 size-full\" srcset=\"https:\/\/idips.com\/wp-content\/uploads\/vds-logo-de.jpg 120w, https:\/\/idips.com\/wp-content\/uploads\/vds-logo-de-100x100.jpg 100w\" sizes=\"(max-width: 51px) 100vw, 51px\" \/> <br \/>EN 1300B VDS Klasse B<\/span><\/p>\n<p>[\/et_pb_text][\/et_pb_column][\/et_pb_row][et_pb_row column_structure=&#8221;1_2,1_2&#8243; _builder_version=&#8221;4.16&#8243; background_size=&#8221;initial&#8221; background_position=&#8221;top_left&#8221; background_repeat=&#8221;repeat&#8221; width=&#8221;100%&#8221; global_colors_info=&#8221;{}&#8221;][et_pb_column type=&#8221;1_2&#8243; _builder_version=&#8221;4.16&#8243; custom_padding=&#8221;|||&#8221; global_colors_info=&#8221;{}&#8221; custom_padding__hover=&#8221;|||&#8221;][et_pb_wc_description description_type=&#8221;description&#8221; _builder_version=&#8221;4.18.0&#8243; _module_preset=&#8221;default&#8221; global_colors_info=&#8221;{}&#8221;][\/et_pb_wc_description][et_pb_wc_reviews _builder_version=&#8221;4.18.0&#8243; _module_preset=&#8221;default&#8221; global_colors_info=&#8221;{}&#8221;][\/et_pb_wc_reviews][\/et_pb_column][et_pb_column type=&#8221;1_2&#8243; _builder_version=&#8221;4.16&#8243; custom_padding=&#8221;|||&#8221; global_colors_info=&#8221;{}&#8221; custom_padding__hover=&#8221;|||&#8221;][\/et_pb_column][\/et_pb_row][\/et_pb_section]<\/p>\n","protected":false},"excerpt":{"rendered":"<p><span style=\"font-weight: 400;\">Das DIGITECH-Schloss ist ein elektronisches Schloss mit Schwenkriegel, mehreren Codes und LCD-Anzeige. Sie bietet 30 Codes, darunter 1 F\u00f6rderband.<\/span><\/p>\n<p><span style=\"font-weight: 400;\">Als Option ist es m\u00f6glich, einen DALLAS-Schl\u00fcssel f\u00fcr eine doppelte Best\u00e4tigung des Codes hinzuzuf\u00fcgen. Ein Audit der letzten 5000 Ereignisse ist entweder auf dem Display verf\u00fcgbar oder kann in eine Datei (PDF, CSV) exportiert werden.<\/span><\/p>\n<p><span style=\"font-weight: 400;\">Eine Alarmschnittstelle erm\u00f6glicht die Verwaltung der Remote-Sperre und eines Zwangscodes.<\/span><\/p>\n","protected":false},"featured_media":1527,"template":"","meta":{"_et_pb_use_builder":"on","_et_pb_old_content":"<h2>FUNKTIONEN<\/h2>\n\u00a0\n\n<strong>1 CODE MANAGER<\/strong>\nEr erm\u00f6glicht die Verwaltung des Schlossbetriebs: Benutzercodes, Timer und hat auch die gleichen Funktionen wie die Benutzercodes.\n<strong>8 BENUTZERCODES<\/strong>\nEr kann die Zeitverz\u00f6gerung starten, das Schloss \u00f6ffnen, den Alarm ausl\u00f6sen, seinen eigenen Code \u00e4ndern und die T\u00fcr wieder schlie\u00dfen, aber er hat nie Zugriff auf die Einstellungen.\n<strong>1 CODE F\u00d6RDERER<\/strong>\nEr erm\u00f6glicht ein direktes \u00d6ffnen ohne Zeitverz\u00f6gerung, er kann auch den Alarm ausl\u00f6sen, seinen eigenen Code \u00e4ndern und die T\u00fcr wieder schlie\u00dfen.\n<strong>TEMPORISIERUNG<\/strong>\nMit dieser Funktion kann das \u00d6ffnen des Schlosses verz\u00f6gert werden. Dieser Modus ist von 0 bis 99 Minuten programmierbar, gefolgt von einer \u00d6ffnungsperiode, die von 1 bis 19 Minuten programmierbar ist.\n<strong>AUDIT<\/strong>\nEs erm\u00f6glicht eine genaue Verfolgung aller Aktionen, die am Schloss vorgenommen werden: \u00d6ffnen, Schlie\u00dfen, Codefehler, \u00c4nderung von Einstellungen. Die Schl\u00f6sser k\u00f6nnen entweder auf dem Bildschirm oder auf einem PC abgefragt werden.\n<strong>ANTIMANIPULATION<\/strong>\nNach mehreren \u00d6ffnungsversuchen geht das Schloss f\u00fcr eine programmierte Zeit in den Strafmodus \u00fcber.\n<strong>AUTO-TEST<\/strong>\n<strong>EINGANG\/AUSGANG <\/strong><em>(Option: bitte kontaktieren Sie uns)<\/em>\nOptional gibt es eine Schnittstelle, um mit einer Alarmzentrale zu kommunizieren.\n<b>DALLAS-SCHL\u00dcSSEL <\/b><em>(Option: Bitte kontaktieren Sie uns)<\/em><b>\n<\/b>Ein elektronisches Schl\u00fcsselleseger\u00e4t von Dallas erm\u00f6glicht eine doppelte Kontrolle zum \u00d6ffnen des Tresors (Kombination + Schl\u00fcssel) in einem einzigen Schloss.\n\n\u00a0\n\n[learn_more caption=\"Documentation\" state=\"close\"]  Link zum Dok[\/learn_more]\n[learn_more caption=\"Notice d'utilisation\" state=\"close\"]  Link zum Merkblatt[\/learn_more]\n[learn_more caption=\"Guide d'installation\" state=\"close\"]  Link zum Leitfaden[\/learn_more]","_et_gb_content_width":""},"product_cat":[69],"product_tag":[83,92],"yoast_head":"<!-- This site is optimized with the Yoast SEO plugin v20.6 - https:\/\/yoast.com\/wordpress\/plugins\/seo\/ -->\n<title>Elektronisches Schloss, Zeitsteuerung und zeitgesteuerte Pr\u00fcfung -DIGITECH<\/title>\n<meta name=\"robots\" content=\"index, follow, max-snippet:-1, max-image-preview:large, max-video-preview:-1\" \/>\n<link rel=\"canonical\" href=\"https:\/\/idips.com\/de\/produit\/digitech-elektronisches-schloss-mit-zeitsteuerung-und-zeitgesteuerter-pruefung\/\" \/>\n<meta property=\"og:locale\" content=\"de_DE\" \/>\n<meta property=\"og:type\" content=\"article\" \/>\n<meta property=\"og:title\" content=\"Elektronisches Schloss, Zeitsteuerung und zeitgesteuerte Pr\u00fcfung -DIGITECH\" \/>\n<meta property=\"og:description\" content=\"Das DIGITECH-Schloss ist ein elektronisches Schloss mit Schwenkriegel, mehreren Codes und LCD-Anzeige. Sie bietet 30 Codes, darunter 1 F\u00f6rderband. Als Option ist es m\u00f6glich, einen DALLAS-Schl\u00fcssel f\u00fcr eine doppelte Best\u00e4tigung des Codes hinzuzuf\u00fcgen. Ein Audit der letzten 5000 Ereignisse ist entweder auf dem Display verf\u00fcgbar oder kann in eine Datei (PDF, CSV) exportiert werden. Eine Alarmschnittstelle erm\u00f6glicht die Verwaltung der Remote-Sperre und eines Zwangscodes.\" \/>\n<meta property=\"og:url\" content=\"https:\/\/idips.com\/de\/produit\/digitech-elektronisches-schloss-mit-zeitsteuerung-und-zeitgesteuerter-pruefung\/\" \/>\n<meta property=\"og:site_name\" content=\"IDIPS - Serrures de haute s\u00e9curit\u00e9 pour coffre-fort\" \/>\n<meta property=\"article:modified_time\" content=\"2023-04-03T15:19:19+00:00\" \/>\n<meta property=\"og:image\" content=\"https:\/\/idips.com\/wp-content\/uploads\/digitech.png\" \/>\n\t<meta property=\"og:image:width\" content=\"612\" \/>\n\t<meta property=\"og:image:height\" content=\"588\" \/>\n\t<meta property=\"og:image:type\" content=\"image\/png\" \/>\n<meta name=\"twitter:card\" content=\"summary_large_image\" \/>\n<script type=\"application\/ld+json\" class=\"yoast-schema-graph\">{\"@context\":\"https:\/\/schema.org\",\"@graph\":[{\"@type\":\"WebPage\",\"@id\":\"https:\/\/idips.com\/de\/produit\/digitech-elektronisches-schloss-mit-zeitsteuerung-und-zeitgesteuerter-pruefung\/\",\"url\":\"https:\/\/idips.com\/de\/produit\/digitech-elektronisches-schloss-mit-zeitsteuerung-und-zeitgesteuerter-pruefung\/\",\"name\":\"Elektronisches Schloss, Zeitsteuerung und zeitgesteuerte Pr\u00fcfung -DIGITECH\",\"isPartOf\":{\"@id\":\"https:\/\/idips.com\/de\/#website\"},\"datePublished\":\"2022-09-30T15:48:48+00:00\",\"dateModified\":\"2023-04-03T15:19:19+00:00\",\"breadcrumb\":{\"@id\":\"https:\/\/idips.com\/de\/produit\/digitech-elektronisches-schloss-mit-zeitsteuerung-und-zeitgesteuerter-pruefung\/#breadcrumb\"},\"inLanguage\":\"de-DE\",\"potentialAction\":[{\"@type\":\"ReadAction\",\"target\":[\"https:\/\/idips.com\/de\/produit\/digitech-elektronisches-schloss-mit-zeitsteuerung-und-zeitgesteuerter-pruefung\/\"]}]},{\"@type\":\"BreadcrumbList\",\"@id\":\"https:\/\/idips.com\/de\/produit\/digitech-elektronisches-schloss-mit-zeitsteuerung-und-zeitgesteuerter-pruefung\/#breadcrumb\",\"itemListElement\":[{\"@type\":\"ListItem\",\"position\":1,\"name\":\"Accueil\",\"item\":\"https:\/\/idips.com\/de\/\"},{\"@type\":\"ListItem\",\"position\":2,\"name\":\"Showroom\",\"item\":\"https:\/\/idips.com\/de\/showroom\/\"},{\"@type\":\"ListItem\",\"position\":3,\"name\":\"DIGITECH &#8211; Elektronisches Schloss mit Zeitsteuerung und zeitgesteuerter Pr\u00fcfung.\"}]},{\"@type\":\"WebSite\",\"@id\":\"https:\/\/idips.com\/de\/#website\",\"url\":\"https:\/\/idips.com\/de\/\",\"name\":\"Serrure pour coffre-fort et syst\u00e8me de haute s\u00e9curit\u00e9\",\"description\":\"Serrures et syst\u00e8mes de haute s\u00e9curit\u00e9\",\"publisher\":{\"@id\":\"https:\/\/idips.com\/de\/#organization\"},\"alternateName\":\"IDIPS\",\"potentialAction\":[{\"@type\":\"SearchAction\",\"target\":{\"@type\":\"EntryPoint\",\"urlTemplate\":\"https:\/\/idips.com\/de\/?s={search_term_string}\"},\"query-input\":\"required name=search_term_string\"}],\"inLanguage\":\"de-DE\"},{\"@type\":\"Organization\",\"@id\":\"https:\/\/idips.com\/de\/#organization\",\"name\":\"Serrure pour coffre-fort et syst\u00e8me de haute s\u00e9curit\u00e9\",\"alternateName\":\"IDIPS\",\"url\":\"https:\/\/idips.com\/de\/\",\"logo\":{\"@type\":\"ImageObject\",\"inLanguage\":\"de-DE\",\"@id\":\"https:\/\/idips.com\/de\/#\/schema\/logo\/image\/\",\"url\":\"https:\/\/idips.com\/wp-content\/uploads\/2022\/09\/idips_picto_brod.png\",\"contentUrl\":\"https:\/\/idips.com\/wp-content\/uploads\/2022\/09\/idips_picto_brod.png\",\"width\":450,\"height\":450,\"caption\":\"Serrure pour coffre-fort et syst\u00e8me de haute s\u00e9curit\u00e9\"},\"image\":{\"@id\":\"https:\/\/idips.com\/de\/#\/schema\/logo\/image\/\"}}]}<\/script>\n<!-- \/ Yoast SEO plugin. -->","yoast_head_json":{"title":"Elektronisches Schloss, Zeitsteuerung und zeitgesteuerte Pr\u00fcfung -DIGITECH","robots":{"index":"index","follow":"follow","max-snippet":"max-snippet:-1","max-image-preview":"max-image-preview:large","max-video-preview":"max-video-preview:-1"},"canonical":"https:\/\/idips.com\/de\/produit\/digitech-elektronisches-schloss-mit-zeitsteuerung-und-zeitgesteuerter-pruefung\/","og_locale":"de_DE","og_type":"article","og_title":"Elektronisches Schloss, Zeitsteuerung und zeitgesteuerte Pr\u00fcfung -DIGITECH","og_description":"Das DIGITECH-Schloss ist ein elektronisches Schloss mit Schwenkriegel, mehreren Codes und LCD-Anzeige. Sie bietet 30 Codes, darunter 1 F\u00f6rderband. Als Option ist es m\u00f6glich, einen DALLAS-Schl\u00fcssel f\u00fcr eine doppelte Best\u00e4tigung des Codes hinzuzuf\u00fcgen. Ein Audit der letzten 5000 Ereignisse ist entweder auf dem Display verf\u00fcgbar oder kann in eine Datei (PDF, CSV) exportiert werden. Eine Alarmschnittstelle erm\u00f6glicht die Verwaltung der Remote-Sperre und eines Zwangscodes.","og_url":"https:\/\/idips.com\/de\/produit\/digitech-elektronisches-schloss-mit-zeitsteuerung-und-zeitgesteuerter-pruefung\/","og_site_name":"IDIPS - Serrures de haute s\u00e9curit\u00e9 pour coffre-fort","article_modified_time":"2023-04-03T15:19:19+00:00","og_image":[{"width":612,"height":588,"url":"https:\/\/idips.com\/wp-content\/uploads\/digitech.png","type":"image\/png"}],"twitter_card":"summary_large_image","schema":{"@context":"https:\/\/schema.org","@graph":[{"@type":"WebPage","@id":"https:\/\/idips.com\/de\/produit\/digitech-elektronisches-schloss-mit-zeitsteuerung-und-zeitgesteuerter-pruefung\/","url":"https:\/\/idips.com\/de\/produit\/digitech-elektronisches-schloss-mit-zeitsteuerung-und-zeitgesteuerter-pruefung\/","name":"Elektronisches Schloss, Zeitsteuerung und zeitgesteuerte Pr\u00fcfung -DIGITECH","isPartOf":{"@id":"https:\/\/idips.com\/de\/#website"},"datePublished":"2022-09-30T15:48:48+00:00","dateModified":"2023-04-03T15:19:19+00:00","breadcrumb":{"@id":"https:\/\/idips.com\/de\/produit\/digitech-elektronisches-schloss-mit-zeitsteuerung-und-zeitgesteuerter-pruefung\/#breadcrumb"},"inLanguage":"de-DE","potentialAction":[{"@type":"ReadAction","target":["https:\/\/idips.com\/de\/produit\/digitech-elektronisches-schloss-mit-zeitsteuerung-und-zeitgesteuerter-pruefung\/"]}]},{"@type":"BreadcrumbList","@id":"https:\/\/idips.com\/de\/produit\/digitech-elektronisches-schloss-mit-zeitsteuerung-und-zeitgesteuerter-pruefung\/#breadcrumb","itemListElement":[{"@type":"ListItem","position":1,"name":"Accueil","item":"https:\/\/idips.com\/de\/"},{"@type":"ListItem","position":2,"name":"Showroom","item":"https:\/\/idips.com\/de\/showroom\/"},{"@type":"ListItem","position":3,"name":"DIGITECH &#8211; Elektronisches Schloss mit Zeitsteuerung und zeitgesteuerter Pr\u00fcfung."}]},{"@type":"WebSite","@id":"https:\/\/idips.com\/de\/#website","url":"https:\/\/idips.com\/de\/","name":"Serrure pour coffre-fort et syst\u00e8me de haute s\u00e9curit\u00e9","description":"Serrures et syst\u00e8mes de haute s\u00e9curit\u00e9","publisher":{"@id":"https:\/\/idips.com\/de\/#organization"},"alternateName":"IDIPS","potentialAction":[{"@type":"SearchAction","target":{"@type":"EntryPoint","urlTemplate":"https:\/\/idips.com\/de\/?s={search_term_string}"},"query-input":"required name=search_term_string"}],"inLanguage":"de-DE"},{"@type":"Organization","@id":"https:\/\/idips.com\/de\/#organization","name":"Serrure pour coffre-fort et syst\u00e8me de haute s\u00e9curit\u00e9","alternateName":"IDIPS","url":"https:\/\/idips.com\/de\/","logo":{"@type":"ImageObject","inLanguage":"de-DE","@id":"https:\/\/idips.com\/de\/#\/schema\/logo\/image\/","url":"https:\/\/idips.com\/wp-content\/uploads\/2022\/09\/idips_picto_brod.png","contentUrl":"https:\/\/idips.com\/wp-content\/uploads\/2022\/09\/idips_picto_brod.png","width":450,"height":450,"caption":"Serrure pour coffre-fort et syst\u00e8me de haute s\u00e9curit\u00e9"},"image":{"@id":"https:\/\/idips.com\/de\/#\/schema\/logo\/image\/"}}]}},"_links":{"self":[{"href":"https:\/\/idips.com\/de\/wp-json\/wp\/v2\/product\/1802"}],"collection":[{"href":"https:\/\/idips.com\/de\/wp-json\/wp\/v2\/product"}],"about":[{"href":"https:\/\/idips.com\/de\/wp-json\/wp\/v2\/types\/product"}],"wp:featuredmedia":[{"embeddable":true,"href":"https:\/\/idips.com\/de\/wp-json\/wp\/v2\/media\/1527"}],"wp:attachment":[{"href":"https:\/\/idips.com\/de\/wp-json\/wp\/v2\/media?parent=1802"}],"wp:term":[{"taxonomy":"product_cat","embeddable":true,"href":"https:\/\/idips.com\/de\/wp-json\/wp\/v2\/product_cat?post=1802"},{"taxonomy":"product_tag","embeddable":true,"href":"https:\/\/idips.com\/de\/wp-json\/wp\/v2\/product_tag?post=1802"}],"curies":[{"name":"wp","href":"https:\/\/api.w.org\/{rel}","templated":true}]}}