{"id":1778,"date":"2022-09-30T09:09:35","date_gmt":"2022-09-30T07:09:35","guid":{"rendered":"https:\/\/152qoasqgd.preview.infomaniak.website\/produit\/horo-4600-tresorschloss-mit-alarmfunktion-und-integriertem-doct\/"},"modified":"2023-04-03T17:30:19","modified_gmt":"2023-04-03T15:30:19","slug":"horo-4600-tresorschloss-mit-alarmfunktion-und-integriertem-doct","status":"publish","type":"product","link":"https:\/\/idips.com\/de\/produit\/horo-4600-tresorschloss-mit-alarmfunktion-und-integriertem-doct\/","title":{"rendered":"HORO 4600 &#8211; Tresorschloss mit Alarmfunktion und integriertem DOCT"},"content":{"rendered":"<p>[et_pb_section fb_built=&#8221;1&#8243; _builder_version=&#8221;4.18.0&#8243; custom_margin=&#8221;0px||||false|false&#8221; custom_padding=&#8221;0px||||false|false&#8221; global_colors_info=&#8221;{}&#8221;][et_pb_row _builder_version=&#8221;4.16&#8243; background_size=&#8221;initial&#8221; background_position=&#8221;top_left&#8221; background_repeat=&#8221;repeat&#8221; width=&#8221;100%&#8221; custom_padding=&#8221;0px||0px||false|false&#8221; global_colors_info=&#8221;{}&#8221;][et_pb_column type=&#8221;4_4&#8243; _builder_version=&#8221;4.16&#8243; custom_padding=&#8221;|||&#8221; global_colors_info=&#8221;{}&#8221; custom_padding__hover=&#8221;|||&#8221;][et_pb_wc_breadcrumb _builder_version=&#8221;4.16&#8243; global_colors_info=&#8221;{}&#8221;][\/et_pb_wc_breadcrumb][et_pb_wc_cart_notice _builder_version=&#8221;4.18.0&#8243; global_colors_info=&#8221;{}&#8221;][\/et_pb_wc_cart_notice][\/et_pb_column][\/et_pb_row][et_pb_row column_structure=&#8221;1_2,1_2&#8243; _builder_version=&#8221;4.18.0&#8243; background_size=&#8221;initial&#8221; background_position=&#8221;top_left&#8221; background_repeat=&#8221;repeat&#8221; width=&#8221;100%&#8221; custom_margin=&#8221;100px||||false|false&#8221; custom_padding=&#8221;0px||||false|false&#8221; global_colors_info=&#8221;{}&#8221;][et_pb_column type=&#8221;1_2&#8243; _builder_version=&#8221;4.16&#8243; custom_padding=&#8221;|||&#8221; global_colors_info=&#8221;{}&#8221; custom_padding__hover=&#8221;|||&#8221;][et_pb_wc_images force_fullwidth=&#8221;on&#8221; _builder_version=&#8221;4.18.0&#8243; global_colors_info=&#8221;{}&#8221;][\/et_pb_wc_images][\/et_pb_column][et_pb_column type=&#8221;1_2&#8243; _builder_version=&#8221;4.16&#8243; custom_padding=&#8221;|||&#8221; global_colors_info=&#8221;{}&#8221; custom_padding__hover=&#8221;|||&#8221;][et_pb_wc_title _builder_version=&#8221;4.16&#8243; global_colors_info=&#8221;{}&#8221;][\/et_pb_wc_title][et_pb_button button_url=&#8221;tel:+33139188218&#8243; button_text=&#8221;Jetzt anrufen&#8221; disabled_on=&#8221;off|on|on&#8221; _builder_version=&#8221;4.19.1&#8243; _module_preset=&#8221;default&#8221; global_module=&#8221;999&#8243; saved_tabs=&#8221;all&#8221; global_colors_info=&#8221;{}&#8221;][\/et_pb_button][et_pb_button button_url=&#8221;@ET-DC@eyJkeW5hbWljIjp0cnVlLCJjb250ZW50IjoicG9zdF9saW5rX3VybF9wYWdlIiwic2V0dGluZ3MiOnsicG9zdF9pZCI6IjEzMDcifX0=@&#8221; button_text=&#8221;Bitte fragen Sie uns&#8221; _builder_version=&#8221;4.19.1&#8243; _dynamic_attributes=&#8221;button_url&#8221; _module_preset=&#8221;default&#8221; global_colors_info=&#8221;{}&#8221; global_module=&#8221;3456&#8243; theme_builder_area=&#8221;post_content&#8221;][\/et_pb_button][et_pb_wc_description _builder_version=&#8221;4.16&#8243; global_colors_info=&#8221;{}&#8221;][\/et_pb_wc_description][et_pb_divider _builder_version=&#8221;4.18.0&#8243; _module_preset=&#8221;default&#8221; global_colors_info=&#8221;{}&#8221;][\/et_pb_divider][et_pb_text _builder_version=&#8221;4.18.0&#8243; _module_preset=&#8221;default&#8221;]<\/p>\n<h2>Zertifizierungen<\/h2>\n<p><img loading=\"lazy\" src=\"https:\/\/152qoasqgd.preview.infomaniak.website\/wp-content\/uploads\/2022\/09\/logo-made-in-france.jpg\" width=\"126\" height=\"72\" alt=\"Logo Made in France\" class=\"wp-image-78 size-full\"><img loading=\"lazy\" src=\"https:\/\/152qoasqgd.preview.infomaniak.website\/wp-content\/uploads\/2022\/09\/Logo_A2P.jpg\" width=\"126\" height=\"72\" alt=\"Logo A2P CNPP\" class=\"wp-image-79 size-full\"><\/p>\n<p>[\/et_pb_text][\/et_pb_column][\/et_pb_row][et_pb_row column_structure=&#8221;1_2,1_2&#8243; _builder_version=&#8221;4.16&#8243; background_size=&#8221;initial&#8221; background_position=&#8221;top_left&#8221; background_repeat=&#8221;repeat&#8221; width=&#8221;100%&#8221; global_colors_info=&#8221;{}&#8221;][et_pb_column type=&#8221;1_2&#8243; _builder_version=&#8221;4.16&#8243; custom_padding=&#8221;|||&#8221; global_colors_info=&#8221;{}&#8221; custom_padding__hover=&#8221;|||&#8221;][et_pb_wc_description description_type=&#8221;description&#8221; _builder_version=&#8221;4.18.0&#8243; _module_preset=&#8221;default&#8221; global_colors_info=&#8221;{}&#8221;][\/et_pb_wc_description][et_pb_wc_reviews _builder_version=&#8221;4.18.0&#8243; _module_preset=&#8221;default&#8221; global_colors_info=&#8221;{}&#8221;][\/et_pb_wc_reviews][\/et_pb_column][et_pb_column type=&#8221;1_2&#8243; _builder_version=&#8221;4.16&#8243; custom_padding=&#8221;|||&#8221; global_colors_info=&#8221;{}&#8221; custom_padding__hover=&#8221;|||&#8221;][\/et_pb_column][\/et_pb_row][\/et_pb_section]<\/p>\n","protected":false},"excerpt":{"rendered":"<p><span style=\"font-weight: 400;\">Das HORO 4600 ist ein elektronisches Schloss mit Schwingriegel, Multicodes, LCD-Anzeige und integrierter DOCT. Sie bietet 1 Supervisor-Code, 2 Manager-Codes und 64 programmierbare Codes.<\/span><\/p>\n<p><span style=\"font-weight: 400;\">Sie besitzt die M\u00f6glichkeit, Zeitgruppen zu programmieren. Eine mit einem Zeitstempel versehene Pr\u00fcfung ist verf\u00fcgbar.<\/span><\/p>\n<p><span style=\"font-weight: 400;\">Alarmeing\u00e4nge\/-ausg\u00e4nge erm\u00f6glicht die Verwaltung einer Fernsperre und eines Zwangscodes, wenn die T\u00fcr zu lange offen ist.<\/span><\/p>\n","protected":false},"featured_media":1491,"template":"","meta":{"_et_pb_use_builder":"on","_et_pb_old_content":"<h2>FUNKTIONEN<\/h2>\n\u00a0\n\n<strong>SUPERVISORCODE<\/strong>\nEr erm\u00f6glicht die komplette Verwaltung des Schlosses: \u00c4ndern von Uhrzeiten, Zeitlimits und Codes, aber er erm\u00f6glicht nicht das \u00d6ffnen des Schlosses.\n<strong>MANAGER CODE<\/strong>\nEr erm\u00f6glicht die Verwaltung des Schlossbetriebs: Benutzercodes, Timer und hat auch die gleichen Funktionen wie die Benutzercodes.\n<strong>BENUTZERCODE<\/strong>\nEr kann die Zeitverz\u00f6gerung starten, das Schloss \u00f6ffnen, den Alarm ausl\u00f6sen, seinen eigenen Code \u00e4ndern und die T\u00fcr wieder schlie\u00dfen, aber er hat nie Zugriff auf die Einstellungen.\n<strong>SPEZIALCODE F\u00d6RDERER<\/strong>\nEr erm\u00f6glicht ein direktes \u00d6ffnen ohne Zeitverz\u00f6gerung, er kann auch den Alarm ausl\u00f6sen, seinen eigenen Code \u00e4ndern und die T\u00fcr wieder schlie\u00dfen.\n<strong>DYNAMISCHER ZUFALLSCODE<\/strong>\nDieses System erm\u00f6glicht den Betrieb des Schlosses ohne vorher festgelegte Benutzercodes. Ein Dialog mit einem Operator ist erforderlich, um den \u00d6ffnungscode zu erhalten. Dieser Code kann nur einmal verwendet werden.\n<strong>ANTI-RETURN<\/strong>\nDie ausgew\u00e4hlten Benutzer k\u00f6nnen den Safe erst dann wieder \u00f6ffnen, wenn eine berechtigte Person das Schloss ge\u00f6ffnet hat (F\u00f6rderfunktion - max. 3 \u00d6ffnungen in 15 Minuten, \u00e4nderbar).\n<strong>TEMPORISIERUNG<\/strong>\nMit dieser Funktion kann das \u00d6ffnen des Schlosses verz\u00f6gert werden. Dieser Modus ist von 0 bis 99 Minuten programmierbar, gefolgt von einer \u00d6ffnungsperiode, die von 1 bis 19 Minuten programmierbar ist.\n<strong>ZEITVERZ\u00d6GERUNG UNTER ZWANG<\/strong>\nBei einer \u00d6ffnung unter Zwang kann eine spezielle Einstellung vorgenommen werden.\n<strong>HORODATE AUDIT<\/strong>\nEs erm\u00f6glicht eine genaue Verfolgung aller Aktionen, die am Schloss vorgenommen werden: \u00d6ffnen, Schlie\u00dfen, Codefehler, \u00c4nderung von Einstellungen. Die Schl\u00f6sser k\u00f6nnen entweder auf dem Bildschirm oder auf einem PC abgefragt werden.\n<strong>ZEITFUNKTIONEN<\/strong>\nDas Schloss kann so programmiert werden, dass es je nach Datum und Uhrzeit verschiedenen Benutzern den Zugang verbietet oder erlaubt und Tage programmiert, an denen es ausnahmsweise geschlossen oder ge\u00f6ffnet ist.\n<strong>ZWANGSALARM<\/strong>\nJeder Nutzer kann ein Signal senden, um vor einer Zwangs\u00f6ffnung zu warnen.\n<strong>ANTIMANIPULATION<\/strong>\nNach mehreren \u00d6ffnungsversuchen geht das Schloss f\u00fcr eine programmierte Zeit in den Strafmodus \u00fcber.\n<strong>FERNSPERRE<\/strong>\nEs gibt einen Eingang, \u00fcber den Sie die Sperrung des Systems steuern k\u00f6nnen. Sie erm\u00f6glicht die Verwaltung von Servos zwischen Tresoren und T\u00fcren und die Nutzung der \u00d6ffnungs- und Verz\u00f6gerungszeiten der Alarmanlage.\n<strong>DOCT<\/strong>\nUnsere Systeme vereinen Funktionen wie seismische und thermische Erkennung sowie T\u00fcr- und Schloss\u00f6ffner.\n<strong>EINGANG\/AUSGANG<\/strong>\nOptional gibt es eine Schnittstelle, um mit einer Alarmzentrale zu kommunizieren.\n<strong>T\u00dcR ZU LANGE OFFEN<\/strong>\nDiese Funktion sendet ein Alarmsignal, falls die Tresort\u00fcr \u00fcber die erlaubte Zeit hinaus offen bleibt. Ein visuelles und akustisches Signal zeigt dem Benutzer an, dass er es vergessen hat.\n\n\u00a0\n\n[learn_more caption=\"Documentation\" state=\"close\"]  Link zum Dok[\/learn_more]\n[learn_more caption=\"Notice d'utilisation\" state=\"close\"]  Link zum Merkblatt[\/learn_more]\n[learn_more caption=\"Guide d'installation\" state=\"close\"]  Link zum Leitfaden[\/learn_more]","_et_gb_content_width":""},"product_cat":[69],"product_tag":[80,83,92],"yoast_head":"<!-- This site is optimized with the Yoast SEO plugin v20.6 - https:\/\/yoast.com\/wordpress\/plugins\/seo\/ -->\n<title>HORO 4600 Tresorschloss mit Alarm und integriertem DOCT<\/title>\n<meta name=\"description\" content=\"Elektronisches, zeitgesteuertes Multicode-Schwenkriegelschloss f\u00fcr Tresore mit Alarmfunktion und integriertem Erdbeben- und W\u00e4rmemelder.\" \/>\n<meta name=\"robots\" content=\"index, follow, max-snippet:-1, max-image-preview:large, max-video-preview:-1\" \/>\n<link rel=\"canonical\" href=\"https:\/\/idips.com\/de\/produit\/horo-4600-tresorschloss-mit-alarmfunktion-und-integriertem-doct\/\" \/>\n<meta property=\"og:locale\" content=\"de_DE\" \/>\n<meta property=\"og:type\" content=\"article\" \/>\n<meta property=\"og:title\" content=\"HORO 4600 Tresorschloss mit Alarm und integriertem DOCT\" \/>\n<meta property=\"og:description\" content=\"Elektronisches, zeitgesteuertes Multicode-Schwenkriegelschloss f\u00fcr Tresore mit Alarmfunktion und integriertem Erdbeben- und W\u00e4rmemelder.\" \/>\n<meta property=\"og:url\" content=\"https:\/\/idips.com\/de\/produit\/horo-4600-tresorschloss-mit-alarmfunktion-und-integriertem-doct\/\" \/>\n<meta property=\"og:site_name\" content=\"IDIPS - Serrures de haute s\u00e9curit\u00e9 pour coffre-fort\" \/>\n<meta property=\"article:modified_time\" content=\"2023-04-03T15:30:19+00:00\" \/>\n<meta property=\"og:image\" content=\"https:\/\/idips.com\/wp-content\/uploads\/4600-oscillant.png\" \/>\n\t<meta property=\"og:image:width\" content=\"609\" \/>\n\t<meta property=\"og:image:height\" content=\"535\" \/>\n\t<meta property=\"og:image:type\" content=\"image\/png\" \/>\n<meta name=\"twitter:card\" content=\"summary_large_image\" \/>\n<script type=\"application\/ld+json\" class=\"yoast-schema-graph\">{\"@context\":\"https:\/\/schema.org\",\"@graph\":[{\"@type\":\"WebPage\",\"@id\":\"https:\/\/idips.com\/de\/produit\/horo-4600-tresorschloss-mit-alarmfunktion-und-integriertem-doct\/\",\"url\":\"https:\/\/idips.com\/de\/produit\/horo-4600-tresorschloss-mit-alarmfunktion-und-integriertem-doct\/\",\"name\":\"HORO 4600 Tresorschloss mit Alarm und integriertem DOCT\",\"isPartOf\":{\"@id\":\"https:\/\/idips.com\/de\/#website\"},\"datePublished\":\"2022-09-30T07:09:35+00:00\",\"dateModified\":\"2023-04-03T15:30:19+00:00\",\"description\":\"Elektronisches, zeitgesteuertes Multicode-Schwenkriegelschloss f\u00fcr Tresore mit Alarmfunktion und integriertem Erdbeben- und W\u00e4rmemelder.\",\"breadcrumb\":{\"@id\":\"https:\/\/idips.com\/de\/produit\/horo-4600-tresorschloss-mit-alarmfunktion-und-integriertem-doct\/#breadcrumb\"},\"inLanguage\":\"de-DE\",\"potentialAction\":[{\"@type\":\"ReadAction\",\"target\":[\"https:\/\/idips.com\/de\/produit\/horo-4600-tresorschloss-mit-alarmfunktion-und-integriertem-doct\/\"]}]},{\"@type\":\"BreadcrumbList\",\"@id\":\"https:\/\/idips.com\/de\/produit\/horo-4600-tresorschloss-mit-alarmfunktion-und-integriertem-doct\/#breadcrumb\",\"itemListElement\":[{\"@type\":\"ListItem\",\"position\":1,\"name\":\"Accueil\",\"item\":\"https:\/\/idips.com\/de\/\"},{\"@type\":\"ListItem\",\"position\":2,\"name\":\"Showroom\",\"item\":\"https:\/\/idips.com\/de\/showroom\/\"},{\"@type\":\"ListItem\",\"position\":3,\"name\":\"HORO 4600 &#8211; Tresorschloss mit Alarmfunktion und integriertem DOCT\"}]},{\"@type\":\"WebSite\",\"@id\":\"https:\/\/idips.com\/de\/#website\",\"url\":\"https:\/\/idips.com\/de\/\",\"name\":\"Serrure pour coffre-fort et syst\u00e8me de haute s\u00e9curit\u00e9\",\"description\":\"Serrures et syst\u00e8mes de haute s\u00e9curit\u00e9\",\"publisher\":{\"@id\":\"https:\/\/idips.com\/de\/#organization\"},\"alternateName\":\"IDIPS\",\"potentialAction\":[{\"@type\":\"SearchAction\",\"target\":{\"@type\":\"EntryPoint\",\"urlTemplate\":\"https:\/\/idips.com\/de\/?s={search_term_string}\"},\"query-input\":\"required name=search_term_string\"}],\"inLanguage\":\"de-DE\"},{\"@type\":\"Organization\",\"@id\":\"https:\/\/idips.com\/de\/#organization\",\"name\":\"Serrure pour coffre-fort et syst\u00e8me de haute s\u00e9curit\u00e9\",\"alternateName\":\"IDIPS\",\"url\":\"https:\/\/idips.com\/de\/\",\"logo\":{\"@type\":\"ImageObject\",\"inLanguage\":\"de-DE\",\"@id\":\"https:\/\/idips.com\/de\/#\/schema\/logo\/image\/\",\"url\":\"https:\/\/idips.com\/wp-content\/uploads\/2022\/09\/idips_picto_brod.png\",\"contentUrl\":\"https:\/\/idips.com\/wp-content\/uploads\/2022\/09\/idips_picto_brod.png\",\"width\":450,\"height\":450,\"caption\":\"Serrure pour coffre-fort et syst\u00e8me de haute s\u00e9curit\u00e9\"},\"image\":{\"@id\":\"https:\/\/idips.com\/de\/#\/schema\/logo\/image\/\"}}]}<\/script>\n<!-- \/ Yoast SEO plugin. -->","yoast_head_json":{"title":"HORO 4600 Tresorschloss mit Alarm und integriertem DOCT","description":"Elektronisches, zeitgesteuertes Multicode-Schwenkriegelschloss f\u00fcr Tresore mit Alarmfunktion und integriertem Erdbeben- und W\u00e4rmemelder.","robots":{"index":"index","follow":"follow","max-snippet":"max-snippet:-1","max-image-preview":"max-image-preview:large","max-video-preview":"max-video-preview:-1"},"canonical":"https:\/\/idips.com\/de\/produit\/horo-4600-tresorschloss-mit-alarmfunktion-und-integriertem-doct\/","og_locale":"de_DE","og_type":"article","og_title":"HORO 4600 Tresorschloss mit Alarm und integriertem DOCT","og_description":"Elektronisches, zeitgesteuertes Multicode-Schwenkriegelschloss f\u00fcr Tresore mit Alarmfunktion und integriertem Erdbeben- und W\u00e4rmemelder.","og_url":"https:\/\/idips.com\/de\/produit\/horo-4600-tresorschloss-mit-alarmfunktion-und-integriertem-doct\/","og_site_name":"IDIPS - Serrures de haute s\u00e9curit\u00e9 pour coffre-fort","article_modified_time":"2023-04-03T15:30:19+00:00","og_image":[{"width":609,"height":535,"url":"https:\/\/idips.com\/wp-content\/uploads\/4600-oscillant.png","type":"image\/png"}],"twitter_card":"summary_large_image","schema":{"@context":"https:\/\/schema.org","@graph":[{"@type":"WebPage","@id":"https:\/\/idips.com\/de\/produit\/horo-4600-tresorschloss-mit-alarmfunktion-und-integriertem-doct\/","url":"https:\/\/idips.com\/de\/produit\/horo-4600-tresorschloss-mit-alarmfunktion-und-integriertem-doct\/","name":"HORO 4600 Tresorschloss mit Alarm und integriertem DOCT","isPartOf":{"@id":"https:\/\/idips.com\/de\/#website"},"datePublished":"2022-09-30T07:09:35+00:00","dateModified":"2023-04-03T15:30:19+00:00","description":"Elektronisches, zeitgesteuertes Multicode-Schwenkriegelschloss f\u00fcr Tresore mit Alarmfunktion und integriertem Erdbeben- und W\u00e4rmemelder.","breadcrumb":{"@id":"https:\/\/idips.com\/de\/produit\/horo-4600-tresorschloss-mit-alarmfunktion-und-integriertem-doct\/#breadcrumb"},"inLanguage":"de-DE","potentialAction":[{"@type":"ReadAction","target":["https:\/\/idips.com\/de\/produit\/horo-4600-tresorschloss-mit-alarmfunktion-und-integriertem-doct\/"]}]},{"@type":"BreadcrumbList","@id":"https:\/\/idips.com\/de\/produit\/horo-4600-tresorschloss-mit-alarmfunktion-und-integriertem-doct\/#breadcrumb","itemListElement":[{"@type":"ListItem","position":1,"name":"Accueil","item":"https:\/\/idips.com\/de\/"},{"@type":"ListItem","position":2,"name":"Showroom","item":"https:\/\/idips.com\/de\/showroom\/"},{"@type":"ListItem","position":3,"name":"HORO 4600 &#8211; Tresorschloss mit Alarmfunktion und integriertem DOCT"}]},{"@type":"WebSite","@id":"https:\/\/idips.com\/de\/#website","url":"https:\/\/idips.com\/de\/","name":"Serrure pour coffre-fort et syst\u00e8me de haute s\u00e9curit\u00e9","description":"Serrures et syst\u00e8mes de haute s\u00e9curit\u00e9","publisher":{"@id":"https:\/\/idips.com\/de\/#organization"},"alternateName":"IDIPS","potentialAction":[{"@type":"SearchAction","target":{"@type":"EntryPoint","urlTemplate":"https:\/\/idips.com\/de\/?s={search_term_string}"},"query-input":"required name=search_term_string"}],"inLanguage":"de-DE"},{"@type":"Organization","@id":"https:\/\/idips.com\/de\/#organization","name":"Serrure pour coffre-fort et syst\u00e8me de haute s\u00e9curit\u00e9","alternateName":"IDIPS","url":"https:\/\/idips.com\/de\/","logo":{"@type":"ImageObject","inLanguage":"de-DE","@id":"https:\/\/idips.com\/de\/#\/schema\/logo\/image\/","url":"https:\/\/idips.com\/wp-content\/uploads\/2022\/09\/idips_picto_brod.png","contentUrl":"https:\/\/idips.com\/wp-content\/uploads\/2022\/09\/idips_picto_brod.png","width":450,"height":450,"caption":"Serrure pour coffre-fort et syst\u00e8me de haute s\u00e9curit\u00e9"},"image":{"@id":"https:\/\/idips.com\/de\/#\/schema\/logo\/image\/"}}]}},"_links":{"self":[{"href":"https:\/\/idips.com\/de\/wp-json\/wp\/v2\/product\/1778"}],"collection":[{"href":"https:\/\/idips.com\/de\/wp-json\/wp\/v2\/product"}],"about":[{"href":"https:\/\/idips.com\/de\/wp-json\/wp\/v2\/types\/product"}],"wp:featuredmedia":[{"embeddable":true,"href":"https:\/\/idips.com\/de\/wp-json\/wp\/v2\/media\/1491"}],"wp:attachment":[{"href":"https:\/\/idips.com\/de\/wp-json\/wp\/v2\/media?parent=1778"}],"wp:term":[{"taxonomy":"product_cat","embeddable":true,"href":"https:\/\/idips.com\/de\/wp-json\/wp\/v2\/product_cat?post=1778"},{"taxonomy":"product_tag","embeddable":true,"href":"https:\/\/idips.com\/de\/wp-json\/wp\/v2\/product_tag?post=1778"}],"curies":[{"name":"wp","href":"https:\/\/api.w.org\/{rel}","templated":true}]}}