{"id":3577,"date":"2023-04-04T17:11:27","date_gmt":"2023-04-04T15:11:27","guid":{"rendered":"https:\/\/idips.com\/pannenhilfe-und-oeffnung-von-tresoren\/"},"modified":"2023-04-05T12:29:04","modified_gmt":"2023-04-05T10:29:04","slug":"pannenhilfe-und-oeffnung-von-tresoren","status":"publish","type":"page","link":"https:\/\/idips.com\/de\/pannenhilfe-und-oeffnung-von-tresoren\/","title":{"rendered":"Pannenhilfe und \u00d6ffnung von Tresoren"},"content":{"rendered":"<p>[et_pb_section fb_built=&#8221;1&#8243; fullwidth=&#8221;on&#8221; _builder_version=&#8221;4.18.0&#8243; _module_preset=&#8221;default&#8221; hover_enabled=&#8221;0&#8243; global_colors_info=&#8221;{}&#8221; locked=&#8221;off&#8221; sticky_enabled=&#8221;0&#8243;][et_pb_fullwidth_header text_orientation=&#8221;center&#8221; background_overlay_color=&#8221;rgba(0,28,68,0.87)&#8221; content_tablet=&#8221;<\/p>\n<p><span style=%22font-weight: 400;%22><br \/>Elektronisches, mechanisches und elektromechanisches Schloss<\/span><\/p>\n<p>&#8221; content_phone=&#8221;<\/p>\n<p><span style=%22font-weight: 400;%22><br \/>Elektronisches, mechanisches und elektromechanisches Schloss<\/span><\/p>\n<p>&#8221; content_last_edited=&#8221;on|desktop&#8221; _builder_version=&#8221;4.19.1&#8243; _module_preset=&#8221;default&#8221; title_font=&#8221;|600||on|||||&#8221; title_font_size=&#8221;45px&#8221; background_enable_color=&#8221;off&#8221; background_image=&#8221;https:\/\/idips.com\/wp-content\/uploads\/depannage-ouverture-coffre-fort.jpg&#8221; parallax=&#8221;on&#8221; parallax_method=&#8221;on&#8221; custom_margin=&#8221;||||false|false&#8221; custom_padding=&#8221;100px||100px||false|false&#8221; hover_enabled=&#8221;0&#8243; content_line_height_tablet=&#8221;&#8221; content_line_height_phone=&#8221;1.2em&#8221; content_line_height_last_edited=&#8221;on|phone&#8221; global_colors_info=&#8221;{}&#8221; sticky_enabled=&#8221;0&#8243; title_text=&#8221;logo-comingsoon&#8221; link_option_url_new_window=&#8221;on&#8221; logo_image_url=&#8221;https:\/\/idips.com\/wp-content\/uploads\/logo-comingsoon.png&#8221;]<\/p>\n<p style=\"text-align: center;\"><span style=\"font-weight: 400;\">Pannenhilfe und \u00d6ffnung, Nachmachen von Schl\u00fcsseln, Tresortransfer<br \/>Alle Arten von Tresoren, alle Arten von Schl\u00f6ssern<br \/><\/span><\/p>\n<p>[\/et_pb_fullwidth_header][\/et_pb_section][et_pb_section fb_built=&#8221;1&#8243; theme_builder_area=&#8221;post_content&#8221; _builder_version=&#8221;4.19.1&#8243; _module_preset=&#8221;default&#8221; background_enable_color=&#8221;off&#8221; use_background_color_gradient=&#8221;on&#8221; background_color_gradient_type=&#8221;circular&#8221; background_color_gradient_stops=&#8221;#fcfcfc 10%|#ffffff 70%|#e5e5e5 100%&#8221; border_width_top=&#8221;1px&#8221; border_color_top=&#8221;#e5e5e5&#8243;][et_pb_row _builder_version=&#8221;4.19.1&#8243; _module_preset=&#8221;default&#8221; column_structure=&#8221;1_3,1_3,1_3&#8243; theme_builder_area=&#8221;post_content&#8221; make_equal=&#8221;on&#8221; hover_enabled=&#8221;0&#8243; sticky_enabled=&#8221;0&#8243;][et_pb_column _builder_version=&#8221;4.19.1&#8243; _module_preset=&#8221;default&#8221; type=&#8221;1_3&#8243; theme_builder_area=&#8221;post_content&#8221;][dsm_text_divider _builder_version=&#8221;4.19.1&#8243; _module_preset=&#8221;default&#8221; theme_builder_area=&#8221;post_content&#8221; header=&#8221;D\u00c9PANNAGE&#8221; hover_enabled=&#8221;0&#8243; sticky_enabled=&#8221;0&#8243;][\/dsm_text_divider][et_pb_image src=&#8221;https:\/\/idips.com\/wp-content\/uploads\/depannage-ouverture-coffre-fort.jpg&#8221; _builder_version=&#8221;4.19.1&#8243; _module_preset=&#8221;default&#8221; theme_builder_area=&#8221;post_content&#8221; hover_enabled=&#8221;0&#8243; sticky_enabled=&#8221;0&#8243; title_text=&#8221;Tresorbehebung, Schl\u00fcsselduplizierung&#8221;][\/et_pb_image][et_pb_text _builder_version=&#8221;4.19.1&#8243; _module_preset=&#8221;default&#8221; theme_builder_area=&#8221;post_content&#8221; hover_enabled=&#8221;0&#8243; sticky_enabled=&#8221;0&#8243;]<\/p>\n<div class=\"page\" title=\"Seite 1\">\n<div class=\"layoutArea\">\n<div class=\"column\">\n<p><a href=\"https:\/\/idips-services.com\/depannage-et-ouverture-de-coffre-fort-tous-types-de-serrures\"><span>L\u00e4sst sich Ihr Tresor nicht mehr \u00f6ffnen?<\/span><\/a><\/p>\n<\/div>\n<\/div>\n<\/div>\n<p><strong><\/strong><\/p>\n<p><strong>Wir \u00f6ffnen Ihren Tresor zerst\u00f6rungsfrei, sodass Sie ihn nicht austauschen m\u00fcssen.<\/strong> <span>Tresore, Panzerschr\u00e4nke, Tresort\u00fcren, Schlie\u00dff\u00e4cher&#8230; Wenn sie sich nicht mehr \u00f6ffnen lassen, gibt es L\u00f6sungen zur Fehlerbehebung: Unsere spezialisierten Techniker diagnostizieren, \u00f6ffnen und reparieren Ihren Tresor.<\/span><\/p>\n<p>[\/et_pb_text][et_pb_button button_text=&#8221;Pannenhilfe, \u00d6ffnung&#8221; _builder_version=&#8221;4.19.1&#8243; _module_preset=&#8221;default&#8221; theme_builder_area=&#8221;post_content&#8221; hover_enabled=&#8221;0&#8243; sticky_enabled=&#8221;0&#8243; button_url=&#8221;https:\/\/idips-services.com\/depannage-et-ouverture-de-coffre-fort-tous-types-de-serrures\/&#8221; url_new_window=&#8221;on&#8221;][\/et_pb_button][\/et_pb_column][et_pb_column _builder_version=&#8221;4.19.1&#8243; _module_preset=&#8221;default&#8221; type=&#8221;1_3&#8243; theme_builder_area=&#8221;post_content&#8221;][dsm_text_divider _builder_version=&#8221;4.19.1&#8243; _module_preset=&#8221;default&#8221; theme_builder_area=&#8221;post_content&#8221; header=&#8221;DUPLICATION DE CL\u00c9&#8221; hover_enabled=&#8221;0&#8243; sticky_enabled=&#8221;0&#8243;][\/dsm_text_divider][et_pb_image src=&#8221;https:\/\/idips.com\/wp-content\/uploads\/photo-double.jpg&#8221; _builder_version=&#8221;4.19.1&#8243; _module_preset=&#8221;default&#8221; theme_builder_area=&#8221;post_content&#8221; hover_enabled=&#8221;0&#8243; sticky_enabled=&#8221;0&#8243; title_text=&#8221;photo-double&#8221;][\/et_pb_image][et_pb_text _builder_version=&#8221;4.19.1&#8243; _module_preset=&#8221;default&#8221; theme_builder_area=&#8221;post_content&#8221; hover_enabled=&#8221;0&#8243; sticky_enabled=&#8221;0&#8243;]<\/p>\n<p><a href=\"https:\/\/idips-services.com\/reproduction-de-cle-pour-coffre-fort-double-de-cle-de-coffre-fort\">Erhalten Sie einen kostenlosen Kostenvoranschlag anhand eines Fotos.<\/a><\/p>\n<p><strong>Senden Sie ein Foto Ihres Schl\u00fcssels und erhalten Sie einen genauen und kostenlosen Kostenvoranschlag<\/strong>, unabh\u00e4ngig vom Tresormodell oder Schloss. Auf der Grundlage von Spitzenkompetenzen und hochpr\u00e4zisen Werkzeugen kopiert IDIPS Services alle Arten von Hochsicherheitsschl\u00fcsseln.<span> <\/span><\/p>\n<p>[\/et_pb_text][et_pb_button button_text=&#8221;Schl\u00fcsselkopien&#8221; _builder_version=&#8221;4.19.1&#8243; _module_preset=&#8221;default&#8221; theme_builder_area=&#8221;post_content&#8221; hover_enabled=&#8221;0&#8243; sticky_enabled=&#8221;0&#8243; button_url=&#8221;https:\/\/idips-services.com\/reproduction-de-cle-pour-coffre-fort-double-de-cle-de-coffre-fort\/&#8221; url_new_window=&#8221;on&#8221;][\/et_pb_button][\/et_pb_column][et_pb_column _builder_version=&#8221;4.19.1&#8243; _module_preset=&#8221;default&#8221; type=&#8221;1_3&#8243; theme_builder_area=&#8221;post_content&#8221;][dsm_text_divider _builder_version=&#8221;4.19.1&#8243; _module_preset=&#8221;default&#8221; theme_builder_area=&#8221;post_content&#8221; header=&#8221;TRANSFERT&#8221; hover_enabled=&#8221;0&#8243; sticky_enabled=&#8221;0&#8243;][\/dsm_text_divider][et_pb_image src=&#8221;https:\/\/idips.com\/wp-content\/uploads\/transfert-coffre-fort.jpg&#8221; _builder_version=&#8221;4.19.1&#8243; _module_preset=&#8221;default&#8221; theme_builder_area=&#8221;post_content&#8221; title_text=&#8221;Umzug eines Tresors&#8221; hover_enabled=&#8221;0&#8243; sticky_enabled=&#8221;0&#8243;][\/et_pb_image][et_pb_text _builder_version=&#8221;4.19.1&#8243; _module_preset=&#8221;default&#8221; theme_builder_area=&#8221;post_content&#8221; hover_enabled=&#8221;0&#8243; sticky_enabled=&#8221;0&#8243;]<\/p>\n<div class=\"page\" title=\"Seite 1\">\n<div class=\"layoutArea\">\n<div class=\"column\">\n<p><a href=\"https:\/\/idips-services.com\/demenagement-et-transport-de-coffre-fort\"><span>Ziehen Sie um? oder Ihre Wohnung neu einrichten?<\/span><\/a><\/p>\n<\/div>\n<\/div>\n<\/div>\n<p><strong><\/strong><\/p>\n<p><strong>IDIPS sorgt f\u00fcr den Transfer Ihrer Tresore unter hohem Schutz<\/strong><span> <\/span>und mit vollem Vertrauen.  <span>Sie ziehen mit Ihren Gesch\u00e4ftsr\u00e4umen um, gestalten Ihre Innenr\u00e4ume neu und m\u00fcssen Ihren Tresor umstellen? Die Tat ist nicht harmlos, die Sicherheit Ihres Eigentums steht auf dem Spiel.<\/span><\/p>\n<p>[\/et_pb_text][et_pb_button button_text=&#8221;Transfer von Truhen&#8221; _builder_version=&#8221;4.19.1&#8243; _module_preset=&#8221;default&#8221; theme_builder_area=&#8221;post_content&#8221; hover_enabled=&#8221;0&#8243; sticky_enabled=&#8221;0&#8243; button_url=&#8221;https:\/\/idips-services.com\/demenagement-et-transport-de-coffre-fort\/&#8221; url_new_window=&#8221;on&#8221;][\/et_pb_button][\/et_pb_column][\/et_pb_row][\/et_pb_section]<\/p>\n","protected":false},"excerpt":{"rendered":"<p>Pannenhilfe und \u00d6ffnung von Tresoren. Unsere spezialisierten Techniker \u00f6ffnen und reparieren Ihren Tresor, ohne ihn zu zerst\u00f6ren.<\/p>\n","protected":false},"author":1,"featured_media":3504,"parent":0,"menu_order":0,"comment_status":"closed","ping_status":"closed","template":"","meta":{"_et_pb_use_builder":"on","_et_pb_old_content":"","_et_gb_content_width":""},"yoast_head":"<!-- This site is optimized with the Yoast SEO plugin v20.6 - https:\/\/yoast.com\/wordpress\/plugins\/seo\/ -->\n<title>Pannenhilfe und \u00d6ffnung von Tresoren<\/title>\n<meta name=\"description\" content=\"Pannenhilfe und \u00d6ffnung von Tresoren. Unsere spezialisierten Techniker \u00f6ffnen und reparieren Ihren Tresor, ohne ihn zu zerst\u00f6ren.\" \/>\n<meta name=\"robots\" content=\"index, follow, max-snippet:-1, max-image-preview:large, max-video-preview:-1\" \/>\n<link rel=\"canonical\" href=\"https:\/\/idips.com\/de\/pannenhilfe-und-oeffnung-von-tresoren\/\" \/>\n<meta property=\"og:locale\" content=\"de_DE\" \/>\n<meta property=\"og:type\" content=\"article\" \/>\n<meta property=\"og:title\" content=\"Pannenhilfe und \u00d6ffnung von Tresoren\" \/>\n<meta property=\"og:description\" content=\"Pannenhilfe und \u00d6ffnung von Tresoren. Unsere spezialisierten Techniker \u00f6ffnen und reparieren Ihren Tresor, ohne ihn zu zerst\u00f6ren.\" \/>\n<meta property=\"og:url\" content=\"https:\/\/idips.com\/de\/pannenhilfe-und-oeffnung-von-tresoren\/\" \/>\n<meta property=\"og:site_name\" content=\"IDIPS - Serrures de haute s\u00e9curit\u00e9 pour coffre-fort\" \/>\n<meta property=\"article:modified_time\" content=\"2023-04-05T10:29:04+00:00\" \/>\n<meta property=\"og:image\" content=\"https:\/\/idips.com\/wp-content\/uploads\/ouverture-de-coffre.jpg\" \/>\n\t<meta property=\"og:image:width\" content=\"955\" \/>\n\t<meta property=\"og:image:height\" content=\"611\" \/>\n\t<meta property=\"og:image:type\" content=\"image\/jpeg\" \/>\n<meta name=\"twitter:card\" content=\"summary_large_image\" \/>\n<script type=\"application\/ld+json\" class=\"yoast-schema-graph\">{\"@context\":\"https:\/\/schema.org\",\"@graph\":[{\"@type\":\"WebPage\",\"@id\":\"https:\/\/idips.com\/de\/pannenhilfe-und-oeffnung-von-tresoren\/\",\"url\":\"https:\/\/idips.com\/de\/pannenhilfe-und-oeffnung-von-tresoren\/\",\"name\":\"Pannenhilfe und \u00d6ffnung von Tresoren\",\"isPartOf\":{\"@id\":\"https:\/\/idips.com\/de\/#website\"},\"datePublished\":\"2023-04-04T15:11:27+00:00\",\"dateModified\":\"2023-04-05T10:29:04+00:00\",\"description\":\"Pannenhilfe und \u00d6ffnung von Tresoren. Unsere spezialisierten Techniker \u00f6ffnen und reparieren Ihren Tresor, ohne ihn zu zerst\u00f6ren.\",\"breadcrumb\":{\"@id\":\"https:\/\/idips.com\/de\/pannenhilfe-und-oeffnung-von-tresoren\/#breadcrumb\"},\"inLanguage\":\"de-DE\",\"potentialAction\":[{\"@type\":\"ReadAction\",\"target\":[\"https:\/\/idips.com\/de\/pannenhilfe-und-oeffnung-von-tresoren\/\"]}]},{\"@type\":\"BreadcrumbList\",\"@id\":\"https:\/\/idips.com\/de\/pannenhilfe-und-oeffnung-von-tresoren\/#breadcrumb\",\"itemListElement\":[{\"@type\":\"ListItem\",\"position\":1,\"name\":\"Accueil\",\"item\":\"https:\/\/idips.com\/de\/\"},{\"@type\":\"ListItem\",\"position\":2,\"name\":\"Pannenhilfe und \u00d6ffnung von Tresoren\"}]},{\"@type\":\"WebSite\",\"@id\":\"https:\/\/idips.com\/de\/#website\",\"url\":\"https:\/\/idips.com\/de\/\",\"name\":\"Serrure pour coffre-fort et syst\u00e8me de haute s\u00e9curit\u00e9\",\"description\":\"Serrures et syst\u00e8mes de haute s\u00e9curit\u00e9\",\"publisher\":{\"@id\":\"https:\/\/idips.com\/de\/#organization\"},\"alternateName\":\"IDIPS\",\"potentialAction\":[{\"@type\":\"SearchAction\",\"target\":{\"@type\":\"EntryPoint\",\"urlTemplate\":\"https:\/\/idips.com\/de\/?s={search_term_string}\"},\"query-input\":\"required name=search_term_string\"}],\"inLanguage\":\"de-DE\"},{\"@type\":\"Organization\",\"@id\":\"https:\/\/idips.com\/de\/#organization\",\"name\":\"Serrure pour coffre-fort et syst\u00e8me de haute s\u00e9curit\u00e9\",\"alternateName\":\"IDIPS\",\"url\":\"https:\/\/idips.com\/de\/\",\"logo\":{\"@type\":\"ImageObject\",\"inLanguage\":\"de-DE\",\"@id\":\"https:\/\/idips.com\/de\/#\/schema\/logo\/image\/\",\"url\":\"https:\/\/idips.com\/wp-content\/uploads\/2022\/09\/idips_picto_brod.png\",\"contentUrl\":\"https:\/\/idips.com\/wp-content\/uploads\/2022\/09\/idips_picto_brod.png\",\"width\":450,\"height\":450,\"caption\":\"Serrure pour coffre-fort et syst\u00e8me de haute s\u00e9curit\u00e9\"},\"image\":{\"@id\":\"https:\/\/idips.com\/de\/#\/schema\/logo\/image\/\"}}]}<\/script>\n<!-- \/ Yoast SEO plugin. -->","yoast_head_json":{"title":"Pannenhilfe und \u00d6ffnung von Tresoren","description":"Pannenhilfe und \u00d6ffnung von Tresoren. Unsere spezialisierten Techniker \u00f6ffnen und reparieren Ihren Tresor, ohne ihn zu zerst\u00f6ren.","robots":{"index":"index","follow":"follow","max-snippet":"max-snippet:-1","max-image-preview":"max-image-preview:large","max-video-preview":"max-video-preview:-1"},"canonical":"https:\/\/idips.com\/de\/pannenhilfe-und-oeffnung-von-tresoren\/","og_locale":"de_DE","og_type":"article","og_title":"Pannenhilfe und \u00d6ffnung von Tresoren","og_description":"Pannenhilfe und \u00d6ffnung von Tresoren. Unsere spezialisierten Techniker \u00f6ffnen und reparieren Ihren Tresor, ohne ihn zu zerst\u00f6ren.","og_url":"https:\/\/idips.com\/de\/pannenhilfe-und-oeffnung-von-tresoren\/","og_site_name":"IDIPS - Serrures de haute s\u00e9curit\u00e9 pour coffre-fort","article_modified_time":"2023-04-05T10:29:04+00:00","og_image":[{"width":955,"height":611,"url":"https:\/\/idips.com\/wp-content\/uploads\/ouverture-de-coffre.jpg","type":"image\/jpeg"}],"twitter_card":"summary_large_image","schema":{"@context":"https:\/\/schema.org","@graph":[{"@type":"WebPage","@id":"https:\/\/idips.com\/de\/pannenhilfe-und-oeffnung-von-tresoren\/","url":"https:\/\/idips.com\/de\/pannenhilfe-und-oeffnung-von-tresoren\/","name":"Pannenhilfe und \u00d6ffnung von Tresoren","isPartOf":{"@id":"https:\/\/idips.com\/de\/#website"},"datePublished":"2023-04-04T15:11:27+00:00","dateModified":"2023-04-05T10:29:04+00:00","description":"Pannenhilfe und \u00d6ffnung von Tresoren. Unsere spezialisierten Techniker \u00f6ffnen und reparieren Ihren Tresor, ohne ihn zu zerst\u00f6ren.","breadcrumb":{"@id":"https:\/\/idips.com\/de\/pannenhilfe-und-oeffnung-von-tresoren\/#breadcrumb"},"inLanguage":"de-DE","potentialAction":[{"@type":"ReadAction","target":["https:\/\/idips.com\/de\/pannenhilfe-und-oeffnung-von-tresoren\/"]}]},{"@type":"BreadcrumbList","@id":"https:\/\/idips.com\/de\/pannenhilfe-und-oeffnung-von-tresoren\/#breadcrumb","itemListElement":[{"@type":"ListItem","position":1,"name":"Accueil","item":"https:\/\/idips.com\/de\/"},{"@type":"ListItem","position":2,"name":"Pannenhilfe und \u00d6ffnung von Tresoren"}]},{"@type":"WebSite","@id":"https:\/\/idips.com\/de\/#website","url":"https:\/\/idips.com\/de\/","name":"Serrure pour coffre-fort et syst\u00e8me de haute s\u00e9curit\u00e9","description":"Serrures et syst\u00e8mes de haute s\u00e9curit\u00e9","publisher":{"@id":"https:\/\/idips.com\/de\/#organization"},"alternateName":"IDIPS","potentialAction":[{"@type":"SearchAction","target":{"@type":"EntryPoint","urlTemplate":"https:\/\/idips.com\/de\/?s={search_term_string}"},"query-input":"required name=search_term_string"}],"inLanguage":"de-DE"},{"@type":"Organization","@id":"https:\/\/idips.com\/de\/#organization","name":"Serrure pour coffre-fort et syst\u00e8me de haute s\u00e9curit\u00e9","alternateName":"IDIPS","url":"https:\/\/idips.com\/de\/","logo":{"@type":"ImageObject","inLanguage":"de-DE","@id":"https:\/\/idips.com\/de\/#\/schema\/logo\/image\/","url":"https:\/\/idips.com\/wp-content\/uploads\/2022\/09\/idips_picto_brod.png","contentUrl":"https:\/\/idips.com\/wp-content\/uploads\/2022\/09\/idips_picto_brod.png","width":450,"height":450,"caption":"Serrure pour coffre-fort et syst\u00e8me de haute s\u00e9curit\u00e9"},"image":{"@id":"https:\/\/idips.com\/de\/#\/schema\/logo\/image\/"}}]}},"_links":{"self":[{"href":"https:\/\/idips.com\/de\/wp-json\/wp\/v2\/pages\/3577"}],"collection":[{"href":"https:\/\/idips.com\/de\/wp-json\/wp\/v2\/pages"}],"about":[{"href":"https:\/\/idips.com\/de\/wp-json\/wp\/v2\/types\/page"}],"author":[{"embeddable":true,"href":"https:\/\/idips.com\/de\/wp-json\/wp\/v2\/users\/1"}],"replies":[{"embeddable":true,"href":"https:\/\/idips.com\/de\/wp-json\/wp\/v2\/comments?post=3577"}],"version-history":[{"count":2,"href":"https:\/\/idips.com\/de\/wp-json\/wp\/v2\/pages\/3577\/revisions"}],"predecessor-version":[{"id":3579,"href":"https:\/\/idips.com\/de\/wp-json\/wp\/v2\/pages\/3577\/revisions\/3579"}],"wp:featuredmedia":[{"embeddable":true,"href":"https:\/\/idips.com\/de\/wp-json\/wp\/v2\/media\/3504"}],"wp:attachment":[{"href":"https:\/\/idips.com\/de\/wp-json\/wp\/v2\/media?parent=3577"}],"curies":[{"name":"wp","href":"https:\/\/api.w.org\/{rel}","templated":true}]}}