{"id":1683,"date":"2022-09-27T15:10:58","date_gmt":"2022-09-27T13:10:58","guid":{"rendered":"https:\/\/152qoasqgd.preview.infomaniak.website\/multifunktionales-und-vernetztes-elektronisches-schloss-fuer-tresore\/"},"modified":"2023-04-03T15:30:42","modified_gmt":"2023-04-03T13:30:42","slug":"multifunktionales-und-vernetztes-elektronisches-schloss-fuer-tresore","status":"publish","type":"page","link":"https:\/\/idips.com\/de\/multifunktionales-und-vernetztes-elektronisches-schloss-fuer-tresore\/","title":{"rendered":"Multifunktionales und vernetztes elektronisches Schloss f\u00fcr Tresore"},"content":{"rendered":"<p>[et_pb_section fb_built=&#8221;1&#8243; fullwidth=&#8221;on&#8221; _builder_version=&#8221;4.18.0&#8243; _module_preset=&#8221;default&#8221; locked=&#8221;off&#8221; global_colors_info=&#8221;{}&#8221;][et_pb_fullwidth_header title=&#8221;ELEKTRONISCHE SCHL\u00d6SSER&#8221; text_orientation=&#8221;center&#8221; background_overlay_color=&#8221;rgba(0,0,0,0.77)&#8221; _builder_version=&#8221;4.19.1&#8243; _module_preset=&#8221;default&#8221; title_font=&#8221;|600||on|||||&#8221; title_font_size=&#8221;40px&#8221; background_enable_color=&#8221;off&#8221; background_image=&#8221;https:\/\/idips.com\/wp-content\/uploads\/img_header_serrures_electroniques.jpg&#8221; parallax=&#8221;on&#8221; parallax_method=&#8221;on&#8221; custom_margin=&#8221;||||false|false&#8221; custom_padding=&#8221;100px||100px||false|false&#8221; hover_enabled=&#8221;0&#8243; title_font_size_tablet=&#8221;40px&#8221; title_font_size_phone=&#8221;26px&#8221; title_font_size_last_edited=&#8221;on|phone&#8221; content_font_size_tablet=&#8221;&#8221; content_font_size_phone=&#8221;&#8221; content_font_size_last_edited=&#8221;on|phone&#8221; content_line_height_tablet=&#8221;&#8221; content_line_height_phone=&#8221;1.2em&#8221; content_line_height_last_edited=&#8221;on|phone&#8221; global_colors_info=&#8221;{}&#8221; content_last_edited=&#8221;on|phone&#8221; sticky_enabled=&#8221;0&#8243; content_tablet=&#8221;<\/p>\n<p><span style=%22font-weight: 400;%22><br \/>Multifunktionale und vernetzte elektronische Schl\u00f6sser<\/span><\/p>\n<p>&#8221; content_phone=&#8221;<\/p>\n<p><span style=%22font-weight: 400;%22><br \/>Multifunktionale und vernetzte elektronische Schl\u00f6sser<\/span><\/p>\n<p>&#8220;]<\/p>\n<p><span style=\"font-weight: 400;\"><br \/>Multifunktionale und vernetzte elektronische Schl\u00f6sser f\u00fcr Tresore<\/span><\/p>\n<p>[\/et_pb_fullwidth_header][\/et_pb_section][et_pb_section fb_built=&#8221;1&#8243; _builder_version=&#8221;4.18.0&#8243; _module_preset=&#8221;default&#8221; background_enable_color=&#8221;off&#8221; global_colors_info=&#8221;{}&#8221;][et_pb_row column_structure=&#8221;1_2,1_2&#8243; _builder_version=&#8221;4.18.0&#8243; _module_preset=&#8221;default&#8221; custom_margin=&#8221;||||false|false&#8221; custom_padding=&#8221;||||false|false&#8221; global_colors_info=&#8221;{}&#8221;][et_pb_column type=&#8221;1_2&#8243; _builder_version=&#8221;4.18.0&#8243; _module_preset=&#8221;default&#8221; global_colors_info=&#8221;{}&#8221;][et_pb_text _builder_version=&#8221;4.18.0&#8243; _module_preset=&#8221;default&#8221; text_font_size=&#8221;22px&#8221; global_colors_info=&#8221;{}&#8221;]<\/p>\n<p><span>Es ist durchaus m\u00f6glich, jedes Schloss in jede Art von Tresor einzubauen, selbst in die \u00e4ltesten Tresore.  <\/span><span><\/span><\/p>\n<p>[\/et_pb_text][\/et_pb_column][et_pb_column type=&#8221;1_2&#8243; _builder_version=&#8221;4.18.0&#8243; _module_preset=&#8221;default&#8221; global_colors_info=&#8221;{}&#8221;][et_pb_text _builder_version=&#8221;4.18.0&#8243; _module_preset=&#8221;default&#8221; global_colors_info=&#8221;{}&#8221;]<\/p>\n<p><span>IDIPS gew\u00e4hrleistet eine systematische technische Kontrolle aller Materialien, die seine Werkst\u00e4tten oder sein Lager verlassen.<\/span><\/p>\n<p><span style=\"font-weight: 400;\">Unsere multifunktionalen und vernetzten elektronischen Schl\u00f6sser sind einfach zu bedienen. Sie integrieren echte Verwaltungs- und Programmiercomputer.  <\/span><span style=\"font-weight: 400;\">Um die Arbeit des Endbenutzers zu erleichtern, verf\u00fcgen die meisten dieser Schl\u00f6sser \u00fcber eine alphanumerische Tastatur mit Display.<\/span><\/p>\n<p><strong>Sie sind f\u00fcr Tresore und Tresort\u00fcren im Bankensektor, an sensiblen Standorten (Polizei, Milit\u00e4r, Verwaltung &#8230;) und in bestimmten Wohngeb\u00e4uden, die ein hohes Sicherheitsniveau erfordern, bestimmt.<\/strong><\/p>\n<p>[\/et_pb_text][\/et_pb_column][\/et_pb_row][\/et_pb_section][et_pb_section fb_built=&#8221;1&#8243; _builder_version=&#8221;4.18.0&#8243; _module_preset=&#8221;default&#8221; background_enable_color=&#8221;off&#8221; use_background_color_gradient=&#8221;on&#8221; background_color_gradient_type=&#8221;circular&#8221; background_color_gradient_stops=&#8221;#fcfcfc 10%|#ffffff 70%|#e5e5e5 100%&#8221; border_width_top=&#8221;1px&#8221; border_color_top=&#8221;#e5e5e5&#8243; global_colors_info=&#8221;{}&#8221;][et_pb_row make_equal=&#8221;on&#8221; _builder_version=&#8221;4.18.0&#8243; _module_preset=&#8221;default&#8221; custom_margin=&#8221;||||false|false&#8221; custom_padding=&#8221;||||false|false&#8221; locked=&#8221;off&#8221; global_colors_info=&#8221;{}&#8221;][et_pb_column type=&#8221;4_4&#8243; _builder_version=&#8221;4.18.0&#8243; _module_preset=&#8221;default&#8221; global_colors_info=&#8221;{}&#8221;][et_pb_shop type=&#8221;product_category&#8221; posts_number=&#8221;20&#8243; include_categories=&#8221;19&#8243; columns_number=&#8221;3&#8243; icon_hover_color=&#8221;RGBA(255,255,255,0)&#8221; hover_overlay_color=&#8221;rgba(255,255,255,0.35)&#8221; show_price=&#8221;off&#8221; show_rating=&#8221;off&#8221; show_sale_badge=&#8221;off&#8221; _builder_version=&#8221;4.18.0&#8243; _module_preset=&#8221;default&#8221; title_line_height=&#8221;1.2em&#8221; title_font_size_tablet=&#8221;&#8221; title_font_size_phone=&#8221;14px&#8221; title_font_size_last_edited=&#8221;on|phone&#8221; locked=&#8221;off&#8221; global_colors_info=&#8221;{}&#8221;][\/et_pb_shop][\/et_pb_column][\/et_pb_row][\/et_pb_section][et_pb_section fb_built=&#8221;1&#8243; _builder_version=&#8221;4.19.1&#8243; _module_preset=&#8221;default&#8221; background_color=&#8221;#FFFFFF&#8221; custom_margin=&#8221;||||false|false&#8221; custom_padding=&#8221;||||false|false&#8221; border_width_top=&#8221;1px&#8221; border_color_top=&#8221;#e5e5e5&#8243; global_module=&#8221;3343&#8243; saved_tabs=&#8221;all&#8221; locked=&#8221;off&#8221; global_colors_info=&#8221;{}&#8221; disabled_on=&#8221;on|on|off&#8221;][et_pb_row column_structure=&#8221;1_2,1_2&#8243; _builder_version=&#8221;4.19.1&#8243; _module_preset=&#8221;default&#8221; custom_margin=&#8221;||||false|false&#8221; custom_padding=&#8221;||0px||false|false&#8221; hover_enabled=&#8221;0&#8243; global_colors_info=&#8221;{}&#8221; sticky_enabled=&#8221;0&#8243;][et_pb_column type=&#8221;1_2&#8243; _builder_version=&#8221;4.18.0&#8243; _module_preset=&#8221;default&#8221; background_enable_image=&#8221;off&#8221; global_colors_info=&#8221;{}&#8221;][et_pb_image src=&#8221;https:\/\/idips.com\/wp-content\/uploads\/iDOCT210-cable.png&#8221; alt=&#8221;iDOCT 210 &#8211; Miniaturisierter seismischer und thermischer Detektor f\u00fcr Tresore&#8221; title_text=&#8221;iDOCT210-Kabel&#8221; _builder_version=&#8221;4.19.1&#8243; _module_preset=&#8221;default&#8221; transform_translate=&#8221;0px|-50px&#8221; transform_translate_linked=&#8221;off&#8221; animation_direction=&#8221;left&#8221; animation_duration_tablet=&#8221;&#8221; animation_duration_phone=&#8221;0ms&#8221; animation_duration_last_edited=&#8221;on|phone&#8221; global_colors_info=&#8221;{}&#8221;][\/et_pb_image][\/et_pb_column][et_pb_column type=&#8221;1_2&#8243; _builder_version=&#8221;4.18.0&#8243; _module_preset=&#8221;default&#8221; custom_padding=&#8221;||||false|false&#8221; custom_padding_tablet=&#8221;100px||||false|false&#8221; custom_padding_phone=&#8221;0px||||false|false&#8221; custom_padding_last_edited=&#8221;on|phone&#8221; global_colors_info=&#8221;{}&#8221;][et_pb_text _builder_version=&#8221;4.19.1&#8243; _module_preset=&#8221;default&#8221; text_font_size=&#8221;18px&#8221; header_font=&#8221;|300|||||||&#8221; header_text_color=&#8221;#dd6a53&#8243; header_2_font=&#8221;|700|||||||&#8221; header_2_font_size=&#8221;32px&#8221; custom_margin=&#8221;|8%|||false|false&#8221; global_colors_info=&#8221;{}&#8221;]<\/p>\n<h1><em>Seismischer und thermischer Detektor<\/em><\/h1>\n<h2>iDOCT 210<\/h2>\n<p>&nbsp;<\/p>\n<p>Intelligente, miniaturisierte DOCT f\u00fcr Tresore<\/p>\n<p>[\/et_pb_text][et_pb_button button_url=&#8221;@ET-DC@eyJkeW5hbWljIjp0cnVlLCJjb250ZW50IjoicG9zdF9saW5rX3VybF9wcm9kdWN0Iiwic2V0dGluZ3MiOnsicG9zdF9pZCI6IjI1NzQifX0=@&#8221; button_text=&#8221;Entdecken Sie&#8221; _builder_version=&#8221;4.19.0&#8243; _dynamic_attributes=&#8221;button_url&#8221; _module_preset=&#8221;default&#8221; global_colors_info=&#8221;{}&#8221;][\/et_pb_button][\/et_pb_column][\/et_pb_row][\/et_pb_section][et_pb_section fb_built=&#8221;1&#8243; _builder_version=&#8221;4.19.1&#8243; _module_preset=&#8221;default&#8221; background_color=&#8221;rgba(0,18,51,0.94)&#8221; background_image=&#8221;https:\/\/idips.com\/wp-content\/uploads\/img_header_contact.jpg&#8221; background_position=&#8221;top_left&#8221; background_blend=&#8221;darken&#8221; box_shadow_style=&#8221;preset6&#8243; global_module=&#8221;797&#8243; saved_tabs=&#8221;all&#8221; locked=&#8221;off&#8221; global_colors_info=&#8221;{}&#8221;][et_pb_row column_structure=&#8221;1_3,1_3,1_3&#8243; use_custom_gutter=&#8221;on&#8221; gutter_width=&#8221;2&#8243; _builder_version=&#8221;4.18.0&#8243; _module_preset=&#8221;default&#8221; global_colors_info=&#8221;{}&#8221;][et_pb_column type=&#8221;1_3&#8243; _builder_version=&#8221;4.18.0&#8243; _module_preset=&#8221;default&#8221; global_colors_info=&#8221;{}&#8221;][et_pb_image src=&#8221;https:\/\/idips.com\/wp-content\/uploads\/logo-idips-blanc.png&#8221; title_text=&#8221;logo-idips-wei\u00df&#8221; _builder_version=&#8221;4.18.0&#8243; _module_preset=&#8221;default&#8221; global_colors_info=&#8221;{}&#8221;][\/et_pb_image][et_pb_text disabled_on=&#8221;on|on|off&#8221; _builder_version=&#8221;4.18.0&#8243; _module_preset=&#8221;default&#8221; text_font=&#8221;||on||||||&#8221; text_text_color=&#8221;#0fdfff&#8221; custom_padding=&#8221;|25px||25px|false|false&#8221; global_colors_info=&#8221;{}&#8221;]<\/p>\n<p>+30 Jahre Expertise und Innovation im Dienste der Sicherung von G\u00fctern und Personen<\/p>\n<p>[\/et_pb_text][\/et_pb_column][et_pb_column type=&#8221;1_3&#8243; _builder_version=&#8221;4.18.0&#8243; _module_preset=&#8221;default&#8221; global_colors_info=&#8221;{}&#8221;][\/et_pb_column][et_pb_column type=&#8221;1_3&#8243; _builder_version=&#8221;4.18.0&#8243; _module_preset=&#8221;default&#8221; custom_padding=&#8221;||||false|false&#8221; global_colors_info=&#8221;{}&#8221;][et_pb_text disabled_on=&#8221;on|on|off&#8221; _builder_version=&#8221;4.18.0&#8243; _module_preset=&#8221;default&#8221; text_text_color=&#8221;#FFFFFF&#8221; text_font_size=&#8221;30px&#8221; custom_padding=&#8221;||||false|false&#8221; global_colors_info=&#8221;{}&#8221;]<\/p>\n<p>Brauchen Sie Hilfe?<\/p>\n<p>[\/et_pb_text][et_pb_text _builder_version=&#8221;4.18.0&#8243; _module_preset=&#8221;default&#8221; text_text_color=&#8221;#FFFFFF&#8221; custom_padding=&#8221;||||false|false&#8221; global_colors_info=&#8221;{}&#8221;]<\/p>\n<p>Kontaktieren Sie einen unserer Fachberater<br \/>Montag bis Freitag von 8:30 bis 17:00 Uhr<\/p>\n<p>[\/et_pb_text][et_pb_text _builder_version=&#8221;4.18.0&#8243; _module_preset=&#8221;default&#8221; text_text_color=&#8221;#FFFFFF&#8221; text_font_size=&#8221;30px&#8221; custom_padding=&#8221;||||false|false&#8221; global_colors_info=&#8221;{}&#8221;]<\/p>\n<p>Tel: 01 39 18 82 18<\/p>\n<p>[\/et_pb_text][\/et_pb_column][\/et_pb_row][\/et_pb_section]<\/p>\n","protected":false},"excerpt":{"rendered":"<p>Multifunktionales und vernetztes elektronisches Schloss f\u00fcr Tresore und Tresort\u00fcren im Banken- und Einzelhandelssektor.<\/p>\n","protected":false},"author":1,"featured_media":1488,"parent":0,"menu_order":0,"comment_status":"closed","ping_status":"closed","template":"","meta":{"_et_pb_use_builder":"on","_et_pb_old_content":"","_et_gb_content_width":""},"yoast_head":"<!-- This site is optimized with the Yoast SEO plugin v20.6 - https:\/\/yoast.com\/wordpress\/plugins\/seo\/ -->\n<title>Multifunktionales und vernetztes elektronisches Schloss f\u00fcr Tresore<\/title>\n<meta name=\"description\" content=\"Multifunktionales und vernetztes elektronisches Schloss f\u00fcr Tresore und Tresort\u00fcren im Banken- und Einzelhandelssektor.\" \/>\n<meta name=\"robots\" content=\"index, follow, max-snippet:-1, max-image-preview:large, max-video-preview:-1\" \/>\n<link rel=\"canonical\" href=\"https:\/\/idips.com\/de\/multifunktionales-und-vernetztes-elektronisches-schloss-fuer-tresore\/\" \/>\n<meta property=\"og:locale\" content=\"de_DE\" \/>\n<meta property=\"og:type\" content=\"article\" \/>\n<meta property=\"og:title\" content=\"Multifunktionales und vernetztes elektronisches Schloss f\u00fcr Tresore\" \/>\n<meta property=\"og:description\" content=\"Multifunktionales und vernetztes elektronisches Schloss f\u00fcr Tresore und Tresort\u00fcren im Banken- und Einzelhandelssektor.\" \/>\n<meta property=\"og:url\" content=\"https:\/\/idips.com\/de\/multifunktionales-und-vernetztes-elektronisches-schloss-fuer-tresore\/\" \/>\n<meta property=\"og:site_name\" content=\"IDIPS - Serrures de haute s\u00e9curit\u00e9 pour coffre-fort\" \/>\n<meta property=\"article:modified_time\" content=\"2023-04-03T13:30:42+00:00\" \/>\n<meta property=\"og:image\" content=\"https:\/\/idips.com\/wp-content\/uploads\/4600-oscillant-45.png\" \/>\n\t<meta property=\"og:image:width\" content=\"609\" \/>\n\t<meta property=\"og:image:height\" content=\"535\" \/>\n\t<meta property=\"og:image:type\" content=\"image\/png\" \/>\n<meta name=\"twitter:card\" content=\"summary_large_image\" \/>\n<script type=\"application\/ld+json\" class=\"yoast-schema-graph\">{\"@context\":\"https:\/\/schema.org\",\"@graph\":[{\"@type\":\"WebPage\",\"@id\":\"https:\/\/idips.com\/de\/multifunktionales-und-vernetztes-elektronisches-schloss-fuer-tresore\/\",\"url\":\"https:\/\/idips.com\/de\/multifunktionales-und-vernetztes-elektronisches-schloss-fuer-tresore\/\",\"name\":\"Multifunktionales und vernetztes elektronisches Schloss f\u00fcr Tresore\",\"isPartOf\":{\"@id\":\"https:\/\/idips.com\/de\/#website\"},\"datePublished\":\"2022-09-27T13:10:58+00:00\",\"dateModified\":\"2023-04-03T13:30:42+00:00\",\"description\":\"Multifunktionales und vernetztes elektronisches Schloss f\u00fcr Tresore und Tresort\u00fcren im Banken- und Einzelhandelssektor.\",\"breadcrumb\":{\"@id\":\"https:\/\/idips.com\/de\/multifunktionales-und-vernetztes-elektronisches-schloss-fuer-tresore\/#breadcrumb\"},\"inLanguage\":\"de-DE\",\"potentialAction\":[{\"@type\":\"ReadAction\",\"target\":[\"https:\/\/idips.com\/de\/multifunktionales-und-vernetztes-elektronisches-schloss-fuer-tresore\/\"]}]},{\"@type\":\"BreadcrumbList\",\"@id\":\"https:\/\/idips.com\/de\/multifunktionales-und-vernetztes-elektronisches-schloss-fuer-tresore\/#breadcrumb\",\"itemListElement\":[{\"@type\":\"ListItem\",\"position\":1,\"name\":\"Accueil\",\"item\":\"https:\/\/idips.com\/de\/\"},{\"@type\":\"ListItem\",\"position\":2,\"name\":\"Multifunktionales und vernetztes elektronisches Schloss f\u00fcr Tresore\"}]},{\"@type\":\"WebSite\",\"@id\":\"https:\/\/idips.com\/de\/#website\",\"url\":\"https:\/\/idips.com\/de\/\",\"name\":\"Serrure pour coffre-fort et syst\u00e8me de haute s\u00e9curit\u00e9\",\"description\":\"Serrures et syst\u00e8mes de haute s\u00e9curit\u00e9\",\"publisher\":{\"@id\":\"https:\/\/idips.com\/de\/#organization\"},\"alternateName\":\"IDIPS\",\"potentialAction\":[{\"@type\":\"SearchAction\",\"target\":{\"@type\":\"EntryPoint\",\"urlTemplate\":\"https:\/\/idips.com\/de\/?s={search_term_string}\"},\"query-input\":\"required name=search_term_string\"}],\"inLanguage\":\"de-DE\"},{\"@type\":\"Organization\",\"@id\":\"https:\/\/idips.com\/de\/#organization\",\"name\":\"Serrure pour coffre-fort et syst\u00e8me de haute s\u00e9curit\u00e9\",\"alternateName\":\"IDIPS\",\"url\":\"https:\/\/idips.com\/de\/\",\"logo\":{\"@type\":\"ImageObject\",\"inLanguage\":\"de-DE\",\"@id\":\"https:\/\/idips.com\/de\/#\/schema\/logo\/image\/\",\"url\":\"https:\/\/idips.com\/wp-content\/uploads\/2022\/09\/idips_picto_brod.png\",\"contentUrl\":\"https:\/\/idips.com\/wp-content\/uploads\/2022\/09\/idips_picto_brod.png\",\"width\":450,\"height\":450,\"caption\":\"Serrure pour coffre-fort et syst\u00e8me de haute s\u00e9curit\u00e9\"},\"image\":{\"@id\":\"https:\/\/idips.com\/de\/#\/schema\/logo\/image\/\"}}]}<\/script>\n<!-- \/ Yoast SEO plugin. -->","yoast_head_json":{"title":"Multifunktionales und vernetztes elektronisches Schloss f\u00fcr Tresore","description":"Multifunktionales und vernetztes elektronisches Schloss f\u00fcr Tresore und Tresort\u00fcren im Banken- und Einzelhandelssektor.","robots":{"index":"index","follow":"follow","max-snippet":"max-snippet:-1","max-image-preview":"max-image-preview:large","max-video-preview":"max-video-preview:-1"},"canonical":"https:\/\/idips.com\/de\/multifunktionales-und-vernetztes-elektronisches-schloss-fuer-tresore\/","og_locale":"de_DE","og_type":"article","og_title":"Multifunktionales und vernetztes elektronisches Schloss f\u00fcr Tresore","og_description":"Multifunktionales und vernetztes elektronisches Schloss f\u00fcr Tresore und Tresort\u00fcren im Banken- und Einzelhandelssektor.","og_url":"https:\/\/idips.com\/de\/multifunktionales-und-vernetztes-elektronisches-schloss-fuer-tresore\/","og_site_name":"IDIPS - Serrures de haute s\u00e9curit\u00e9 pour coffre-fort","article_modified_time":"2023-04-03T13:30:42+00:00","og_image":[{"width":609,"height":535,"url":"https:\/\/idips.com\/wp-content\/uploads\/4600-oscillant-45.png","type":"image\/png"}],"twitter_card":"summary_large_image","schema":{"@context":"https:\/\/schema.org","@graph":[{"@type":"WebPage","@id":"https:\/\/idips.com\/de\/multifunktionales-und-vernetztes-elektronisches-schloss-fuer-tresore\/","url":"https:\/\/idips.com\/de\/multifunktionales-und-vernetztes-elektronisches-schloss-fuer-tresore\/","name":"Multifunktionales und vernetztes elektronisches Schloss f\u00fcr Tresore","isPartOf":{"@id":"https:\/\/idips.com\/de\/#website"},"datePublished":"2022-09-27T13:10:58+00:00","dateModified":"2023-04-03T13:30:42+00:00","description":"Multifunktionales und vernetztes elektronisches Schloss f\u00fcr Tresore und Tresort\u00fcren im Banken- und Einzelhandelssektor.","breadcrumb":{"@id":"https:\/\/idips.com\/de\/multifunktionales-und-vernetztes-elektronisches-schloss-fuer-tresore\/#breadcrumb"},"inLanguage":"de-DE","potentialAction":[{"@type":"ReadAction","target":["https:\/\/idips.com\/de\/multifunktionales-und-vernetztes-elektronisches-schloss-fuer-tresore\/"]}]},{"@type":"BreadcrumbList","@id":"https:\/\/idips.com\/de\/multifunktionales-und-vernetztes-elektronisches-schloss-fuer-tresore\/#breadcrumb","itemListElement":[{"@type":"ListItem","position":1,"name":"Accueil","item":"https:\/\/idips.com\/de\/"},{"@type":"ListItem","position":2,"name":"Multifunktionales und vernetztes elektronisches Schloss f\u00fcr Tresore"}]},{"@type":"WebSite","@id":"https:\/\/idips.com\/de\/#website","url":"https:\/\/idips.com\/de\/","name":"Serrure pour coffre-fort et syst\u00e8me de haute s\u00e9curit\u00e9","description":"Serrures et syst\u00e8mes de haute s\u00e9curit\u00e9","publisher":{"@id":"https:\/\/idips.com\/de\/#organization"},"alternateName":"IDIPS","potentialAction":[{"@type":"SearchAction","target":{"@type":"EntryPoint","urlTemplate":"https:\/\/idips.com\/de\/?s={search_term_string}"},"query-input":"required name=search_term_string"}],"inLanguage":"de-DE"},{"@type":"Organization","@id":"https:\/\/idips.com\/de\/#organization","name":"Serrure pour coffre-fort et syst\u00e8me de haute s\u00e9curit\u00e9","alternateName":"IDIPS","url":"https:\/\/idips.com\/de\/","logo":{"@type":"ImageObject","inLanguage":"de-DE","@id":"https:\/\/idips.com\/de\/#\/schema\/logo\/image\/","url":"https:\/\/idips.com\/wp-content\/uploads\/2022\/09\/idips_picto_brod.png","contentUrl":"https:\/\/idips.com\/wp-content\/uploads\/2022\/09\/idips_picto_brod.png","width":450,"height":450,"caption":"Serrure pour coffre-fort et syst\u00e8me de haute s\u00e9curit\u00e9"},"image":{"@id":"https:\/\/idips.com\/de\/#\/schema\/logo\/image\/"}}]}},"_links":{"self":[{"href":"https:\/\/idips.com\/de\/wp-json\/wp\/v2\/pages\/1683"}],"collection":[{"href":"https:\/\/idips.com\/de\/wp-json\/wp\/v2\/pages"}],"about":[{"href":"https:\/\/idips.com\/de\/wp-json\/wp\/v2\/types\/page"}],"author":[{"embeddable":true,"href":"https:\/\/idips.com\/de\/wp-json\/wp\/v2\/users\/1"}],"replies":[{"embeddable":true,"href":"https:\/\/idips.com\/de\/wp-json\/wp\/v2\/comments?post=1683"}],"version-history":[{"count":8,"href":"https:\/\/idips.com\/de\/wp-json\/wp\/v2\/pages\/1683\/revisions"}],"predecessor-version":[{"id":3414,"href":"https:\/\/idips.com\/de\/wp-json\/wp\/v2\/pages\/1683\/revisions\/3414"}],"wp:featuredmedia":[{"embeddable":true,"href":"https:\/\/idips.com\/de\/wp-json\/wp\/v2\/media\/1488"}],"wp:attachment":[{"href":"https:\/\/idips.com\/de\/wp-json\/wp\/v2\/media?parent=1683"}],"curies":[{"name":"wp","href":"https:\/\/api.w.org\/{rel}","templated":true}]}}